{"id":5731,"date":"2020-07-22T14:50:05","date_gmt":"2020-07-22T12:50:05","guid":{"rendered":"http:\/\/neu.ski-consult.de\/?page_id=5731"},"modified":"2023-11-16T15:18:35","modified_gmt":"2023-11-16T14:18:35","slug":"hochbau","status":"publish","type":"page","link":"https:\/\/ski-consult.de\/en\/taetigkeitsbreiche\/hochbau\/","title":{"rendered":"Structural engineering"},"content":{"rendered":"<div data-elementor-type=\"wp-page\" data-elementor-id=\"5731\" class=\"elementor elementor-5731\">\n\t\t\t\t\t\t<section class=\"elementor-section elementor-top-section elementor-element elementor-element-a8d0536 elementor-section-boxed elementor-section-height-default elementor-section-height-default\" data-id=\"a8d0536\" data-element_type=\"section\" data-e-type=\"section\">\n\t\t\t\t\t\t<div class=\"elementor-container elementor-column-gap-default\">\n\t\t\t\t\t<div class=\"elementor-column elementor-col-100 elementor-top-column elementor-element elementor-element-260c914\" data-id=\"260c914\" data-element_type=\"column\" data-e-type=\"column\">\n\t\t\t<div class=\"elementor-widget-wrap elementor-element-populated\">\n\t\t\t\t\t\t<div class=\"elementor-element elementor-element-28ff823 elementor-widget elementor-widget-heading\" data-id=\"28ff823\" data-element_type=\"widget\" data-e-type=\"widget\" data-widget_type=\"heading.default\">\n\t\t\t\t<div class=\"elementor-widget-container\">\n\t\t\t\t\t<h2 class=\"elementor-heading-title elementor-size-default\">Structural engineering<\/h2>\t\t\t\t<\/div>\n\t\t\t\t<\/div>\n\t\t\t\t\t<\/div>\n\t\t<\/div>\n\t\t\t\t\t<\/div>\n\t\t<\/section>\n\t\t\t\t<section class=\"elementor-section elementor-top-section elementor-element elementor-element-2d9abd6 elementor-section-boxed elementor-section-height-default elementor-section-height-default\" data-id=\"2d9abd6\" data-element_type=\"section\" data-e-type=\"section\">\n\t\t\t\t\t\t<div class=\"elementor-container elementor-column-gap-default\">\n\t\t\t\t\t<div class=\"elementor-column elementor-col-100 elementor-top-column elementor-element elementor-element-3d699a8\" data-id=\"3d699a8\" data-element_type=\"column\" data-e-type=\"column\">\n\t\t\t<div class=\"elementor-widget-wrap elementor-element-populated\">\n\t\t\t\t\t\t<div class=\"elementor-element elementor-element-d0adced elementor-widget elementor-widget-text-editor\" data-id=\"d0adced\" data-element_type=\"widget\" data-e-type=\"widget\" data-widget_type=\"text-editor.default\">\n\t\t\t\t<div class=\"elementor-widget-container\">\n\t\t\t\t\t\t\t\t\t<p>Structural and civil engineering is one of the core tasks of civil engineering.<\/p><p><span style=\"text-align: center;\">Structural engineering refers to the sub-area that deals with buildings above ground level. This includes both the preliminary planning and the actual construction of the buildings\/objects. The construction methods used are solid construction, timber frame construction, skeleton construction (half-timbering), bulkhead construction and system construction. As buildings can serve many different purposes and have different requirements depending on their purpose, they can be roughly divided into eight sub-categories. A distinction is made between administrative and bank buildings, educational and research facilities, healthcare buildings, event buildings such as museums or religious buildings, residential buildings, sports and leisure facilities, department stores and industrial buildings. There are always mixtures and overlaps between these different forms. Examples of high-rise buildings are towers, residential and commercial buildings. <\/span><\/p>\t\t\t\t\t\t\t\t<\/div>\n\t\t\t\t<\/div>\n\t\t\t\t<div class=\"elementor-element elementor-element-aa13008 elementor-widget elementor-widget-text-editor\" data-id=\"aa13008\" data-element_type=\"widget\" data-e-type=\"widget\" data-widget_type=\"text-editor.default\">\n\t\t\t\t<div class=\"elementor-widget-container\">\n\t\t\t\t\t\t\t\t\t<p><span style=\"text-align: center;\">Our portfolio in the field of structural building construction covers a wide range of areas. This ranges from bridge construction to hall constructions in solid and steel frame construction to overhead lines as lattice masts or with tubular steel sections. This also includes other designs in the individual areas such as the dimensioning of chimneys or masts for radio antennas.<br \/><\/span><\/p>\t\t\t\t\t\t\t\t<\/div>\n\t\t\t\t<\/div>\n\t\t\t\t<section class=\"elementor-section elementor-inner-section elementor-element elementor-element-c0f00db elementor-section-boxed elementor-section-height-default elementor-section-height-default\" data-id=\"c0f00db\" data-element_type=\"section\" data-e-type=\"section\">\n\t\t\t\t\t\t<div class=\"elementor-container elementor-column-gap-default\">\n\t\t\t\t\t<div class=\"elementor-column elementor-col-33 elementor-inner-column elementor-element elementor-element-add0d21\" data-id=\"add0d21\" data-element_type=\"column\" data-e-type=\"column\">\n\t\t\t<div class=\"elementor-widget-wrap elementor-element-populated\">\n\t\t\t\t\t\t<div class=\"elementor-element elementor-element-7f557d3 elementor-widget elementor-widget-heading\" data-id=\"7f557d3\" data-element_type=\"widget\" data-e-type=\"widget\" data-widget_type=\"heading.default\">\n\t\t\t\t<div class=\"elementor-widget-container\">\n\t\t\t\t\t<h4 class=\"elementor-heading-title elementor-size-default\">Our services<\/h4>\t\t\t\t<\/div>\n\t\t\t\t<\/div>\n\t\t\t\t<div class=\"elementor-element elementor-element-72c484a elementor-widget__width-initial elementor-widget elementor-widget-wp-widget-nav_menu\" data-id=\"72c484a\" data-element_type=\"widget\" data-e-type=\"widget\" data-widget_type=\"wp-widget-nav_menu.default\">\n\t\t\t\t<div class=\"elementor-widget-container\">\n\t\t\t\t\t<div class=\"menu-hoch-und-tiefbau-container\"><ul id=\"menu-hoch-und-tiefbau\" class=\"menu\"><li id=\"menu-item-8274\" class=\"menu-item menu-item-type-post_type menu-item-object-page menu-item-8274\"><a href=\"https:\/\/ski-consult.de\/en\/taetigkeitsbreiche\/hochbau\/brueckenbau\/\">Bridge construction<\/a><\/li>\n<li id=\"menu-item-8275\" class=\"menu-item menu-item-type-post_type menu-item-object-page menu-item-8275\"><a href=\"https:\/\/ski-consult.de\/en\/taetigkeitsbreiche\/hochbau\/freileitungsbau\/\">Overhead power lines<\/a><\/li>\n<li id=\"menu-item-8276\" class=\"menu-item menu-item-type-post_type menu-item-object-page menu-item-8276\"><a href=\"https:\/\/ski-consult.de\/en\/taetigkeitsbreiche\/hochbau\/hallenbau\/\">Hall construction<\/a><\/li>\n<li id=\"menu-item-8765\" class=\"menu-item menu-item-type-post_type menu-item-object-page menu-item-8765\"><a href=\"https:\/\/ski-consult.de\/en\/taetigkeitsbreiche\/hochbau\/\">Structural engineering<\/a><\/li>\n<li id=\"menu-item-8277\" class=\"menu-item menu-item-type-post_type menu-item-object-page menu-item-8277\"><a href=\"https:\/\/ski-consult.de\/en\/taetigkeitsbreiche\/hochbau\/industriebau\/\">Industrial construction<\/a><\/li>\n<li id=\"menu-item-8279\" class=\"menu-item menu-item-type-post_type menu-item-object-page menu-item-8279\"><a href=\"https:\/\/ski-consult.de\/en\/taetigkeitsbreiche\/hochbau\/stahlwasserbau\/\">Hydraulic steel structures<\/a><\/li>\n<li id=\"menu-item-9285\" class=\"menu-item menu-item-type-post_type menu-item-object-page menu-item-9285\"><a href=\"https:\/\/ski-consult.de\/en\/taetigkeitsbreiche\/hochbau\/schornsteine\/\">Smokestacks<\/a><\/li>\n<li id=\"menu-item-9284\" class=\"menu-item menu-item-type-post_type menu-item-object-page menu-item-9284\"><a href=\"https:\/\/ski-consult.de\/en\/taetigkeitsbreiche\/tuerme-und-masten\/\">Towers and masts<\/a><\/li>\n<\/ul><\/div>\t\t\t\t<\/div>\n\t\t\t\t<\/div>\n\t\t\t\t\t<\/div>\n\t\t<\/div>\n\t\t\t\t<div class=\"elementor-column elementor-col-33 elementor-inner-column elementor-element elementor-element-63b74f7\" data-id=\"63b74f7\" data-element_type=\"column\" data-e-type=\"column\">\n\t\t\t<div class=\"elementor-widget-wrap elementor-element-populated\">\n\t\t\t\t\t\t<div class=\"elementor-element elementor-element-1e0bcee elementor-widget__width-initial elementor-widget elementor-widget-image\" data-id=\"1e0bcee\" data-element_type=\"widget\" data-e-type=\"widget\" data-widget_type=\"image.default\">\n\t\t\t\t<div class=\"elementor-widget-container\">\n\t\t\t\t\t\t\t\t\t\t\t\t<figure class=\"wp-caption\">\n\t\t\t\t\t\t\t\t\t\t<img decoding=\"async\" src=\"https:\/\/ski-consult.de\/wp-content\/uploads\/elementor\/thumbs\/Stahlkonstruktion-qfav7vex9krw12rka4hlyo153kl4cn07v6gm9hqbii.jpg\" title=\"Steel construction\" alt=\"Stahlkonstruktion\" loading=\"lazy\" \/>\t\t\t\t\t\t\t\t\t\t\t<figcaption class=\"widget-image-caption wp-caption-text\">Steel construction<\/figcaption>\n\t\t\t\t\t\t\t\t\t\t<\/figure>\n\t\t\t\t\t\t\t\t\t<\/div>\n\t\t\t\t<\/div>\n\t\t\t\t\t<\/div>\n\t\t<\/div>\n\t\t\t\t<div class=\"elementor-column elementor-col-33 elementor-inner-column elementor-element elementor-element-bc00dc1\" data-id=\"bc00dc1\" data-element_type=\"column\" data-e-type=\"column\">\n\t\t\t<div class=\"elementor-widget-wrap elementor-element-populated\">\n\t\t\t\t\t\t<div class=\"elementor-element elementor-element-c114b9e elementor-widget elementor-widget-image\" data-id=\"c114b9e\" data-element_type=\"widget\" data-e-type=\"widget\" data-widget_type=\"image.default\">\n\t\t\t\t<div class=\"elementor-widget-container\">\n\t\t\t\t\t\t\t\t\t\t\t\t<figure class=\"wp-caption\">\n\t\t\t\t\t\t\t\t\t\t<img decoding=\"async\" src=\"https:\/\/ski-consult.de\/wp-content\/uploads\/2020\/10\/Halle-4.jpg\" title=\"Hall in steel skeleton construction\" alt=\"Halle in Stahlskelettbauweise\" loading=\"lazy\" \/>\t\t\t\t\t\t\t\t\t\t\t<figcaption class=\"widget-image-caption wp-caption-text\">Hall in steel skeleton construction<\/figcaption>\n\t\t\t\t\t\t\t\t\t\t<\/figure>\n\t\t\t\t\t\t\t\t\t<\/div>\n\t\t\t\t<\/div>\n\t\t\t\t\t<\/div>\n\t\t<\/div>\n\t\t\t\t\t<\/div>\n\t\t<\/section>\n\t\t\t\t\t<\/div>\n\t\t<\/div>\n\t\t\t\t\t<\/div>\n\t\t<\/section>\n\t\t\t\t<section class=\"elementor-section elementor-top-section elementor-element elementor-element-a40d62b elementor-section-boxed elementor-section-height-default elementor-section-height-default\" data-id=\"a40d62b\" data-element_type=\"section\" data-e-type=\"section\">\n\t\t\t\t\t\t<div class=\"elementor-container elementor-column-gap-default\">\n\t\t\t\t\t<div class=\"elementor-column elementor-col-100 elementor-top-column elementor-element elementor-element-b2c57ee\" data-id=\"b2c57ee\" data-element_type=\"column\" data-e-type=\"column\">\n\t\t\t<div class=\"elementor-widget-wrap elementor-element-populated\">\n\t\t\t\t\t\t<div class=\"elementor-element elementor-element-32cc4b5 elementor-widget elementor-widget-text-editor\" data-id=\"32cc4b5\" data-element_type=\"widget\" data-e-type=\"widget\" data-widget_type=\"text-editor.default\">\n\t\t\t\t<div class=\"elementor-widget-container\">\n\t\t\t\t\t\t\t\t\t<p class=\"translation-block\">For special applications of our calculation tools please <a title=\"damage accumulation hypothesis\" href=\"https:\/\/ski-consult.de\/en\/kontakt\/\" target=\"_self\">contact us<\/a>.<\/p>\t\t\t\t\t\t\t\t<\/div>\n\t\t\t\t<\/div>\n\t\t\t\t\t<\/div>\n\t\t<\/div>\n\t\t\t\t\t<\/div>\n\t\t<\/section>\n\t\t\t\t<\/div>","protected":false},"excerpt":{"rendered":"<p>Hoch- und Tiefbau Der Hoch- und Tiefbau geh\u00f6rt zu den Kernaufgaben des Bauingenieurwesens. Der Hochbau bezeichnet den Teilbereich, der sich mit Bauwerken oberhalb der Gel\u00e4ndeoberfl\u00e4che befasst. Dazu geh\u00f6ren sowohl die Vorplanung als auch die eigentliche Errichtung der Geb\u00e4ude\/Objekte. Dabei kommen die Bauweisen Massivbau, Holzrahmenbau, Skelettbau (Fachwerk), Schottenbau und Systembau zur Anwendung. Da Hochbauten vielen verschiedenen&#8230;<\/p>","protected":false},"author":4,"featured_media":0,"parent":7525,"menu_order":0,"comment_status":"closed","ping_status":"closed","template":"","meta":{"_acf_changed":false,"footnotes":""},"class_list":["post-5731","page","type-page","status-publish","hentry","no-post-thumbnail"],"acf":[],"yoast_head":"<!-- This site is optimized with the Yoast SEO plugin v27.3 - https:\/\/yoast.com\/product\/yoast-seo-wordpress\/ -->\n<title>Hoch- und Tiefbau &#8226; SKI Ingenieurges. mbH<\/title>\n<meta name=\"description\" content=\"Hoch- und Tiefbau &#8226; SKI kann Berechnungen inkl. Lastermittlung, Modellaufbau und Bewertung der Ergebnisse durchf\u00fchren.\" \/>\n<meta name=\"robots\" content=\"index, follow, max-snippet:-1, max-image-preview:large, max-video-preview:-1\" \/>\n<link rel=\"canonical\" href=\"https:\/\/ski-consult.de\/en\/taetigkeitsbreiche\/hochbau\/\" \/>\n<meta property=\"og:locale\" content=\"en_GB\" \/>\n<meta property=\"og:type\" content=\"article\" \/>\n<meta property=\"og:title\" content=\"Hoch- und Tiefbau &#8226; SKI Ingenieurges. mbH\" \/>\n<meta property=\"og:description\" content=\"Hoch- und Tiefbau &#8226; SKI kann Berechnungen inkl. Lastermittlung, Modellaufbau und Bewertung der Ergebnisse durchf\u00fchren.\" \/>\n<meta property=\"og:url\" content=\"https:\/\/ski-consult.de\/en\/taetigkeitsbreiche\/hochbau\/\" \/>\n<meta property=\"og:site_name\" content=\"SKI Ingenieurges. mbH\" \/>\n<meta property=\"article:modified_time\" content=\"2023-11-16T14:18:35+00:00\" \/>\n<meta property=\"og:image\" content=\"https:\/\/ski-consult.de\/wp-content\/uploads\/elementor\/thumbs\/Stahlkonstruktion-qfav7vex9krw12rka4hlyo153kl4cn07v6gm9hqbis.jpg\" \/>\n<meta name=\"twitter:card\" content=\"summary_large_image\" \/>\n<meta name=\"twitter:label1\" content=\"Estimated reading time\" \/>\n\t<meta name=\"twitter:data1\" content=\"2 minutes\" \/>\n<script type=\"application\/ld+json\" class=\"yoast-schema-graph\">{\"@context\":\"https:\\\/\\\/schema.org\",\"@graph\":[{\"@type\":\"WebPage\",\"@id\":\"https:\\\/\\\/ski-consult.de\\\/taetigkeitsbreiche\\\/hochbau\\\/\",\"url\":\"https:\\\/\\\/ski-consult.de\\\/taetigkeitsbreiche\\\/hochbau\\\/\",\"name\":\"Hoch- und Tiefbau &#8226; SKI Ingenieurges. mbH\",\"isPartOf\":{\"@id\":\"https:\\\/\\\/ski-consult.de\\\/#website\"},\"primaryImageOfPage\":{\"@id\":\"https:\\\/\\\/ski-consult.de\\\/taetigkeitsbreiche\\\/hochbau\\\/#primaryimage\"},\"image\":{\"@id\":\"https:\\\/\\\/ski-consult.de\\\/taetigkeitsbreiche\\\/hochbau\\\/#primaryimage\"},\"thumbnailUrl\":\"https:\\\/\\\/ski-consult.de\\\/wp-content\\\/uploads\\\/elementor\\\/thumbs\\\/Stahlkonstruktion-qfav7vex9krw12rka4hlyo153kl4cn07v6gm9hqbis.jpg\",\"datePublished\":\"2020-07-22T12:50:05+00:00\",\"dateModified\":\"2023-11-16T14:18:35+00:00\",\"description\":\"Hoch- und Tiefbau &#8226; SKI kann Berechnungen inkl. Lastermittlung, Modellaufbau und Bewertung der Ergebnisse durchf\u00fchren.\",\"breadcrumb\":{\"@id\":\"https:\\\/\\\/ski-consult.de\\\/taetigkeitsbreiche\\\/hochbau\\\/#breadcrumb\"},\"inLanguage\":\"en-GB\",\"potentialAction\":[{\"@type\":\"ReadAction\",\"target\":[\"https:\\\/\\\/ski-consult.de\\\/taetigkeitsbreiche\\\/hochbau\\\/\"]}]},{\"@type\":\"ImageObject\",\"inLanguage\":\"en-GB\",\"@id\":\"https:\\\/\\\/ski-consult.de\\\/taetigkeitsbreiche\\\/hochbau\\\/#primaryimage\",\"url\":\"https:\\\/\\\/ski-consult.de\\\/wp-content\\\/uploads\\\/elementor\\\/thumbs\\\/Stahlkonstruktion-qfav7vex9krw12rka4hlyo153kl4cn07v6gm9hqbis.jpg\",\"contentUrl\":\"https:\\\/\\\/ski-consult.de\\\/wp-content\\\/uploads\\\/elementor\\\/thumbs\\\/Stahlkonstruktion-qfav7vex9krw12rka4hlyo153kl4cn07v6gm9hqbis.jpg\"},{\"@type\":\"BreadcrumbList\",\"@id\":\"https:\\\/\\\/ski-consult.de\\\/taetigkeitsbreiche\\\/hochbau\\\/#breadcrumb\",\"itemListElement\":[{\"@type\":\"ListItem\",\"position\":1,\"name\":\"Startseite\",\"item\":\"https:\\\/\\\/ski-consult.de\\\/\"},{\"@type\":\"ListItem\",\"position\":2,\"name\":\"T\u00e4tigkeitsbereiche\",\"item\":\"https:\\\/\\\/ski-consult.de\\\/taetigkeitsbreiche\\\/\"},{\"@type\":\"ListItem\",\"position\":3,\"name\":\"Hoch- und Tiefbau\"}]},{\"@type\":\"WebSite\",\"@id\":\"https:\\\/\\\/ski-consult.de\\\/#website\",\"url\":\"https:\\\/\\\/ski-consult.de\\\/\",\"name\":\"SKI Ingenieurges. mbH\",\"description\":\"Bauwesen und innovative Entwicklungsarbeiten\",\"publisher\":{\"@id\":\"https:\\\/\\\/ski-consult.de\\\/#organization\"},\"potentialAction\":[{\"@type\":\"SearchAction\",\"target\":{\"@type\":\"EntryPoint\",\"urlTemplate\":\"https:\\\/\\\/ski-consult.de\\\/?s={search_term_string}\"},\"query-input\":{\"@type\":\"PropertyValueSpecification\",\"valueRequired\":true,\"valueName\":\"search_term_string\"}}],\"inLanguage\":\"en-GB\"},{\"@type\":\"Organization\",\"@id\":\"https:\\\/\\\/ski-consult.de\\\/#organization\",\"name\":\"SKI Ingenieurges. mbh\",\"url\":\"https:\\\/\\\/ski-consult.de\\\/\",\"logo\":{\"@type\":\"ImageObject\",\"inLanguage\":\"en-GB\",\"@id\":\"https:\\\/\\\/ski-consult.de\\\/#\\\/schema\\\/logo\\\/image\\\/\",\"url\":\"https:\\\/\\\/ski-consult.de\\\/wp-content\\\/uploads\\\/2020\\\/07\\\/SKI_Logo_1026px_72dpi_rgb.png\",\"contentUrl\":\"https:\\\/\\\/ski-consult.de\\\/wp-content\\\/uploads\\\/2020\\\/07\\\/SKI_Logo_1026px_72dpi_rgb.png\",\"width\":1026,\"height\":373,\"caption\":\"SKI Ingenieurges. mbh\"},\"image\":{\"@id\":\"https:\\\/\\\/ski-consult.de\\\/#\\\/schema\\\/logo\\\/image\\\/\"}}]}<\/script>\n<!-- \/ Yoast SEO plugin. -->","yoast_head_json":{"title":"Hoch- und Tiefbau &#8226; SKI Ingenieurges. mbH","description":"Hoch- und Tiefbau &#8226; SKI kann Berechnungen inkl. Lastermittlung, Modellaufbau und Bewertung der Ergebnisse durchf\u00fchren.","robots":{"index":"index","follow":"follow","max-snippet":"max-snippet:-1","max-image-preview":"max-image-preview:large","max-video-preview":"max-video-preview:-1"},"canonical":"https:\/\/ski-consult.de\/en\/taetigkeitsbreiche\/hochbau\/","og_locale":"en_GB","og_type":"article","og_title":"Hoch- und Tiefbau &#8226; SKI Ingenieurges. mbH","og_description":"Hoch- und Tiefbau &#8226; SKI kann Berechnungen inkl. Lastermittlung, Modellaufbau und Bewertung der Ergebnisse durchf\u00fchren.","og_url":"https:\/\/ski-consult.de\/en\/taetigkeitsbreiche\/hochbau\/","og_site_name":"SKI Ingenieurges. mbH","article_modified_time":"2023-11-16T14:18:35+00:00","og_image":[{"url":"https:\/\/ski-consult.de\/wp-content\/uploads\/elementor\/thumbs\/Stahlkonstruktion-qfav7vex9krw12rka4hlyo153kl4cn07v6gm9hqbis.jpg","type":"","width":"","height":""}],"twitter_card":"summary_large_image","twitter_misc":{"Estimated reading time":"2 minutes"},"schema":{"@context":"https:\/\/schema.org","@graph":[{"@type":"WebPage","@id":"https:\/\/ski-consult.de\/taetigkeitsbreiche\/hochbau\/","url":"https:\/\/ski-consult.de\/taetigkeitsbreiche\/hochbau\/","name":"Hoch- und Tiefbau &#8226; SKI Ingenieurges. mbH","isPartOf":{"@id":"https:\/\/ski-consult.de\/#website"},"primaryImageOfPage":{"@id":"https:\/\/ski-consult.de\/taetigkeitsbreiche\/hochbau\/#primaryimage"},"image":{"@id":"https:\/\/ski-consult.de\/taetigkeitsbreiche\/hochbau\/#primaryimage"},"thumbnailUrl":"https:\/\/ski-consult.de\/wp-content\/uploads\/elementor\/thumbs\/Stahlkonstruktion-qfav7vex9krw12rka4hlyo153kl4cn07v6gm9hqbis.jpg","datePublished":"2020-07-22T12:50:05+00:00","dateModified":"2023-11-16T14:18:35+00:00","description":"Hoch- und Tiefbau &#8226; SKI kann Berechnungen inkl. Lastermittlung, Modellaufbau und Bewertung der Ergebnisse durchf\u00fchren.","breadcrumb":{"@id":"https:\/\/ski-consult.de\/taetigkeitsbreiche\/hochbau\/#breadcrumb"},"inLanguage":"en-GB","potentialAction":[{"@type":"ReadAction","target":["https:\/\/ski-consult.de\/taetigkeitsbreiche\/hochbau\/"]}]},{"@type":"ImageObject","inLanguage":"en-GB","@id":"https:\/\/ski-consult.de\/taetigkeitsbreiche\/hochbau\/#primaryimage","url":"https:\/\/ski-consult.de\/wp-content\/uploads\/elementor\/thumbs\/Stahlkonstruktion-qfav7vex9krw12rka4hlyo153kl4cn07v6gm9hqbis.jpg","contentUrl":"https:\/\/ski-consult.de\/wp-content\/uploads\/elementor\/thumbs\/Stahlkonstruktion-qfav7vex9krw12rka4hlyo153kl4cn07v6gm9hqbis.jpg"},{"@type":"BreadcrumbList","@id":"https:\/\/ski-consult.de\/taetigkeitsbreiche\/hochbau\/#breadcrumb","itemListElement":[{"@type":"ListItem","position":1,"name":"Startseite","item":"https:\/\/ski-consult.de\/"},{"@type":"ListItem","position":2,"name":"T\u00e4tigkeitsbereiche","item":"https:\/\/ski-consult.de\/taetigkeitsbreiche\/"},{"@type":"ListItem","position":3,"name":"Hoch- und Tiefbau"}]},{"@type":"WebSite","@id":"https:\/\/ski-consult.de\/#website","url":"https:\/\/ski-consult.de\/","name":"SKI Ingenieurges. mbH","description":"Bauwesen und innovative Entwicklungsarbeiten","publisher":{"@id":"https:\/\/ski-consult.de\/#organization"},"potentialAction":[{"@type":"SearchAction","target":{"@type":"EntryPoint","urlTemplate":"https:\/\/ski-consult.de\/?s={search_term_string}"},"query-input":{"@type":"PropertyValueSpecification","valueRequired":true,"valueName":"search_term_string"}}],"inLanguage":"en-GB"},{"@type":"Organization","@id":"https:\/\/ski-consult.de\/#organization","name":"SKI Ingenieurges. mbh","url":"https:\/\/ski-consult.de\/","logo":{"@type":"ImageObject","inLanguage":"en-GB","@id":"https:\/\/ski-consult.de\/#\/schema\/logo\/image\/","url":"https:\/\/ski-consult.de\/wp-content\/uploads\/2020\/07\/SKI_Logo_1026px_72dpi_rgb.png","contentUrl":"https:\/\/ski-consult.de\/wp-content\/uploads\/2020\/07\/SKI_Logo_1026px_72dpi_rgb.png","width":1026,"height":373,"caption":"SKI Ingenieurges. mbh"},"image":{"@id":"https:\/\/ski-consult.de\/#\/schema\/logo\/image\/"}}]}},"_links":{"self":[{"href":"https:\/\/ski-consult.de\/en\/wp-json\/wp\/v2\/pages\/5731","targetHints":{"allow":["GET"]}}],"collection":[{"href":"https:\/\/ski-consult.de\/en\/wp-json\/wp\/v2\/pages"}],"about":[{"href":"https:\/\/ski-consult.de\/en\/wp-json\/wp\/v2\/types\/page"}],"author":[{"embeddable":true,"href":"https:\/\/ski-consult.de\/en\/wp-json\/wp\/v2\/users\/4"}],"replies":[{"embeddable":true,"href":"https:\/\/ski-consult.de\/en\/wp-json\/wp\/v2\/comments?post=5731"}],"version-history":[{"count":0,"href":"https:\/\/ski-consult.de\/en\/wp-json\/wp\/v2\/pages\/5731\/revisions"}],"up":[{"embeddable":true,"href":"https:\/\/ski-consult.de\/en\/wp-json\/wp\/v2\/pages\/7525"}],"wp:attachment":[{"href":"https:\/\/ski-consult.de\/en\/wp-json\/wp\/v2\/media?parent=5731"}],"curies":[{"name":"wp","href":"https:\/\/api.w.org\/{rel}","templated":true}]}}