{"id":5825,"date":"2020-07-26T12:14:50","date_gmt":"2020-07-26T10:14:50","guid":{"rendered":"http:\/\/neu.ski-consult.de\/?page_id=5825"},"modified":"2023-11-13T16:31:04","modified_gmt":"2023-11-13T15:31:04","slug":"preisverleihungen","status":"publish","type":"page","link":"https:\/\/ski-consult.de\/en\/preisverleihungen\/","title":{"rendered":"Prizes"},"content":{"rendered":"<div data-elementor-type=\"wp-page\" data-elementor-id=\"5825\" class=\"elementor elementor-5825\">\n\t\t\t\t\t\t<section class=\"elementor-section elementor-top-section elementor-element elementor-element-976146c elementor-section-boxed elementor-section-height-default elementor-section-height-default\" data-id=\"976146c\" data-element_type=\"section\" data-e-type=\"section\">\n\t\t\t\t\t\t<div class=\"elementor-container elementor-column-gap-default\">\n\t\t\t\t\t<div class=\"elementor-column elementor-col-100 elementor-top-column elementor-element elementor-element-539bb21\" data-id=\"539bb21\" data-element_type=\"column\" data-e-type=\"column\">\n\t\t\t<div class=\"elementor-widget-wrap elementor-element-populated\">\n\t\t\t\t\t\t<div class=\"elementor-element elementor-element-2cbe442 elementor-widget elementor-widget-heading\" data-id=\"2cbe442\" data-element_type=\"widget\" data-e-type=\"widget\" data-widget_type=\"heading.default\">\n\t\t\t\t<div class=\"elementor-widget-container\">\n\t\t\t\t\t<h2 class=\"elementor-heading-title elementor-size-default\">Winners of StartUp-Impuls special Prize 2008<\/h2>\t\t\t\t<\/div>\n\t\t\t\t<\/div>\n\t\t\t\t\t<\/div>\n\t\t<\/div>\n\t\t\t\t\t<\/div>\n\t\t<\/section>\n\t\t\t\t<section class=\"elementor-section elementor-top-section elementor-element elementor-element-128ebad elementor-section-boxed elementor-section-height-default elementor-section-height-default\" data-id=\"128ebad\" data-element_type=\"section\" data-e-type=\"section\">\n\t\t\t\t\t\t<div class=\"elementor-container elementor-column-gap-default\">\n\t\t\t\t\t<div class=\"elementor-column elementor-col-66 elementor-top-column elementor-element elementor-element-a025485\" data-id=\"a025485\" data-element_type=\"column\" data-e-type=\"column\">\n\t\t\t<div class=\"elementor-widget-wrap elementor-element-populated\">\n\t\t\t\t\t\t<div class=\"elementor-element elementor-element-428d72e elementor-widget elementor-widget-text-editor\" data-id=\"428d72e\" data-element_type=\"widget\" data-e-type=\"widget\" data-widget_type=\"text-editor.default\">\n\t\t\t\t<div class=\"elementor-widget-container\">\n\t\t\t\t\t\t\t\t\t<p>Innovationen lohnen sich: Bei der Preisverleihung des Ideenwettbewerbs StartUp-Impuls 2008 zeichnete der enercity-Fonds proKlima besonders innovative Ans\u00e4tze mit dem Sonderpreis &#8220;proKlima&#8221; aus. &#8220;Wir w\u00fcrdigen hiermit Existenzgr\u00fcnder und Wissenschaftler, die mit neuen Produkten und Technologien eine nachhaltige Energiezukunft unterst\u00fctzen&#8221;, so Tobias Timm, kommissarischer Gesch\u00e4ftsf\u00fchrer des enercity-Fonds&#8230;<\/p><p>... and the winner 2008 is: The sandwich tower with high-strength steel and composite materials for more stability and sustainabilit.<\/p><p>For this research and development work were Prof. Dr. -Ing. Peter Schaumann and Dr. -Ing.  Christian Keindorf by the Institute for Steel Construction Leibniz Universit\u00e4t Hannover awarded the 1st place. The scientists have developed a new tower concept in sandwich construction specifically for wind turbines. As an alternative to the existing tower versions they had to develop the idea of a sandwich tower. The difference to the previous steel towers is that the required thickness is divided into an inner and outer tube. This reduces the welding effort because this otherwise squared increases with the plate thickness.<\/p><p>The annular gap between the inner and outer tube is replenished from below in ascending order with a composite material, which not only stabilizes the steel sheets against the shell buckling, but also participates in the load transfer . In addition, the high-strength composite material serves as a force-transmitting element to the next tower section . This joining technique in the form of a tube-in-tube connection has also been investigated by the farmers steel and is referred to as a sandwich joint. This fatigue- critical annular flanges and a variety of maintenance-intensive screws can be saved between the tower sections.<\/p><p>By the sandwich principle, the stability and sustainability of towers can be increased , and that, although less steel is used for can also generally higher strength steels (eg S460 ) are at lower thicknesses used instead of the normal-strength steel grades (S235 and S355 ) by the higher stability . The fact is the tower easier despite additional composite material.<\/p><p>It can, however, say more benefits. Since the sandwich tower consists of longitudinally oriented individual subshells, the limited headroom is maintained with bridges. It can therefore be towers built with larger diameters and transported over land.<\/p><p>Overall, larger towers can be realized with the technical innovation, bringing the energy output of the wind turbine increases disproportionately. The higher costs for the production and assembly of the sandwich tower disappear after a few years. In addition, lower maintenance costs incurred and resource- intensive steel tonnages can be saved.<\/p><p>In the picture Prof. Schaumann (right) to detect and Dr. Keindorf (left) at the award ceremony. The prize money was gratefully completely as share capital in the construction of the SKI Ingenieurges. mbH invested.<\/p>\t\t\t\t\t\t\t\t<\/div>\n\t\t\t\t<\/div>\n\t\t\t\t\t<\/div>\n\t\t<\/div>\n\t\t\t\t<div class=\"elementor-column elementor-col-33 elementor-top-column elementor-element elementor-element-1c4ac75\" data-id=\"1c4ac75\" data-element_type=\"column\" data-e-type=\"column\">\n\t\t\t<div class=\"elementor-widget-wrap elementor-element-populated\">\n\t\t\t\t\t\t<div class=\"elementor-element elementor-element-9e2b72b elementor-widget elementor-widget-image\" data-id=\"9e2b72b\" data-element_type=\"widget\" data-e-type=\"widget\" data-widget_type=\"image.default\">\n\t\t\t\t<div class=\"elementor-widget-container\">\n\t\t\t\t\t\t\t\t\t\t\t\t\t\t\t<img fetchpriority=\"high\" decoding=\"async\" width=\"423\" height=\"600\" src=\"https:\/\/ski-consult.de\/wp-content\/uploads\/2020\/07\/csm_hannover_impuls_urkunde_04_cb64dac848.jpg\" class=\"attachment-full size-full wp-image-5827\" alt=\"\" srcset=\"https:\/\/ski-consult.de\/wp-content\/uploads\/2020\/07\/csm_hannover_impuls_urkunde_04_cb64dac848.jpg 423w, https:\/\/ski-consult.de\/wp-content\/uploads\/2020\/07\/csm_hannover_impuls_urkunde_04_cb64dac848-212x300.jpg 212w\" sizes=\"(max-width: 423px) 100vw, 423px\" \/>\t\t\t\t\t\t\t\t\t\t\t\t\t\t\t<\/div>\n\t\t\t\t<\/div>\n\t\t\t\t<div class=\"elementor-element elementor-element-ffd340f elementor-widget elementor-widget-spacer\" data-id=\"ffd340f\" data-element_type=\"widget\" data-e-type=\"widget\" data-widget_type=\"spacer.default\">\n\t\t\t\t<div class=\"elementor-widget-container\">\n\t\t\t\t\t\t\t<div class=\"elementor-spacer\">\n\t\t\t<div class=\"elementor-spacer-inner\"><\/div>\n\t\t<\/div>\n\t\t\t\t\t\t<\/div>\n\t\t\t\t<\/div>\n\t\t\t\t<div class=\"elementor-element elementor-element-025bdec elementor-widget elementor-widget-image\" data-id=\"025bdec\" data-element_type=\"widget\" data-e-type=\"widget\" data-widget_type=\"image.default\">\n\t\t\t\t<div class=\"elementor-widget-container\">\n\t\t\t\t\t\t\t\t\t\t\t\t\t\t\t<img decoding=\"async\" width=\"250\" height=\"326\" src=\"https:\/\/ski-consult.de\/wp-content\/uploads\/2020\/07\/csm_gewinner_startup_impuls_04_0e633d2928.jpg\" class=\"attachment-full size-full wp-image-5828\" alt=\"\" srcset=\"https:\/\/ski-consult.de\/wp-content\/uploads\/2020\/07\/csm_gewinner_startup_impuls_04_0e633d2928.jpg 250w, https:\/\/ski-consult.de\/wp-content\/uploads\/2020\/07\/csm_gewinner_startup_impuls_04_0e633d2928-230x300.jpg 230w\" sizes=\"(max-width: 250px) 100vw, 250px\" \/>\t\t\t\t\t\t\t\t\t\t\t\t\t\t\t<\/div>\n\t\t\t\t<\/div>\n\t\t\t\t\t<\/div>\n\t\t<\/div>\n\t\t\t\t\t<\/div>\n\t\t<\/section>\n\t\t\t\t<\/div>","protected":false},"excerpt":{"rendered":"<p>Gewinner des StartUp-Impuls Sonderpreises 2008 Innovationen lohnen sich: Bei der Preisverleihung des Ideenwettbewerbs StartUp-Impuls 2008 zeichnete der enercity-Fonds proKlima besonders innovative Ans\u00e4tze mit dem Sonderpreis &#8220;proKlima&#8221; aus. &#8220;Wir w\u00fcrdigen hiermit Existenzgr\u00fcnder und Wissenschaftler, die mit neuen Produkten und Technologien eine nachhaltige Energiezukunft unterst\u00fctzen&#8221;, so Tobias Timm, kommissarischer Gesch\u00e4ftsf\u00fchrer des enercity-Fonds&#8230; &#8230; und der Sieger 2008&#8230;<\/p>","protected":false},"author":4,"featured_media":0,"parent":0,"menu_order":0,"comment_status":"closed","ping_status":"closed","template":"","meta":{"_acf_changed":false,"footnotes":""},"class_list":["post-5825","page","type-page","status-publish","hentry","no-post-thumbnail"],"acf":[],"yoast_head":"<!-- This site is optimized with the Yoast SEO plugin v27.4 - https:\/\/yoast.com\/product\/yoast-seo-wordpress\/ -->\n<title>Preisverleihungen &#8226; SKI Ingenieurges. mbH<\/title>\n<meta name=\"description\" content=\"Im Zuge der T\u00e4tigkeitsfelder im Bereich der Entwicklung und Forschung wurde SKI im Zug von Preisverleihungen ausgew\u00e4hlt.\" \/>\n<meta name=\"robots\" content=\"index, follow, max-snippet:-1, max-image-preview:large, max-video-preview:-1\" \/>\n<link rel=\"canonical\" href=\"https:\/\/ski-consult.de\/en\/preisverleihungen\/\" \/>\n<meta property=\"og:locale\" content=\"en_GB\" \/>\n<meta property=\"og:type\" content=\"article\" \/>\n<meta property=\"og:title\" content=\"Preisverleihungen &#8226; SKI Ingenieurges. mbH\" \/>\n<meta property=\"og:description\" content=\"Im Zuge der T\u00e4tigkeitsfelder im Bereich der Entwicklung und Forschung wurde SKI im Zug von Preisverleihungen ausgew\u00e4hlt.\" \/>\n<meta property=\"og:url\" content=\"https:\/\/ski-consult.de\/en\/preisverleihungen\/\" \/>\n<meta property=\"og:site_name\" content=\"SKI Ingenieurges. mbH\" \/>\n<meta property=\"article:modified_time\" content=\"2023-11-13T15:31:04+00:00\" \/>\n<meta property=\"og:image\" content=\"https:\/\/ski-consult.de\/wp-content\/uploads\/2020\/07\/csm_hannover_impuls_urkunde_04_cb64dac848.jpg\" \/>\n<meta name=\"twitter:card\" content=\"summary_large_image\" \/>\n<meta name=\"twitter:label1\" content=\"Estimated reading time\" \/>\n\t<meta name=\"twitter:data1\" content=\"3 minutes\" \/>\n<script type=\"application\/ld+json\" class=\"yoast-schema-graph\">{\"@context\":\"https:\\\/\\\/schema.org\",\"@graph\":[{\"@type\":\"WebPage\",\"@id\":\"https:\\\/\\\/ski-consult.de\\\/preisverleihungen\\\/\",\"url\":\"https:\\\/\\\/ski-consult.de\\\/preisverleihungen\\\/\",\"name\":\"Preisverleihungen &#8226; SKI Ingenieurges. mbH\",\"isPartOf\":{\"@id\":\"https:\\\/\\\/ski-consult.de\\\/#website\"},\"primaryImageOfPage\":{\"@id\":\"https:\\\/\\\/ski-consult.de\\\/preisverleihungen\\\/#primaryimage\"},\"image\":{\"@id\":\"https:\\\/\\\/ski-consult.de\\\/preisverleihungen\\\/#primaryimage\"},\"thumbnailUrl\":\"https:\\\/\\\/ski-consult.de\\\/wp-content\\\/uploads\\\/2020\\\/07\\\/csm_hannover_impuls_urkunde_04_cb64dac848.jpg\",\"datePublished\":\"2020-07-26T10:14:50+00:00\",\"dateModified\":\"2023-11-13T15:31:04+00:00\",\"description\":\"Im Zuge der T\u00e4tigkeitsfelder im Bereich der Entwicklung und Forschung wurde SKI im Zug von Preisverleihungen ausgew\u00e4hlt.\",\"breadcrumb\":{\"@id\":\"https:\\\/\\\/ski-consult.de\\\/preisverleihungen\\\/#breadcrumb\"},\"inLanguage\":\"en-GB\",\"potentialAction\":[{\"@type\":\"ReadAction\",\"target\":[\"https:\\\/\\\/ski-consult.de\\\/preisverleihungen\\\/\"]}]},{\"@type\":\"ImageObject\",\"inLanguage\":\"en-GB\",\"@id\":\"https:\\\/\\\/ski-consult.de\\\/preisverleihungen\\\/#primaryimage\",\"url\":\"https:\\\/\\\/ski-consult.de\\\/wp-content\\\/uploads\\\/2020\\\/07\\\/csm_hannover_impuls_urkunde_04_cb64dac848.jpg\",\"contentUrl\":\"https:\\\/\\\/ski-consult.de\\\/wp-content\\\/uploads\\\/2020\\\/07\\\/csm_hannover_impuls_urkunde_04_cb64dac848.jpg\"},{\"@type\":\"BreadcrumbList\",\"@id\":\"https:\\\/\\\/ski-consult.de\\\/preisverleihungen\\\/#breadcrumb\",\"itemListElement\":[{\"@type\":\"ListItem\",\"position\":1,\"name\":\"Startseite\",\"item\":\"https:\\\/\\\/ski-consult.de\\\/\"},{\"@type\":\"ListItem\",\"position\":2,\"name\":\"Preisverleihungen\"}]},{\"@type\":\"WebSite\",\"@id\":\"https:\\\/\\\/ski-consult.de\\\/#website\",\"url\":\"https:\\\/\\\/ski-consult.de\\\/\",\"name\":\"SKI Ingenieurges. mbH\",\"description\":\"Bauwesen und innovative Entwicklungsarbeiten\",\"publisher\":{\"@id\":\"https:\\\/\\\/ski-consult.de\\\/#organization\"},\"potentialAction\":[{\"@type\":\"SearchAction\",\"target\":{\"@type\":\"EntryPoint\",\"urlTemplate\":\"https:\\\/\\\/ski-consult.de\\\/?s={search_term_string}\"},\"query-input\":{\"@type\":\"PropertyValueSpecification\",\"valueRequired\":true,\"valueName\":\"search_term_string\"}}],\"inLanguage\":\"en-GB\"},{\"@type\":\"Organization\",\"@id\":\"https:\\\/\\\/ski-consult.de\\\/#organization\",\"name\":\"SKI Ingenieurges. mbh\",\"url\":\"https:\\\/\\\/ski-consult.de\\\/\",\"logo\":{\"@type\":\"ImageObject\",\"inLanguage\":\"en-GB\",\"@id\":\"https:\\\/\\\/ski-consult.de\\\/#\\\/schema\\\/logo\\\/image\\\/\",\"url\":\"https:\\\/\\\/ski-consult.de\\\/wp-content\\\/uploads\\\/2020\\\/07\\\/SKI_Logo_1026px_72dpi_rgb.png\",\"contentUrl\":\"https:\\\/\\\/ski-consult.de\\\/wp-content\\\/uploads\\\/2020\\\/07\\\/SKI_Logo_1026px_72dpi_rgb.png\",\"width\":1026,\"height\":373,\"caption\":\"SKI Ingenieurges. mbh\"},\"image\":{\"@id\":\"https:\\\/\\\/ski-consult.de\\\/#\\\/schema\\\/logo\\\/image\\\/\"}}]}<\/script>\n<!-- \/ Yoast SEO plugin. -->","yoast_head_json":{"title":"Preisverleihungen &#8226; SKI Ingenieurges. mbH","description":"Im Zuge der T\u00e4tigkeitsfelder im Bereich der Entwicklung und Forschung wurde SKI im Zug von Preisverleihungen ausgew\u00e4hlt.","robots":{"index":"index","follow":"follow","max-snippet":"max-snippet:-1","max-image-preview":"max-image-preview:large","max-video-preview":"max-video-preview:-1"},"canonical":"https:\/\/ski-consult.de\/en\/preisverleihungen\/","og_locale":"en_GB","og_type":"article","og_title":"Preisverleihungen &#8226; SKI Ingenieurges. mbH","og_description":"Im Zuge der T\u00e4tigkeitsfelder im Bereich der Entwicklung und Forschung wurde SKI im Zug von Preisverleihungen ausgew\u00e4hlt.","og_url":"https:\/\/ski-consult.de\/en\/preisverleihungen\/","og_site_name":"SKI Ingenieurges. mbH","article_modified_time":"2023-11-13T15:31:04+00:00","og_image":[{"url":"https:\/\/ski-consult.de\/wp-content\/uploads\/2020\/07\/csm_hannover_impuls_urkunde_04_cb64dac848.jpg","type":"","width":"","height":""}],"twitter_card":"summary_large_image","twitter_misc":{"Estimated reading time":"3 minutes"},"schema":{"@context":"https:\/\/schema.org","@graph":[{"@type":"WebPage","@id":"https:\/\/ski-consult.de\/preisverleihungen\/","url":"https:\/\/ski-consult.de\/preisverleihungen\/","name":"Preisverleihungen &#8226; SKI Ingenieurges. mbH","isPartOf":{"@id":"https:\/\/ski-consult.de\/#website"},"primaryImageOfPage":{"@id":"https:\/\/ski-consult.de\/preisverleihungen\/#primaryimage"},"image":{"@id":"https:\/\/ski-consult.de\/preisverleihungen\/#primaryimage"},"thumbnailUrl":"https:\/\/ski-consult.de\/wp-content\/uploads\/2020\/07\/csm_hannover_impuls_urkunde_04_cb64dac848.jpg","datePublished":"2020-07-26T10:14:50+00:00","dateModified":"2023-11-13T15:31:04+00:00","description":"Im Zuge der T\u00e4tigkeitsfelder im Bereich der Entwicklung und Forschung wurde SKI im Zug von Preisverleihungen ausgew\u00e4hlt.","breadcrumb":{"@id":"https:\/\/ski-consult.de\/preisverleihungen\/#breadcrumb"},"inLanguage":"en-GB","potentialAction":[{"@type":"ReadAction","target":["https:\/\/ski-consult.de\/preisverleihungen\/"]}]},{"@type":"ImageObject","inLanguage":"en-GB","@id":"https:\/\/ski-consult.de\/preisverleihungen\/#primaryimage","url":"https:\/\/ski-consult.de\/wp-content\/uploads\/2020\/07\/csm_hannover_impuls_urkunde_04_cb64dac848.jpg","contentUrl":"https:\/\/ski-consult.de\/wp-content\/uploads\/2020\/07\/csm_hannover_impuls_urkunde_04_cb64dac848.jpg"},{"@type":"BreadcrumbList","@id":"https:\/\/ski-consult.de\/preisverleihungen\/#breadcrumb","itemListElement":[{"@type":"ListItem","position":1,"name":"Startseite","item":"https:\/\/ski-consult.de\/"},{"@type":"ListItem","position":2,"name":"Preisverleihungen"}]},{"@type":"WebSite","@id":"https:\/\/ski-consult.de\/#website","url":"https:\/\/ski-consult.de\/","name":"SKI Ingenieurges. mbH","description":"Bauwesen und innovative Entwicklungsarbeiten","publisher":{"@id":"https:\/\/ski-consult.de\/#organization"},"potentialAction":[{"@type":"SearchAction","target":{"@type":"EntryPoint","urlTemplate":"https:\/\/ski-consult.de\/?s={search_term_string}"},"query-input":{"@type":"PropertyValueSpecification","valueRequired":true,"valueName":"search_term_string"}}],"inLanguage":"en-GB"},{"@type":"Organization","@id":"https:\/\/ski-consult.de\/#organization","name":"SKI Ingenieurges. mbh","url":"https:\/\/ski-consult.de\/","logo":{"@type":"ImageObject","inLanguage":"en-GB","@id":"https:\/\/ski-consult.de\/#\/schema\/logo\/image\/","url":"https:\/\/ski-consult.de\/wp-content\/uploads\/2020\/07\/SKI_Logo_1026px_72dpi_rgb.png","contentUrl":"https:\/\/ski-consult.de\/wp-content\/uploads\/2020\/07\/SKI_Logo_1026px_72dpi_rgb.png","width":1026,"height":373,"caption":"SKI Ingenieurges. mbh"},"image":{"@id":"https:\/\/ski-consult.de\/#\/schema\/logo\/image\/"}}]}},"_links":{"self":[{"href":"https:\/\/ski-consult.de\/en\/wp-json\/wp\/v2\/pages\/5825","targetHints":{"allow":["GET"]}}],"collection":[{"href":"https:\/\/ski-consult.de\/en\/wp-json\/wp\/v2\/pages"}],"about":[{"href":"https:\/\/ski-consult.de\/en\/wp-json\/wp\/v2\/types\/page"}],"author":[{"embeddable":true,"href":"https:\/\/ski-consult.de\/en\/wp-json\/wp\/v2\/users\/4"}],"replies":[{"embeddable":true,"href":"https:\/\/ski-consult.de\/en\/wp-json\/wp\/v2\/comments?post=5825"}],"version-history":[{"count":0,"href":"https:\/\/ski-consult.de\/en\/wp-json\/wp\/v2\/pages\/5825\/revisions"}],"wp:attachment":[{"href":"https:\/\/ski-consult.de\/en\/wp-json\/wp\/v2\/media?parent=5825"}],"curies":[{"name":"wp","href":"https:\/\/api.w.org\/{rel}","templated":true}]}}