{"id":5977,"date":"2020-07-29T15:37:47","date_gmt":"2020-07-29T13:37:47","guid":{"rendered":"http:\/\/neu.ski-consult.de\/?page_id=5977"},"modified":"2023-11-16T15:15:09","modified_gmt":"2023-11-16T14:15:09","slug":"weiterbetrieb-von-wea","status":"publish","type":"page","link":"https:\/\/ski-consult.de\/en\/taetigkeitsbreiche\/onshore-windenergieanlagen\/weiterbetrieb-von-wea\/","title":{"rendered":"Continued operation of wind turbines"},"content":{"rendered":"<div data-elementor-type=\"wp-page\" data-elementor-id=\"5977\" class=\"elementor elementor-5977\">\n\t\t\t\t\t\t<section class=\"elementor-section elementor-top-section elementor-element elementor-element-a8fa095 elementor-section-boxed elementor-section-height-default elementor-section-height-default\" data-id=\"a8fa095\" data-element_type=\"section\" data-e-type=\"section\">\n\t\t\t\t\t\t<div class=\"elementor-container elementor-column-gap-default\">\n\t\t\t\t\t<div class=\"elementor-column elementor-col-100 elementor-top-column elementor-element elementor-element-c385d49\" data-id=\"c385d49\" data-element_type=\"column\" data-e-type=\"column\">\n\t\t\t<div class=\"elementor-widget-wrap elementor-element-populated\">\n\t\t\t\t\t\t<div class=\"elementor-element elementor-element-d2ca919 elementor-widget elementor-widget-heading\" data-id=\"d2ca919\" data-element_type=\"widget\" data-e-type=\"widget\" data-widget_type=\"heading.default\">\n\t\t\t\t<div class=\"elementor-widget-container\">\n\t\t\t\t\t<h2 class=\"elementor-heading-title elementor-size-default\">Further operation of wind energy plants\n<\/h2>\t\t\t\t<\/div>\n\t\t\t\t<\/div>\n\t\t\t\t\t<\/div>\n\t\t<\/div>\n\t\t\t\t\t<\/div>\n\t\t<\/section>\n\t\t\t\t<section class=\"elementor-section elementor-top-section elementor-element elementor-element-96746a6 elementor-section-boxed elementor-section-height-default elementor-section-height-default\" data-id=\"96746a6\" data-element_type=\"section\" data-e-type=\"section\">\n\t\t\t\t\t\t<div class=\"elementor-container elementor-column-gap-default\">\n\t\t\t\t\t<div class=\"elementor-column elementor-col-100 elementor-top-column elementor-element elementor-element-8cd6d54\" data-id=\"8cd6d54\" data-element_type=\"column\" data-e-type=\"column\">\n\t\t\t<div class=\"elementor-widget-wrap elementor-element-populated\">\n\t\t\t\t\t\t<div class=\"elementor-element elementor-element-bf489bc elementor-widget elementor-widget-text-editor\" data-id=\"bf489bc\" data-element_type=\"widget\" data-e-type=\"widget\" data-widget_type=\"text-editor.default\">\n\t\t\t\t<div class=\"elementor-widget-container\">\n\t\t\t\t\t\t\t\t\t<div><div><div><div><div><div><p>At the present time, many older\u00a0<a title=\"damage accumulation hypothesis\" href=\"https:\/\/ski-consult.de\/en\/taetigkeitsbreiche\/onshore-windenergieanlagen\/\">substructure<\/a>\u00a0(WEA)\u00a0ihre \u00fcber die Typenpr\u00fcfung nachgewiesene Lebensdauer von 20 Jahren (<a title=\"damage accumulation hypothesis\" href=\"https:\/\/ski-consult.de\/en\/taetigkeitsbreiche\/strukturanalysen\/ermuedung\/\">design life<\/a>). A<span style=\"letter-spacing: 0px;\">ufgrund neuer Abstandsregelungen ist bei\u00a0<\/span><span style=\"letter-spacing: 0px;\">einer Vielzahl von WEA\u00a0ist\u00a0<\/span><span style=\"letter-spacing: 0px;\">ein RePowering (Ersatz durch neue gr\u00f6\u00dferer Anlage) nicht m\u00f6glich<\/span><span style=\"letter-spacing: 0px;\">. Daher stellt der Weiterbetrieb in vielen F\u00e4llen die einzige M\u00f6glichkeit dar, welche einen R\u00fcckbau der WEA verhindert und eine weitere Verwendung erm\u00f6glicht.\u00a0<\/span><\/p><p><span style=\"letter-spacing: 0px;\">The\u00a0<\/span><a style=\"letter-spacing: 0px; transition-property: all; background-color: #ffffff;\" title=\"damage accumulation hypothesis\" href=\"https:\/\/ski-consult.de\/en\/ueber-uns\/\">BWE<\/a><span style=\"letter-spacing: 0px;\">\u00a0Study\u00a0<\/span>Grunds\u00e4tze f\u00fcr die Durchf\u00fchrung einer Bewertung und Pr\u00fcfung \u00fcber den Weiterbetrieb von Windenergieanlagen\u00a0<span style=\"letter-spacing: 0px;\">an Land<\/span><span style=\"letter-spacing: 0px;\">\u00a0(BPW)\u00a0 aus dem Mai 2017 greift dieses Thema konkret auf und stellt das grunds\u00e4tzliche Vorgehen zur gutachterlichen Bewertung eines Weiterbetriebs einer WEA durch einen anerkannten Sachverst\u00e4ndigen vor. Grunds\u00e4tzlich ist dieses Vorgehen gegliedert in<\/span><\/p><ul><li>practical part<\/li><li>analytical part<\/li><\/ul><p>The\u00a0<a title=\"damage accumulation hypothesis\" href=\"https:\/\/ski-consult.de\/en\/ueber-uns\/\">SKI Ingenieurges. mbH<\/a>\u00a0from Hanover is one of the experts listed with BWE and is also \u00f6.b.u.v. SV for supporting structures of on- and offshore wind turbines. For this reason we are able to answer the question of a permissible further operation of a WEA by means of a\u00a0<a title=\"damage accumulation hypothesis\" href=\"https:\/\/ski-consult.de\/en\/ueber-uns\/\">expert opinion<\/a>\u00a0and to determine the further service life extending beyond the design life.\u00a0\u00a0<\/p><\/div><\/div><\/div><\/div><\/div><\/div>\t\t\t\t\t\t\t\t<\/div>\n\t\t\t\t<\/div>\n\t\t\t\t\t<\/div>\n\t\t<\/div>\n\t\t\t\t\t<\/div>\n\t\t<\/section>\n\t\t\t\t<section class=\"elementor-section elementor-top-section elementor-element elementor-element-a39616f elementor-section-boxed elementor-section-height-default elementor-section-height-default\" data-id=\"a39616f\" data-element_type=\"section\" data-e-type=\"section\">\n\t\t\t\t\t\t<div class=\"elementor-container elementor-column-gap-default\">\n\t\t\t\t\t<div class=\"elementor-column elementor-col-33 elementor-top-column elementor-element elementor-element-1c16b5d\" data-id=\"1c16b5d\" data-element_type=\"column\" data-e-type=\"column\">\n\t\t\t<div class=\"elementor-widget-wrap elementor-element-populated\">\n\t\t\t\t\t\t<div class=\"elementor-element elementor-element-731e4af elementor-widget elementor-widget-image\" data-id=\"731e4af\" data-element_type=\"widget\" data-e-type=\"widget\" data-widget_type=\"image.default\">\n\t\t\t\t<div class=\"elementor-widget-container\">\n\t\t\t\t\t\t\t\t\t\t\t\t<figure class=\"wp-caption\">\n\t\t\t\t\t\t\t\t\t\t<img fetchpriority=\"high\" decoding=\"async\" width=\"600\" height=\"348\" src=\"https:\/\/ski-consult.de\/wp-content\/uploads\/2020\/07\/csm_Weiterbetrieb_7e8115ee82.jpg\" class=\"attachment-full size-full wp-image-5979\" alt=\"\" srcset=\"https:\/\/ski-consult.de\/wp-content\/uploads\/2020\/07\/csm_Weiterbetrieb_7e8115ee82.jpg 600w, https:\/\/ski-consult.de\/wp-content\/uploads\/2020\/07\/csm_Weiterbetrieb_7e8115ee82-300x174.jpg 300w\" sizes=\"(max-width: 600px) 100vw, 600px\" \/>\t\t\t\t\t\t\t\t\t\t\t<figcaption class=\"widget-image-caption wp-caption-text\">Service lifetime of a wind turbine\n<\/figcaption>\n\t\t\t\t\t\t\t\t\t\t<\/figure>\n\t\t\t\t\t\t\t\t\t<\/div>\n\t\t\t\t<\/div>\n\t\t\t\t\t<\/div>\n\t\t<\/div>\n\t\t\t\t<div class=\"elementor-column elementor-col-33 elementor-top-column elementor-element elementor-element-361f196\" data-id=\"361f196\" data-element_type=\"column\" data-e-type=\"column\">\n\t\t\t<div class=\"elementor-widget-wrap elementor-element-populated\">\n\t\t\t\t\t\t<div class=\"elementor-element elementor-element-6104e43 elementor-widget elementor-widget-image\" data-id=\"6104e43\" data-element_type=\"widget\" data-e-type=\"widget\" data-widget_type=\"image.default\">\n\t\t\t\t<div class=\"elementor-widget-container\">\n\t\t\t\t\t\t\t\t\t\t\t\t<figure class=\"wp-caption\">\n\t\t\t\t\t\t\t\t\t\t<img decoding=\"async\" width=\"540\" height=\"960\" src=\"https:\/\/ski-consult.de\/wp-content\/uploads\/2023\/11\/AN-WEA-Stahlrohrturm.gif\" class=\"attachment-full size-full wp-image-9354\" alt=\"\" \/>\t\t\t\t\t\t\t\t\t\t\t<figcaption class=\"widget-image-caption wp-caption-text\">WEA-Stahlrohrturm<\/figcaption>\n\t\t\t\t\t\t\t\t\t\t<\/figure>\n\t\t\t\t\t\t\t\t\t<\/div>\n\t\t\t\t<\/div>\n\t\t\t\t\t<\/div>\n\t\t<\/div>\n\t\t\t\t<div class=\"elementor-column elementor-col-33 elementor-top-column elementor-element elementor-element-efffa54\" data-id=\"efffa54\" data-element_type=\"column\" data-e-type=\"column\">\n\t\t\t<div class=\"elementor-widget-wrap elementor-element-populated\">\n\t\t\t\t\t\t<div class=\"elementor-element elementor-element-e8ca514 elementor-widget elementor-widget-image\" data-id=\"e8ca514\" data-element_type=\"widget\" data-e-type=\"widget\" data-widget_type=\"image.default\">\n\t\t\t\t<div class=\"elementor-widget-container\">\n\t\t\t\t\t\t\t\t\t\t\t\t<figure class=\"wp-caption\">\n\t\t\t\t\t\t\t\t\t\t<img decoding=\"async\" width=\"504\" height=\"896\" src=\"https:\/\/ski-consult.de\/wp-content\/uploads\/2023\/11\/AN-WEA-Gittermast.gif\" class=\"attachment-full size-full wp-image-9351\" alt=\"\" \/>\t\t\t\t\t\t\t\t\t\t\t<figcaption class=\"widget-image-caption wp-caption-text\">Onshore wind energy<\/figcaption>\n\t\t\t\t\t\t\t\t\t\t<\/figure>\n\t\t\t\t\t\t\t\t\t<\/div>\n\t\t\t\t<\/div>\n\t\t\t\t\t<\/div>\n\t\t<\/div>\n\t\t\t\t\t<\/div>\n\t\t<\/section>\n\t\t\t\t<section class=\"elementor-section elementor-top-section elementor-element elementor-element-e1a5689 elementor-section-boxed elementor-section-height-default elementor-section-height-default\" data-id=\"e1a5689\" data-element_type=\"section\" data-e-type=\"section\">\n\t\t\t\t\t\t<div class=\"elementor-container elementor-column-gap-default\">\n\t\t\t\t\t<div class=\"elementor-column elementor-col-100 elementor-top-column elementor-element elementor-element-004a279\" data-id=\"004a279\" data-element_type=\"column\" data-e-type=\"column\">\n\t\t\t<div class=\"elementor-widget-wrap elementor-element-populated\">\n\t\t\t\t\t\t<div class=\"elementor-element elementor-element-d4092b0 elementor-widget elementor-widget-heading\" data-id=\"d4092b0\" data-element_type=\"widget\" data-e-type=\"widget\" data-widget_type=\"heading.default\">\n\t\t\t\t<div class=\"elementor-widget-container\">\n\t\t\t\t\t<h2 class=\"elementor-heading-title elementor-size-default\">Our services<\/h2>\t\t\t\t<\/div>\n\t\t\t\t<\/div>\n\t\t\t\t<div class=\"elementor-element elementor-element-e24634f elementor-widget elementor-widget-text-editor\" data-id=\"e24634f\" data-element_type=\"widget\" data-e-type=\"widget\" data-widget_type=\"text-editor.default\">\n\t\t\t\t<div class=\"elementor-widget-container\">\n\t\t\t\t\t\t\t\t\t<div>\n<div>\n<div>\n<div>\n<div>\n<p>On the part of SKI Ingenieurgesellschaft the following services can be provided:<\/p>\n<ul>\n<li><a title=\"damage accumulation hypothesis\" href=\"https:\/\/ski-consult.de\/en\/statische-strukturanalyse\/\">Expert assessment of the supporting structure (tower, foundation)<br><\/a><\/li>\n<li>Determination of the remaining service life of the structure<br><\/li>\n<li>Preparation of expert reports on the continued operation of wind turbines<br><\/li>\n\n<\/ul>\n<\/div>\n<\/div>\n<\/div>\n<\/div>\n<\/div>\t\t\t\t\t\t\t\t<\/div>\n\t\t\t\t<\/div>\n\t\t\t\t\t<\/div>\n\t\t<\/div>\n\t\t\t\t\t<\/div>\n\t\t<\/section>\n\t\t\t\t<\/div>","protected":false},"excerpt":{"rendered":"<p>Weiterbetrieb von Windenergieanlagen Zum gegenw\u00e4rtigen Zeitpunkt erreichen viele \u00e4ltere\u00a0Windenergieanlagen\u00a0(WEA)\u00a0ihre \u00fcber die Typenpr\u00fcfung nachgewiesene Lebensdauer von 20 Jahren (Entwurfslebensdauer). Aufgrund neuer Abstandsregelungen ist bei\u00a0einer Vielzahl von WEA\u00a0ist\u00a0ein RePowering (Ersatz durch neue gr\u00f6\u00dferer Anlage) nicht m\u00f6glich. Daher stellt der Weiterbetrieb in vielen F\u00e4llen die einzige M\u00f6glichkeit dar, welche einen R\u00fcckbau der WEA verhindert und eine weitere Verwendung&#8230;<\/p>","protected":false},"author":4,"featured_media":0,"parent":6049,"menu_order":0,"comment_status":"closed","ping_status":"closed","template":"","meta":{"_acf_changed":false,"footnotes":""},"class_list":["post-5977","page","type-page","status-publish","hentry","no-post-thumbnail"],"acf":[],"yoast_head":"<!-- This site is optimized with the Yoast SEO plugin v27.3 - https:\/\/yoast.com\/product\/yoast-seo-wordpress\/ -->\n<title>Weiterbetrieb von WEA &#8226; SKI Ingenieurges. mbH<\/title>\n<meta name=\"description\" content=\"Weiterbetrieb von WEA &#8226; SKI kann Berechnungen inkl. Lastermittlung, Modellaufbau und Bewertung der Ergebnisse durchf\u00fchren.\" \/>\n<meta name=\"robots\" content=\"index, follow, max-snippet:-1, max-image-preview:large, max-video-preview:-1\" \/>\n<link rel=\"canonical\" href=\"https:\/\/ski-consult.de\/en\/taetigkeitsbreiche\/onshore-windenergieanlagen\/weiterbetrieb-von-wea\/\" \/>\n<meta property=\"og:locale\" content=\"en_GB\" \/>\n<meta property=\"og:type\" content=\"article\" \/>\n<meta property=\"og:title\" content=\"Weiterbetrieb von WEA &#8226; SKI Ingenieurges. mbH\" \/>\n<meta property=\"og:description\" content=\"Weiterbetrieb von WEA &#8226; SKI kann Berechnungen inkl. Lastermittlung, Modellaufbau und Bewertung der Ergebnisse durchf\u00fchren.\" \/>\n<meta property=\"og:url\" content=\"https:\/\/ski-consult.de\/en\/taetigkeitsbreiche\/onshore-windenergieanlagen\/weiterbetrieb-von-wea\/\" \/>\n<meta property=\"og:site_name\" content=\"SKI Ingenieurges. mbH\" \/>\n<meta property=\"article:modified_time\" content=\"2023-11-16T14:15:09+00:00\" \/>\n<meta property=\"og:image\" content=\"https:\/\/ski-consult.de\/wp-content\/uploads\/2020\/07\/csm_Weiterbetrieb_7e8115ee82.jpg\" \/>\n<meta name=\"twitter:card\" content=\"summary_large_image\" \/>\n<meta name=\"twitter:label1\" content=\"Estimated reading time\" \/>\n\t<meta name=\"twitter:data1\" content=\"2 minutes\" \/>\n<script type=\"application\/ld+json\" class=\"yoast-schema-graph\">{\"@context\":\"https:\\\/\\\/schema.org\",\"@graph\":[{\"@type\":\"WebPage\",\"@id\":\"https:\\\/\\\/ski-consult.de\\\/taetigkeitsbreiche\\\/onshore-windenergieanlagen\\\/weiterbetrieb-von-wea\\\/\",\"url\":\"https:\\\/\\\/ski-consult.de\\\/taetigkeitsbreiche\\\/onshore-windenergieanlagen\\\/weiterbetrieb-von-wea\\\/\",\"name\":\"Weiterbetrieb von WEA &#8226; SKI Ingenieurges. mbH\",\"isPartOf\":{\"@id\":\"https:\\\/\\\/ski-consult.de\\\/#website\"},\"primaryImageOfPage\":{\"@id\":\"https:\\\/\\\/ski-consult.de\\\/taetigkeitsbreiche\\\/onshore-windenergieanlagen\\\/weiterbetrieb-von-wea\\\/#primaryimage\"},\"image\":{\"@id\":\"https:\\\/\\\/ski-consult.de\\\/taetigkeitsbreiche\\\/onshore-windenergieanlagen\\\/weiterbetrieb-von-wea\\\/#primaryimage\"},\"thumbnailUrl\":\"https:\\\/\\\/ski-consult.de\\\/wp-content\\\/uploads\\\/2020\\\/07\\\/csm_Weiterbetrieb_7e8115ee82.jpg\",\"datePublished\":\"2020-07-29T13:37:47+00:00\",\"dateModified\":\"2023-11-16T14:15:09+00:00\",\"description\":\"Weiterbetrieb von WEA &#8226; SKI kann Berechnungen inkl. Lastermittlung, Modellaufbau und Bewertung der Ergebnisse durchf\u00fchren.\",\"breadcrumb\":{\"@id\":\"https:\\\/\\\/ski-consult.de\\\/taetigkeitsbreiche\\\/onshore-windenergieanlagen\\\/weiterbetrieb-von-wea\\\/#breadcrumb\"},\"inLanguage\":\"en-GB\",\"potentialAction\":[{\"@type\":\"ReadAction\",\"target\":[\"https:\\\/\\\/ski-consult.de\\\/taetigkeitsbreiche\\\/onshore-windenergieanlagen\\\/weiterbetrieb-von-wea\\\/\"]}]},{\"@type\":\"ImageObject\",\"inLanguage\":\"en-GB\",\"@id\":\"https:\\\/\\\/ski-consult.de\\\/taetigkeitsbreiche\\\/onshore-windenergieanlagen\\\/weiterbetrieb-von-wea\\\/#primaryimage\",\"url\":\"https:\\\/\\\/ski-consult.de\\\/wp-content\\\/uploads\\\/2020\\\/07\\\/csm_Weiterbetrieb_7e8115ee82.jpg\",\"contentUrl\":\"https:\\\/\\\/ski-consult.de\\\/wp-content\\\/uploads\\\/2020\\\/07\\\/csm_Weiterbetrieb_7e8115ee82.jpg\"},{\"@type\":\"BreadcrumbList\",\"@id\":\"https:\\\/\\\/ski-consult.de\\\/taetigkeitsbreiche\\\/onshore-windenergieanlagen\\\/weiterbetrieb-von-wea\\\/#breadcrumb\",\"itemListElement\":[{\"@type\":\"ListItem\",\"position\":1,\"name\":\"Startseite\",\"item\":\"https:\\\/\\\/ski-consult.de\\\/\"},{\"@type\":\"ListItem\",\"position\":2,\"name\":\"T\u00e4tigkeitsbereiche\",\"item\":\"https:\\\/\\\/ski-consult.de\\\/taetigkeitsbreiche\\\/\"},{\"@type\":\"ListItem\",\"position\":3,\"name\":\"Onshore-Windenergie\",\"item\":\"https:\\\/\\\/ski-consult.de\\\/taetigkeitsbreiche\\\/onshore-windenergieanlagen\\\/\"},{\"@type\":\"ListItem\",\"position\":4,\"name\":\"Weiterbetrieb von WEA\"}]},{\"@type\":\"WebSite\",\"@id\":\"https:\\\/\\\/ski-consult.de\\\/#website\",\"url\":\"https:\\\/\\\/ski-consult.de\\\/\",\"name\":\"SKI Ingenieurges. mbH\",\"description\":\"Bauwesen und innovative Entwicklungsarbeiten\",\"publisher\":{\"@id\":\"https:\\\/\\\/ski-consult.de\\\/#organization\"},\"potentialAction\":[{\"@type\":\"SearchAction\",\"target\":{\"@type\":\"EntryPoint\",\"urlTemplate\":\"https:\\\/\\\/ski-consult.de\\\/?s={search_term_string}\"},\"query-input\":{\"@type\":\"PropertyValueSpecification\",\"valueRequired\":true,\"valueName\":\"search_term_string\"}}],\"inLanguage\":\"en-GB\"},{\"@type\":\"Organization\",\"@id\":\"https:\\\/\\\/ski-consult.de\\\/#organization\",\"name\":\"SKI Ingenieurges. mbh\",\"url\":\"https:\\\/\\\/ski-consult.de\\\/\",\"logo\":{\"@type\":\"ImageObject\",\"inLanguage\":\"en-GB\",\"@id\":\"https:\\\/\\\/ski-consult.de\\\/#\\\/schema\\\/logo\\\/image\\\/\",\"url\":\"https:\\\/\\\/ski-consult.de\\\/wp-content\\\/uploads\\\/2020\\\/07\\\/SKI_Logo_1026px_72dpi_rgb.png\",\"contentUrl\":\"https:\\\/\\\/ski-consult.de\\\/wp-content\\\/uploads\\\/2020\\\/07\\\/SKI_Logo_1026px_72dpi_rgb.png\",\"width\":1026,\"height\":373,\"caption\":\"SKI Ingenieurges. mbh\"},\"image\":{\"@id\":\"https:\\\/\\\/ski-consult.de\\\/#\\\/schema\\\/logo\\\/image\\\/\"}}]}<\/script>\n<!-- \/ Yoast SEO plugin. -->","yoast_head_json":{"title":"Weiterbetrieb von WEA &#8226; SKI Ingenieurges. mbH","description":"Weiterbetrieb von WEA &#8226; SKI kann Berechnungen inkl. Lastermittlung, Modellaufbau und Bewertung der Ergebnisse durchf\u00fchren.","robots":{"index":"index","follow":"follow","max-snippet":"max-snippet:-1","max-image-preview":"max-image-preview:large","max-video-preview":"max-video-preview:-1"},"canonical":"https:\/\/ski-consult.de\/en\/taetigkeitsbreiche\/onshore-windenergieanlagen\/weiterbetrieb-von-wea\/","og_locale":"en_GB","og_type":"article","og_title":"Weiterbetrieb von WEA &#8226; SKI Ingenieurges. mbH","og_description":"Weiterbetrieb von WEA &#8226; SKI kann Berechnungen inkl. Lastermittlung, Modellaufbau und Bewertung der Ergebnisse durchf\u00fchren.","og_url":"https:\/\/ski-consult.de\/en\/taetigkeitsbreiche\/onshore-windenergieanlagen\/weiterbetrieb-von-wea\/","og_site_name":"SKI Ingenieurges. mbH","article_modified_time":"2023-11-16T14:15:09+00:00","og_image":[{"url":"https:\/\/ski-consult.de\/wp-content\/uploads\/2020\/07\/csm_Weiterbetrieb_7e8115ee82.jpg","type":"","width":"","height":""}],"twitter_card":"summary_large_image","twitter_misc":{"Estimated reading time":"2 minutes"},"schema":{"@context":"https:\/\/schema.org","@graph":[{"@type":"WebPage","@id":"https:\/\/ski-consult.de\/taetigkeitsbreiche\/onshore-windenergieanlagen\/weiterbetrieb-von-wea\/","url":"https:\/\/ski-consult.de\/taetigkeitsbreiche\/onshore-windenergieanlagen\/weiterbetrieb-von-wea\/","name":"Weiterbetrieb von WEA &#8226; SKI Ingenieurges. mbH","isPartOf":{"@id":"https:\/\/ski-consult.de\/#website"},"primaryImageOfPage":{"@id":"https:\/\/ski-consult.de\/taetigkeitsbreiche\/onshore-windenergieanlagen\/weiterbetrieb-von-wea\/#primaryimage"},"image":{"@id":"https:\/\/ski-consult.de\/taetigkeitsbreiche\/onshore-windenergieanlagen\/weiterbetrieb-von-wea\/#primaryimage"},"thumbnailUrl":"https:\/\/ski-consult.de\/wp-content\/uploads\/2020\/07\/csm_Weiterbetrieb_7e8115ee82.jpg","datePublished":"2020-07-29T13:37:47+00:00","dateModified":"2023-11-16T14:15:09+00:00","description":"Weiterbetrieb von WEA &#8226; SKI kann Berechnungen inkl. Lastermittlung, Modellaufbau und Bewertung der Ergebnisse durchf\u00fchren.","breadcrumb":{"@id":"https:\/\/ski-consult.de\/taetigkeitsbreiche\/onshore-windenergieanlagen\/weiterbetrieb-von-wea\/#breadcrumb"},"inLanguage":"en-GB","potentialAction":[{"@type":"ReadAction","target":["https:\/\/ski-consult.de\/taetigkeitsbreiche\/onshore-windenergieanlagen\/weiterbetrieb-von-wea\/"]}]},{"@type":"ImageObject","inLanguage":"en-GB","@id":"https:\/\/ski-consult.de\/taetigkeitsbreiche\/onshore-windenergieanlagen\/weiterbetrieb-von-wea\/#primaryimage","url":"https:\/\/ski-consult.de\/wp-content\/uploads\/2020\/07\/csm_Weiterbetrieb_7e8115ee82.jpg","contentUrl":"https:\/\/ski-consult.de\/wp-content\/uploads\/2020\/07\/csm_Weiterbetrieb_7e8115ee82.jpg"},{"@type":"BreadcrumbList","@id":"https:\/\/ski-consult.de\/taetigkeitsbreiche\/onshore-windenergieanlagen\/weiterbetrieb-von-wea\/#breadcrumb","itemListElement":[{"@type":"ListItem","position":1,"name":"Startseite","item":"https:\/\/ski-consult.de\/"},{"@type":"ListItem","position":2,"name":"T\u00e4tigkeitsbereiche","item":"https:\/\/ski-consult.de\/taetigkeitsbreiche\/"},{"@type":"ListItem","position":3,"name":"Onshore-Windenergie","item":"https:\/\/ski-consult.de\/taetigkeitsbreiche\/onshore-windenergieanlagen\/"},{"@type":"ListItem","position":4,"name":"Weiterbetrieb von WEA"}]},{"@type":"WebSite","@id":"https:\/\/ski-consult.de\/#website","url":"https:\/\/ski-consult.de\/","name":"SKI Ingenieurges. mbH","description":"Bauwesen und innovative Entwicklungsarbeiten","publisher":{"@id":"https:\/\/ski-consult.de\/#organization"},"potentialAction":[{"@type":"SearchAction","target":{"@type":"EntryPoint","urlTemplate":"https:\/\/ski-consult.de\/?s={search_term_string}"},"query-input":{"@type":"PropertyValueSpecification","valueRequired":true,"valueName":"search_term_string"}}],"inLanguage":"en-GB"},{"@type":"Organization","@id":"https:\/\/ski-consult.de\/#organization","name":"SKI Ingenieurges. mbh","url":"https:\/\/ski-consult.de\/","logo":{"@type":"ImageObject","inLanguage":"en-GB","@id":"https:\/\/ski-consult.de\/#\/schema\/logo\/image\/","url":"https:\/\/ski-consult.de\/wp-content\/uploads\/2020\/07\/SKI_Logo_1026px_72dpi_rgb.png","contentUrl":"https:\/\/ski-consult.de\/wp-content\/uploads\/2020\/07\/SKI_Logo_1026px_72dpi_rgb.png","width":1026,"height":373,"caption":"SKI Ingenieurges. mbh"},"image":{"@id":"https:\/\/ski-consult.de\/#\/schema\/logo\/image\/"}}]}},"_links":{"self":[{"href":"https:\/\/ski-consult.de\/en\/wp-json\/wp\/v2\/pages\/5977","targetHints":{"allow":["GET"]}}],"collection":[{"href":"https:\/\/ski-consult.de\/en\/wp-json\/wp\/v2\/pages"}],"about":[{"href":"https:\/\/ski-consult.de\/en\/wp-json\/wp\/v2\/types\/page"}],"author":[{"embeddable":true,"href":"https:\/\/ski-consult.de\/en\/wp-json\/wp\/v2\/users\/4"}],"replies":[{"embeddable":true,"href":"https:\/\/ski-consult.de\/en\/wp-json\/wp\/v2\/comments?post=5977"}],"version-history":[{"count":0,"href":"https:\/\/ski-consult.de\/en\/wp-json\/wp\/v2\/pages\/5977\/revisions"}],"up":[{"embeddable":true,"href":"https:\/\/ski-consult.de\/en\/wp-json\/wp\/v2\/pages\/6049"}],"wp:attachment":[{"href":"https:\/\/ski-consult.de\/en\/wp-json\/wp\/v2\/media?parent=5977"}],"curies":[{"name":"wp","href":"https:\/\/api.w.org\/{rel}","templated":true}]}}