{"id":6020,"date":"2020-07-30T16:13:46","date_gmt":"2020-07-30T14:13:46","guid":{"rendered":"http:\/\/neu.ski-consult.de\/?page_id=6020"},"modified":"2023-12-29T09:48:05","modified_gmt":"2023-12-29T08:48:05","slug":"transition-piece","status":"publish","type":"page","link":"https:\/\/ski-consult.de\/en\/taetigkeitsbreiche\/strukturanalysen\/verbindungstechnik\/transition-piece\/","title":{"rendered":"Transition Piece"},"content":{"rendered":"<div data-elementor-type=\"wp-page\" data-elementor-id=\"6020\" class=\"elementor elementor-6020\">\n\t\t\t\t\t\t<section class=\"elementor-section elementor-top-section elementor-element elementor-element-2ae1a84 elementor-section-boxed elementor-section-height-default elementor-section-height-default\" data-id=\"2ae1a84\" data-element_type=\"section\" data-e-type=\"section\">\n\t\t\t\t\t\t<div class=\"elementor-container elementor-column-gap-default\">\n\t\t\t\t\t<div class=\"elementor-column elementor-col-100 elementor-top-column elementor-element elementor-element-77786c4\" data-id=\"77786c4\" data-element_type=\"column\" data-e-type=\"column\">\n\t\t\t<div class=\"elementor-widget-wrap elementor-element-populated\">\n\t\t\t\t\t\t<div class=\"elementor-element elementor-element-d2ca919 elementor-widget elementor-widget-heading\" data-id=\"d2ca919\" data-element_type=\"widget\" data-e-type=\"widget\" data-widget_type=\"heading.default\">\n\t\t\t\t<div class=\"elementor-widget-container\">\n\t\t\t\t\t<h2 class=\"elementor-heading-title elementor-size-default\">Transition Piece\n<\/h2>\t\t\t\t<\/div>\n\t\t\t\t<\/div>\n\t\t\t\t<div class=\"elementor-element elementor-element-f5dd3e9 elementor-widget elementor-widget-text-editor\" data-id=\"f5dd3e9\" data-element_type=\"widget\" data-e-type=\"widget\" data-widget_type=\"text-editor.default\">\n\t\t\t\t<div class=\"elementor-widget-container\">\n\t\t\t\t\t\t\t\t\t<p>The transition piece acts as a transition piece between a driven pile (monopile) and the tower of an offshore wind turbine. The installation process involves the transition piece being slipped over the monopile with a certain overlap length.\u00a0<span style=\"letter-spacing: 0px;\">The annular gap between the two pipes is then filled or grouted with a grouting mortar.<\/span><\/p><p>The grouted annular gap has two main functions:<\/p><ol><li>the transfer of the charges related to the permanent and variable actions,<\/li><li>and for compensation of imperfections due to the driving procedure.<\/li><\/ol><p>In the formation of the transition piece, two variants have prevailed:<\/p><ol><li>Cylindrical steel pipes with thrust ribs and<\/li><li>Conical steel pipes without shear ribs.<\/li><\/ol>\t\t\t\t\t\t\t\t<\/div>\n\t\t\t\t<\/div>\n\t\t\t\t<section class=\"elementor-section elementor-inner-section elementor-element elementor-element-153b40b elementor-section-boxed elementor-section-height-default elementor-section-height-default\" data-id=\"153b40b\" data-element_type=\"section\" data-e-type=\"section\">\n\t\t\t\t\t\t<div class=\"elementor-container elementor-column-gap-default\">\n\t\t\t\t\t<div class=\"elementor-column elementor-col-25 elementor-inner-column elementor-element elementor-element-48a9cf5\" data-id=\"48a9cf5\" data-element_type=\"column\" data-e-type=\"column\">\n\t\t\t<div class=\"elementor-widget-wrap elementor-element-populated\">\n\t\t\t\t\t\t<div class=\"elementor-element elementor-element-cd40d42 elementor-widget elementor-widget-image\" data-id=\"cd40d42\" data-element_type=\"widget\" data-e-type=\"widget\" data-widget_type=\"image.default\">\n\t\t\t\t<div class=\"elementor-widget-container\">\n\t\t\t\t\t\t\t\t\t\t\t\t\t\t\t<img decoding=\"async\" src=\"https:\/\/ski-consult.de\/wp-content\/uploads\/elementor\/thumbs\/csm_TransitionPiece_03_e9fb7f82e1-oty2gqiz2e1hbnuuyv4n1ptpx9vyrnafswcpv6yubk.jpg\" title=\"Transition piece\" alt=\"Transition piece\" loading=\"lazy\" \/>\t\t\t\t\t\t\t\t\t\t\t\t\t\t\t<\/div>\n\t\t\t\t<\/div>\n\t\t\t\t\t<\/div>\n\t\t<\/div>\n\t\t\t\t<div class=\"elementor-column elementor-col-25 elementor-inner-column elementor-element elementor-element-196edd8\" data-id=\"196edd8\" data-element_type=\"column\" data-e-type=\"column\">\n\t\t\t<div class=\"elementor-widget-wrap elementor-element-populated\">\n\t\t\t\t\t\t<div class=\"elementor-element elementor-element-36ac6c0 elementor-widget elementor-widget-image\" data-id=\"36ac6c0\" data-element_type=\"widget\" data-e-type=\"widget\" data-widget_type=\"image.default\">\n\t\t\t\t<div class=\"elementor-widget-container\">\n\t\t\t\t\t\t\t\t\t\t\t\t\t\t\t<img decoding=\"async\" src=\"https:\/\/ski-consult.de\/wp-content\/uploads\/elementor\/thumbs\/csm_TransitionPiece_04_80e4cbf179-ot8evp0dyqlxc3y20s765zwjym6n1mwb5f3swtnjls.jpg\" title=\"Transition piece 2\" alt=\"Transition piece\" loading=\"lazy\" \/>\t\t\t\t\t\t\t\t\t\t\t\t\t\t\t<\/div>\n\t\t\t\t<\/div>\n\t\t\t\t\t<\/div>\n\t\t<\/div>\n\t\t\t\t<div class=\"elementor-column elementor-col-25 elementor-inner-column elementor-element elementor-element-0d4fdc6\" data-id=\"0d4fdc6\" data-element_type=\"column\" data-e-type=\"column\">\n\t\t\t<div class=\"elementor-widget-wrap elementor-element-populated\">\n\t\t\t\t\t\t<div class=\"elementor-element elementor-element-7579d76 elementor-widget elementor-widget-image\" data-id=\"7579d76\" data-element_type=\"widget\" data-e-type=\"widget\" data-widget_type=\"image.default\">\n\t\t\t\t<div class=\"elementor-widget-container\">\n\t\t\t\t\t\t\t\t\t\t\t\t\t\t\t<img fetchpriority=\"high\" decoding=\"async\" width=\"540\" height=\"960\" src=\"https:\/\/ski-consult.de\/wp-content\/uploads\/2023\/11\/AN-WEA-Monopile.gif\" class=\"attachment-full size-full wp-image-9353\" alt=\"\" \/>\t\t\t\t\t\t\t\t\t\t\t\t\t\t\t<\/div>\n\t\t\t\t<\/div>\n\t\t\t\t\t<\/div>\n\t\t<\/div>\n\t\t\t\t<div class=\"elementor-column elementor-col-25 elementor-inner-column elementor-element elementor-element-aa31e4e\" data-id=\"aa31e4e\" data-element_type=\"column\" data-e-type=\"column\">\n\t\t\t<div class=\"elementor-widget-wrap elementor-element-populated\">\n\t\t\t\t\t\t<div class=\"elementor-element elementor-element-ad39570 elementor-widget elementor-widget-image\" data-id=\"ad39570\" data-element_type=\"widget\" data-e-type=\"widget\" data-widget_type=\"image.default\">\n\t\t\t\t<div class=\"elementor-widget-container\">\n\t\t\t\t\t\t\t\t\t\t\t\t\t\t\t<img decoding=\"async\" src=\"https:\/\/ski-consult.de\/wp-content\/uploads\/elementor\/thumbs\/OWEA-Monopile-oxse0ush7v3s1iq1f9kwvjhsfpv5y6ewnwla4k9t6o.jpg\" title=\"OWEA &#8211; Monopile\" alt=\"OWEA - Monopile\" loading=\"lazy\" \/>\t\t\t\t\t\t\t\t\t\t\t\t\t\t\t<\/div>\n\t\t\t\t<\/div>\n\t\t\t\t\t<\/div>\n\t\t<\/div>\n\t\t\t\t\t<\/div>\n\t\t<\/section>\n\t\t\t\t<div class=\"elementor-element elementor-element-bf489bc elementor-widget elementor-widget-text-editor\" data-id=\"bf489bc\" data-element_type=\"widget\" data-e-type=\"widget\" data-widget_type=\"text-editor.default\">\n\t\t\t\t<div class=\"elementor-widget-container\">\n\t\t\t\t\t\t\t\t\t<div><div><div id=\"c881\"><div><div><p>Until 2007, cylindrical grouted connections without shear ribs were used. However, their load-bearing and fatigue strength proved to be insufficient under dynamic loads. Slippage occurred between the transition piece and the monopile, which is known as the shake-down effect. As a result, intensive research work was carried out and new regulations were introduced in the offshore guidelines.<\/p><p>Current designs with transition pieces are planned either as cylindrical steel tubes with shear ribs or as conical steel tubes without shear ribs. Thanks to the use of large rolling mills and thick plates, transition pieces with a diameter of more than 7,000 mm can now be produced. These are then used for the so-called XL monopiles.<\/p><\/div><\/div><\/div><\/div><\/div>\t\t\t\t\t\t\t\t<\/div>\n\t\t\t\t<\/div>\n\t\t\t\t\t<\/div>\n\t\t<\/div>\n\t\t\t\t\t<\/div>\n\t\t<\/section>\n\t\t\t\t<section class=\"elementor-section elementor-top-section elementor-element elementor-element-1855e35 elementor-section-boxed elementor-section-height-default elementor-section-height-default\" data-id=\"1855e35\" data-element_type=\"section\" data-e-type=\"section\">\n\t\t\t\t\t\t<div class=\"elementor-container elementor-column-gap-default\">\n\t\t\t\t\t\t<\/div>\n\t\t<\/section>\n\t\t\t\t<section class=\"elementor-section elementor-top-section elementor-element elementor-element-304ed67 elementor-section-boxed elementor-section-height-default elementor-section-height-default\" data-id=\"304ed67\" data-element_type=\"section\" data-e-type=\"section\">\n\t\t\t\t\t\t<div class=\"elementor-container elementor-column-gap-default\">\n\t\t\t\t\t<div class=\"elementor-column elementor-col-100 elementor-top-column elementor-element elementor-element-932f228\" data-id=\"932f228\" data-element_type=\"column\" data-e-type=\"column\">\n\t\t\t<div class=\"elementor-widget-wrap elementor-element-populated\">\n\t\t\t\t\t\t<div class=\"elementor-element elementor-element-9ad1f51 elementor-widget elementor-widget-heading\" data-id=\"9ad1f51\" data-element_type=\"widget\" data-e-type=\"widget\" data-widget_type=\"heading.default\">\n\t\t\t\t<div class=\"elementor-widget-container\">\n\t\t\t\t\t<h2 class=\"elementor-heading-title elementor-size-default\">Grout-Verbindungen<\/h2>\t\t\t\t<\/div>\n\t\t\t\t<\/div>\n\t\t\t\t<div class=\"elementor-element elementor-element-7b1822b elementor-widget elementor-widget-text-editor\" data-id=\"7b1822b\" data-element_type=\"widget\" data-e-type=\"widget\" data-widget_type=\"text-editor.default\">\n\t\t\t\t<div class=\"elementor-widget-container\">\n\t\t\t\t\t\t\t\t\t<p>Grout connections are frequently used in maritime technology, particularly on oil platforms, overseas bridges and offshore wind power towers. These are overlap joints between two steel pipes of different diameters. The cement-bonded high-performance grouting material is poured into the annular space between two steel pipes.\u00a0<\/p><p>The grout joint transmits internal forces through shear and friction between the pipe wall and the grout body. The prediction methods for the axial load-bearing capacity of grout connections with shear bolts and their application areas in current codes were analysed in a recent study. The study shows that the prediction of the axial strength of grouted joints varies depending on the method used. The UK Health and Safety Executive (HSE, 2002) calculation formula has obvious limitations. In particular, the strength is overestimated in the case of increasing shear connectors, which leads to uncertain design results.\u00a0<\/p><p>The results obtained by\u00a0<a href=\"https:\/\/www.dnv.de\/\" target=\"_blank\" rel=\"noopener\">Det Norske Veritas (DNV, 2013)<\/a>\u00a0generally agree with the experimental results, where the reduction effect of several shear bars was taken into account.\u00a0<span style=\"letter-spacing: 0px;\">The prediction method of the\u00a0<\/span><a href=\"https:\/\/www.api.org\/\" target=\"_blank\" rel=\"noopener\">American Petroleum Institute (API, 2007<\/a><span style=\"letter-spacing: 0px;\">) is overly conservative and underestimates the load-bearing capacity of connections. In contrast, the method of combined\u00a0<\/span><a href=\"https:\/\/www.dnv.com\/\" target=\"_blank\" rel=\"noopener\">Det Norske Veritas-Germanischer Lloyd (DNV-GL, 2016)<\/a><span style=\"letter-spacing: 0px;\">\u00a0safe, reliable and economical and has a wider range of applications.<\/span><\/p>\t\t\t\t\t\t\t\t<\/div>\n\t\t\t\t<\/div>\n\t\t\t\t\t<\/div>\n\t\t<\/div>\n\t\t\t\t\t<\/div>\n\t\t<\/section>\n\t\t\t\t<section class=\"elementor-section elementor-top-section elementor-element elementor-element-58b6483 elementor-section-boxed elementor-section-height-default elementor-section-height-default\" data-id=\"58b6483\" data-element_type=\"section\" data-e-type=\"section\">\n\t\t\t\t\t\t<div class=\"elementor-container elementor-column-gap-default\">\n\t\t\t\t\t<div class=\"elementor-column elementor-col-100 elementor-top-column elementor-element elementor-element-ffaf422\" data-id=\"ffaf422\" data-element_type=\"column\" data-e-type=\"column\">\n\t\t\t<div class=\"elementor-widget-wrap elementor-element-populated\">\n\t\t\t\t\t\t<div class=\"elementor-element elementor-element-80e4a17 elementor-widget elementor-widget-heading\" data-id=\"80e4a17\" data-element_type=\"widget\" data-e-type=\"widget\" data-widget_type=\"heading.default\">\n\t\t\t\t<div class=\"elementor-widget-container\">\n\t\t\t\t\t<h2 class=\"elementor-heading-title elementor-size-default\">Our services<\/h2>\t\t\t\t<\/div>\n\t\t\t\t<\/div>\n\t\t\t\t<div class=\"elementor-element elementor-element-6b9a634 elementor-widget elementor-widget-text-editor\" data-id=\"6b9a634\" data-element_type=\"widget\" data-e-type=\"widget\" data-widget_type=\"text-editor.default\">\n\t\t\t\t<div class=\"elementor-widget-container\">\n\t\t\t\t\t\t\t\t\t<div><div><div><div><div><p>Seitens der <strong><a href=\"https:\/\/ski-consult.de\/en\/\">SKI engineering company<\/a><\/strong> the following services can be provided:<\/p><div><ul><li>Load simulations in the <a href=\"https:\/\/ski-consult.de\/en\/taetigkeitsbreiche\/strukturanalysen\/\">ultimate limit state<\/a><\/li><li class=\"translation-block\">Calculations of <a href=\"https:\/\/ski-consult.de\/en\/taetigkeitsbreiche\/strukturanalysen\/ermuedung\/\" target=\"_self\">fatigue loads in the time and frequency domain<\/a><\/li><li>Evidence for\u00a0<a class=\"internal-link\" title=\"damage accumulation hypothesis\" href=\"https:\/\/ski-consult.de\/en\/schweissverbindungen\/\">welded connections<\/a> and <a href=\"https:\/\/ski-consult.de\/en\/taetigkeitsbreiche\/strukturanalysen\/verbindungstechnik\/schraubenverbindungen\/\">bolted connections<\/a><\/li><li>Calculation of\u00a0<a class=\"internal-link\" title=\"damage accumulation hypothesis\" href=\"https:\/\/ski-consult.de\/en\/ringflanschverbindungen\/\">ring flange connections<\/a><\/li><li>Ber\u00fccksichtigung von Wellenlasten\u00a0bei <a href=\"https:\/\/ski-consult.de\/en\/taetigkeitsbreiche\/offshore-windenergieanlagen\/monopile\/\">Offshore-T\u00fcrmen<\/a><\/li><li>Design of\u00a0<a class=\"internal-link\" title=\"damage accumulation hypothesis\" href=\"https:\/\/ski-consult.de\/en\/grouted-joints\/\">grouted Joints<\/a> and pile-sleeve connections<\/li><li>Local <a href=\"https:\/\/ski-consult.de\/en\/taetigkeitsbreiche\/strukturanalysen\/\">stress<\/a> and\u00a0<a href=\"https:\/\/ski-consult.de\/en\/taetigkeitsbreiche\/strukturanalysen\/ermuedung\/\">fatigue calculations<\/a> for grout and steel<\/li><\/ul><\/div><\/div><\/div><\/div><\/div><\/div>\t\t\t\t\t\t\t\t<\/div>\n\t\t\t\t<\/div>\n\t\t\t\t\t<\/div>\n\t\t<\/div>\n\t\t\t\t\t<\/div>\n\t\t<\/section>\n\t\t\t\t<\/div>","protected":false},"excerpt":{"rendered":"<p>Transition Piece Das Transition Piece fungiert als \u00dcbergangsst\u00fcck zwischen einem Rammpfahl (Monopile) und dem Turm einer Offshore-Windenergieanlage. Der Montageablauf sieht vor, dass das Transition Piece mit einer bestimmten \u00dcberlappungsl\u00e4nge \u00fcber den Monopile gest\u00fclpt wird.\u00a0Der Ringspalt, der zwischen den beiden Rohren entsteht, wird anschlie\u00dfend mit einem Vergussm\u00f6rtel verf\u00fcllt oder vergroutet. Der vergroutete Ringspalt hat im Wesentlichen&#8230;<\/p>","protected":false},"author":4,"featured_media":0,"parent":6152,"menu_order":0,"comment_status":"closed","ping_status":"closed","template":"","meta":{"_acf_changed":false,"footnotes":""},"class_list":["post-6020","page","type-page","status-publish","hentry","no-post-thumbnail"],"acf":[],"yoast_head":"<!-- This site is optimized with the Yoast SEO plugin v27.5 - https:\/\/yoast.com\/product\/yoast-seo-wordpress\/ -->\n<title>Transition Piece &#8226; SKI Ingenieurges. mbH<\/title>\n<meta name=\"description\" content=\"Transition Piece &#8226; SKI kann Berechnungen inkl. Lastermittlung, Modellaufbau und Bewertung der Ergebnisse durchf\u00fchren.\" \/>\n<meta name=\"robots\" content=\"index, follow, max-snippet:-1, max-image-preview:large, max-video-preview:-1\" \/>\n<link rel=\"canonical\" href=\"https:\/\/ski-consult.de\/en\/taetigkeitsbreiche\/strukturanalysen\/verbindungstechnik\/transition-piece\/\" \/>\n<meta property=\"og:locale\" content=\"en_GB\" \/>\n<meta property=\"og:type\" content=\"article\" \/>\n<meta property=\"og:title\" content=\"Transition Piece &#8226; SKI Ingenieurges. mbH\" \/>\n<meta property=\"og:description\" content=\"Transition Piece &#8226; SKI kann Berechnungen inkl. Lastermittlung, Modellaufbau und Bewertung der Ergebnisse durchf\u00fchren.\" \/>\n<meta property=\"og:url\" content=\"https:\/\/ski-consult.de\/en\/taetigkeitsbreiche\/strukturanalysen\/verbindungstechnik\/transition-piece\/\" \/>\n<meta property=\"og:site_name\" content=\"SKI Ingenieurges. mbH\" \/>\n<meta property=\"article:modified_time\" content=\"2023-12-29T08:48:05+00:00\" \/>\n<meta property=\"og:image\" content=\"https:\/\/ski-consult.de\/wp-content\/uploads\/elementor\/thumbs\/csm_TransitionPiece_03_e9fb7f82e1-oty2gqiz2e1hbnuuyv4n1ptpx9vyrnafswcpv6yubk.jpg\" \/>\n<meta name=\"twitter:card\" content=\"summary_large_image\" \/>\n<meta name=\"twitter:label1\" content=\"Estimated reading time\" \/>\n\t<meta name=\"twitter:data1\" content=\"4 minutes\" \/>\n<script type=\"application\/ld+json\" class=\"yoast-schema-graph\">{\"@context\":\"https:\\\/\\\/schema.org\",\"@graph\":[{\"@type\":\"WebPage\",\"@id\":\"https:\\\/\\\/ski-consult.de\\\/taetigkeitsbreiche\\\/strukturanalysen\\\/verbindungstechnik\\\/transition-piece\\\/\",\"url\":\"https:\\\/\\\/ski-consult.de\\\/taetigkeitsbreiche\\\/strukturanalysen\\\/verbindungstechnik\\\/transition-piece\\\/\",\"name\":\"Transition Piece &#8226; SKI Ingenieurges. mbH\",\"isPartOf\":{\"@id\":\"https:\\\/\\\/ski-consult.de\\\/#website\"},\"primaryImageOfPage\":{\"@id\":\"https:\\\/\\\/ski-consult.de\\\/taetigkeitsbreiche\\\/strukturanalysen\\\/verbindungstechnik\\\/transition-piece\\\/#primaryimage\"},\"image\":{\"@id\":\"https:\\\/\\\/ski-consult.de\\\/taetigkeitsbreiche\\\/strukturanalysen\\\/verbindungstechnik\\\/transition-piece\\\/#primaryimage\"},\"thumbnailUrl\":\"https:\\\/\\\/ski-consult.de\\\/wp-content\\\/uploads\\\/elementor\\\/thumbs\\\/csm_TransitionPiece_03_e9fb7f82e1-oty2gqiz2e1hbnuuyv4n1ptpx9vyrnafswcpv6yubk.jpg\",\"datePublished\":\"2020-07-30T14:13:46+00:00\",\"dateModified\":\"2023-12-29T08:48:05+00:00\",\"description\":\"Transition Piece &#8226; SKI kann Berechnungen inkl. Lastermittlung, Modellaufbau und Bewertung der Ergebnisse durchf\u00fchren.\",\"breadcrumb\":{\"@id\":\"https:\\\/\\\/ski-consult.de\\\/taetigkeitsbreiche\\\/strukturanalysen\\\/verbindungstechnik\\\/transition-piece\\\/#breadcrumb\"},\"inLanguage\":\"en-GB\",\"potentialAction\":[{\"@type\":\"ReadAction\",\"target\":[\"https:\\\/\\\/ski-consult.de\\\/taetigkeitsbreiche\\\/strukturanalysen\\\/verbindungstechnik\\\/transition-piece\\\/\"]}]},{\"@type\":\"ImageObject\",\"inLanguage\":\"en-GB\",\"@id\":\"https:\\\/\\\/ski-consult.de\\\/taetigkeitsbreiche\\\/strukturanalysen\\\/verbindungstechnik\\\/transition-piece\\\/#primaryimage\",\"url\":\"https:\\\/\\\/ski-consult.de\\\/wp-content\\\/uploads\\\/elementor\\\/thumbs\\\/csm_TransitionPiece_03_e9fb7f82e1-oty2gqiz2e1hbnuuyv4n1ptpx9vyrnafswcpv6yubk.jpg\",\"contentUrl\":\"https:\\\/\\\/ski-consult.de\\\/wp-content\\\/uploads\\\/elementor\\\/thumbs\\\/csm_TransitionPiece_03_e9fb7f82e1-oty2gqiz2e1hbnuuyv4n1ptpx9vyrnafswcpv6yubk.jpg\"},{\"@type\":\"BreadcrumbList\",\"@id\":\"https:\\\/\\\/ski-consult.de\\\/taetigkeitsbreiche\\\/strukturanalysen\\\/verbindungstechnik\\\/transition-piece\\\/#breadcrumb\",\"itemListElement\":[{\"@type\":\"ListItem\",\"position\":1,\"name\":\"Startseite\",\"item\":\"https:\\\/\\\/ski-consult.de\\\/\"},{\"@type\":\"ListItem\",\"position\":2,\"name\":\"T\u00e4tigkeitsbereiche\",\"item\":\"https:\\\/\\\/ski-consult.de\\\/taetigkeitsbreiche\\\/\"},{\"@type\":\"ListItem\",\"position\":3,\"name\":\"Strukturanalysen\",\"item\":\"https:\\\/\\\/ski-consult.de\\\/taetigkeitsbreiche\\\/strukturanalysen\\\/\"},{\"@type\":\"ListItem\",\"position\":4,\"name\":\"Verbindungstechnik\",\"item\":\"https:\\\/\\\/ski-consult.de\\\/taetigkeitsbreiche\\\/strukturanalysen\\\/verbindungstechnik\\\/\"},{\"@type\":\"ListItem\",\"position\":5,\"name\":\"Transition Piece\"}]},{\"@type\":\"WebSite\",\"@id\":\"https:\\\/\\\/ski-consult.de\\\/#website\",\"url\":\"https:\\\/\\\/ski-consult.de\\\/\",\"name\":\"SKI Ingenieurges. mbH\",\"description\":\"Bauwesen und innovative Entwicklungsarbeiten\",\"publisher\":{\"@id\":\"https:\\\/\\\/ski-consult.de\\\/#organization\"},\"potentialAction\":[{\"@type\":\"SearchAction\",\"target\":{\"@type\":\"EntryPoint\",\"urlTemplate\":\"https:\\\/\\\/ski-consult.de\\\/?s={search_term_string}\"},\"query-input\":{\"@type\":\"PropertyValueSpecification\",\"valueRequired\":true,\"valueName\":\"search_term_string\"}}],\"inLanguage\":\"en-GB\"},{\"@type\":\"Organization\",\"@id\":\"https:\\\/\\\/ski-consult.de\\\/#organization\",\"name\":\"SKI Ingenieurges. mbh\",\"url\":\"https:\\\/\\\/ski-consult.de\\\/\",\"logo\":{\"@type\":\"ImageObject\",\"inLanguage\":\"en-GB\",\"@id\":\"https:\\\/\\\/ski-consult.de\\\/#\\\/schema\\\/logo\\\/image\\\/\",\"url\":\"https:\\\/\\\/ski-consult.de\\\/wp-content\\\/uploads\\\/2020\\\/07\\\/SKI_Logo_1026px_72dpi_rgb.png\",\"contentUrl\":\"https:\\\/\\\/ski-consult.de\\\/wp-content\\\/uploads\\\/2020\\\/07\\\/SKI_Logo_1026px_72dpi_rgb.png\",\"width\":1026,\"height\":373,\"caption\":\"SKI Ingenieurges. mbh\"},\"image\":{\"@id\":\"https:\\\/\\\/ski-consult.de\\\/#\\\/schema\\\/logo\\\/image\\\/\"}}]}<\/script>\n<!-- \/ Yoast SEO plugin. -->","yoast_head_json":{"title":"Transition Piece &#8226; SKI Ingenieurges. mbH","description":"Transition Piece &#8226; SKI kann Berechnungen inkl. Lastermittlung, Modellaufbau und Bewertung der Ergebnisse durchf\u00fchren.","robots":{"index":"index","follow":"follow","max-snippet":"max-snippet:-1","max-image-preview":"max-image-preview:large","max-video-preview":"max-video-preview:-1"},"canonical":"https:\/\/ski-consult.de\/en\/taetigkeitsbreiche\/strukturanalysen\/verbindungstechnik\/transition-piece\/","og_locale":"en_GB","og_type":"article","og_title":"Transition Piece &#8226; SKI Ingenieurges. mbH","og_description":"Transition Piece &#8226; SKI kann Berechnungen inkl. Lastermittlung, Modellaufbau und Bewertung der Ergebnisse durchf\u00fchren.","og_url":"https:\/\/ski-consult.de\/en\/taetigkeitsbreiche\/strukturanalysen\/verbindungstechnik\/transition-piece\/","og_site_name":"SKI Ingenieurges. mbH","article_modified_time":"2023-12-29T08:48:05+00:00","og_image":[{"url":"https:\/\/ski-consult.de\/wp-content\/uploads\/elementor\/thumbs\/csm_TransitionPiece_03_e9fb7f82e1-oty2gqiz2e1hbnuuyv4n1ptpx9vyrnafswcpv6yubk.jpg","type":"","width":"","height":""}],"twitter_card":"summary_large_image","twitter_misc":{"Estimated reading time":"4 minutes"},"schema":{"@context":"https:\/\/schema.org","@graph":[{"@type":"WebPage","@id":"https:\/\/ski-consult.de\/taetigkeitsbreiche\/strukturanalysen\/verbindungstechnik\/transition-piece\/","url":"https:\/\/ski-consult.de\/taetigkeitsbreiche\/strukturanalysen\/verbindungstechnik\/transition-piece\/","name":"Transition Piece &#8226; SKI Ingenieurges. mbH","isPartOf":{"@id":"https:\/\/ski-consult.de\/#website"},"primaryImageOfPage":{"@id":"https:\/\/ski-consult.de\/taetigkeitsbreiche\/strukturanalysen\/verbindungstechnik\/transition-piece\/#primaryimage"},"image":{"@id":"https:\/\/ski-consult.de\/taetigkeitsbreiche\/strukturanalysen\/verbindungstechnik\/transition-piece\/#primaryimage"},"thumbnailUrl":"https:\/\/ski-consult.de\/wp-content\/uploads\/elementor\/thumbs\/csm_TransitionPiece_03_e9fb7f82e1-oty2gqiz2e1hbnuuyv4n1ptpx9vyrnafswcpv6yubk.jpg","datePublished":"2020-07-30T14:13:46+00:00","dateModified":"2023-12-29T08:48:05+00:00","description":"Transition Piece &#8226; SKI kann Berechnungen inkl. Lastermittlung, Modellaufbau und Bewertung der Ergebnisse durchf\u00fchren.","breadcrumb":{"@id":"https:\/\/ski-consult.de\/taetigkeitsbreiche\/strukturanalysen\/verbindungstechnik\/transition-piece\/#breadcrumb"},"inLanguage":"en-GB","potentialAction":[{"@type":"ReadAction","target":["https:\/\/ski-consult.de\/taetigkeitsbreiche\/strukturanalysen\/verbindungstechnik\/transition-piece\/"]}]},{"@type":"ImageObject","inLanguage":"en-GB","@id":"https:\/\/ski-consult.de\/taetigkeitsbreiche\/strukturanalysen\/verbindungstechnik\/transition-piece\/#primaryimage","url":"https:\/\/ski-consult.de\/wp-content\/uploads\/elementor\/thumbs\/csm_TransitionPiece_03_e9fb7f82e1-oty2gqiz2e1hbnuuyv4n1ptpx9vyrnafswcpv6yubk.jpg","contentUrl":"https:\/\/ski-consult.de\/wp-content\/uploads\/elementor\/thumbs\/csm_TransitionPiece_03_e9fb7f82e1-oty2gqiz2e1hbnuuyv4n1ptpx9vyrnafswcpv6yubk.jpg"},{"@type":"BreadcrumbList","@id":"https:\/\/ski-consult.de\/taetigkeitsbreiche\/strukturanalysen\/verbindungstechnik\/transition-piece\/#breadcrumb","itemListElement":[{"@type":"ListItem","position":1,"name":"Startseite","item":"https:\/\/ski-consult.de\/"},{"@type":"ListItem","position":2,"name":"T\u00e4tigkeitsbereiche","item":"https:\/\/ski-consult.de\/taetigkeitsbreiche\/"},{"@type":"ListItem","position":3,"name":"Strukturanalysen","item":"https:\/\/ski-consult.de\/taetigkeitsbreiche\/strukturanalysen\/"},{"@type":"ListItem","position":4,"name":"Verbindungstechnik","item":"https:\/\/ski-consult.de\/taetigkeitsbreiche\/strukturanalysen\/verbindungstechnik\/"},{"@type":"ListItem","position":5,"name":"Transition Piece"}]},{"@type":"WebSite","@id":"https:\/\/ski-consult.de\/#website","url":"https:\/\/ski-consult.de\/","name":"SKI Ingenieurges. mbH","description":"Bauwesen und innovative Entwicklungsarbeiten","publisher":{"@id":"https:\/\/ski-consult.de\/#organization"},"potentialAction":[{"@type":"SearchAction","target":{"@type":"EntryPoint","urlTemplate":"https:\/\/ski-consult.de\/?s={search_term_string}"},"query-input":{"@type":"PropertyValueSpecification","valueRequired":true,"valueName":"search_term_string"}}],"inLanguage":"en-GB"},{"@type":"Organization","@id":"https:\/\/ski-consult.de\/#organization","name":"SKI Ingenieurges. mbh","url":"https:\/\/ski-consult.de\/","logo":{"@type":"ImageObject","inLanguage":"en-GB","@id":"https:\/\/ski-consult.de\/#\/schema\/logo\/image\/","url":"https:\/\/ski-consult.de\/wp-content\/uploads\/2020\/07\/SKI_Logo_1026px_72dpi_rgb.png","contentUrl":"https:\/\/ski-consult.de\/wp-content\/uploads\/2020\/07\/SKI_Logo_1026px_72dpi_rgb.png","width":1026,"height":373,"caption":"SKI Ingenieurges. mbh"},"image":{"@id":"https:\/\/ski-consult.de\/#\/schema\/logo\/image\/"}}]}},"_links":{"self":[{"href":"https:\/\/ski-consult.de\/en\/wp-json\/wp\/v2\/pages\/6020","targetHints":{"allow":["GET"]}}],"collection":[{"href":"https:\/\/ski-consult.de\/en\/wp-json\/wp\/v2\/pages"}],"about":[{"href":"https:\/\/ski-consult.de\/en\/wp-json\/wp\/v2\/types\/page"}],"author":[{"embeddable":true,"href":"https:\/\/ski-consult.de\/en\/wp-json\/wp\/v2\/users\/4"}],"replies":[{"embeddable":true,"href":"https:\/\/ski-consult.de\/en\/wp-json\/wp\/v2\/comments?post=6020"}],"version-history":[{"count":0,"href":"https:\/\/ski-consult.de\/en\/wp-json\/wp\/v2\/pages\/6020\/revisions"}],"up":[{"embeddable":true,"href":"https:\/\/ski-consult.de\/en\/wp-json\/wp\/v2\/pages\/6152"}],"wp:attachment":[{"href":"https:\/\/ski-consult.de\/en\/wp-json\/wp\/v2\/media?parent=6020"}],"curies":[{"name":"wp","href":"https:\/\/api.w.org\/{rel}","templated":true}]}}