{"id":6083,"date":"2020-07-30T19:43:17","date_gmt":"2020-07-30T17:43:17","guid":{"rendered":"http:\/\/neu.ski-consult.de\/?page_id=6083"},"modified":"2023-11-16T15:15:36","modified_gmt":"2023-11-16T14:15:36","slug":"gittermastturm","status":"publish","type":"page","link":"https:\/\/ski-consult.de\/en\/taetigkeitsbreiche\/onshore-windenergieanlagen\/gittermastturm\/","title":{"rendered":"Lattice mast towers"},"content":{"rendered":"\t\t<div data-elementor-type=\"wp-page\" data-elementor-id=\"6083\" class=\"elementor elementor-6083\">\n\t\t\t\t\t\t<section class=\"elementor-section elementor-top-section elementor-element elementor-element-e404b72 elementor-section-boxed elementor-section-height-default elementor-section-height-default\" data-id=\"e404b72\" data-element_type=\"section\" data-e-type=\"section\">\n\t\t\t\t\t\t<div class=\"elementor-container elementor-column-gap-default\">\n\t\t\t\t\t<div class=\"elementor-column elementor-col-100 elementor-top-column elementor-element elementor-element-62d3d1d\" data-id=\"62d3d1d\" data-element_type=\"column\" data-e-type=\"column\">\n\t\t\t<div class=\"elementor-widget-wrap elementor-element-populated\">\n\t\t\t\t\t\t<div class=\"elementor-element elementor-element-2cbe442 elementor-widget elementor-widget-heading\" data-id=\"2cbe442\" data-element_type=\"widget\" data-e-type=\"widget\" data-widget_type=\"heading.default\">\n\t\t\t\t<div class=\"elementor-widget-container\">\n\t\t\t\t\t<h2 class=\"elementor-heading-title elementor-size-default\">Mit einem Gittermast in windige H\u00f6hen\n<\/h2>\t\t\t\t<\/div>\n\t\t\t\t<\/div>\n\t\t\t\t\t<\/div>\n\t\t<\/div>\n\t\t\t\t\t<\/div>\n\t\t<\/section>\n\t\t\t\t<section class=\"elementor-section elementor-top-section elementor-element elementor-element-128ebad elementor-section-boxed elementor-section-height-default elementor-section-height-default\" data-id=\"128ebad\" data-element_type=\"section\" data-e-type=\"section\">\n\t\t\t\t\t\t<div class=\"elementor-container elementor-column-gap-default\">\n\t\t\t\t\t<div class=\"elementor-column elementor-col-66 elementor-top-column elementor-element elementor-element-a025485\" data-id=\"a025485\" data-element_type=\"column\" data-e-type=\"column\">\n\t\t\t<div class=\"elementor-widget-wrap elementor-element-populated\">\n\t\t\t\t\t\t<div class=\"elementor-element elementor-element-428d72e elementor-widget elementor-widget-text-editor\" data-id=\"428d72e\" data-element_type=\"widget\" data-e-type=\"widget\" data-widget_type=\"text-editor.default\">\n\t\t\t\t<div class=\"elementor-widget-container\">\n\t\t\t\t\t\t\t\t\t<p>Die Bemessung von Gittermasten \u00e4hnelt denen von Fachwerkstrukturen des Hoch- und Freileitungsbaus. Allerdings geh\u00f6ren die Gittermasten f\u00fcr Windenergieanlagen zu dynamisch beanspruchten Tragstrukturen, wof\u00fcr zus\u00e4tzliche Nachweise zu f\u00fchren sind. Oftmals wird dabei anstelle einer gesamtdynamischen Berechnung das vereinfachte Verfahren bevorzugt.<\/p><p>Die&nbsp;SKI Ingenieurgesellschaft&nbsp;bietet daf\u00fcr folgende Leistungen an:<\/p>\n<ul>\n<li><a title=\"\u00d6ffnet internen Link im aktuellen Fenster\" href=\"https:\/\/ski-consult.de\/gittermastturm\/\">Modellierung von 3D-Stabwerken<\/a><\/li>\n<li>Eigenfrequenzanalysen<\/li>\n<li>Strukturberechnungen im Grenzzustand der Tragf\u00e4higkeit<\/li>\n<li><a title=\"\u00d6ffnet internen Link im aktuellen Fenster\" href=\"https:\/\/ski-consult.de\/taetigkeitsbreiche\/strukturanalysen\/ermuedung\/\">Erm\u00fcdungsberechnungen<\/a><\/li>\n<li><a title=\"\u00d6ffnet internen Link im aktuellen Fenster\" href=\"https:\/\/ski-consult.de\/schraubenverbindungen\/\">Auslegung von gleitfesten Schraubenverbindungen<\/a><\/li>\n<li>Detailnachweise f\u00fcr das \u00dcbergangssegment zum Turmkopf<\/li>\n<\/ul>\t\t\t\t\t\t\t\t<\/div>\n\t\t\t\t<\/div>\n\t\t\t\t\t<\/div>\n\t\t<\/div>\n\t\t\t\t<div class=\"elementor-column elementor-col-33 elementor-top-column elementor-element elementor-element-1c4ac75\" data-id=\"1c4ac75\" data-element_type=\"column\" data-e-type=\"column\">\n\t\t\t<div class=\"elementor-widget-wrap elementor-element-populated\">\n\t\t\t\t\t\t<div class=\"elementor-element elementor-element-9e2b72b elementor-widget elementor-widget-image\" data-id=\"9e2b72b\" data-element_type=\"widget\" data-e-type=\"widget\" data-widget_type=\"image.default\">\n\t\t\t\t<div class=\"elementor-widget-container\">\n\t\t\t\t\t\t\t\t\t\t\t\t<figure class=\"wp-caption\">\n\t\t\t\t\t\t\t\t\t\t<img fetchpriority=\"high\" decoding=\"async\" width=\"478\" height=\"600\" src=\"https:\/\/ski-consult.de\/wp-content\/uploads\/2020\/07\/csm_Fachwerkturm_04_be23df2f96.jpg\" class=\"attachment-full size-full wp-image-6085\" alt=\"\" srcset=\"https:\/\/ski-consult.de\/wp-content\/uploads\/2020\/07\/csm_Fachwerkturm_04_be23df2f96.jpg 478w, https:\/\/ski-consult.de\/wp-content\/uploads\/2020\/07\/csm_Fachwerkturm_04_be23df2f96-239x300.jpg 239w\" sizes=\"(max-width: 478px) 100vw, 478px\" \/>\t\t\t\t\t\t\t\t\t\t\t<figcaption class=\"widget-image-caption wp-caption-text\">Gitterturm<\/figcaption>\n\t\t\t\t\t\t\t\t\t\t<\/figure>\n\t\t\t\t\t\t\t\t\t<\/div>\n\t\t\t\t<\/div>\n\t\t\t\t\t<\/div>\n\t\t<\/div>\n\t\t\t\t\t<\/div>\n\t\t<\/section>\n\t\t\t\t<section class=\"elementor-section elementor-top-section elementor-element elementor-element-96746a6 elementor-section-boxed elementor-section-height-default elementor-section-height-default\" data-id=\"96746a6\" data-element_type=\"section\" data-e-type=\"section\">\n\t\t\t\t\t\t<div class=\"elementor-container elementor-column-gap-default\">\n\t\t\t\t\t<div class=\"elementor-column elementor-col-100 elementor-top-column elementor-element elementor-element-8cd6d54\" data-id=\"8cd6d54\" data-element_type=\"column\" data-e-type=\"column\">\n\t\t\t<div class=\"elementor-widget-wrap elementor-element-populated\">\n\t\t\t\t\t\t<div class=\"elementor-element elementor-element-d2ca919 elementor-widget elementor-widget-heading\" data-id=\"d2ca919\" data-element_type=\"widget\" data-e-type=\"widget\" data-widget_type=\"heading.default\">\n\t\t\t\t<div class=\"elementor-widget-container\">\n\t\t\t\t\t<h2 class=\"elementor-heading-title elementor-size-default\">Stabwerk in 3D\n<\/h2>\t\t\t\t<\/div>\n\t\t\t\t<\/div>\n\t\t\t\t\t<\/div>\n\t\t<\/div>\n\t\t\t\t\t<\/div>\n\t\t<\/section>\n\t\t\t\t<section class=\"elementor-section elementor-top-section elementor-element elementor-element-d55d3b5 elementor-section-boxed elementor-section-height-default elementor-section-height-default\" data-id=\"d55d3b5\" data-element_type=\"section\" data-e-type=\"section\">\n\t\t\t\t\t\t<div class=\"elementor-container elementor-column-gap-default\">\n\t\t\t\t\t<div class=\"elementor-column elementor-col-25 elementor-top-column elementor-element elementor-element-49f8b8d\" data-id=\"49f8b8d\" data-element_type=\"column\" data-e-type=\"column\">\n\t\t\t<div class=\"elementor-widget-wrap elementor-element-populated\">\n\t\t\t\t\t\t<div class=\"elementor-element elementor-element-1124db3 elementor-widget elementor-widget-image\" data-id=\"1124db3\" data-element_type=\"widget\" data-e-type=\"widget\" data-widget_type=\"image.default\">\n\t\t\t\t<div class=\"elementor-widget-container\">\n\t\t\t\t\t\t\t\t\t\t\t\t<figure class=\"wp-caption\">\n\t\t\t\t\t\t\t\t\t\t<img decoding=\"async\" src=\"https:\/\/ski-consult.de\/wp-content\/uploads\/elementor\/thumbs\/WEA-Gittermaste-scaled-ovm046rsbvw6i39s82w0r6ztjdxbpsfa468bclbtog.jpg\" title=\"Hybridturm &#8211; Gittermast \/ Stahlrohrsektion\" alt=\"Hybridturm - Gittermast \/ Stahlrohrsektion\" loading=\"lazy\" \/>\t\t\t\t\t\t\t\t\t\t\t<figcaption class=\"widget-image-caption wp-caption-text\">Fachwerkkonstruktion einer Windenergieanlage mit Pfahlgr\u00fcndung<\/figcaption>\n\t\t\t\t\t\t\t\t\t\t<\/figure>\n\t\t\t\t\t\t\t\t\t<\/div>\n\t\t\t\t<\/div>\n\t\t\t\t\t<\/div>\n\t\t<\/div>\n\t\t\t\t<div class=\"elementor-column elementor-col-25 elementor-top-column elementor-element elementor-element-6f72045\" data-id=\"6f72045\" data-element_type=\"column\" data-e-type=\"column\">\n\t\t\t<div class=\"elementor-widget-wrap elementor-element-populated\">\n\t\t\t\t\t\t<div class=\"elementor-element elementor-element-5dfa01d elementor-widget elementor-widget-image\" data-id=\"5dfa01d\" data-element_type=\"widget\" data-e-type=\"widget\" data-widget_type=\"image.default\">\n\t\t\t\t<div class=\"elementor-widget-container\">\n\t\t\t\t\t\t\t\t\t\t\t\t<figure class=\"wp-caption\">\n\t\t\t\t\t\t\t\t\t\t<img decoding=\"async\" src=\"https:\/\/ski-consult.de\/wp-content\/uploads\/elementor\/thumbs\/Gittermast-WEA-2-scaled-owmgcrgvw8ogrzp8g2tym76wnj57ta8d3b5jux998g.jpg\" title=\"WEA &#8211; Gittermast mit Tiefgr\u00fcndung\" alt=\"WEA - Gittermast mit Tiefgr\u00fcndung\" loading=\"lazy\" \/>\t\t\t\t\t\t\t\t\t\t\t<figcaption class=\"widget-image-caption wp-caption-text\">WEA - Gittermast mit Tiefgr\u00fcndung<\/figcaption>\n\t\t\t\t\t\t\t\t\t\t<\/figure>\n\t\t\t\t\t\t\t\t\t<\/div>\n\t\t\t\t<\/div>\n\t\t\t\t\t<\/div>\n\t\t<\/div>\n\t\t\t\t<div class=\"elementor-column elementor-col-25 elementor-top-column elementor-element elementor-element-c72c08b\" data-id=\"c72c08b\" data-element_type=\"column\" data-e-type=\"column\">\n\t\t\t<div class=\"elementor-widget-wrap elementor-element-populated\">\n\t\t\t\t\t\t<div class=\"elementor-element elementor-element-83da68a elementor-widget elementor-widget-image\" data-id=\"83da68a\" data-element_type=\"widget\" data-e-type=\"widget\" data-widget_type=\"image.default\">\n\t\t\t\t<div class=\"elementor-widget-container\">\n\t\t\t\t\t\t\t\t\t\t\t\t<figure class=\"wp-caption\">\n\t\t\t\t\t\t\t\t\t\t<img decoding=\"async\" src=\"https:\/\/ski-consult.de\/wp-content\/uploads\/elementor\/thumbs\/KWEA-1-scaled-ox0k7k3xiyg564x4rf19f3llhjkm90nvqquysr69ds.jpg\" title=\"Kleinwindenergieanlage\" alt=\"Kleinwindenergieanlage\" loading=\"lazy\" \/>\t\t\t\t\t\t\t\t\t\t\t<figcaption class=\"widget-image-caption wp-caption-text\">Kleinwindenergieanlage<\/figcaption>\n\t\t\t\t\t\t\t\t\t\t<\/figure>\n\t\t\t\t\t\t\t\t\t<\/div>\n\t\t\t\t<\/div>\n\t\t\t\t\t<\/div>\n\t\t<\/div>\n\t\t\t\t<div class=\"elementor-column elementor-col-25 elementor-top-column elementor-element elementor-element-be98b8e\" data-id=\"be98b8e\" data-element_type=\"column\" data-e-type=\"column\">\n\t\t\t<div class=\"elementor-widget-wrap elementor-element-populated\">\n\t\t\t\t\t\t<div class=\"elementor-element elementor-element-07ecd41 elementor-widget elementor-widget-image\" data-id=\"07ecd41\" data-element_type=\"widget\" data-e-type=\"widget\" data-widget_type=\"image.default\">\n\t\t\t\t<div class=\"elementor-widget-container\">\n\t\t\t\t\t\t\t\t\t\t\t\t<figure class=\"wp-caption\">\n\t\t\t\t\t\t\t\t\t\t<img decoding=\"async\" src=\"https:\/\/ski-consult.de\/wp-content\/uploads\/elementor\/thumbs\/csm_Stabfachwerk_4a2f7b8bc1-oty2bij93iwpa8s7sojpq53ji22ra2jb0jdfwt8j5s.jpg\" title=\"csm_Stabfachwerk_4a2f7b8bc1\" alt=\"Stabfachwerk des Hauptsystems und Einzelschusses [Schaumann et al. 2007]\" loading=\"lazy\" \/>\t\t\t\t\t\t\t\t\t\t\t<figcaption class=\"widget-image-caption wp-caption-text\">Stabfachwerk des Hauptsystems und Einzelschusses [Schaumann et al. 2007]\n<\/figcaption>\n\t\t\t\t\t\t\t\t\t\t<\/figure>\n\t\t\t\t\t\t\t\t\t<\/div>\n\t\t\t\t<\/div>\n\t\t\t\t\t<\/div>\n\t\t<\/div>\n\t\t\t\t\t<\/div>\n\t\t<\/section>\n\t\t\t\t<section class=\"elementor-section elementor-top-section elementor-element elementor-element-cf64bc7 elementor-section-boxed elementor-section-height-default elementor-section-height-default\" data-id=\"cf64bc7\" data-element_type=\"section\" data-e-type=\"section\">\n\t\t\t\t\t\t<div class=\"elementor-container elementor-column-gap-default\">\n\t\t\t\t\t<div class=\"elementor-column elementor-col-100 elementor-top-column elementor-element elementor-element-9be80d1\" data-id=\"9be80d1\" data-element_type=\"column\" data-e-type=\"column\">\n\t\t\t<div class=\"elementor-widget-wrap elementor-element-populated\">\n\t\t\t\t\t\t<div class=\"elementor-element elementor-element-0892eb0 elementor-widget elementor-widget-heading\" data-id=\"0892eb0\" data-element_type=\"widget\" data-e-type=\"widget\" data-widget_type=\"heading.default\">\n\t\t\t\t<div class=\"elementor-widget-container\">\n\t\t\t\t\t<h2 class=\"elementor-heading-title elementor-size-default\">Leistungen<\/h2>\t\t\t\t<\/div>\n\t\t\t\t<\/div>\n\t\t\t\t<div class=\"elementor-element elementor-element-f63dbbf elementor-widget elementor-widget-text-editor\" data-id=\"f63dbbf\" data-element_type=\"widget\" data-e-type=\"widget\" data-widget_type=\"text-editor.default\">\n\t\t\t\t<div class=\"elementor-widget-container\">\n\t\t\t\t\t\t\t\t\t<div class=\"main-content\"><div class=\"content\"><div id=\"c881\" class=\"csc-default\"><div class=\"csc-textpic-text\"><div class=\"content\"><div id=\"c361\" class=\"csc-default\"><div class=\"csc-textpic-text\"><p class=\"bodytext\">Die SKI Ingenieurges. mbH begleitet diese Onshore-Entwicklungen mit folgenden Leistungen:<\/p><ul><li>Entwurf und Bemessung von Tragstrukturen<\/li><li>Berechnung von Windlasten in Kombination mit anderen Einwirkungen<\/li><li>Spannungs- und Stabilit\u00e4tsnachweise f\u00fcr &#8220;Primary and Secondary Steel&#8221;<\/li><li>Nachweise im Grenzzustand der Erm\u00fcdung<\/li><li>Entwicklungsarbeiten in zusammenhang mit neuartigen Tragstrukturen<\/li><li>Detailnachweise f\u00fcr Schweis- und Schraubkonstruktionen<\/li><li><a class=\"internal-link\" title=\"\u00d6ffnet internen Link im aktuellen Fenster\" href=\"https:\/\/ski-consult.de\/offshore-windenergieanlagen\/\">Konzeptstudien f\u00fcr neuartige Gr\u00fcndungsstrukturen <\/a><\/li><li>Statisch-konstruktive Begleitung\u00a0bei\u00a0Zertifizierungen\u00a0<\/li><\/ul><\/div><\/div><\/div><\/div><\/div><\/div><\/div>\t\t\t\t\t\t\t\t<\/div>\n\t\t\t\t<\/div>\n\t\t\t\t\t<\/div>\n\t\t<\/div>\n\t\t\t\t\t<\/div>\n\t\t<\/section>\n\t\t\t\t<\/div>\n\t\t","protected":false},"excerpt":{"rendered":"<p>Mit einem Gittermast in windige H\u00f6hen Die Bemessung von Gittermasten \u00e4hnelt denen von Fachwerkstrukturen des Hoch- und Freileitungsbaus. Allerdings geh\u00f6ren die Gittermasten f\u00fcr Windenergieanlagen zu dynamisch beanspruchten Tragstrukturen, wof\u00fcr zus\u00e4tzliche Nachweise zu f\u00fchren sind. Oftmals wird dabei anstelle einer gesamtdynamischen Berechnung das vereinfachte Verfahren bevorzugt. Die&nbsp;SKI Ingenieurgesellschaft&nbsp;bietet daf\u00fcr folgende Leistungen an: Modellierung von 3D-Stabwerken Eigenfrequenzanalysen&#8230;<\/p>","protected":false},"author":4,"featured_media":0,"parent":6049,"menu_order":0,"comment_status":"closed","ping_status":"closed","template":"","meta":{"_acf_changed":false,"footnotes":""},"class_list":["post-6083","page","type-page","status-publish","hentry","no-post-thumbnail"],"acf":[],"yoast_head":"<!-- This site is optimized with the Yoast SEO plugin v27.4 - https:\/\/yoast.com\/product\/yoast-seo-wordpress\/ -->\n<title>Gittermastturm &#8226; SKI Ingenieurges. mbH<\/title>\n<meta name=\"description\" content=\"Gittermastturm &#8226; SKI kann Berechnungen inkl. Lastermittlung, Modellaufbau und Bewertung der Ergebnisse durchf\u00fchren.\" \/>\n<meta name=\"robots\" content=\"index, follow, max-snippet:-1, max-image-preview:large, max-video-preview:-1\" \/>\n<link rel=\"canonical\" href=\"https:\/\/ski-consult.de\/en\/taetigkeitsbreiche\/onshore-windenergieanlagen\/gittermastturm\/\" \/>\n<meta property=\"og:locale\" content=\"en_GB\" \/>\n<meta property=\"og:type\" content=\"article\" \/>\n<meta property=\"og:title\" content=\"Gittermastturm &#8226; SKI Ingenieurges. mbH\" \/>\n<meta property=\"og:description\" content=\"Gittermastturm &#8226; SKI kann Berechnungen inkl. Lastermittlung, Modellaufbau und Bewertung der Ergebnisse durchf\u00fchren.\" \/>\n<meta property=\"og:url\" content=\"https:\/\/ski-consult.de\/en\/taetigkeitsbreiche\/onshore-windenergieanlagen\/gittermastturm\/\" \/>\n<meta property=\"og:site_name\" content=\"SKI Ingenieurges. mbH\" \/>\n<meta property=\"article:modified_time\" content=\"2023-11-16T14:15:36+00:00\" \/>\n<meta property=\"og:image\" content=\"https:\/\/ski-consult.de\/wp-content\/uploads\/2020\/07\/csm_Fachwerkturm_04_be23df2f96.jpg\" \/>\n<meta name=\"twitter:card\" content=\"summary_large_image\" \/>\n<meta name=\"twitter:label1\" content=\"Estimated reading time\" \/>\n\t<meta name=\"twitter:data1\" content=\"2 minutes\" \/>\n<script type=\"application\/ld+json\" class=\"yoast-schema-graph\">{\"@context\":\"https:\\\/\\\/schema.org\",\"@graph\":[{\"@type\":\"WebPage\",\"@id\":\"https:\\\/\\\/ski-consult.de\\\/taetigkeitsbreiche\\\/onshore-windenergieanlagen\\\/gittermastturm\\\/\",\"url\":\"https:\\\/\\\/ski-consult.de\\\/taetigkeitsbreiche\\\/onshore-windenergieanlagen\\\/gittermastturm\\\/\",\"name\":\"Gittermastturm &#8226; SKI Ingenieurges. mbH\",\"isPartOf\":{\"@id\":\"https:\\\/\\\/ski-consult.de\\\/#website\"},\"primaryImageOfPage\":{\"@id\":\"https:\\\/\\\/ski-consult.de\\\/taetigkeitsbreiche\\\/onshore-windenergieanlagen\\\/gittermastturm\\\/#primaryimage\"},\"image\":{\"@id\":\"https:\\\/\\\/ski-consult.de\\\/taetigkeitsbreiche\\\/onshore-windenergieanlagen\\\/gittermastturm\\\/#primaryimage\"},\"thumbnailUrl\":\"https:\\\/\\\/ski-consult.de\\\/wp-content\\\/uploads\\\/2020\\\/07\\\/csm_Fachwerkturm_04_be23df2f96.jpg\",\"datePublished\":\"2020-07-30T17:43:17+00:00\",\"dateModified\":\"2023-11-16T14:15:36+00:00\",\"description\":\"Gittermastturm &#8226; SKI kann Berechnungen inkl. Lastermittlung, Modellaufbau und Bewertung der Ergebnisse durchf\u00fchren.\",\"breadcrumb\":{\"@id\":\"https:\\\/\\\/ski-consult.de\\\/taetigkeitsbreiche\\\/onshore-windenergieanlagen\\\/gittermastturm\\\/#breadcrumb\"},\"inLanguage\":\"en-GB\",\"potentialAction\":[{\"@type\":\"ReadAction\",\"target\":[\"https:\\\/\\\/ski-consult.de\\\/taetigkeitsbreiche\\\/onshore-windenergieanlagen\\\/gittermastturm\\\/\"]}]},{\"@type\":\"ImageObject\",\"inLanguage\":\"en-GB\",\"@id\":\"https:\\\/\\\/ski-consult.de\\\/taetigkeitsbreiche\\\/onshore-windenergieanlagen\\\/gittermastturm\\\/#primaryimage\",\"url\":\"https:\\\/\\\/ski-consult.de\\\/wp-content\\\/uploads\\\/2020\\\/07\\\/csm_Fachwerkturm_04_be23df2f96.jpg\",\"contentUrl\":\"https:\\\/\\\/ski-consult.de\\\/wp-content\\\/uploads\\\/2020\\\/07\\\/csm_Fachwerkturm_04_be23df2f96.jpg\"},{\"@type\":\"BreadcrumbList\",\"@id\":\"https:\\\/\\\/ski-consult.de\\\/taetigkeitsbreiche\\\/onshore-windenergieanlagen\\\/gittermastturm\\\/#breadcrumb\",\"itemListElement\":[{\"@type\":\"ListItem\",\"position\":1,\"name\":\"Startseite\",\"item\":\"https:\\\/\\\/ski-consult.de\\\/\"},{\"@type\":\"ListItem\",\"position\":2,\"name\":\"T\u00e4tigkeitsbereiche\",\"item\":\"https:\\\/\\\/ski-consult.de\\\/taetigkeitsbreiche\\\/\"},{\"@type\":\"ListItem\",\"position\":3,\"name\":\"Onshore-Windenergie\",\"item\":\"https:\\\/\\\/ski-consult.de\\\/taetigkeitsbreiche\\\/onshore-windenergieanlagen\\\/\"},{\"@type\":\"ListItem\",\"position\":4,\"name\":\"Gittermastturm\"}]},{\"@type\":\"WebSite\",\"@id\":\"https:\\\/\\\/ski-consult.de\\\/#website\",\"url\":\"https:\\\/\\\/ski-consult.de\\\/\",\"name\":\"SKI Ingenieurges. mbH\",\"description\":\"Bauwesen und innovative Entwicklungsarbeiten\",\"publisher\":{\"@id\":\"https:\\\/\\\/ski-consult.de\\\/#organization\"},\"potentialAction\":[{\"@type\":\"SearchAction\",\"target\":{\"@type\":\"EntryPoint\",\"urlTemplate\":\"https:\\\/\\\/ski-consult.de\\\/?s={search_term_string}\"},\"query-input\":{\"@type\":\"PropertyValueSpecification\",\"valueRequired\":true,\"valueName\":\"search_term_string\"}}],\"inLanguage\":\"en-GB\"},{\"@type\":\"Organization\",\"@id\":\"https:\\\/\\\/ski-consult.de\\\/#organization\",\"name\":\"SKI Ingenieurges. mbh\",\"url\":\"https:\\\/\\\/ski-consult.de\\\/\",\"logo\":{\"@type\":\"ImageObject\",\"inLanguage\":\"en-GB\",\"@id\":\"https:\\\/\\\/ski-consult.de\\\/#\\\/schema\\\/logo\\\/image\\\/\",\"url\":\"https:\\\/\\\/ski-consult.de\\\/wp-content\\\/uploads\\\/2020\\\/07\\\/SKI_Logo_1026px_72dpi_rgb.png\",\"contentUrl\":\"https:\\\/\\\/ski-consult.de\\\/wp-content\\\/uploads\\\/2020\\\/07\\\/SKI_Logo_1026px_72dpi_rgb.png\",\"width\":1026,\"height\":373,\"caption\":\"SKI Ingenieurges. mbh\"},\"image\":{\"@id\":\"https:\\\/\\\/ski-consult.de\\\/#\\\/schema\\\/logo\\\/image\\\/\"}}]}<\/script>\n<!-- \/ Yoast SEO plugin. -->","yoast_head_json":{"title":"Gittermastturm &#8226; SKI Ingenieurges. mbH","description":"Gittermastturm &#8226; SKI kann Berechnungen inkl. Lastermittlung, Modellaufbau und Bewertung der Ergebnisse durchf\u00fchren.","robots":{"index":"index","follow":"follow","max-snippet":"max-snippet:-1","max-image-preview":"max-image-preview:large","max-video-preview":"max-video-preview:-1"},"canonical":"https:\/\/ski-consult.de\/en\/taetigkeitsbreiche\/onshore-windenergieanlagen\/gittermastturm\/","og_locale":"en_GB","og_type":"article","og_title":"Gittermastturm &#8226; SKI Ingenieurges. mbH","og_description":"Gittermastturm &#8226; SKI kann Berechnungen inkl. Lastermittlung, Modellaufbau und Bewertung der Ergebnisse durchf\u00fchren.","og_url":"https:\/\/ski-consult.de\/en\/taetigkeitsbreiche\/onshore-windenergieanlagen\/gittermastturm\/","og_site_name":"SKI Ingenieurges. mbH","article_modified_time":"2023-11-16T14:15:36+00:00","og_image":[{"url":"https:\/\/ski-consult.de\/wp-content\/uploads\/2020\/07\/csm_Fachwerkturm_04_be23df2f96.jpg","type":"","width":"","height":""}],"twitter_card":"summary_large_image","twitter_misc":{"Estimated reading time":"2 minutes"},"schema":{"@context":"https:\/\/schema.org","@graph":[{"@type":"WebPage","@id":"https:\/\/ski-consult.de\/taetigkeitsbreiche\/onshore-windenergieanlagen\/gittermastturm\/","url":"https:\/\/ski-consult.de\/taetigkeitsbreiche\/onshore-windenergieanlagen\/gittermastturm\/","name":"Gittermastturm &#8226; SKI Ingenieurges. mbH","isPartOf":{"@id":"https:\/\/ski-consult.de\/#website"},"primaryImageOfPage":{"@id":"https:\/\/ski-consult.de\/taetigkeitsbreiche\/onshore-windenergieanlagen\/gittermastturm\/#primaryimage"},"image":{"@id":"https:\/\/ski-consult.de\/taetigkeitsbreiche\/onshore-windenergieanlagen\/gittermastturm\/#primaryimage"},"thumbnailUrl":"https:\/\/ski-consult.de\/wp-content\/uploads\/2020\/07\/csm_Fachwerkturm_04_be23df2f96.jpg","datePublished":"2020-07-30T17:43:17+00:00","dateModified":"2023-11-16T14:15:36+00:00","description":"Gittermastturm &#8226; SKI kann Berechnungen inkl. Lastermittlung, Modellaufbau und Bewertung der Ergebnisse durchf\u00fchren.","breadcrumb":{"@id":"https:\/\/ski-consult.de\/taetigkeitsbreiche\/onshore-windenergieanlagen\/gittermastturm\/#breadcrumb"},"inLanguage":"en-GB","potentialAction":[{"@type":"ReadAction","target":["https:\/\/ski-consult.de\/taetigkeitsbreiche\/onshore-windenergieanlagen\/gittermastturm\/"]}]},{"@type":"ImageObject","inLanguage":"en-GB","@id":"https:\/\/ski-consult.de\/taetigkeitsbreiche\/onshore-windenergieanlagen\/gittermastturm\/#primaryimage","url":"https:\/\/ski-consult.de\/wp-content\/uploads\/2020\/07\/csm_Fachwerkturm_04_be23df2f96.jpg","contentUrl":"https:\/\/ski-consult.de\/wp-content\/uploads\/2020\/07\/csm_Fachwerkturm_04_be23df2f96.jpg"},{"@type":"BreadcrumbList","@id":"https:\/\/ski-consult.de\/taetigkeitsbreiche\/onshore-windenergieanlagen\/gittermastturm\/#breadcrumb","itemListElement":[{"@type":"ListItem","position":1,"name":"Startseite","item":"https:\/\/ski-consult.de\/"},{"@type":"ListItem","position":2,"name":"T\u00e4tigkeitsbereiche","item":"https:\/\/ski-consult.de\/taetigkeitsbreiche\/"},{"@type":"ListItem","position":3,"name":"Onshore-Windenergie","item":"https:\/\/ski-consult.de\/taetigkeitsbreiche\/onshore-windenergieanlagen\/"},{"@type":"ListItem","position":4,"name":"Gittermastturm"}]},{"@type":"WebSite","@id":"https:\/\/ski-consult.de\/#website","url":"https:\/\/ski-consult.de\/","name":"SKI Ingenieurges. mbH","description":"Bauwesen und innovative Entwicklungsarbeiten","publisher":{"@id":"https:\/\/ski-consult.de\/#organization"},"potentialAction":[{"@type":"SearchAction","target":{"@type":"EntryPoint","urlTemplate":"https:\/\/ski-consult.de\/?s={search_term_string}"},"query-input":{"@type":"PropertyValueSpecification","valueRequired":true,"valueName":"search_term_string"}}],"inLanguage":"en-GB"},{"@type":"Organization","@id":"https:\/\/ski-consult.de\/#organization","name":"SKI Ingenieurges. mbh","url":"https:\/\/ski-consult.de\/","logo":{"@type":"ImageObject","inLanguage":"en-GB","@id":"https:\/\/ski-consult.de\/#\/schema\/logo\/image\/","url":"https:\/\/ski-consult.de\/wp-content\/uploads\/2020\/07\/SKI_Logo_1026px_72dpi_rgb.png","contentUrl":"https:\/\/ski-consult.de\/wp-content\/uploads\/2020\/07\/SKI_Logo_1026px_72dpi_rgb.png","width":1026,"height":373,"caption":"SKI Ingenieurges. mbh"},"image":{"@id":"https:\/\/ski-consult.de\/#\/schema\/logo\/image\/"}}]}},"_links":{"self":[{"href":"https:\/\/ski-consult.de\/en\/wp-json\/wp\/v2\/pages\/6083","targetHints":{"allow":["GET"]}}],"collection":[{"href":"https:\/\/ski-consult.de\/en\/wp-json\/wp\/v2\/pages"}],"about":[{"href":"https:\/\/ski-consult.de\/en\/wp-json\/wp\/v2\/types\/page"}],"author":[{"embeddable":true,"href":"https:\/\/ski-consult.de\/en\/wp-json\/wp\/v2\/users\/4"}],"replies":[{"embeddable":true,"href":"https:\/\/ski-consult.de\/en\/wp-json\/wp\/v2\/comments?post=6083"}],"version-history":[{"count":0,"href":"https:\/\/ski-consult.de\/en\/wp-json\/wp\/v2\/pages\/6083\/revisions"}],"up":[{"embeddable":true,"href":"https:\/\/ski-consult.de\/en\/wp-json\/wp\/v2\/pages\/6049"}],"wp:attachment":[{"href":"https:\/\/ski-consult.de\/en\/wp-json\/wp\/v2\/media?parent=6083"}],"curies":[{"name":"wp","href":"https:\/\/api.w.org\/{rel}","templated":true}]}}