{"id":6100,"date":"2020-07-31T13:40:20","date_gmt":"2020-07-31T11:40:20","guid":{"rendered":"http:\/\/neu.ski-consult.de\/?page_id=6100"},"modified":"2023-11-16T15:15:21","modified_gmt":"2023-11-16T14:15:21","slug":"rotorblatt","status":"publish","type":"page","link":"https:\/\/ski-consult.de\/en\/taetigkeitsbreiche\/onshore-windenergieanlagen\/rotorblatt\/","title":{"rendered":"Rotor blade"},"content":{"rendered":"<div data-elementor-type=\"wp-page\" data-elementor-id=\"6100\" class=\"elementor elementor-6100\">\n\t\t\t\t\t\t<section class=\"elementor-section elementor-top-section elementor-element elementor-element-eefe788 elementor-section-boxed elementor-section-height-default elementor-section-height-default\" data-id=\"eefe788\" data-element_type=\"section\" data-e-type=\"section\">\n\t\t\t\t\t\t<div class=\"elementor-container elementor-column-gap-default\">\n\t\t\t\t\t<div class=\"elementor-column elementor-col-100 elementor-top-column elementor-element elementor-element-7c9f587\" data-id=\"7c9f587\" data-element_type=\"column\" data-e-type=\"column\">\n\t\t\t<div class=\"elementor-widget-wrap elementor-element-populated\">\n\t\t\t\t\t\t<div class=\"elementor-element elementor-element-2cbe442 elementor-widget elementor-widget-heading\" data-id=\"2cbe442\" data-element_type=\"widget\" data-e-type=\"widget\" data-widget_type=\"heading.default\">\n\t\t\t\t<div class=\"elementor-widget-container\">\n\t\t\t\t\t<h2 class=\"elementor-heading-title elementor-size-default\">Structural analysis of blades\n<\/h2>\t\t\t\t<\/div>\n\t\t\t\t<\/div>\n\t\t\t\t\t<\/div>\n\t\t<\/div>\n\t\t\t\t\t<\/div>\n\t\t<\/section>\n\t\t\t\t<section class=\"elementor-section elementor-top-section elementor-element elementor-element-128ebad elementor-section-boxed elementor-section-height-default elementor-section-height-default\" data-id=\"128ebad\" data-element_type=\"section\" data-e-type=\"section\">\n\t\t\t\t\t\t<div class=\"elementor-container elementor-column-gap-default\">\n\t\t\t\t\t<div class=\"elementor-column elementor-col-66 elementor-top-column elementor-element elementor-element-a025485\" data-id=\"a025485\" data-element_type=\"column\" data-e-type=\"column\">\n\t\t\t<div class=\"elementor-widget-wrap elementor-element-populated\">\n\t\t\t\t\t\t<div class=\"elementor-element elementor-element-428d72e elementor-widget elementor-widget-text-editor\" data-id=\"428d72e\" data-element_type=\"widget\" data-e-type=\"widget\" data-widget_type=\"text-editor.default\">\n\t\t\t\t<div class=\"elementor-widget-container\">\n\t\t\t\t\t\t\t\t\t<p class=\"bodytext\">The rotor blades are next to the tower and the nacelle, a primary component of any wind turbine. They are made of fiberglass and \/ or carbon fiber materials and are hollow inside. They are manufactured to held together in a sandwich construction and in the interior of webs. Thus, they are relatively light but able to withstand the stresses during operation. Meanwhile prototypes are tested with 70 to 80m in length and are used in the multi-MW turbines.\u00a0<\/p>\t\t\t\t\t\t\t\t<\/div>\n\t\t\t\t<\/div>\n\t\t\t\t<div class=\"elementor-element elementor-element-ec323dd elementor-widget elementor-widget-text-editor\" data-id=\"ec323dd\" data-element_type=\"widget\" data-e-type=\"widget\" data-widget_type=\"text-editor.default\">\n\t\t\t\t<div class=\"elementor-widget-container\">\n\t\t\t\t\t\t\t\t\t<div class=\"main-content\">\n<div class=\"content\">\n<div id=\"c881\" class=\"csc-default\">\n<div class=\"csc-textpic-text\">\n<div class=\"csc-textpic-text\">\n<div class=\"content\">\n<div id=\"c403\" class=\"csc-default\">\n<div class=\"csc-textpic-text\">\n<p class=\"bodytext\">In appearance and in profile they resemble airplane wings and propellers of helicopters. Due to their shape, the air flowing above the profile faster along the surface than below. This produces at the top of a vacuum, which ensures that the blade undergoes an upward movement and a rotational movement is carried out, which is used for driving the rotor axis. <br><\/p><\/div><\/div><\/div><div class=\"content\"><div id=\"c402\" class=\"csc-default\"><div class=\"csc-textpic csc-textpic-intext-right\">\n<\/div>\n<\/div>\n<\/div>\n<\/div>\n<\/div>\n<\/div>\n<\/div>\n<\/div>\t\t\t\t\t\t\t\t<\/div>\n\t\t\t\t<\/div>\n\t\t\t\t<div class=\"elementor-element elementor-element-12fc0f6 elementor-widget elementor-widget-text-editor\" data-id=\"12fc0f6\" data-element_type=\"widget\" data-e-type=\"widget\" data-widget_type=\"text-editor.default\">\n\t\t\t\t<div class=\"elementor-widget-container\">\n\t\t\t\t\t\t\t\t\t<p class=\"bodytext\">The pressure is dependent on many different factors. This includes the wind speed, the angle (pitch angle) between the rotor blade and inflowing air, and the form of the sheet. To study the rotor blade forms an airfoil may be read as a negative body in a CFD program, which then air flow is simulated. By evaluating the results of such flow coefficients, the velocity and pressure profiles are generated.<\/p>\t\t\t\t\t\t\t\t<\/div>\n\t\t\t\t<\/div>\n\t\t\t\t\t<\/div>\n\t\t<\/div>\n\t\t\t\t<div class=\"elementor-column elementor-col-33 elementor-top-column elementor-element elementor-element-1c4ac75\" data-id=\"1c4ac75\" data-element_type=\"column\" data-e-type=\"column\">\n\t\t\t<div class=\"elementor-widget-wrap elementor-element-populated\">\n\t\t\t\t\t\t<div class=\"elementor-element elementor-element-9e2b72b elementor-widget elementor-widget-image\" data-id=\"9e2b72b\" data-element_type=\"widget\" data-e-type=\"widget\" data-widget_type=\"image.default\">\n\t\t\t\t<div class=\"elementor-widget-container\">\n\t\t\t\t\t\t\t\t\t\t\t\t<figure class=\"wp-caption\">\n\t\t\t\t\t\t\t\t\t\t<img fetchpriority=\"high\" decoding=\"async\" width=\"800\" height=\"327\" src=\"https:\/\/ski-consult.de\/wp-content\/uploads\/2020\/07\/csm_Rotorblatt_02_7196c9e262.jpg\" class=\"attachment-large size-large wp-image-6102\" alt=\"\" srcset=\"https:\/\/ski-consult.de\/wp-content\/uploads\/2020\/07\/csm_Rotorblatt_02_7196c9e262.jpg 800w, https:\/\/ski-consult.de\/wp-content\/uploads\/2020\/07\/csm_Rotorblatt_02_7196c9e262-300x123.jpg 300w, https:\/\/ski-consult.de\/wp-content\/uploads\/2020\/07\/csm_Rotorblatt_02_7196c9e262-768x314.jpg 768w\" sizes=\"(max-width: 800px) 100vw, 800px\" \/>\t\t\t\t\t\t\t\t\t\t\t<figcaption class=\"widget-image-caption wp-caption-text\">Model of a rotor blade\n<\/figcaption>\n\t\t\t\t\t\t\t\t\t\t<\/figure>\n\t\t\t\t\t\t\t\t\t<\/div>\n\t\t\t\t<\/div>\n\t\t\t\t<div class=\"elementor-element elementor-element-407aa9b elementor-widget elementor-widget-spacer\" data-id=\"407aa9b\" data-element_type=\"widget\" data-e-type=\"widget\" data-widget_type=\"spacer.default\">\n\t\t\t\t<div class=\"elementor-widget-container\">\n\t\t\t\t\t\t\t<div class=\"elementor-spacer\">\n\t\t\t<div class=\"elementor-spacer-inner\"><\/div>\n\t\t<\/div>\n\t\t\t\t\t\t<\/div>\n\t\t\t\t<\/div>\n\t\t\t\t<div class=\"elementor-element elementor-element-9b537be elementor-widget elementor-widget-image\" data-id=\"9b537be\" data-element_type=\"widget\" data-e-type=\"widget\" data-widget_type=\"image.default\">\n\t\t\t\t<div class=\"elementor-widget-container\">\n\t\t\t\t\t\t\t\t\t\t\t\t<figure class=\"wp-caption\">\n\t\t\t\t\t\t\t\t\t\t<img decoding=\"async\" width=\"800\" height=\"444\" src=\"https:\/\/ski-consult.de\/wp-content\/uploads\/2020\/07\/csm_Rotorblatt_01_477f825841.jpg\" class=\"attachment-large size-large wp-image-6103\" alt=\"\" srcset=\"https:\/\/ski-consult.de\/wp-content\/uploads\/2020\/07\/csm_Rotorblatt_01_477f825841.jpg 800w, https:\/\/ski-consult.de\/wp-content\/uploads\/2020\/07\/csm_Rotorblatt_01_477f825841-300x167.jpg 300w, https:\/\/ski-consult.de\/wp-content\/uploads\/2020\/07\/csm_Rotorblatt_01_477f825841-768x426.jpg 768w\" sizes=\"(max-width: 800px) 100vw, 800px\" \/>\t\t\t\t\t\t\t\t\t\t\t<figcaption class=\"widget-image-caption wp-caption-text\">Pressure ratios on a rotor blade profile\n<\/figcaption>\n\t\t\t\t\t\t\t\t\t\t<\/figure>\n\t\t\t\t\t\t\t\t\t<\/div>\n\t\t\t\t<\/div>\n\t\t\t\t\t<\/div>\n\t\t<\/div>\n\t\t\t\t\t<\/div>\n\t\t<\/section>\n\t\t\t\t<section class=\"elementor-section elementor-top-section elementor-element elementor-element-5d55776 elementor-section-boxed elementor-section-height-default elementor-section-height-default\" data-id=\"5d55776\" data-element_type=\"section\" data-e-type=\"section\">\n\t\t\t\t\t\t<div class=\"elementor-container elementor-column-gap-default\">\n\t\t\t\t\t<div class=\"elementor-column elementor-col-100 elementor-top-column elementor-element elementor-element-0b972d4\" data-id=\"0b972d4\" data-element_type=\"column\" data-e-type=\"column\">\n\t\t\t<div class=\"elementor-widget-wrap elementor-element-populated\">\n\t\t\t\t\t\t<div class=\"elementor-element elementor-element-55617ce elementor-widget elementor-widget-heading\" data-id=\"55617ce\" data-element_type=\"widget\" data-e-type=\"widget\" data-widget_type=\"heading.default\">\n\t\t\t\t<div class=\"elementor-widget-container\">\n\t\t\t\t\t<h2 class=\"elementor-heading-title elementor-size-default\">Services<\/h2>\t\t\t\t<\/div>\n\t\t\t\t<\/div>\n\t\t\t\t<div class=\"elementor-element elementor-element-69e4009 elementor-widget elementor-widget-text-editor\" data-id=\"69e4009\" data-element_type=\"widget\" data-e-type=\"widget\" data-widget_type=\"text-editor.default\">\n\t\t\t\t<div class=\"elementor-widget-container\">\n\t\t\t\t\t\t\t\t\t<div><div><div><div><div><div><div><p>The SKI Ingenieurges. mbH dimensioning with the following services:<\/p><ul><li>Assessment of the leaf bolts on bearing capacity and fatigue<\/li><\/ul><\/div><\/div><\/div><\/div><\/div><\/div><\/div>\t\t\t\t\t\t\t\t<\/div>\n\t\t\t\t<\/div>\n\t\t\t\t\t<\/div>\n\t\t<\/div>\n\t\t\t\t\t<\/div>\n\t\t<\/section>\n\t\t\t\t<\/div>","protected":false},"excerpt":{"rendered":"<p>Strukturanalyse von Rotorbl\u00e4ttern Die Rotorbl\u00e4tter sind neben dem Turm und der Gondel ein prim\u00e4rer Bestandteil jeder Windenergieanlage. Sie bestehen aus GFK und\/oder CFK-Materialien und sind im Inneren hohl. Hergestellt werden sie in Sandwichbauweise und im Inneren von Stegen zusammengehalten. So sind sie relativ leicht aber k\u00f6nnen den Belastungen im Betrieb standhalten. Mittlerweile werden Prototypen mit&#8230;<\/p>","protected":false},"author":4,"featured_media":0,"parent":6049,"menu_order":0,"comment_status":"closed","ping_status":"closed","template":"","meta":{"_acf_changed":false,"footnotes":""},"class_list":["post-6100","page","type-page","status-publish","hentry","no-post-thumbnail"],"acf":[],"yoast_head":"<!-- This site is optimized with the Yoast SEO plugin v27.3 - https:\/\/yoast.com\/product\/yoast-seo-wordpress\/ -->\n<title>Rotorblatt &#8226; SKI Ingenieurges. mbH<\/title>\n<meta name=\"description\" content=\"Rotorblatt &#8226; SKI kann Berechnungen inkl. Lastermittlung, Modellaufbau und Bewertung der Ergebnisse durchf\u00fchren.\" \/>\n<meta name=\"robots\" content=\"index, follow, max-snippet:-1, max-image-preview:large, max-video-preview:-1\" \/>\n<link rel=\"canonical\" href=\"https:\/\/ski-consult.de\/en\/taetigkeitsbreiche\/onshore-windenergieanlagen\/rotorblatt\/\" \/>\n<meta property=\"og:locale\" content=\"en_GB\" \/>\n<meta property=\"og:type\" content=\"article\" \/>\n<meta property=\"og:title\" content=\"Rotorblatt &#8226; SKI Ingenieurges. mbH\" \/>\n<meta property=\"og:description\" content=\"Rotorblatt &#8226; SKI kann Berechnungen inkl. Lastermittlung, Modellaufbau und Bewertung der Ergebnisse durchf\u00fchren.\" \/>\n<meta property=\"og:url\" content=\"https:\/\/ski-consult.de\/en\/taetigkeitsbreiche\/onshore-windenergieanlagen\/rotorblatt\/\" \/>\n<meta property=\"og:site_name\" content=\"SKI Ingenieurges. mbH\" \/>\n<meta property=\"article:modified_time\" content=\"2023-11-16T14:15:21+00:00\" \/>\n<meta property=\"og:image\" content=\"https:\/\/ski-consult.de\/wp-content\/uploads\/2020\/07\/csm_Rotorblatt_02_7196c9e262.jpg\" \/>\n<meta name=\"twitter:card\" content=\"summary_large_image\" \/>\n<meta name=\"twitter:label1\" content=\"Estimated reading time\" \/>\n\t<meta name=\"twitter:data1\" content=\"2 minutes\" \/>\n<script type=\"application\/ld+json\" class=\"yoast-schema-graph\">{\"@context\":\"https:\\\/\\\/schema.org\",\"@graph\":[{\"@type\":\"WebPage\",\"@id\":\"https:\\\/\\\/ski-consult.de\\\/taetigkeitsbreiche\\\/onshore-windenergieanlagen\\\/rotorblatt\\\/\",\"url\":\"https:\\\/\\\/ski-consult.de\\\/taetigkeitsbreiche\\\/onshore-windenergieanlagen\\\/rotorblatt\\\/\",\"name\":\"Rotorblatt &#8226; SKI Ingenieurges. mbH\",\"isPartOf\":{\"@id\":\"https:\\\/\\\/ski-consult.de\\\/#website\"},\"primaryImageOfPage\":{\"@id\":\"https:\\\/\\\/ski-consult.de\\\/taetigkeitsbreiche\\\/onshore-windenergieanlagen\\\/rotorblatt\\\/#primaryimage\"},\"image\":{\"@id\":\"https:\\\/\\\/ski-consult.de\\\/taetigkeitsbreiche\\\/onshore-windenergieanlagen\\\/rotorblatt\\\/#primaryimage\"},\"thumbnailUrl\":\"https:\\\/\\\/ski-consult.de\\\/wp-content\\\/uploads\\\/2020\\\/07\\\/csm_Rotorblatt_02_7196c9e262.jpg\",\"datePublished\":\"2020-07-31T11:40:20+00:00\",\"dateModified\":\"2023-11-16T14:15:21+00:00\",\"description\":\"Rotorblatt &#8226; SKI kann Berechnungen inkl. Lastermittlung, Modellaufbau und Bewertung der Ergebnisse durchf\u00fchren.\",\"breadcrumb\":{\"@id\":\"https:\\\/\\\/ski-consult.de\\\/taetigkeitsbreiche\\\/onshore-windenergieanlagen\\\/rotorblatt\\\/#breadcrumb\"},\"inLanguage\":\"en-GB\",\"potentialAction\":[{\"@type\":\"ReadAction\",\"target\":[\"https:\\\/\\\/ski-consult.de\\\/taetigkeitsbreiche\\\/onshore-windenergieanlagen\\\/rotorblatt\\\/\"]}]},{\"@type\":\"ImageObject\",\"inLanguage\":\"en-GB\",\"@id\":\"https:\\\/\\\/ski-consult.de\\\/taetigkeitsbreiche\\\/onshore-windenergieanlagen\\\/rotorblatt\\\/#primaryimage\",\"url\":\"https:\\\/\\\/ski-consult.de\\\/wp-content\\\/uploads\\\/2020\\\/07\\\/csm_Rotorblatt_02_7196c9e262.jpg\",\"contentUrl\":\"https:\\\/\\\/ski-consult.de\\\/wp-content\\\/uploads\\\/2020\\\/07\\\/csm_Rotorblatt_02_7196c9e262.jpg\"},{\"@type\":\"BreadcrumbList\",\"@id\":\"https:\\\/\\\/ski-consult.de\\\/taetigkeitsbreiche\\\/onshore-windenergieanlagen\\\/rotorblatt\\\/#breadcrumb\",\"itemListElement\":[{\"@type\":\"ListItem\",\"position\":1,\"name\":\"Startseite\",\"item\":\"https:\\\/\\\/ski-consult.de\\\/\"},{\"@type\":\"ListItem\",\"position\":2,\"name\":\"T\u00e4tigkeitsbereiche\",\"item\":\"https:\\\/\\\/ski-consult.de\\\/taetigkeitsbreiche\\\/\"},{\"@type\":\"ListItem\",\"position\":3,\"name\":\"Onshore-Windenergie\",\"item\":\"https:\\\/\\\/ski-consult.de\\\/taetigkeitsbreiche\\\/onshore-windenergieanlagen\\\/\"},{\"@type\":\"ListItem\",\"position\":4,\"name\":\"Rotorblatt\"}]},{\"@type\":\"WebSite\",\"@id\":\"https:\\\/\\\/ski-consult.de\\\/#website\",\"url\":\"https:\\\/\\\/ski-consult.de\\\/\",\"name\":\"SKI Ingenieurges. mbH\",\"description\":\"Bauwesen und innovative Entwicklungsarbeiten\",\"publisher\":{\"@id\":\"https:\\\/\\\/ski-consult.de\\\/#organization\"},\"potentialAction\":[{\"@type\":\"SearchAction\",\"target\":{\"@type\":\"EntryPoint\",\"urlTemplate\":\"https:\\\/\\\/ski-consult.de\\\/?s={search_term_string}\"},\"query-input\":{\"@type\":\"PropertyValueSpecification\",\"valueRequired\":true,\"valueName\":\"search_term_string\"}}],\"inLanguage\":\"en-GB\"},{\"@type\":\"Organization\",\"@id\":\"https:\\\/\\\/ski-consult.de\\\/#organization\",\"name\":\"SKI Ingenieurges. mbh\",\"url\":\"https:\\\/\\\/ski-consult.de\\\/\",\"logo\":{\"@type\":\"ImageObject\",\"inLanguage\":\"en-GB\",\"@id\":\"https:\\\/\\\/ski-consult.de\\\/#\\\/schema\\\/logo\\\/image\\\/\",\"url\":\"https:\\\/\\\/ski-consult.de\\\/wp-content\\\/uploads\\\/2020\\\/07\\\/SKI_Logo_1026px_72dpi_rgb.png\",\"contentUrl\":\"https:\\\/\\\/ski-consult.de\\\/wp-content\\\/uploads\\\/2020\\\/07\\\/SKI_Logo_1026px_72dpi_rgb.png\",\"width\":1026,\"height\":373,\"caption\":\"SKI Ingenieurges. mbh\"},\"image\":{\"@id\":\"https:\\\/\\\/ski-consult.de\\\/#\\\/schema\\\/logo\\\/image\\\/\"}}]}<\/script>\n<!-- \/ Yoast SEO plugin. -->","yoast_head_json":{"title":"Rotorblatt &#8226; SKI Ingenieurges. mbH","description":"Rotorblatt &#8226; SKI kann Berechnungen inkl. Lastermittlung, Modellaufbau und Bewertung der Ergebnisse durchf\u00fchren.","robots":{"index":"index","follow":"follow","max-snippet":"max-snippet:-1","max-image-preview":"max-image-preview:large","max-video-preview":"max-video-preview:-1"},"canonical":"https:\/\/ski-consult.de\/en\/taetigkeitsbreiche\/onshore-windenergieanlagen\/rotorblatt\/","og_locale":"en_GB","og_type":"article","og_title":"Rotorblatt &#8226; SKI Ingenieurges. mbH","og_description":"Rotorblatt &#8226; SKI kann Berechnungen inkl. Lastermittlung, Modellaufbau und Bewertung der Ergebnisse durchf\u00fchren.","og_url":"https:\/\/ski-consult.de\/en\/taetigkeitsbreiche\/onshore-windenergieanlagen\/rotorblatt\/","og_site_name":"SKI Ingenieurges. mbH","article_modified_time":"2023-11-16T14:15:21+00:00","og_image":[{"url":"https:\/\/ski-consult.de\/wp-content\/uploads\/2020\/07\/csm_Rotorblatt_02_7196c9e262.jpg","type":"","width":"","height":""}],"twitter_card":"summary_large_image","twitter_misc":{"Estimated reading time":"2 minutes"},"schema":{"@context":"https:\/\/schema.org","@graph":[{"@type":"WebPage","@id":"https:\/\/ski-consult.de\/taetigkeitsbreiche\/onshore-windenergieanlagen\/rotorblatt\/","url":"https:\/\/ski-consult.de\/taetigkeitsbreiche\/onshore-windenergieanlagen\/rotorblatt\/","name":"Rotorblatt &#8226; SKI Ingenieurges. mbH","isPartOf":{"@id":"https:\/\/ski-consult.de\/#website"},"primaryImageOfPage":{"@id":"https:\/\/ski-consult.de\/taetigkeitsbreiche\/onshore-windenergieanlagen\/rotorblatt\/#primaryimage"},"image":{"@id":"https:\/\/ski-consult.de\/taetigkeitsbreiche\/onshore-windenergieanlagen\/rotorblatt\/#primaryimage"},"thumbnailUrl":"https:\/\/ski-consult.de\/wp-content\/uploads\/2020\/07\/csm_Rotorblatt_02_7196c9e262.jpg","datePublished":"2020-07-31T11:40:20+00:00","dateModified":"2023-11-16T14:15:21+00:00","description":"Rotorblatt &#8226; SKI kann Berechnungen inkl. Lastermittlung, Modellaufbau und Bewertung der Ergebnisse durchf\u00fchren.","breadcrumb":{"@id":"https:\/\/ski-consult.de\/taetigkeitsbreiche\/onshore-windenergieanlagen\/rotorblatt\/#breadcrumb"},"inLanguage":"en-GB","potentialAction":[{"@type":"ReadAction","target":["https:\/\/ski-consult.de\/taetigkeitsbreiche\/onshore-windenergieanlagen\/rotorblatt\/"]}]},{"@type":"ImageObject","inLanguage":"en-GB","@id":"https:\/\/ski-consult.de\/taetigkeitsbreiche\/onshore-windenergieanlagen\/rotorblatt\/#primaryimage","url":"https:\/\/ski-consult.de\/wp-content\/uploads\/2020\/07\/csm_Rotorblatt_02_7196c9e262.jpg","contentUrl":"https:\/\/ski-consult.de\/wp-content\/uploads\/2020\/07\/csm_Rotorblatt_02_7196c9e262.jpg"},{"@type":"BreadcrumbList","@id":"https:\/\/ski-consult.de\/taetigkeitsbreiche\/onshore-windenergieanlagen\/rotorblatt\/#breadcrumb","itemListElement":[{"@type":"ListItem","position":1,"name":"Startseite","item":"https:\/\/ski-consult.de\/"},{"@type":"ListItem","position":2,"name":"T\u00e4tigkeitsbereiche","item":"https:\/\/ski-consult.de\/taetigkeitsbreiche\/"},{"@type":"ListItem","position":3,"name":"Onshore-Windenergie","item":"https:\/\/ski-consult.de\/taetigkeitsbreiche\/onshore-windenergieanlagen\/"},{"@type":"ListItem","position":4,"name":"Rotorblatt"}]},{"@type":"WebSite","@id":"https:\/\/ski-consult.de\/#website","url":"https:\/\/ski-consult.de\/","name":"SKI Ingenieurges. mbH","description":"Bauwesen und innovative Entwicklungsarbeiten","publisher":{"@id":"https:\/\/ski-consult.de\/#organization"},"potentialAction":[{"@type":"SearchAction","target":{"@type":"EntryPoint","urlTemplate":"https:\/\/ski-consult.de\/?s={search_term_string}"},"query-input":{"@type":"PropertyValueSpecification","valueRequired":true,"valueName":"search_term_string"}}],"inLanguage":"en-GB"},{"@type":"Organization","@id":"https:\/\/ski-consult.de\/#organization","name":"SKI Ingenieurges. mbh","url":"https:\/\/ski-consult.de\/","logo":{"@type":"ImageObject","inLanguage":"en-GB","@id":"https:\/\/ski-consult.de\/#\/schema\/logo\/image\/","url":"https:\/\/ski-consult.de\/wp-content\/uploads\/2020\/07\/SKI_Logo_1026px_72dpi_rgb.png","contentUrl":"https:\/\/ski-consult.de\/wp-content\/uploads\/2020\/07\/SKI_Logo_1026px_72dpi_rgb.png","width":1026,"height":373,"caption":"SKI Ingenieurges. mbh"},"image":{"@id":"https:\/\/ski-consult.de\/#\/schema\/logo\/image\/"}}]}},"_links":{"self":[{"href":"https:\/\/ski-consult.de\/en\/wp-json\/wp\/v2\/pages\/6100","targetHints":{"allow":["GET"]}}],"collection":[{"href":"https:\/\/ski-consult.de\/en\/wp-json\/wp\/v2\/pages"}],"about":[{"href":"https:\/\/ski-consult.de\/en\/wp-json\/wp\/v2\/types\/page"}],"author":[{"embeddable":true,"href":"https:\/\/ski-consult.de\/en\/wp-json\/wp\/v2\/users\/4"}],"replies":[{"embeddable":true,"href":"https:\/\/ski-consult.de\/en\/wp-json\/wp\/v2\/comments?post=6100"}],"version-history":[{"count":0,"href":"https:\/\/ski-consult.de\/en\/wp-json\/wp\/v2\/pages\/6100\/revisions"}],"up":[{"embeddable":true,"href":"https:\/\/ski-consult.de\/en\/wp-json\/wp\/v2\/pages\/6049"}],"wp:attachment":[{"href":"https:\/\/ski-consult.de\/en\/wp-json\/wp\/v2\/media?parent=6100"}],"curies":[{"name":"wp","href":"https:\/\/api.w.org\/{rel}","templated":true}]}}