{"id":6118,"date":"2020-07-31T13:55:09","date_gmt":"2020-07-31T11:55:09","guid":{"rendered":"http:\/\/neu.ski-consult.de\/?page_id=6118"},"modified":"2023-11-16T15:15:24","modified_gmt":"2023-11-16T14:15:24","slug":"kleinwindenergieanlagen","status":"publish","type":"page","link":"https:\/\/ski-consult.de\/en\/taetigkeitsbreiche\/onshore-windenergieanlagen\/kleinwindenergieanlagen\/","title":{"rendered":"Small wind energy systems"},"content":{"rendered":"<div data-elementor-type=\"wp-page\" data-elementor-id=\"6118\" class=\"elementor elementor-6118\">\n\t\t\t\t\t\t<section class=\"elementor-section elementor-top-section elementor-element elementor-element-248517a elementor-section-boxed elementor-section-height-default elementor-section-height-default\" data-id=\"248517a\" data-element_type=\"section\" data-e-type=\"section\">\n\t\t\t\t\t\t<div class=\"elementor-container elementor-column-gap-default\">\n\t\t\t\t\t<div class=\"elementor-column elementor-col-100 elementor-top-column elementor-element elementor-element-ca6bd31\" data-id=\"ca6bd31\" data-element_type=\"column\" data-e-type=\"column\">\n\t\t\t<div class=\"elementor-widget-wrap elementor-element-populated\">\n\t\t\t\t\t\t<div class=\"elementor-element elementor-element-d2ca919 elementor-widget elementor-widget-heading\" data-id=\"d2ca919\" data-element_type=\"widget\" data-e-type=\"widget\" data-widget_type=\"heading.default\">\n\t\t\t\t<div class=\"elementor-widget-container\">\n\t\t\t\t\t<h2 class=\"elementor-heading-title elementor-size-default\">Wind energy for everyone\n<\/h2>\t\t\t\t<\/div>\n\t\t\t\t<\/div>\n\t\t\t\t\t<\/div>\n\t\t<\/div>\n\t\t\t\t\t<\/div>\n\t\t<\/section>\n\t\t\t\t<section class=\"elementor-section elementor-top-section elementor-element elementor-element-96746a6 elementor-section-boxed elementor-section-height-default elementor-section-height-default\" data-id=\"96746a6\" data-element_type=\"section\" data-e-type=\"section\">\n\t\t\t\t\t\t<div class=\"elementor-container elementor-column-gap-default\">\n\t\t\t\t\t<div class=\"elementor-column elementor-col-100 elementor-top-column elementor-element elementor-element-8cd6d54\" data-id=\"8cd6d54\" data-element_type=\"column\" data-e-type=\"column\">\n\t\t\t<div class=\"elementor-widget-wrap elementor-element-populated\">\n\t\t\t\t\t\t<div class=\"elementor-element elementor-element-bf489bc elementor-widget elementor-widget-text-editor\" data-id=\"bf489bc\" data-element_type=\"widget\" data-e-type=\"widget\" data-widget_type=\"text-editor.default\">\n\t\t\t\t<div class=\"elementor-widget-container\">\n\t\t\t\t\t\t\t\t\t<div>\n<div>\n<div id=\"c881\">\n<div>\n<div>\n<div>\n<div>\n<p>Als&nbsp;<a title=\"damage accumulation hypothesis\" href=\"https:\/\/ski-consult.de\/en\/kleinwindenergieanlagen\/\">Small wind turbines (SWT)<\/a> are wind turbines with a nominal output of up to 500 kW or a wind attack area of up to 200 m\u00b2. They can also be used by private customers to feed the generated electricity into the grid and sell it or to cover their own needs directly.&nbsp;<\/p>\n<p>They are particularly suitable for industrial areas and agricultural regions. A special feature is to place them on already existing farm buildings (see illustration left). In this way, the height and thus greater wind speeds can be exploited and efficiency increased. The wind turbines are mounted on the buildings with substructures in order to better transfer the forces and protect the roof construction.<\/p>\n<p>Farmers often use the large open spaces available to them to build the KWEA. There they can reach a height of up to 40m. The most common supporting structure used in KWEA is the lattice tower (see picture on the right). <br><\/p><\/div><\/div><\/div><\/div><\/div><\/div><\/div>\t\t\t\t\t\t\t\t<\/div>\n\t\t\t\t<\/div>\n\t\t\t\t\t<\/div>\n\t\t<\/div>\n\t\t\t\t\t<\/div>\n\t\t<\/section>\n\t\t\t\t<section class=\"elementor-section elementor-top-section elementor-element elementor-element-8800db2 elementor-section-boxed elementor-section-height-default elementor-section-height-default\" data-id=\"8800db2\" data-element_type=\"section\" data-e-type=\"section\">\n\t\t\t\t\t\t<div class=\"elementor-container elementor-column-gap-default\">\n\t\t\t\t\t<div class=\"elementor-column elementor-col-100 elementor-top-column elementor-element elementor-element-6eb332e\" data-id=\"6eb332e\" data-element_type=\"column\" data-e-type=\"column\">\n\t\t\t<div class=\"elementor-widget-wrap elementor-element-populated\">\n\t\t\t\t\t\t<div class=\"elementor-element elementor-element-72e46f8 elementor-widget elementor-widget-image-gallery\" data-id=\"72e46f8\" data-element_type=\"widget\" data-e-type=\"widget\" data-widget_type=\"image-gallery.default\">\n\t\t\t\t<div class=\"elementor-widget-container\">\n\t\t\t\t\t\t\t<div class=\"elementor-image-gallery\">\n\t\t\t<div id='gallery-1' class='gallery galleryid-6118 gallery-columns-4 gallery-size-medium'><figure class='gallery-item'>\n\t\t\t<div class='gallery-icon portrait'>\n\t\t\t\t<a data-elementor-open-lightbox=\"yes\" data-elementor-lightbox-slideshow=\"72e46f8\" data-elementor-lightbox-title=\"Kleinwindenergieanlage\" data-e-action-hash=\"#elementor-action%3Aaction%3Dlightbox%26settings%3DeyJpZCI6NzM5OCwidXJsIjoiaHR0cHM6XC9cL3NraS1jb25zdWx0LmRlXC93cC1jb250ZW50XC91cGxvYWRzXC8yMDIwXC8xMFwvS1dFQS0xLXNjYWxlZC5qcGciLCJzbGlkZXNob3ciOiI3MmU0NmY4In0%3D\" href='https:\/\/ski-consult.de\/wp-content\/uploads\/2020\/10\/KWEA-1-scaled.jpg'><img decoding=\"async\" width=\"108\" height=\"300\" src=\"https:\/\/ski-consult.de\/wp-content\/uploads\/2020\/10\/KWEA-1-108x300.jpg\" class=\"attachment-medium size-medium\" alt=\"\" aria-describedby=\"gallery-1-7398\" srcset=\"https:\/\/ski-consult.de\/wp-content\/uploads\/2020\/10\/KWEA-1-108x300.jpg 108w, https:\/\/ski-consult.de\/wp-content\/uploads\/2020\/10\/KWEA-1-367x1024.jpg 367w, https:\/\/ski-consult.de\/wp-content\/uploads\/2020\/10\/KWEA-1-768x2142.jpg 768w, https:\/\/ski-consult.de\/wp-content\/uploads\/2020\/10\/KWEA-1-551x1536.jpg 551w, https:\/\/ski-consult.de\/wp-content\/uploads\/2020\/10\/KWEA-1-734x2048.jpg 734w, https:\/\/ski-consult.de\/wp-content\/uploads\/2020\/10\/KWEA-1-4x12.jpg 4w, https:\/\/ski-consult.de\/wp-content\/uploads\/2020\/10\/KWEA-1-scaled.jpg 918w\" sizes=\"(max-width: 108px) 100vw, 108px\" \/><\/a>\n\t\t\t<\/div>\n\t\t\t\t<figcaption class='wp-caption-text gallery-caption' id='gallery-1-7398'>\n\t\t\t\tSmall wind turbine\n\t\t\t\t<\/figcaption><\/figure><figure class='gallery-item'>\n\t\t\t<div class='gallery-icon portrait'>\n\t\t\t\t<a data-elementor-open-lightbox=\"yes\" data-elementor-lightbox-slideshow=\"72e46f8\" data-elementor-lightbox-title=\"Kleinwindenergieanlage mit Fundament\" data-e-action-hash=\"#elementor-action%3Aaction%3Dlightbox%26settings%3DeyJpZCI6NzM5NywidXJsIjoiaHR0cHM6XC9cL3NraS1jb25zdWx0LmRlXC93cC1jb250ZW50XC91cGxvYWRzXC8yMDIwXC8xMFwvS1dFQS0yLTEtc2NhbGVkLmpwZyIsInNsaWRlc2hvdyI6IjcyZTQ2ZjgifQ%3D%3D\" href='https:\/\/ski-consult.de\/wp-content\/uploads\/2020\/10\/KWEA-2-1-scaled.jpg'><img decoding=\"async\" width=\"94\" height=\"300\" src=\"https:\/\/ski-consult.de\/wp-content\/uploads\/2020\/10\/KWEA-2-1-94x300.jpg\" class=\"attachment-medium size-medium\" alt=\"\" aria-describedby=\"gallery-1-7397\" srcset=\"https:\/\/ski-consult.de\/wp-content\/uploads\/2020\/10\/KWEA-2-1-94x300.jpg 94w, https:\/\/ski-consult.de\/wp-content\/uploads\/2020\/10\/KWEA-2-1-768x2463.jpg 768w, https:\/\/ski-consult.de\/wp-content\/uploads\/2020\/10\/KWEA-2-1-479x1536.jpg 479w, https:\/\/ski-consult.de\/wp-content\/uploads\/2020\/10\/KWEA-2-1-639x2048.jpg 639w, https:\/\/ski-consult.de\/wp-content\/uploads\/2020\/10\/KWEA-2-1-4x12.jpg 4w\" sizes=\"(max-width: 94px) 100vw, 94px\" \/><\/a>\n\t\t\t<\/div>\n\t\t\t\t<figcaption class='wp-caption-text gallery-caption' id='gallery-1-7397'>\n\t\t\t\tSmall wind turbine with foundation\n\t\t\t\t<\/figcaption><\/figure><figure class='gallery-item'>\n\t\t\t<div class='gallery-icon portrait'>\n\t\t\t\t<a data-elementor-open-lightbox=\"yes\" data-elementor-lightbox-slideshow=\"72e46f8\" data-elementor-lightbox-title=\"csm_KWEA_mit_Unterkonstruktion_81e510c334\" data-e-action-hash=\"#elementor-action%3Aaction%3Dlightbox%26settings%3DeyJpZCI6NjEyMCwidXJsIjoiaHR0cHM6XC9cL3NraS1jb25zdWx0LmRlXC93cC1jb250ZW50XC91cGxvYWRzXC8yMDIwXC8wN1wvY3NtX0tXRUFfbWl0X1VudGVya29uc3RydWt0aW9uXzgxZTUxMGMzMzQuanBnIiwic2xpZGVzaG93IjoiNzJlNDZmOCJ9\" href='https:\/\/ski-consult.de\/wp-content\/uploads\/2020\/07\/csm_KWEA_mit_Unterkonstruktion_81e510c334.jpg'><img fetchpriority=\"high\" decoding=\"async\" width=\"214\" height=\"300\" src=\"https:\/\/ski-consult.de\/wp-content\/uploads\/2020\/07\/csm_KWEA_mit_Unterkonstruktion_81e510c334-214x300.jpg\" class=\"attachment-medium size-medium\" alt=\"KWEA mit Unterkonstruktion\" aria-describedby=\"gallery-1-6120\" srcset=\"https:\/\/ski-consult.de\/wp-content\/uploads\/2020\/07\/csm_KWEA_mit_Unterkonstruktion_81e510c334-214x300.jpg 214w, https:\/\/ski-consult.de\/wp-content\/uploads\/2020\/07\/csm_KWEA_mit_Unterkonstruktion_81e510c334.jpg 427w\" sizes=\"(max-width: 214px) 100vw, 214px\" \/><\/a>\n\t\t\t<\/div>\n\t\t\t\t<figcaption class='wp-caption-text gallery-caption' id='gallery-1-6120'>\n\t\t\t\tSmall wind turbine with support frame for mounting on a factory building\n\n\t\t\t\t<\/figcaption><\/figure><figure class='gallery-item'>\n\t\t\t<div class='gallery-icon landscape'>\n\t\t\t\t<a data-elementor-open-lightbox=\"yes\" data-elementor-lightbox-slideshow=\"72e46f8\" data-elementor-lightbox-title=\"csm_KWEA_mit_EF_5d46d6228c\" data-e-action-hash=\"#elementor-action%3Aaction%3Dlightbox%26settings%3DeyJpZCI6NjEyMiwidXJsIjoiaHR0cHM6XC9cL3NraS1jb25zdWx0LmRlXC93cC1jb250ZW50XC91cGxvYWRzXC8yMDIwXC8wN1wvY3NtX0tXRUFfbWl0X0VGXzVkNDZkNjIyOGMuanBnIiwic2xpZGVzaG93IjoiNzJlNDZmOCJ9\" href='https:\/\/ski-consult.de\/wp-content\/uploads\/2020\/07\/csm_KWEA_mit_EF_5d46d6228c.jpg'><img loading=\"lazy\" decoding=\"async\" width=\"300\" height=\"288\" src=\"https:\/\/ski-consult.de\/wp-content\/uploads\/2020\/07\/csm_KWEA_mit_EF_5d46d6228c-300x288.jpg\" class=\"attachment-medium size-medium\" alt=\"\" aria-describedby=\"gallery-1-6122\" srcset=\"https:\/\/ski-consult.de\/wp-content\/uploads\/2020\/07\/csm_KWEA_mit_EF_5d46d6228c-300x288.jpg 300w, https:\/\/ski-consult.de\/wp-content\/uploads\/2020\/07\/csm_KWEA_mit_EF_5d46d6228c.jpg 624w\" sizes=\"(max-width: 300px) 100vw, 300px\" \/><\/a>\n\t\t\t<\/div>\n\t\t\t\t<figcaption class='wp-caption-text gallery-caption' id='gallery-1-6122'>\n\t\t\t\tFrequency analysis of a small wind turbine\n\n\t\t\t\t<\/figcaption><\/figure>\n\t\t<\/div>\n\t\t<\/div>\n\t\t\t\t\t\t<\/div>\n\t\t\t\t<\/div>\n\t\t\t\t\t<\/div>\n\t\t<\/div>\n\t\t\t\t\t<\/div>\n\t\t<\/section>\n\t\t\t\t<section class=\"elementor-section elementor-top-section elementor-element elementor-element-1270202 elementor-section-boxed elementor-section-height-default elementor-section-height-default\" data-id=\"1270202\" data-element_type=\"section\" data-e-type=\"section\">\n\t\t\t\t\t\t<div class=\"elementor-container elementor-column-gap-default\">\n\t\t\t\t\t<div class=\"elementor-column elementor-col-100 elementor-top-column elementor-element elementor-element-3357878\" data-id=\"3357878\" data-element_type=\"column\" data-e-type=\"column\">\n\t\t\t<div class=\"elementor-widget-wrap elementor-element-populated\">\n\t\t\t\t\t\t<div class=\"elementor-element elementor-element-e8cd4a0 elementor-widget elementor-widget-heading\" data-id=\"e8cd4a0\" data-element_type=\"widget\" data-e-type=\"widget\" data-widget_type=\"heading.default\">\n\t\t\t\t<div class=\"elementor-widget-container\">\n\t\t\t\t\t<h2 class=\"elementor-heading-title elementor-size-default\">Services<\/h2>\t\t\t\t<\/div>\n\t\t\t\t<\/div>\n\t\t\t\t<div class=\"elementor-element elementor-element-fb489c9 elementor-widget elementor-widget-text-editor\" data-id=\"fb489c9\" data-element_type=\"widget\" data-e-type=\"widget\" data-widget_type=\"text-editor.default\">\n\t\t\t\t<div class=\"elementor-widget-container\">\n\t\t\t\t\t\t\t\t\t<div><div><div><div><div><div><div><p>The design of a small wind energy system is similar to that for large wind turbines. As part of the assessment we can offer the following services:<\/p><ul><li>3D modeling of skeletal structures<\/li><li>Natural frequency analysis<\/li><li>Structure calculations in the ultimate limit state<\/li><li>Dynamic structure analyzes<\/li><li><a title=\"damage accumulation hypothesis\" href=\"https:\/\/ski-consult.de\/en\/statische-strukturanalyse\/\">Static\u00a0<\/a>and\u00a0<a title=\"damage accumulation hypothesis\" href=\"https:\/\/ski-consult.de\/en\/dynamische-strukturanalysen\/\">dynamic structural analysis<\/a><\/li><li>Evidence for\u00a0<a title=\"damage accumulation hypothesis\" href=\"https:\/\/ski-consult.de\/en\/schweissverbindungen\/\">welding<\/a>\u00a0and\u00a0<a title=\"damage accumulation hypothesis\" href=\"https:\/\/ski-consult.de\/en\/schraubenverbindungen\/\">wolted connections<\/a><\/li><li><a title=\"damage accumulation hypothesis\" href=\"https:\/\/ski-consult.de\/en\/taetigkeitsbreiche\/strukturanalysen\/ermuedung\/\">fatigue calculations<\/a><\/li><li>Design and dimensioning of supporting structures<\/li><li>Calculation of wave loads in combination with other effects<\/li><li>Spannungs- und Stabilit\u00e4tsnachweise<\/li><li>Static-constructive assistance in certification\u00a0<\/li><li>Measurement concept for Condition Monitoring System (CMS)<\/li><\/ul><\/div><\/div><\/div><\/div><\/div><\/div><\/div>\t\t\t\t\t\t\t\t<\/div>\n\t\t\t\t<\/div>\n\t\t\t\t\t<\/div>\n\t\t<\/div>\n\t\t\t\t\t<\/div>\n\t\t<\/section>\n\t\t\t\t<\/div>","protected":false},"excerpt":{"rendered":"<p>Windenergie f\u00fcr Jedermann Als&nbsp;Kleinwindenergieanlagen (KWEA) werden Windr\u00e4der mit einer Nennleistung bis 500 kW oder einer Windangriffsfl\u00e4che von bis zu 200 m\u00b2 bezeichnet. Sie k\u00f6nnen auch von Privatkunden eingesetzt werden, um den erzeugten Strom ins Netz einzuspeisen und zu verkaufen oder direkt seinen Eigenbedarf zu decken.&nbsp; Besonders gut eignen sie sich f\u00fcr Industriegebiete und landwirtschaftlich genutzte&#8230;<\/p>","protected":false},"author":4,"featured_media":0,"parent":6049,"menu_order":0,"comment_status":"closed","ping_status":"closed","template":"","meta":{"_acf_changed":false,"footnotes":""},"class_list":["post-6118","page","type-page","status-publish","hentry","no-post-thumbnail"],"acf":[],"yoast_head":"<!-- This site is optimized with the Yoast SEO plugin v27.4 - https:\/\/yoast.com\/product\/yoast-seo-wordpress\/ -->\n<title>Kleinwindenergieanlagen &#8226; SKI Ingenieurges. mbH<\/title>\n<meta name=\"description\" content=\"Kleinwindenergieanlagen &#8226; SKI kann Berechnungen inkl. Lastermittlung, Modellaufbau und Bewertung der Ergebnisse durchf\u00fchren.\" \/>\n<meta name=\"robots\" content=\"index, follow, max-snippet:-1, max-image-preview:large, max-video-preview:-1\" \/>\n<link rel=\"canonical\" href=\"https:\/\/ski-consult.de\/en\/taetigkeitsbreiche\/onshore-windenergieanlagen\/kleinwindenergieanlagen\/\" \/>\n<meta property=\"og:locale\" content=\"en_GB\" \/>\n<meta property=\"og:type\" content=\"article\" \/>\n<meta property=\"og:title\" content=\"Kleinwindenergieanlagen &#8226; SKI Ingenieurges. mbH\" \/>\n<meta property=\"og:description\" content=\"Kleinwindenergieanlagen &#8226; SKI kann Berechnungen inkl. Lastermittlung, Modellaufbau und Bewertung der Ergebnisse durchf\u00fchren.\" \/>\n<meta property=\"og:url\" content=\"https:\/\/ski-consult.de\/en\/taetigkeitsbreiche\/onshore-windenergieanlagen\/kleinwindenergieanlagen\/\" \/>\n<meta property=\"og:site_name\" content=\"SKI Ingenieurges. mbH\" \/>\n<meta property=\"article:modified_time\" content=\"2023-11-16T14:15:24+00:00\" \/>\n<meta property=\"og:image\" content=\"https:\/\/ski-consult.de\/wp-content\/uploads\/2020\/10\/KWEA-1-108x300.jpg\" \/>\n<meta name=\"twitter:card\" content=\"summary_large_image\" \/>\n<meta name=\"twitter:label1\" content=\"Estimated reading time\" \/>\n\t<meta name=\"twitter:data1\" content=\"3 minutes\" \/>\n<script type=\"application\/ld+json\" class=\"yoast-schema-graph\">{\"@context\":\"https:\\\/\\\/schema.org\",\"@graph\":[{\"@type\":\"WebPage\",\"@id\":\"https:\\\/\\\/ski-consult.de\\\/taetigkeitsbreiche\\\/onshore-windenergieanlagen\\\/kleinwindenergieanlagen\\\/\",\"url\":\"https:\\\/\\\/ski-consult.de\\\/taetigkeitsbreiche\\\/onshore-windenergieanlagen\\\/kleinwindenergieanlagen\\\/\",\"name\":\"Kleinwindenergieanlagen &#8226; SKI Ingenieurges. mbH\",\"isPartOf\":{\"@id\":\"https:\\\/\\\/ski-consult.de\\\/#website\"},\"primaryImageOfPage\":{\"@id\":\"https:\\\/\\\/ski-consult.de\\\/taetigkeitsbreiche\\\/onshore-windenergieanlagen\\\/kleinwindenergieanlagen\\\/#primaryimage\"},\"image\":{\"@id\":\"https:\\\/\\\/ski-consult.de\\\/taetigkeitsbreiche\\\/onshore-windenergieanlagen\\\/kleinwindenergieanlagen\\\/#primaryimage\"},\"thumbnailUrl\":\"https:\\\/\\\/ski-consult.de\\\/wp-content\\\/uploads\\\/2020\\\/10\\\/KWEA-1-108x300.jpg\",\"datePublished\":\"2020-07-31T11:55:09+00:00\",\"dateModified\":\"2023-11-16T14:15:24+00:00\",\"description\":\"Kleinwindenergieanlagen &#8226; SKI kann Berechnungen inkl. Lastermittlung, Modellaufbau und Bewertung der Ergebnisse durchf\u00fchren.\",\"breadcrumb\":{\"@id\":\"https:\\\/\\\/ski-consult.de\\\/taetigkeitsbreiche\\\/onshore-windenergieanlagen\\\/kleinwindenergieanlagen\\\/#breadcrumb\"},\"inLanguage\":\"en-GB\",\"potentialAction\":[{\"@type\":\"ReadAction\",\"target\":[\"https:\\\/\\\/ski-consult.de\\\/taetigkeitsbreiche\\\/onshore-windenergieanlagen\\\/kleinwindenergieanlagen\\\/\"]}]},{\"@type\":\"ImageObject\",\"inLanguage\":\"en-GB\",\"@id\":\"https:\\\/\\\/ski-consult.de\\\/taetigkeitsbreiche\\\/onshore-windenergieanlagen\\\/kleinwindenergieanlagen\\\/#primaryimage\",\"url\":\"https:\\\/\\\/ski-consult.de\\\/wp-content\\\/uploads\\\/2020\\\/10\\\/KWEA-1-108x300.jpg\",\"contentUrl\":\"https:\\\/\\\/ski-consult.de\\\/wp-content\\\/uploads\\\/2020\\\/10\\\/KWEA-1-108x300.jpg\"},{\"@type\":\"BreadcrumbList\",\"@id\":\"https:\\\/\\\/ski-consult.de\\\/taetigkeitsbreiche\\\/onshore-windenergieanlagen\\\/kleinwindenergieanlagen\\\/#breadcrumb\",\"itemListElement\":[{\"@type\":\"ListItem\",\"position\":1,\"name\":\"Startseite\",\"item\":\"https:\\\/\\\/ski-consult.de\\\/\"},{\"@type\":\"ListItem\",\"position\":2,\"name\":\"T\u00e4tigkeitsbereiche\",\"item\":\"https:\\\/\\\/ski-consult.de\\\/taetigkeitsbreiche\\\/\"},{\"@type\":\"ListItem\",\"position\":3,\"name\":\"Onshore-Windenergie\",\"item\":\"https:\\\/\\\/ski-consult.de\\\/taetigkeitsbreiche\\\/onshore-windenergieanlagen\\\/\"},{\"@type\":\"ListItem\",\"position\":4,\"name\":\"Kleinwindenergieanlagen\"}]},{\"@type\":\"WebSite\",\"@id\":\"https:\\\/\\\/ski-consult.de\\\/#website\",\"url\":\"https:\\\/\\\/ski-consult.de\\\/\",\"name\":\"SKI Ingenieurges. mbH\",\"description\":\"Bauwesen und innovative Entwicklungsarbeiten\",\"publisher\":{\"@id\":\"https:\\\/\\\/ski-consult.de\\\/#organization\"},\"potentialAction\":[{\"@type\":\"SearchAction\",\"target\":{\"@type\":\"EntryPoint\",\"urlTemplate\":\"https:\\\/\\\/ski-consult.de\\\/?s={search_term_string}\"},\"query-input\":{\"@type\":\"PropertyValueSpecification\",\"valueRequired\":true,\"valueName\":\"search_term_string\"}}],\"inLanguage\":\"en-GB\"},{\"@type\":\"Organization\",\"@id\":\"https:\\\/\\\/ski-consult.de\\\/#organization\",\"name\":\"SKI Ingenieurges. mbh\",\"url\":\"https:\\\/\\\/ski-consult.de\\\/\",\"logo\":{\"@type\":\"ImageObject\",\"inLanguage\":\"en-GB\",\"@id\":\"https:\\\/\\\/ski-consult.de\\\/#\\\/schema\\\/logo\\\/image\\\/\",\"url\":\"https:\\\/\\\/ski-consult.de\\\/wp-content\\\/uploads\\\/2020\\\/07\\\/SKI_Logo_1026px_72dpi_rgb.png\",\"contentUrl\":\"https:\\\/\\\/ski-consult.de\\\/wp-content\\\/uploads\\\/2020\\\/07\\\/SKI_Logo_1026px_72dpi_rgb.png\",\"width\":1026,\"height\":373,\"caption\":\"SKI Ingenieurges. mbh\"},\"image\":{\"@id\":\"https:\\\/\\\/ski-consult.de\\\/#\\\/schema\\\/logo\\\/image\\\/\"}}]}<\/script>\n<!-- \/ Yoast SEO plugin. -->","yoast_head_json":{"title":"Kleinwindenergieanlagen &#8226; SKI Ingenieurges. mbH","description":"Kleinwindenergieanlagen &#8226; SKI kann Berechnungen inkl. Lastermittlung, Modellaufbau und Bewertung der Ergebnisse durchf\u00fchren.","robots":{"index":"index","follow":"follow","max-snippet":"max-snippet:-1","max-image-preview":"max-image-preview:large","max-video-preview":"max-video-preview:-1"},"canonical":"https:\/\/ski-consult.de\/en\/taetigkeitsbreiche\/onshore-windenergieanlagen\/kleinwindenergieanlagen\/","og_locale":"en_GB","og_type":"article","og_title":"Kleinwindenergieanlagen &#8226; SKI Ingenieurges. mbH","og_description":"Kleinwindenergieanlagen &#8226; SKI kann Berechnungen inkl. Lastermittlung, Modellaufbau und Bewertung der Ergebnisse durchf\u00fchren.","og_url":"https:\/\/ski-consult.de\/en\/taetigkeitsbreiche\/onshore-windenergieanlagen\/kleinwindenergieanlagen\/","og_site_name":"SKI Ingenieurges. mbH","article_modified_time":"2023-11-16T14:15:24+00:00","og_image":[{"url":"https:\/\/ski-consult.de\/wp-content\/uploads\/2020\/10\/KWEA-1-108x300.jpg","type":"","width":"","height":""}],"twitter_card":"summary_large_image","twitter_misc":{"Estimated reading time":"3 minutes"},"schema":{"@context":"https:\/\/schema.org","@graph":[{"@type":"WebPage","@id":"https:\/\/ski-consult.de\/taetigkeitsbreiche\/onshore-windenergieanlagen\/kleinwindenergieanlagen\/","url":"https:\/\/ski-consult.de\/taetigkeitsbreiche\/onshore-windenergieanlagen\/kleinwindenergieanlagen\/","name":"Kleinwindenergieanlagen &#8226; SKI Ingenieurges. mbH","isPartOf":{"@id":"https:\/\/ski-consult.de\/#website"},"primaryImageOfPage":{"@id":"https:\/\/ski-consult.de\/taetigkeitsbreiche\/onshore-windenergieanlagen\/kleinwindenergieanlagen\/#primaryimage"},"image":{"@id":"https:\/\/ski-consult.de\/taetigkeitsbreiche\/onshore-windenergieanlagen\/kleinwindenergieanlagen\/#primaryimage"},"thumbnailUrl":"https:\/\/ski-consult.de\/wp-content\/uploads\/2020\/10\/KWEA-1-108x300.jpg","datePublished":"2020-07-31T11:55:09+00:00","dateModified":"2023-11-16T14:15:24+00:00","description":"Kleinwindenergieanlagen &#8226; SKI kann Berechnungen inkl. Lastermittlung, Modellaufbau und Bewertung der Ergebnisse durchf\u00fchren.","breadcrumb":{"@id":"https:\/\/ski-consult.de\/taetigkeitsbreiche\/onshore-windenergieanlagen\/kleinwindenergieanlagen\/#breadcrumb"},"inLanguage":"en-GB","potentialAction":[{"@type":"ReadAction","target":["https:\/\/ski-consult.de\/taetigkeitsbreiche\/onshore-windenergieanlagen\/kleinwindenergieanlagen\/"]}]},{"@type":"ImageObject","inLanguage":"en-GB","@id":"https:\/\/ski-consult.de\/taetigkeitsbreiche\/onshore-windenergieanlagen\/kleinwindenergieanlagen\/#primaryimage","url":"https:\/\/ski-consult.de\/wp-content\/uploads\/2020\/10\/KWEA-1-108x300.jpg","contentUrl":"https:\/\/ski-consult.de\/wp-content\/uploads\/2020\/10\/KWEA-1-108x300.jpg"},{"@type":"BreadcrumbList","@id":"https:\/\/ski-consult.de\/taetigkeitsbreiche\/onshore-windenergieanlagen\/kleinwindenergieanlagen\/#breadcrumb","itemListElement":[{"@type":"ListItem","position":1,"name":"Startseite","item":"https:\/\/ski-consult.de\/"},{"@type":"ListItem","position":2,"name":"T\u00e4tigkeitsbereiche","item":"https:\/\/ski-consult.de\/taetigkeitsbreiche\/"},{"@type":"ListItem","position":3,"name":"Onshore-Windenergie","item":"https:\/\/ski-consult.de\/taetigkeitsbreiche\/onshore-windenergieanlagen\/"},{"@type":"ListItem","position":4,"name":"Kleinwindenergieanlagen"}]},{"@type":"WebSite","@id":"https:\/\/ski-consult.de\/#website","url":"https:\/\/ski-consult.de\/","name":"SKI Ingenieurges. mbH","description":"Bauwesen und innovative Entwicklungsarbeiten","publisher":{"@id":"https:\/\/ski-consult.de\/#organization"},"potentialAction":[{"@type":"SearchAction","target":{"@type":"EntryPoint","urlTemplate":"https:\/\/ski-consult.de\/?s={search_term_string}"},"query-input":{"@type":"PropertyValueSpecification","valueRequired":true,"valueName":"search_term_string"}}],"inLanguage":"en-GB"},{"@type":"Organization","@id":"https:\/\/ski-consult.de\/#organization","name":"SKI Ingenieurges. mbh","url":"https:\/\/ski-consult.de\/","logo":{"@type":"ImageObject","inLanguage":"en-GB","@id":"https:\/\/ski-consult.de\/#\/schema\/logo\/image\/","url":"https:\/\/ski-consult.de\/wp-content\/uploads\/2020\/07\/SKI_Logo_1026px_72dpi_rgb.png","contentUrl":"https:\/\/ski-consult.de\/wp-content\/uploads\/2020\/07\/SKI_Logo_1026px_72dpi_rgb.png","width":1026,"height":373,"caption":"SKI Ingenieurges. mbh"},"image":{"@id":"https:\/\/ski-consult.de\/#\/schema\/logo\/image\/"}}]}},"_links":{"self":[{"href":"https:\/\/ski-consult.de\/en\/wp-json\/wp\/v2\/pages\/6118","targetHints":{"allow":["GET"]}}],"collection":[{"href":"https:\/\/ski-consult.de\/en\/wp-json\/wp\/v2\/pages"}],"about":[{"href":"https:\/\/ski-consult.de\/en\/wp-json\/wp\/v2\/types\/page"}],"author":[{"embeddable":true,"href":"https:\/\/ski-consult.de\/en\/wp-json\/wp\/v2\/users\/4"}],"replies":[{"embeddable":true,"href":"https:\/\/ski-consult.de\/en\/wp-json\/wp\/v2\/comments?post=6118"}],"version-history":[{"count":0,"href":"https:\/\/ski-consult.de\/en\/wp-json\/wp\/v2\/pages\/6118\/revisions"}],"up":[{"embeddable":true,"href":"https:\/\/ski-consult.de\/en\/wp-json\/wp\/v2\/pages\/6049"}],"wp:attachment":[{"href":"https:\/\/ski-consult.de\/en\/wp-json\/wp\/v2\/media?parent=6118"}],"curies":[{"name":"wp","href":"https:\/\/api.w.org\/{rel}","templated":true}]}}