{"id":6133,"date":"2020-07-31T14:38:02","date_gmt":"2020-07-31T12:38:02","guid":{"rendered":"http:\/\/neu.ski-consult.de\/?page_id=6133"},"modified":"2023-11-13T16:22:10","modified_gmt":"2023-11-13T15:22:10","slug":"impressum","status":"publish","type":"page","link":"https:\/\/ski-consult.de\/en\/impressum\/","title":{"rendered":"Imprint"},"content":{"rendered":"<div data-elementor-type=\"wp-page\" data-elementor-id=\"6133\" class=\"elementor elementor-6133\">\n\t\t\t\t\t\t<section class=\"elementor-section elementor-top-section elementor-element elementor-element-34d191b elementor-section-boxed elementor-section-height-default elementor-section-height-default\" data-id=\"34d191b\" data-element_type=\"section\" data-e-type=\"section\">\n\t\t\t\t\t\t<div class=\"elementor-container elementor-column-gap-default\">\n\t\t\t\t\t<div class=\"elementor-column elementor-col-100 elementor-top-column elementor-element elementor-element-82e8c5e\" data-id=\"82e8c5e\" data-element_type=\"column\" data-e-type=\"column\">\n\t\t\t<div class=\"elementor-widget-wrap elementor-element-populated\">\n\t\t\t\t\t\t<div class=\"elementor-element elementor-element-d2ca919 elementor-widget elementor-widget-heading\" data-id=\"d2ca919\" data-element_type=\"widget\" data-e-type=\"widget\" data-widget_type=\"heading.default\">\n\t\t\t\t<div class=\"elementor-widget-container\">\n\t\t\t\t\t<h2 class=\"elementor-heading-title elementor-size-default\">Liability for contents\n<\/h2>\t\t\t\t<\/div>\n\t\t\t\t<\/div>\n\t\t\t\t\t<\/div>\n\t\t<\/div>\n\t\t\t\t\t<\/div>\n\t\t<\/section>\n\t\t\t\t<section class=\"elementor-section elementor-top-section elementor-element elementor-element-96746a6 elementor-section-boxed elementor-section-height-default elementor-section-height-default\" data-id=\"96746a6\" data-element_type=\"section\" data-e-type=\"section\">\n\t\t\t\t\t\t<div class=\"elementor-container elementor-column-gap-default\">\n\t\t\t\t\t<div class=\"elementor-column elementor-col-100 elementor-top-column elementor-element elementor-element-8cd6d54\" data-id=\"8cd6d54\" data-element_type=\"column\" data-e-type=\"column\">\n\t\t\t<div class=\"elementor-widget-wrap elementor-element-populated\">\n\t\t\t\t\t\t<div class=\"elementor-element elementor-element-bf489bc elementor-widget elementor-widget-text-editor\" data-id=\"bf489bc\" data-element_type=\"widget\" data-e-type=\"widget\" data-widget_type=\"text-editor.default\">\n\t\t\t\t<div class=\"elementor-widget-container\">\n\t\t\t\t\t\t\t\t\t<div class=\"main-content\"><div class=\"content\"><div id=\"c881\" class=\"csc-default\"><div class=\"csc-textpic-text\"><div class=\"csc-textpic-text\"><div class=\"csc-textpic-text\"><div class=\"content\"><div id=\"c815\" class=\"csc-default\"><p class=\"bodytext\">The contents of our pages have been prepared with the greatest care. However, we cannot assume any liability for the correctness, completeness and topicality of the contents. As a service provider, we are responsible for our own content on these pages in accordance with \u00a7 7 Section 1 of the German Telemedia Act (TMG). According to \u00a7\u00a7 8 to 10 TMG, however, we are not obliged as service providers to monitor transmitted or stored third-party information or to investigate circumstances that indicate illegal activity. Obligations to remove or block the use of information in accordance with general laws remain unaffected by this. However, liability in this respect is only possible from the time of knowledge of a concrete violation of the law. As soon as we become aware of such violations of the law, we will remove these contents immediately.<\/p><\/div><\/div><div class=\"content\"><div id=\"c375\" class=\"csc-default\">\u00a0<\/div><\/div><\/div><\/div><\/div><\/div><\/div><\/div>\t\t\t\t\t\t\t\t<\/div>\n\t\t\t\t<\/div>\n\t\t\t\t\t<\/div>\n\t\t<\/div>\n\t\t\t\t\t<\/div>\n\t\t<\/section>\n\t\t\t\t<section class=\"elementor-section elementor-top-section elementor-element elementor-element-0103326 elementor-section-boxed elementor-section-height-default elementor-section-height-default\" data-id=\"0103326\" data-element_type=\"section\" data-e-type=\"section\">\n\t\t\t\t\t\t<div class=\"elementor-container elementor-column-gap-default\">\n\t\t\t\t\t<div class=\"elementor-column elementor-col-100 elementor-top-column elementor-element elementor-element-7ebc414\" data-id=\"7ebc414\" data-element_type=\"column\" data-e-type=\"column\">\n\t\t\t<div class=\"elementor-widget-wrap elementor-element-populated\">\n\t\t\t\t\t\t<div class=\"elementor-element elementor-element-78140e0 elementor-widget elementor-widget-heading\" data-id=\"78140e0\" data-element_type=\"widget\" data-e-type=\"widget\" data-widget_type=\"heading.default\">\n\t\t\t\t<div class=\"elementor-widget-container\">\n\t\t\t\t\t<h2 class=\"elementor-heading-title elementor-size-default\">Imprint\n<\/h2>\t\t\t\t<\/div>\n\t\t\t\t<\/div>\n\t\t\t\t<div class=\"elementor-element elementor-element-d4548fa elementor-widget elementor-widget-text-editor\" data-id=\"d4548fa\" data-element_type=\"widget\" data-e-type=\"widget\" data-widget_type=\"text-editor.default\">\n\t\t\t\t<div class=\"elementor-widget-container\">\n\t\t\t\t\t\t\t\t\t<div class=\"main-content\"><div class=\"content\"><div id=\"c881\" class=\"csc-default\"><div class=\"csc-textpic-text\"><div class=\"csc-textpic-text\"><div class=\"csc-textpic-text\"><div class=\"content\"><div id=\"c815\" class=\"csc-default\"><div class=\"content\"><div id=\"c375\" class=\"csc-default\"><h4>Information referred to in \u00a7 5 TMG:<\/h4><p class=\"bodytext\">SKI Ingenieurges. mbH<br \/>Mengendamm 12<br \/>30177 Hannover<\/p><h4>Represented by:<\/h4><p class=\"bodytext\">Prof. Dr.-Ing. Peter Schaumann<br \/>Prof.\u00a0Dr.-Ing. Christian Keindorf<\/p><h4>Contact:<\/h4><p class=\"bodytext\">Telefon: +49 (0) 511 \/ 261847-0<\/p><p class=\"bodytext\">Telefax: +49 (0) 511 \/\u00a0261847-29<\/p><p class=\"bodytext\">E-Mail: contact\u00a0(at) ski-consult.de<\/p><h4>Register entry:<\/h4><p class=\"bodytext\">Eintragung im Handelsregister.<br \/>Registergericht:Hannover<br \/>Registernummer: HRB 204358<\/p><h4>Sales Tax-ID:<\/h4><p class=\"bodytext\">Sales tax identification number in accordance with \u00a727a sales tax act:<br \/>DE265358433<\/p><h4>Authority:<\/h4><p class=\"bodytext\">Job Title: Consulting Engineers<\/p><p class=\"bodytext\">Competent engineering Appeal: Niedersachsen<\/p><p class=\"bodytext\">Adress: Hohenzollernstr. 52, 30161 Hannover<\/p><h4>Details of professional indemnity insurance:<\/h4><p class=\"bodytext\">Name and domicile of company: VHV-Versicherung, Hannover<\/p><p class=\"bodytext\">Application area of insurance: worldwide<\/p><h4>Legal framework:<\/h4><ul><li>Lower Saxony engineering law<\/li><\/ul><ul><li>Fee Structure for Architects and Engineers (HOAI)<\/li><\/ul><h4>Source information for all images and graphics used:<\/h4><p class=\"bodytext\">SKI Ingenieurgesellschaft. mbH<\/p><\/div><\/div><div class=\"content\"><div id=\"c816\" class=\"csc-default\">\u00a0<\/div><\/div><\/div><\/div><\/div><\/div><\/div><\/div><\/div><\/div>\t\t\t\t\t\t\t\t<\/div>\n\t\t\t\t<\/div>\n\t\t\t\t\t<\/div>\n\t\t<\/div>\n\t\t\t\t\t<\/div>\n\t\t<\/section>\n\t\t\t\t<section class=\"elementor-section elementor-top-section elementor-element elementor-element-9bd7df5 elementor-section-boxed elementor-section-height-default elementor-section-height-default\" data-id=\"9bd7df5\" data-element_type=\"section\" data-e-type=\"section\">\n\t\t\t\t\t\t<div class=\"elementor-container elementor-column-gap-default\">\n\t\t\t\t\t<div class=\"elementor-column elementor-col-100 elementor-top-column elementor-element elementor-element-b2ba55a\" data-id=\"b2ba55a\" data-element_type=\"column\" data-e-type=\"column\">\n\t\t\t<div class=\"elementor-widget-wrap elementor-element-populated\">\n\t\t\t\t\t\t<div class=\"elementor-element elementor-element-466168d elementor-widget elementor-widget-heading\" data-id=\"466168d\" data-element_type=\"widget\" data-e-type=\"widget\" data-widget_type=\"heading.default\">\n\t\t\t\t<div class=\"elementor-widget-container\">\n\t\t\t\t\t<h2 class=\"elementor-heading-title elementor-size-default\">Liability for links\n<\/h2>\t\t\t\t<\/div>\n\t\t\t\t<\/div>\n\t\t\t\t<div class=\"elementor-element elementor-element-c2b55a6 elementor-widget elementor-widget-text-editor\" data-id=\"c2b55a6\" data-element_type=\"widget\" data-e-type=\"widget\" data-widget_type=\"text-editor.default\">\n\t\t\t\t<div class=\"elementor-widget-container\">\n\t\t\t\t\t\t\t\t\t<div class=\"main-content\"><div class=\"content\"><div id=\"c881\" class=\"csc-default\"><div class=\"csc-textpic-text\"><div class=\"csc-textpic-text\"><div class=\"csc-textpic-text\"><div class=\"content\"><div id=\"c815\" class=\"csc-default\"><div class=\"content\"><div id=\"c816\" class=\"csc-default\"><p class=\"bodytext\">Our offer contains links to external websites of third parties on whose contents we have no influence. Therefore, we can not assume any liability for these external contents. The respective provider or operator of the pages is always responsible for the contents of the linked pages. The linked pages were checked for possible legal violations at the time of linking. Illegal content was not recognizable at the time of linking. However, a permanent content control of the linked pages is not reasonable without concrete evidence of an infringement. Upon notification of violations, we will remove such links immediately.<\/p><\/div><\/div><div class=\"content\"><div id=\"c817\" class=\"csc-default\">\u00a0<\/div><\/div><\/div><\/div><\/div><\/div><\/div><\/div><\/div><\/div>\t\t\t\t\t\t\t\t<\/div>\n\t\t\t\t<\/div>\n\t\t\t\t\t<\/div>\n\t\t<\/div>\n\t\t\t\t\t<\/div>\n\t\t<\/section>\n\t\t\t\t<section class=\"elementor-section elementor-top-section elementor-element elementor-element-3f22192 elementor-section-boxed elementor-section-height-default elementor-section-height-default\" data-id=\"3f22192\" data-element_type=\"section\" data-e-type=\"section\">\n\t\t\t\t\t\t<div class=\"elementor-container elementor-column-gap-default\">\n\t\t\t\t\t<div class=\"elementor-column elementor-col-100 elementor-top-column elementor-element elementor-element-a42f3f0\" data-id=\"a42f3f0\" data-element_type=\"column\" data-e-type=\"column\">\n\t\t\t<div class=\"elementor-widget-wrap elementor-element-populated\">\n\t\t\t\t\t\t<div class=\"elementor-element elementor-element-d653829 elementor-widget elementor-widget-heading\" data-id=\"d653829\" data-element_type=\"widget\" data-e-type=\"widget\" data-widget_type=\"heading.default\">\n\t\t\t\t<div class=\"elementor-widget-container\">\n\t\t\t\t\t<h2 class=\"elementor-heading-title elementor-size-default\">Copyright<\/h2>\t\t\t\t<\/div>\n\t\t\t\t<\/div>\n\t\t\t\t<div class=\"elementor-element elementor-element-2b5e64b elementor-widget elementor-widget-text-editor\" data-id=\"2b5e64b\" data-element_type=\"widget\" data-e-type=\"widget\" data-widget_type=\"text-editor.default\">\n\t\t\t\t<div class=\"elementor-widget-container\">\n\t\t\t\t\t\t\t\t\t<div class=\"main-content\"><div class=\"content\"><div id=\"c881\" class=\"csc-default\"><div class=\"csc-textpic-text\"><div class=\"csc-textpic-text\"><div class=\"csc-textpic-text\"><div class=\"content\"><div id=\"c815\" class=\"csc-default\"><div class=\"content\"><div id=\"c816\" class=\"csc-default\"><div class=\"content\"><div id=\"c817\" class=\"csc-default\"><p class=\"bodytext\">The contents and works created by the site operators on these pages are subject to German copyright law. Duplication, editing, distribution and any kind of use outside the limits of copyright law require the written consent of the respective author or creator. Downloads and copies of this site are only permitted for private, non-commercial use. As far as the contents on this site were not created by the operator, the copyrights of third parties are respected. In particular, the contents of third parties are marked as such. Should you nevertheless become aware of a copyright infringement, please inform us accordingly. As soon as we become aware of any such infringements, we will remove such content immediately.<\/p><\/div><\/div><div class=\"content\"><div id=\"c818\" class=\"csc-default\">\u00a0<\/div><\/div><\/div><\/div><\/div><\/div><\/div><\/div><\/div><\/div><\/div><\/div>\t\t\t\t\t\t\t\t<\/div>\n\t\t\t\t<\/div>\n\t\t\t\t\t<\/div>\n\t\t<\/div>\n\t\t\t\t\t<\/div>\n\t\t<\/section>\n\t\t\t\t<section class=\"elementor-section elementor-top-section elementor-element elementor-element-a249d1f elementor-section-boxed elementor-section-height-default elementor-section-height-default\" data-id=\"a249d1f\" data-element_type=\"section\" data-e-type=\"section\">\n\t\t\t\t\t\t<div class=\"elementor-container elementor-column-gap-default\">\n\t\t\t\t\t<div class=\"elementor-column elementor-col-100 elementor-top-column elementor-element elementor-element-570b083\" data-id=\"570b083\" data-element_type=\"column\" data-e-type=\"column\">\n\t\t\t<div class=\"elementor-widget-wrap elementor-element-populated\">\n\t\t\t\t\t\t<div class=\"elementor-element elementor-element-298d17b elementor-widget elementor-widget-heading\" data-id=\"298d17b\" data-element_type=\"widget\" data-e-type=\"widget\" data-widget_type=\"heading.default\">\n\t\t\t\t<div class=\"elementor-widget-container\">\n\t\t\t\t\t<h2 class=\"elementor-heading-title elementor-size-default\">Data privacy<\/h2>\t\t\t\t<\/div>\n\t\t\t\t<\/div>\n\t\t\t\t<div class=\"elementor-element elementor-element-b179d79 elementor-widget elementor-widget-text-editor\" data-id=\"b179d79\" data-element_type=\"widget\" data-e-type=\"widget\" data-widget_type=\"text-editor.default\">\n\t\t\t\t<div class=\"elementor-widget-container\">\n\t\t\t\t\t\t\t\t\t<div class=\"main-content\"><div class=\"content\"><div id=\"c881\" class=\"csc-default\"><div class=\"csc-textpic-text\"><div class=\"csc-textpic-text\"><div class=\"csc-textpic-text\"><div class=\"content\"><div id=\"c815\" class=\"csc-default\"><div class=\"content\"><div id=\"c816\" class=\"csc-default\"><p class=\"bodytext\">The use of our website is generally possible without providing personal data. As far as on our sides personal data (for example name, address or email addresses) are raised, this takes place, as far as possible, always on voluntary basis. This data will not be passed on to third parties without your express consent.<\/p><p class=\"bodytext\">We would like to point out that data transmission over the Internet (e.g. communication by e-mail) can have security gaps. A complete protection of data against access by third parties is not possible.<\/p><p class=\"bodytext\">The use of the contact data published within the scope of the imprint obligation by third parties for sending unsolicited advertising and information material is hereby expressly prohibited. The operators of these pages expressly reserve the right to take legal action in the event of unsolicited advertising information being sent, for example in the form of spam mails.\u00a0<\/p><p class=\"bodytext\">For more informations: <a class=\"internal-link\" title=\"damage accumulation hypothesis\" href=\"https:\/\/ski-consult.de\/en\/datenschutz\/\">Data policy declaration<\/a><\/p><\/div><\/div><\/div><\/div><\/div><\/div><\/div><\/div><\/div><\/div>\t\t\t\t\t\t\t\t<\/div>\n\t\t\t\t<\/div>\n\t\t\t\t\t<\/div>\n\t\t<\/div>\n\t\t\t\t\t<\/div>\n\t\t<\/section>\n\t\t\t\t<\/div>","protected":false},"excerpt":{"rendered":"<p>Haftung f\u00fcr Inhalte Die Inhalte unserer Seiten wurden mit gr\u00f6\u00dfter Sorgfalt erstellt. F\u00fcr die Richtigkeit, Vollst\u00e4ndigkeit und Aktualit\u00e4t der Inhalte k\u00f6nnen wir jedoch keine Gew\u00e4hr \u00fcbernehmen. Als Diensteanbieter sind wir gem\u00e4\u00df \u00a7 7 Abs.1 TMG f\u00fcr eigene Inhalte auf diesen Seiten nach den allgemeinen Gesetzen verantwortlich. Nach \u00a7\u00a7 8 bis 10 TMG sind wir als&#8230;<\/p>","protected":false},"author":4,"featured_media":0,"parent":0,"menu_order":0,"comment_status":"closed","ping_status":"closed","template":"","meta":{"_acf_changed":false,"footnotes":""},"class_list":["post-6133","page","type-page","status-publish","hentry","no-post-thumbnail"],"acf":[],"yoast_head":"<!-- This site is optimized with the Yoast SEO plugin v27.4 - https:\/\/yoast.com\/product\/yoast-seo-wordpress\/ -->\n<title>Impressum &#8226; SKI Ingenieurges. mbH<\/title>\n<meta name=\"description\" content=\"Impressum \u25aa SKI Ingenieurges. mbH \u25aa Mengendamm 12 \u25aa 30177 Hannover \u25aa Telefon: +49 (0) 511 \/ 261847-0 \u25aa E-Mail: contact (at) ski-consult.de\" \/>\n<meta name=\"robots\" content=\"index, follow, max-snippet:-1, max-image-preview:large, max-video-preview:-1\" \/>\n<link rel=\"canonical\" href=\"https:\/\/ski-consult.de\/en\/impressum\/\" \/>\n<meta property=\"og:locale\" content=\"en_GB\" \/>\n<meta property=\"og:type\" content=\"article\" \/>\n<meta property=\"og:title\" content=\"Impressum &#8226; SKI Ingenieurges. mbH\" \/>\n<meta property=\"og:description\" content=\"Impressum \u25aa SKI Ingenieurges. mbH \u25aa Mengendamm 12 \u25aa 30177 Hannover \u25aa Telefon: +49 (0) 511 \/ 261847-0 \u25aa E-Mail: contact (at) ski-consult.de\" \/>\n<meta property=\"og:url\" content=\"https:\/\/ski-consult.de\/en\/impressum\/\" \/>\n<meta property=\"og:site_name\" content=\"SKI Ingenieurges. mbH\" \/>\n<meta property=\"article:modified_time\" content=\"2023-11-13T15:22:10+00:00\" \/>\n<meta name=\"twitter:card\" content=\"summary_large_image\" \/>\n<meta name=\"twitter:label1\" content=\"Estimated reading time\" \/>\n\t<meta name=\"twitter:data1\" content=\"3 minutes\" \/>\n<script type=\"application\/ld+json\" class=\"yoast-schema-graph\">{\"@context\":\"https:\\\/\\\/schema.org\",\"@graph\":[{\"@type\":\"WebPage\",\"@id\":\"https:\\\/\\\/ski-consult.de\\\/impressum\\\/\",\"url\":\"https:\\\/\\\/ski-consult.de\\\/impressum\\\/\",\"name\":\"Impressum &#8226; SKI Ingenieurges. mbH\",\"isPartOf\":{\"@id\":\"https:\\\/\\\/ski-consult.de\\\/#website\"},\"datePublished\":\"2020-07-31T12:38:02+00:00\",\"dateModified\":\"2023-11-13T15:22:10+00:00\",\"description\":\"Impressum \u25aa SKI Ingenieurges. mbH \u25aa Mengendamm 12 \u25aa 30177 Hannover \u25aa Telefon: +49 (0) 511 \\\/ 261847-0 \u25aa E-Mail: contact (at) ski-consult.de\",\"breadcrumb\":{\"@id\":\"https:\\\/\\\/ski-consult.de\\\/impressum\\\/#breadcrumb\"},\"inLanguage\":\"en-GB\",\"potentialAction\":[{\"@type\":\"ReadAction\",\"target\":[\"https:\\\/\\\/ski-consult.de\\\/impressum\\\/\"]}]},{\"@type\":\"BreadcrumbList\",\"@id\":\"https:\\\/\\\/ski-consult.de\\\/impressum\\\/#breadcrumb\",\"itemListElement\":[{\"@type\":\"ListItem\",\"position\":1,\"name\":\"Startseite\",\"item\":\"https:\\\/\\\/ski-consult.de\\\/\"},{\"@type\":\"ListItem\",\"position\":2,\"name\":\"Impressum\"}]},{\"@type\":\"WebSite\",\"@id\":\"https:\\\/\\\/ski-consult.de\\\/#website\",\"url\":\"https:\\\/\\\/ski-consult.de\\\/\",\"name\":\"SKI Ingenieurges. mbH\",\"description\":\"Bauwesen und innovative Entwicklungsarbeiten\",\"publisher\":{\"@id\":\"https:\\\/\\\/ski-consult.de\\\/#organization\"},\"potentialAction\":[{\"@type\":\"SearchAction\",\"target\":{\"@type\":\"EntryPoint\",\"urlTemplate\":\"https:\\\/\\\/ski-consult.de\\\/?s={search_term_string}\"},\"query-input\":{\"@type\":\"PropertyValueSpecification\",\"valueRequired\":true,\"valueName\":\"search_term_string\"}}],\"inLanguage\":\"en-GB\"},{\"@type\":\"Organization\",\"@id\":\"https:\\\/\\\/ski-consult.de\\\/#organization\",\"name\":\"SKI Ingenieurges. mbh\",\"url\":\"https:\\\/\\\/ski-consult.de\\\/\",\"logo\":{\"@type\":\"ImageObject\",\"inLanguage\":\"en-GB\",\"@id\":\"https:\\\/\\\/ski-consult.de\\\/#\\\/schema\\\/logo\\\/image\\\/\",\"url\":\"https:\\\/\\\/ski-consult.de\\\/wp-content\\\/uploads\\\/2020\\\/07\\\/SKI_Logo_1026px_72dpi_rgb.png\",\"contentUrl\":\"https:\\\/\\\/ski-consult.de\\\/wp-content\\\/uploads\\\/2020\\\/07\\\/SKI_Logo_1026px_72dpi_rgb.png\",\"width\":1026,\"height\":373,\"caption\":\"SKI Ingenieurges. mbh\"},\"image\":{\"@id\":\"https:\\\/\\\/ski-consult.de\\\/#\\\/schema\\\/logo\\\/image\\\/\"}}]}<\/script>\n<!-- \/ Yoast SEO plugin. -->","yoast_head_json":{"title":"Impressum &#8226; SKI Ingenieurges. mbH","description":"Impressum \u25aa SKI Ingenieurges. mbH \u25aa Mengendamm 12 \u25aa 30177 Hannover \u25aa Telefon: +49 (0) 511 \/ 261847-0 \u25aa E-Mail: contact (at) ski-consult.de","robots":{"index":"index","follow":"follow","max-snippet":"max-snippet:-1","max-image-preview":"max-image-preview:large","max-video-preview":"max-video-preview:-1"},"canonical":"https:\/\/ski-consult.de\/en\/impressum\/","og_locale":"en_GB","og_type":"article","og_title":"Impressum &#8226; SKI Ingenieurges. mbH","og_description":"Impressum \u25aa SKI Ingenieurges. mbH \u25aa Mengendamm 12 \u25aa 30177 Hannover \u25aa Telefon: +49 (0) 511 \/ 261847-0 \u25aa E-Mail: contact (at) ski-consult.de","og_url":"https:\/\/ski-consult.de\/en\/impressum\/","og_site_name":"SKI Ingenieurges. mbH","article_modified_time":"2023-11-13T15:22:10+00:00","twitter_card":"summary_large_image","twitter_misc":{"Estimated reading time":"3 minutes"},"schema":{"@context":"https:\/\/schema.org","@graph":[{"@type":"WebPage","@id":"https:\/\/ski-consult.de\/impressum\/","url":"https:\/\/ski-consult.de\/impressum\/","name":"Impressum &#8226; SKI Ingenieurges. mbH","isPartOf":{"@id":"https:\/\/ski-consult.de\/#website"},"datePublished":"2020-07-31T12:38:02+00:00","dateModified":"2023-11-13T15:22:10+00:00","description":"Impressum \u25aa SKI Ingenieurges. mbH \u25aa Mengendamm 12 \u25aa 30177 Hannover \u25aa Telefon: +49 (0) 511 \/ 261847-0 \u25aa E-Mail: contact (at) ski-consult.de","breadcrumb":{"@id":"https:\/\/ski-consult.de\/impressum\/#breadcrumb"},"inLanguage":"en-GB","potentialAction":[{"@type":"ReadAction","target":["https:\/\/ski-consult.de\/impressum\/"]}]},{"@type":"BreadcrumbList","@id":"https:\/\/ski-consult.de\/impressum\/#breadcrumb","itemListElement":[{"@type":"ListItem","position":1,"name":"Startseite","item":"https:\/\/ski-consult.de\/"},{"@type":"ListItem","position":2,"name":"Impressum"}]},{"@type":"WebSite","@id":"https:\/\/ski-consult.de\/#website","url":"https:\/\/ski-consult.de\/","name":"SKI Ingenieurges. mbH","description":"Bauwesen und innovative Entwicklungsarbeiten","publisher":{"@id":"https:\/\/ski-consult.de\/#organization"},"potentialAction":[{"@type":"SearchAction","target":{"@type":"EntryPoint","urlTemplate":"https:\/\/ski-consult.de\/?s={search_term_string}"},"query-input":{"@type":"PropertyValueSpecification","valueRequired":true,"valueName":"search_term_string"}}],"inLanguage":"en-GB"},{"@type":"Organization","@id":"https:\/\/ski-consult.de\/#organization","name":"SKI Ingenieurges. mbh","url":"https:\/\/ski-consult.de\/","logo":{"@type":"ImageObject","inLanguage":"en-GB","@id":"https:\/\/ski-consult.de\/#\/schema\/logo\/image\/","url":"https:\/\/ski-consult.de\/wp-content\/uploads\/2020\/07\/SKI_Logo_1026px_72dpi_rgb.png","contentUrl":"https:\/\/ski-consult.de\/wp-content\/uploads\/2020\/07\/SKI_Logo_1026px_72dpi_rgb.png","width":1026,"height":373,"caption":"SKI Ingenieurges. mbh"},"image":{"@id":"https:\/\/ski-consult.de\/#\/schema\/logo\/image\/"}}]}},"_links":{"self":[{"href":"https:\/\/ski-consult.de\/en\/wp-json\/wp\/v2\/pages\/6133","targetHints":{"allow":["GET"]}}],"collection":[{"href":"https:\/\/ski-consult.de\/en\/wp-json\/wp\/v2\/pages"}],"about":[{"href":"https:\/\/ski-consult.de\/en\/wp-json\/wp\/v2\/types\/page"}],"author":[{"embeddable":true,"href":"https:\/\/ski-consult.de\/en\/wp-json\/wp\/v2\/users\/4"}],"replies":[{"embeddable":true,"href":"https:\/\/ski-consult.de\/en\/wp-json\/wp\/v2\/comments?post=6133"}],"version-history":[{"count":0,"href":"https:\/\/ski-consult.de\/en\/wp-json\/wp\/v2\/pages\/6133\/revisions"}],"wp:attachment":[{"href":"https:\/\/ski-consult.de\/en\/wp-json\/wp\/v2\/media?parent=6133"}],"curies":[{"name":"wp","href":"https:\/\/api.w.org\/{rel}","templated":true}]}}