{"id":6152,"date":"2020-08-03T12:10:38","date_gmt":"2020-08-03T10:10:38","guid":{"rendered":"http:\/\/neu.ski-consult.de\/?page_id=6152"},"modified":"2023-11-16T15:13:44","modified_gmt":"2023-11-16T14:13:44","slug":"verbindungstechnik","status":"publish","type":"page","link":"https:\/\/ski-consult.de\/en\/taetigkeitsbreiche\/strukturanalysen\/verbindungstechnik\/","title":{"rendered":"Connection technology"},"content":{"rendered":"<div data-elementor-type=\"wp-page\" data-elementor-id=\"6152\" class=\"elementor elementor-6152\">\n\t\t\t\t\t\t<section class=\"elementor-section elementor-top-section elementor-element elementor-element-a8d0536 elementor-section-boxed elementor-section-height-default elementor-section-height-default\" data-id=\"a8d0536\" data-element_type=\"section\" data-e-type=\"section\">\n\t\t\t\t\t\t<div class=\"elementor-container elementor-column-gap-default\">\n\t\t\t\t\t<div class=\"elementor-column elementor-col-100 elementor-top-column elementor-element elementor-element-260c914\" data-id=\"260c914\" data-element_type=\"column\" data-e-type=\"column\">\n\t\t\t<div class=\"elementor-widget-wrap elementor-element-populated\">\n\t\t\t\t\t\t<div class=\"elementor-element elementor-element-28ff823 elementor-widget elementor-widget-heading\" data-id=\"28ff823\" data-element_type=\"widget\" data-e-type=\"widget\" data-widget_type=\"heading.default\">\n\t\t\t\t<div class=\"elementor-widget-container\">\n\t\t\t\t\t<h2 class=\"elementor-heading-title elementor-size-default\">Bolted, welded, grouted<\/h2>\t\t\t\t<\/div>\n\t\t\t\t<\/div>\n\t\t\t\t\t<\/div>\n\t\t<\/div>\n\t\t\t\t\t<\/div>\n\t\t<\/section>\n\t\t\t\t<section class=\"elementor-section elementor-top-section elementor-element elementor-element-2d9abd6 elementor-section-boxed elementor-section-height-default elementor-section-height-default\" data-id=\"2d9abd6\" data-element_type=\"section\" data-e-type=\"section\">\n\t\t\t\t\t\t<div class=\"elementor-container elementor-column-gap-default\">\n\t\t\t\t\t<div class=\"elementor-column elementor-col-100 elementor-top-column elementor-element elementor-element-3d699a8\" data-id=\"3d699a8\" data-element_type=\"column\" data-e-type=\"column\">\n\t\t\t<div class=\"elementor-widget-wrap elementor-element-populated\">\n\t\t\t\t\t\t<div class=\"elementor-element elementor-element-d0efed4 elementor-widget elementor-widget-text-editor\" data-id=\"d0efed4\" data-element_type=\"widget\" data-e-type=\"widget\" data-widget_type=\"text-editor.default\">\n\t\t\t\t<div class=\"elementor-widget-container\">\n\t\t\t\t\t\t\t\t\t<p>Especially in steel construction there is a multitude of different constructions which have to be joined together by means of a suitable connection. The most common variant are the screw connections, since these can be loosened again without much effort. For example, ring flange connections are used in the area of wind energy plants. In the area of industrial construction, substructures can be welded up to a certain transport size. If the dimensions are exceeded, face plate connections and notches are provided by means of flags. There is a wide range of variations, including stiffened \/ non-stiffened, tapered connections, claw supports or pre-stressed constructions.<\/p>\t\t\t\t\t\t\t\t<\/div>\n\t\t\t\t<\/div>\n\t\t\t\t\t<\/div>\n\t\t<\/div>\n\t\t\t\t\t<\/div>\n\t\t<\/section>\n\t\t\t\t<section class=\"elementor-section elementor-top-section elementor-element elementor-element-807cc8c elementor-section-boxed elementor-section-height-default elementor-section-height-default\" data-id=\"807cc8c\" data-element_type=\"section\" data-e-type=\"section\">\n\t\t\t\t\t\t<div class=\"elementor-container elementor-column-gap-default\">\n\t\t\t\t\t<div class=\"elementor-column elementor-col-50 elementor-top-column elementor-element elementor-element-0b1ba16\" data-id=\"0b1ba16\" data-element_type=\"column\" data-e-type=\"column\">\n\t\t\t<div class=\"elementor-widget-wrap elementor-element-populated\">\n\t\t\t\t\t\t<div class=\"elementor-element elementor-element-32819d9 elementor-widget elementor-widget-text-editor\" data-id=\"32819d9\" data-element_type=\"widget\" data-e-type=\"widget\" data-widget_type=\"text-editor.default\">\n\t\t\t\t<div class=\"elementor-widget-container\">\n\t\t\t\t\t\t\t\t\t<p class=\"bodytext\">The\u00a0<a href=\"https:\/\/ski-consult.de\/en\/\" data-wplink-edit=\"true\"><strong>SKI\u00a0Ingenieurgesellschaft <\/strong><\/a>has special know-how in the following joining techniques:<\/p>\t\t\t\t\t\t\t\t<\/div>\n\t\t\t\t<\/div>\n\t\t\t\t<div class=\"elementor-element elementor-element-c12ca4e elementor-widget elementor-widget-wp-widget-nav_menu\" data-id=\"c12ca4e\" data-element_type=\"widget\" data-e-type=\"widget\" data-widget_type=\"wp-widget-nav_menu.default\">\n\t\t\t\t<div class=\"elementor-widget-container\">\n\t\t\t\t\t<h5>Connection technology<\/h5><div class=\"menu-verbindungstechnik-container\"><ul id=\"menu-verbindungstechnik\" class=\"menu\"><li id=\"menu-item-8569\" class=\"menu-item menu-item-type-post_type menu-item-object-page menu-item-8569\"><a href=\"https:\/\/ski-consult.de\/en\/taetigkeitsbreiche\/strukturanalysen\/verbindungstechnik\/grouted-joints\/\">grouted Joints<\/a><\/li>\n<li id=\"menu-item-8570\" class=\"menu-item menu-item-type-post_type menu-item-object-page menu-item-8570\"><a href=\"https:\/\/ski-consult.de\/en\/taetigkeitsbreiche\/strukturanalysen\/verbindungstechnik\/gussknoten\/\">Cast nodes<\/a><\/li>\n<li id=\"menu-item-8571\" class=\"menu-item menu-item-type-post_type menu-item-object-page menu-item-8571\"><a href=\"https:\/\/ski-consult.de\/en\/taetigkeitsbreiche\/strukturanalysen\/verbindungstechnik\/ringflanschverbindungen\/\">ring flange connections<\/a><\/li>\n<li id=\"menu-item-8572\" class=\"menu-item menu-item-type-post_type menu-item-object-page menu-item-8572\"><a href=\"https:\/\/ski-consult.de\/en\/taetigkeitsbreiche\/strukturanalysen\/verbindungstechnik\/sandwich-joints\/\">Sandwich Joints<\/a><\/li>\n<li id=\"menu-item-8573\" class=\"menu-item menu-item-type-post_type menu-item-object-page menu-item-8573\"><a href=\"https:\/\/ski-consult.de\/en\/taetigkeitsbreiche\/strukturanalysen\/verbindungstechnik\/schraubenverbindungen\/\">wolted connections<\/a><\/li>\n<li id=\"menu-item-8574\" class=\"menu-item menu-item-type-post_type menu-item-object-page menu-item-8574\"><a href=\"https:\/\/ski-consult.de\/en\/taetigkeitsbreiche\/strukturanalysen\/verbindungstechnik\/schweissverbindungen\/\">welded connections<\/a><\/li>\n<li id=\"menu-item-8576\" class=\"menu-item menu-item-type-post_type menu-item-object-page menu-item-8576\"><a href=\"https:\/\/ski-consult.de\/en\/taetigkeitsbreiche\/strukturanalysen\/verbindungstechnik\/transition-piece\/\">Transition Piece<\/a><\/li>\n<li id=\"menu-item-8575\" class=\"menu-item menu-item-type-post_type menu-item-object-page menu-item-8575\"><a href=\"https:\/\/ski-consult.de\/en\/taetigkeitsbreiche\/strukturanalysen\/verbindungstechnik\/\">Connection technology<\/a><\/li>\n<\/ul><\/div>\t\t\t\t<\/div>\n\t\t\t\t<\/div>\n\t\t\t\t\t<\/div>\n\t\t<\/div>\n\t\t\t\t<div class=\"elementor-column elementor-col-50 elementor-top-column elementor-element elementor-element-edb50bd\" data-id=\"edb50bd\" data-element_type=\"column\" data-e-type=\"column\">\n\t\t\t<div class=\"elementor-widget-wrap elementor-element-populated\">\n\t\t\t\t\t\t<div class=\"elementor-element elementor-element-4874739 elementor-widget elementor-widget-image\" data-id=\"4874739\" data-element_type=\"widget\" data-e-type=\"widget\" data-widget_type=\"image.default\">\n\t\t\t\t<div class=\"elementor-widget-container\">\n\t\t\t\t\t\t\t\t\t\t\t\t\t\t\t<img fetchpriority=\"high\" decoding=\"async\" width=\"1063\" height=\"649\" src=\"https:\/\/ski-consult.de\/wp-content\/uploads\/2020\/09\/Bild-05.jpg\" class=\"attachment-full size-full wp-image-6744\" alt=\"\" srcset=\"https:\/\/ski-consult.de\/wp-content\/uploads\/2020\/09\/Bild-05.jpg 1063w, https:\/\/ski-consult.de\/wp-content\/uploads\/2020\/09\/Bild-05-300x183.jpg 300w, https:\/\/ski-consult.de\/wp-content\/uploads\/2020\/09\/Bild-05-1024x625.jpg 1024w, https:\/\/ski-consult.de\/wp-content\/uploads\/2020\/09\/Bild-05-768x469.jpg 768w\" sizes=\"(max-width: 1063px) 100vw, 1063px\" \/>\t\t\t\t\t\t\t\t\t\t\t\t\t\t\t<\/div>\n\t\t\t\t<\/div>\n\t\t\t\t\t<\/div>\n\t\t<\/div>\n\t\t\t\t\t<\/div>\n\t\t<\/section>\n\t\t\t\t<section class=\"elementor-section elementor-top-section elementor-element elementor-element-73063c9 elementor-section-boxed elementor-section-height-default elementor-section-height-default\" data-id=\"73063c9\" data-element_type=\"section\" data-e-type=\"section\">\n\t\t\t\t\t\t<div class=\"elementor-container elementor-column-gap-default\">\n\t\t\t\t\t<div class=\"elementor-column elementor-col-100 elementor-top-column elementor-element elementor-element-e9ef34b\" data-id=\"e9ef34b\" data-element_type=\"column\" data-e-type=\"column\">\n\t\t\t<div class=\"elementor-widget-wrap elementor-element-populated\">\n\t\t\t\t\t\t<div class=\"elementor-element elementor-element-5a9736d elementor-widget elementor-widget-text-editor\" data-id=\"5a9736d\" data-element_type=\"widget\" data-e-type=\"widget\" data-widget_type=\"text-editor.default\">\n\t\t\t\t<div class=\"elementor-widget-container\">\n\t\t\t\t\t\t\t\t\t<p class=\"translation-block\">For special applications of our calculation tools please <a title=\"damage accumulation hypothesis\" href=\"https:\/\/ski-consult.de\/en\/kontakt\/\" target=\"_self\">contact us<\/a>.<\/p>\t\t\t\t\t\t\t\t<\/div>\n\t\t\t\t<\/div>\n\t\t\t\t\t<\/div>\n\t\t<\/div>\n\t\t\t\t\t<\/div>\n\t\t<\/section>\n\t\t\t\t<\/div>","protected":false},"excerpt":{"rendered":"<p>Geschraubt, geschwei\u00dft, vergroutet Vor allem im Stahlbau gibt es eine Vielzahl von unterschiedlichen Konstruktionen, welche mittels einer geeigneten Verbindung zusammengef\u00fcgt werden m\u00fcssen. Die h\u00e4ufigste Variante sind die Schraubenverbindungen, da diese auch ohne gro\u00dfen Aufwand wieder gel\u00f6st werden k\u00f6nnen. So kommen im Bereich von Windenergieanlagen die Ringflanschverbindungen zum Einsatz. Im Bereich des Industriebaus k\u00f6nnen Unterkonstruktionen bis&#8230;<\/p>","protected":false},"author":4,"featured_media":0,"parent":6281,"menu_order":0,"comment_status":"closed","ping_status":"closed","template":"","meta":{"_acf_changed":false,"footnotes":""},"class_list":["post-6152","page","type-page","status-publish","hentry","no-post-thumbnail"],"acf":[],"yoast_head":"<!-- This site is optimized with the Yoast SEO plugin v27.4 - https:\/\/yoast.com\/product\/yoast-seo-wordpress\/ -->\n<title>Verbindungstechnik &#8226; SKI Ingenieurges. mbH<\/title>\n<meta name=\"description\" content=\"Verbindungstechnik &#8226; SKI kann Berechnungen inkl. Lastermittlung, Modellaufbau und Bewertung der Ergebnisse durchf\u00fchren.\" \/>\n<meta name=\"robots\" content=\"index, follow, max-snippet:-1, max-image-preview:large, max-video-preview:-1\" \/>\n<link rel=\"canonical\" href=\"https:\/\/ski-consult.de\/en\/taetigkeitsbreiche\/strukturanalysen\/verbindungstechnik\/\" \/>\n<meta property=\"og:locale\" content=\"en_GB\" \/>\n<meta property=\"og:type\" content=\"article\" \/>\n<meta property=\"og:title\" content=\"Verbindungstechnik &#8226; SKI Ingenieurges. mbH\" \/>\n<meta property=\"og:description\" content=\"Verbindungstechnik &#8226; SKI kann Berechnungen inkl. Lastermittlung, Modellaufbau und Bewertung der Ergebnisse durchf\u00fchren.\" \/>\n<meta property=\"og:url\" content=\"https:\/\/ski-consult.de\/en\/taetigkeitsbreiche\/strukturanalysen\/verbindungstechnik\/\" \/>\n<meta property=\"og:site_name\" content=\"SKI Ingenieurges. mbH\" \/>\n<meta property=\"article:modified_time\" content=\"2023-11-16T14:13:44+00:00\" \/>\n<meta property=\"og:image\" content=\"https:\/\/ski-consult.de\/wp-content\/uploads\/2020\/09\/Bild-05.jpg\" \/>\n<meta name=\"twitter:card\" content=\"summary_large_image\" \/>\n<meta name=\"twitter:label1\" content=\"Estimated reading time\" \/>\n\t<meta name=\"twitter:data1\" content=\"1 minute\" \/>\n<script type=\"application\/ld+json\" class=\"yoast-schema-graph\">{\"@context\":\"https:\\\/\\\/schema.org\",\"@graph\":[{\"@type\":\"WebPage\",\"@id\":\"https:\\\/\\\/ski-consult.de\\\/taetigkeitsbreiche\\\/strukturanalysen\\\/verbindungstechnik\\\/\",\"url\":\"https:\\\/\\\/ski-consult.de\\\/taetigkeitsbreiche\\\/strukturanalysen\\\/verbindungstechnik\\\/\",\"name\":\"Verbindungstechnik &#8226; SKI Ingenieurges. mbH\",\"isPartOf\":{\"@id\":\"https:\\\/\\\/ski-consult.de\\\/#website\"},\"primaryImageOfPage\":{\"@id\":\"https:\\\/\\\/ski-consult.de\\\/taetigkeitsbreiche\\\/strukturanalysen\\\/verbindungstechnik\\\/#primaryimage\"},\"image\":{\"@id\":\"https:\\\/\\\/ski-consult.de\\\/taetigkeitsbreiche\\\/strukturanalysen\\\/verbindungstechnik\\\/#primaryimage\"},\"thumbnailUrl\":\"https:\\\/\\\/ski-consult.de\\\/wp-content\\\/uploads\\\/2020\\\/09\\\/Bild-05.jpg\",\"datePublished\":\"2020-08-03T10:10:38+00:00\",\"dateModified\":\"2023-11-16T14:13:44+00:00\",\"description\":\"Verbindungstechnik &#8226; SKI kann Berechnungen inkl. Lastermittlung, Modellaufbau und Bewertung der Ergebnisse durchf\u00fchren.\",\"breadcrumb\":{\"@id\":\"https:\\\/\\\/ski-consult.de\\\/taetigkeitsbreiche\\\/strukturanalysen\\\/verbindungstechnik\\\/#breadcrumb\"},\"inLanguage\":\"en-GB\",\"potentialAction\":[{\"@type\":\"ReadAction\",\"target\":[\"https:\\\/\\\/ski-consult.de\\\/taetigkeitsbreiche\\\/strukturanalysen\\\/verbindungstechnik\\\/\"]}]},{\"@type\":\"ImageObject\",\"inLanguage\":\"en-GB\",\"@id\":\"https:\\\/\\\/ski-consult.de\\\/taetigkeitsbreiche\\\/strukturanalysen\\\/verbindungstechnik\\\/#primaryimage\",\"url\":\"https:\\\/\\\/ski-consult.de\\\/wp-content\\\/uploads\\\/2020\\\/09\\\/Bild-05.jpg\",\"contentUrl\":\"https:\\\/\\\/ski-consult.de\\\/wp-content\\\/uploads\\\/2020\\\/09\\\/Bild-05.jpg\"},{\"@type\":\"BreadcrumbList\",\"@id\":\"https:\\\/\\\/ski-consult.de\\\/taetigkeitsbreiche\\\/strukturanalysen\\\/verbindungstechnik\\\/#breadcrumb\",\"itemListElement\":[{\"@type\":\"ListItem\",\"position\":1,\"name\":\"Startseite\",\"item\":\"https:\\\/\\\/ski-consult.de\\\/\"},{\"@type\":\"ListItem\",\"position\":2,\"name\":\"T\u00e4tigkeitsbereiche\",\"item\":\"https:\\\/\\\/ski-consult.de\\\/taetigkeitsbreiche\\\/\"},{\"@type\":\"ListItem\",\"position\":3,\"name\":\"Strukturanalysen\",\"item\":\"https:\\\/\\\/ski-consult.de\\\/taetigkeitsbreiche\\\/strukturanalysen\\\/\"},{\"@type\":\"ListItem\",\"position\":4,\"name\":\"Verbindungstechnik\"}]},{\"@type\":\"WebSite\",\"@id\":\"https:\\\/\\\/ski-consult.de\\\/#website\",\"url\":\"https:\\\/\\\/ski-consult.de\\\/\",\"name\":\"SKI Ingenieurges. mbH\",\"description\":\"Bauwesen und innovative Entwicklungsarbeiten\",\"publisher\":{\"@id\":\"https:\\\/\\\/ski-consult.de\\\/#organization\"},\"potentialAction\":[{\"@type\":\"SearchAction\",\"target\":{\"@type\":\"EntryPoint\",\"urlTemplate\":\"https:\\\/\\\/ski-consult.de\\\/?s={search_term_string}\"},\"query-input\":{\"@type\":\"PropertyValueSpecification\",\"valueRequired\":true,\"valueName\":\"search_term_string\"}}],\"inLanguage\":\"en-GB\"},{\"@type\":\"Organization\",\"@id\":\"https:\\\/\\\/ski-consult.de\\\/#organization\",\"name\":\"SKI Ingenieurges. mbh\",\"url\":\"https:\\\/\\\/ski-consult.de\\\/\",\"logo\":{\"@type\":\"ImageObject\",\"inLanguage\":\"en-GB\",\"@id\":\"https:\\\/\\\/ski-consult.de\\\/#\\\/schema\\\/logo\\\/image\\\/\",\"url\":\"https:\\\/\\\/ski-consult.de\\\/wp-content\\\/uploads\\\/2020\\\/07\\\/SKI_Logo_1026px_72dpi_rgb.png\",\"contentUrl\":\"https:\\\/\\\/ski-consult.de\\\/wp-content\\\/uploads\\\/2020\\\/07\\\/SKI_Logo_1026px_72dpi_rgb.png\",\"width\":1026,\"height\":373,\"caption\":\"SKI Ingenieurges. mbh\"},\"image\":{\"@id\":\"https:\\\/\\\/ski-consult.de\\\/#\\\/schema\\\/logo\\\/image\\\/\"}}]}<\/script>\n<!-- \/ Yoast SEO plugin. -->","yoast_head_json":{"title":"Verbindungstechnik &#8226; SKI Ingenieurges. mbH","description":"Verbindungstechnik &#8226; SKI kann Berechnungen inkl. Lastermittlung, Modellaufbau und Bewertung der Ergebnisse durchf\u00fchren.","robots":{"index":"index","follow":"follow","max-snippet":"max-snippet:-1","max-image-preview":"max-image-preview:large","max-video-preview":"max-video-preview:-1"},"canonical":"https:\/\/ski-consult.de\/en\/taetigkeitsbreiche\/strukturanalysen\/verbindungstechnik\/","og_locale":"en_GB","og_type":"article","og_title":"Verbindungstechnik &#8226; SKI Ingenieurges. mbH","og_description":"Verbindungstechnik &#8226; SKI kann Berechnungen inkl. Lastermittlung, Modellaufbau und Bewertung der Ergebnisse durchf\u00fchren.","og_url":"https:\/\/ski-consult.de\/en\/taetigkeitsbreiche\/strukturanalysen\/verbindungstechnik\/","og_site_name":"SKI Ingenieurges. mbH","article_modified_time":"2023-11-16T14:13:44+00:00","og_image":[{"url":"https:\/\/ski-consult.de\/wp-content\/uploads\/2020\/09\/Bild-05.jpg","type":"","width":"","height":""}],"twitter_card":"summary_large_image","twitter_misc":{"Estimated reading time":"1 minute"},"schema":{"@context":"https:\/\/schema.org","@graph":[{"@type":"WebPage","@id":"https:\/\/ski-consult.de\/taetigkeitsbreiche\/strukturanalysen\/verbindungstechnik\/","url":"https:\/\/ski-consult.de\/taetigkeitsbreiche\/strukturanalysen\/verbindungstechnik\/","name":"Verbindungstechnik &#8226; SKI Ingenieurges. mbH","isPartOf":{"@id":"https:\/\/ski-consult.de\/#website"},"primaryImageOfPage":{"@id":"https:\/\/ski-consult.de\/taetigkeitsbreiche\/strukturanalysen\/verbindungstechnik\/#primaryimage"},"image":{"@id":"https:\/\/ski-consult.de\/taetigkeitsbreiche\/strukturanalysen\/verbindungstechnik\/#primaryimage"},"thumbnailUrl":"https:\/\/ski-consult.de\/wp-content\/uploads\/2020\/09\/Bild-05.jpg","datePublished":"2020-08-03T10:10:38+00:00","dateModified":"2023-11-16T14:13:44+00:00","description":"Verbindungstechnik &#8226; SKI kann Berechnungen inkl. Lastermittlung, Modellaufbau und Bewertung der Ergebnisse durchf\u00fchren.","breadcrumb":{"@id":"https:\/\/ski-consult.de\/taetigkeitsbreiche\/strukturanalysen\/verbindungstechnik\/#breadcrumb"},"inLanguage":"en-GB","potentialAction":[{"@type":"ReadAction","target":["https:\/\/ski-consult.de\/taetigkeitsbreiche\/strukturanalysen\/verbindungstechnik\/"]}]},{"@type":"ImageObject","inLanguage":"en-GB","@id":"https:\/\/ski-consult.de\/taetigkeitsbreiche\/strukturanalysen\/verbindungstechnik\/#primaryimage","url":"https:\/\/ski-consult.de\/wp-content\/uploads\/2020\/09\/Bild-05.jpg","contentUrl":"https:\/\/ski-consult.de\/wp-content\/uploads\/2020\/09\/Bild-05.jpg"},{"@type":"BreadcrumbList","@id":"https:\/\/ski-consult.de\/taetigkeitsbreiche\/strukturanalysen\/verbindungstechnik\/#breadcrumb","itemListElement":[{"@type":"ListItem","position":1,"name":"Startseite","item":"https:\/\/ski-consult.de\/"},{"@type":"ListItem","position":2,"name":"T\u00e4tigkeitsbereiche","item":"https:\/\/ski-consult.de\/taetigkeitsbreiche\/"},{"@type":"ListItem","position":3,"name":"Strukturanalysen","item":"https:\/\/ski-consult.de\/taetigkeitsbreiche\/strukturanalysen\/"},{"@type":"ListItem","position":4,"name":"Verbindungstechnik"}]},{"@type":"WebSite","@id":"https:\/\/ski-consult.de\/#website","url":"https:\/\/ski-consult.de\/","name":"SKI Ingenieurges. mbH","description":"Bauwesen und innovative Entwicklungsarbeiten","publisher":{"@id":"https:\/\/ski-consult.de\/#organization"},"potentialAction":[{"@type":"SearchAction","target":{"@type":"EntryPoint","urlTemplate":"https:\/\/ski-consult.de\/?s={search_term_string}"},"query-input":{"@type":"PropertyValueSpecification","valueRequired":true,"valueName":"search_term_string"}}],"inLanguage":"en-GB"},{"@type":"Organization","@id":"https:\/\/ski-consult.de\/#organization","name":"SKI Ingenieurges. mbh","url":"https:\/\/ski-consult.de\/","logo":{"@type":"ImageObject","inLanguage":"en-GB","@id":"https:\/\/ski-consult.de\/#\/schema\/logo\/image\/","url":"https:\/\/ski-consult.de\/wp-content\/uploads\/2020\/07\/SKI_Logo_1026px_72dpi_rgb.png","contentUrl":"https:\/\/ski-consult.de\/wp-content\/uploads\/2020\/07\/SKI_Logo_1026px_72dpi_rgb.png","width":1026,"height":373,"caption":"SKI Ingenieurges. mbh"},"image":{"@id":"https:\/\/ski-consult.de\/#\/schema\/logo\/image\/"}}]}},"_links":{"self":[{"href":"https:\/\/ski-consult.de\/en\/wp-json\/wp\/v2\/pages\/6152","targetHints":{"allow":["GET"]}}],"collection":[{"href":"https:\/\/ski-consult.de\/en\/wp-json\/wp\/v2\/pages"}],"about":[{"href":"https:\/\/ski-consult.de\/en\/wp-json\/wp\/v2\/types\/page"}],"author":[{"embeddable":true,"href":"https:\/\/ski-consult.de\/en\/wp-json\/wp\/v2\/users\/4"}],"replies":[{"embeddable":true,"href":"https:\/\/ski-consult.de\/en\/wp-json\/wp\/v2\/comments?post=6152"}],"version-history":[{"count":0,"href":"https:\/\/ski-consult.de\/en\/wp-json\/wp\/v2\/pages\/6152\/revisions"}],"up":[{"embeddable":true,"href":"https:\/\/ski-consult.de\/en\/wp-json\/wp\/v2\/pages\/6281"}],"wp:attachment":[{"href":"https:\/\/ski-consult.de\/en\/wp-json\/wp\/v2\/media?parent=6152"}],"curies":[{"name":"wp","href":"https:\/\/api.w.org\/{rel}","templated":true}]}}