{"id":6250,"date":"2020-08-03T16:21:41","date_gmt":"2020-08-03T14:21:41","guid":{"rendered":"http:\/\/neu.ski-consult.de\/?page_id=6250"},"modified":"2023-12-29T09:10:19","modified_gmt":"2023-12-29T08:10:19","slug":"gussknoten","status":"publish","type":"page","link":"https:\/\/ski-consult.de\/en\/taetigkeitsbreiche\/strukturanalysen\/verbindungstechnik\/gussknoten\/","title":{"rendered":"Cast nodes"},"content":{"rendered":"<div data-elementor-type=\"wp-page\" data-elementor-id=\"6250\" class=\"elementor elementor-6250\">\n\t\t\t\t\t\t<section class=\"elementor-section elementor-top-section elementor-element elementor-element-4b49da0 elementor-section-boxed elementor-section-height-default elementor-section-height-default\" data-id=\"4b49da0\" data-element_type=\"section\" data-e-type=\"section\">\n\t\t\t\t\t\t<div class=\"elementor-container elementor-column-gap-default\">\n\t\t\t\t\t<div class=\"elementor-column elementor-col-100 elementor-top-column elementor-element elementor-element-cda27d6\" data-id=\"cda27d6\" data-element_type=\"column\" data-e-type=\"column\">\n\t\t\t<div class=\"elementor-widget-wrap elementor-element-populated\">\n\t\t\t\t\t\t<div class=\"elementor-element elementor-element-a2052d1 elementor-widget elementor-widget-heading\" data-id=\"a2052d1\" data-element_type=\"widget\" data-e-type=\"widget\" data-widget_type=\"heading.default\">\n\t\t\t\t<div class=\"elementor-widget-container\">\n\t\t\t\t\t<h2 class=\"elementor-heading-title elementor-size-default\">Cast nodes<\/h2>\t\t\t\t<\/div>\n\t\t\t\t<\/div>\n\t\t\t\t<div class=\"elementor-element elementor-element-dc87d3a elementor-widget elementor-widget-text-editor\" data-id=\"dc87d3a\" data-element_type=\"widget\" data-e-type=\"widget\" data-widget_type=\"text-editor.default\">\n\t\t\t\t<div class=\"elementor-widget-container\">\n\t\t\t\t\t\t\t\t\t<p>Cast nodes are an important component of <a href=\"https:\/\/ski-consult.de\/en\/taetigkeitsbreiche\/hochbau\/brueckenbau\/\">Br\u00fccken<\/a> and other load-bearing structures. They consist of a cast steel structure made up of several bars and nodes. This design offers high stability and rigidity combined with low weight. The design and calculation is an important aspect in the planning of supporting structures.<\/p><p>The choice of the appropriate node type and height depends on various factors, such as the tension, the distance between the nodes and the topography of the terrain. The design of cast nodes is an important step in the design of structures as they provide a cost-effective and reliable solution for load bearing capacity. There are many companies that manufacture and offer cast nodes for the construction of bridges and other structures.<\/p><p>The calculation of cast nodes is an important aspect in the planning of load-bearing structures. The calculation involves determining the loads acting on the node and the forces that the node exerts on the surrounding structures. Factors such as temperature, humidity and wind speed must also be taken into account in the calculation.<\/p><div>\u00a0<\/div>\t\t\t\t\t\t\t\t<\/div>\n\t\t\t\t<\/div>\n\t\t\t\t\t<\/div>\n\t\t<\/div>\n\t\t\t\t\t<\/div>\n\t\t<\/section>\n\t\t\t\t<section class=\"elementor-section elementor-top-section elementor-element elementor-element-128ebad elementor-section-boxed elementor-section-height-default elementor-section-height-default\" data-id=\"128ebad\" data-element_type=\"section\" data-e-type=\"section\">\n\t\t\t\t\t\t<div class=\"elementor-container elementor-column-gap-default\">\n\t\t\t\t\t<div class=\"elementor-column elementor-col-100 elementor-top-column elementor-element elementor-element-a025485\" data-id=\"a025485\" data-element_type=\"column\" data-e-type=\"column\">\n\t\t\t<div class=\"elementor-widget-wrap elementor-element-populated\">\n\t\t\t\t\t\t<div class=\"elementor-element elementor-element-2cbe442 elementor-widget elementor-widget-heading\" data-id=\"2cbe442\" data-element_type=\"widget\" data-e-type=\"widget\" data-widget_type=\"heading.default\">\n\t\t\t\t<div class=\"elementor-widget-container\">\n\t\t\t\t\t<h2 class=\"elementor-heading-title elementor-size-default\">Alternative to the welded nodes\n<\/h2>\t\t\t\t<\/div>\n\t\t\t\t<\/div>\n\t\t\t\t<div class=\"elementor-element elementor-element-428d72e elementor-widget elementor-widget-text-editor\" data-id=\"428d72e\" data-element_type=\"widget\" data-e-type=\"widget\" data-widget_type=\"text-editor.default\">\n\t\t\t\t<div class=\"elementor-widget-container\">\n\t\t\t\t\t\t\t\t\t<p>As an alternative to welded pipe nodes, cast nodes can be used for load-bearing and foundation structures of <a href=\"https:\/\/ski-consult.de\/en\/taetigkeitsbreiche\/offshore-windenergieanlagen\/\">Offshore wind turbines<\/a> are used. The aim of the dimensioning is to minimise\u00a0<a href=\"https:\/\/ski-consult.de\/en\/taetigkeitsbreiche\/strukturanalysen\/ermuedung\/strukturspannungskonzept\/\">Spannungskonzentrationen<\/a> through variable fillets in the transition area of the pipes. This enables a reduction in the required sheet thickness compared to welded pipe joints.\u00a0<\/p><p class=\"translation-block\">In some areas, cast nodes are a cost-effective and reliable solution for the load-bearing capacity of <a href=\"https:\/\/ski-consult.de\/en\/taetigkeitsbreiche\/hochbau\/brueckenbau\/\" target=\"_self\">bridges<\/a> and other load-bearing structures. However, the design and calculation require careful planning and consideration of various factors. It is important to select the correct node and carefully calculate the loads and forces to ensure the stability and rigidity of the structure.<\/p><p class=\"translation-block\">However, production is expensive, so comparative calculations must be used to decide the minimum number at which the production of complex moulds makes economic sense. <span style=\"letter-spacing: 0px\">In addition to the verifications in the ultimate limit state and<\/span><a style=\"background-color: #ffffff;letter-spacing: 0px\" href=\"https:\/\/ski-consult.de\/en\/taetigkeitsbreiche\/strukturanalysen\/ermuedung\/\" target=\"_self\">fatigue strength<\/a><span style=\"letter-spacing: 0px\"> thermal analyses are usually also required for the casting process in order to be able to assess the development of residual stresses during the cooling phase.  <\/span><\/p>\t\t\t\t\t\t\t\t<\/div>\n\t\t\t\t<\/div>\n\t\t\t\t<section class=\"elementor-section elementor-inner-section elementor-element elementor-element-bd6c19e elementor-section-boxed elementor-section-height-default elementor-section-height-default\" data-id=\"bd6c19e\" data-element_type=\"section\" data-e-type=\"section\">\n\t\t\t\t\t\t<div class=\"elementor-container elementor-column-gap-default\">\n\t\t\t\t\t<div class=\"elementor-column elementor-col-50 elementor-inner-column elementor-element elementor-element-726d18a\" data-id=\"726d18a\" data-element_type=\"column\" data-e-type=\"column\">\n\t\t\t<div class=\"elementor-widget-wrap elementor-element-populated\">\n\t\t\t\t\t\t<div class=\"elementor-element elementor-element-0f4d33f elementor-widget elementor-widget-image\" data-id=\"0f4d33f\" data-element_type=\"widget\" data-e-type=\"widget\" data-widget_type=\"image.default\">\n\t\t\t\t<div class=\"elementor-widget-container\">\n\t\t\t\t\t\t\t\t\t\t\t\t<figure class=\"wp-caption\">\n\t\t\t\t\t\t\t\t\t\t<img decoding=\"async\" src=\"https:\/\/ski-consult.de\/wp-content\/uploads\/elementor\/thumbs\/Gussknoten_Spannungen-oty2ccm3680qokvy8w6uvpu9qp23klwclp9b7qy134.jpg\" title=\"Gussknoten_Spannungen\" alt=\"FEM Berechnung eines Gussknotens\" loading=\"lazy\" \/>\t\t\t\t\t\t\t\t\t\t\t<figcaption class=\"widget-image-caption wp-caption-text\">FEM calculation of a cast node<\/figcaption>\n\t\t\t\t\t\t\t\t\t\t<\/figure>\n\t\t\t\t\t\t\t\t\t<\/div>\n\t\t\t\t<\/div>\n\t\t\t\t\t<\/div>\n\t\t<\/div>\n\t\t\t\t<div class=\"elementor-column elementor-col-50 elementor-inner-column elementor-element elementor-element-c73277e\" data-id=\"c73277e\" data-element_type=\"column\" data-e-type=\"column\">\n\t\t\t<div class=\"elementor-widget-wrap elementor-element-populated\">\n\t\t\t\t\t\t<div class=\"elementor-element elementor-element-9e2b72b elementor-widget elementor-widget-image\" data-id=\"9e2b72b\" data-element_type=\"widget\" data-e-type=\"widget\" data-widget_type=\"image.default\">\n\t\t\t\t<div class=\"elementor-widget-container\">\n\t\t\t\t\t\t\t\t\t\t\t\t<figure class=\"wp-caption\">\n\t\t\t\t\t\t\t\t\t\t<img decoding=\"async\" src=\"https:\/\/ski-consult.de\/wp-content\/uploads\/elementor\/thumbs\/Gussknoten_Detail-oty2cdjxd22106ul3elhg7lqc2xgsb02xtwsp0wmww.jpg\" title=\"Gussknoten_Detail\" alt=\"Optimierung der Ausrundungsradien bei einem Gussknoten\" loading=\"lazy\" \/>\t\t\t\t\t\t\t\t\t\t\t<figcaption class=\"widget-image-caption wp-caption-text\">Optimization of fillet radii in a cast nodes\n<\/figcaption>\n\t\t\t\t\t\t\t\t\t\t<\/figure>\n\t\t\t\t\t\t\t\t\t<\/div>\n\t\t\t\t<\/div>\n\t\t\t\t\t<\/div>\n\t\t<\/div>\n\t\t\t\t\t<\/div>\n\t\t<\/section>\n\t\t\t\t\t<\/div>\n\t\t<\/div>\n\t\t\t\t\t<\/div>\n\t\t<\/section>\n\t\t\t\t<section class=\"elementor-section elementor-top-section elementor-element elementor-element-c8b5780 elementor-section-boxed elementor-section-height-default elementor-section-height-default\" data-id=\"c8b5780\" data-element_type=\"section\" data-e-type=\"section\">\n\t\t\t\t\t\t<div class=\"elementor-container elementor-column-gap-default\">\n\t\t\t\t\t<div class=\"elementor-column elementor-col-100 elementor-top-column elementor-element elementor-element-35425ce\" data-id=\"35425ce\" data-element_type=\"column\" data-e-type=\"column\">\n\t\t\t<div class=\"elementor-widget-wrap elementor-element-populated\">\n\t\t\t\t\t\t<div class=\"elementor-element elementor-element-3e60978 elementor-widget elementor-widget-heading\" data-id=\"3e60978\" data-element_type=\"widget\" data-e-type=\"widget\" data-widget_type=\"heading.default\">\n\t\t\t\t<div class=\"elementor-widget-container\">\n\t\t\t\t\t<h2 class=\"elementor-heading-title elementor-size-default\">Services<\/h2>\t\t\t\t<\/div>\n\t\t\t\t<\/div>\n\t\t\t\t<div class=\"elementor-element elementor-element-0ea9be0 elementor-widget elementor-widget-text-editor\" data-id=\"0ea9be0\" data-element_type=\"widget\" data-e-type=\"widget\" data-widget_type=\"text-editor.default\">\n\t\t\t\t<div class=\"elementor-widget-container\">\n\t\t\t\t\t\t\t\t\t<div><div><div><div><div><div><div><p>The design requires careful planning and calculation. The choice of the right type of node and the right node height depends on various factors, such as the tension, the distance between the nodes and the topography of the terrain. During construction, it is also important to know the materials and their properties in detail. The choice of the right material is crucial for the stability and rigidity of the node.<\/p><p class=\"translation-block\">The\u00a0<a style=\"letter-spacing: 0px;background-color: #ffffff;text-align: left\" href=\"https:\/\/ski-consult.de\/en\/\" target=\"_self\"><span style=\"font-weight: 600\">SKI\u00a0Ingenieurgesellschaft<\/span><\/a> <span style=\"letter-spacing: 0px\">can offer the following services for the design of cast nodes:<\/span><\/p><div><ul><li class=\"translation-block\">Load simulations in the <a href=\"https:\/\/ski-consult.de\/en\/taetigkeitsbreiche\/strukturanalysen\/statische-strukturanalyse\/\" target=\"_self\">limit state of load-bearing capacity and serviceability<\/a><\/li><li class=\"translation-block\">Calculations of <a href=\"https:\/\/ski-consult.de\/en\/taetigkeitsbreiche\/strukturanalysen\/ermuedung\/\" target=\"_self\">fatigue loads in the time and frequency domain<\/a><\/li><li><a title=\"damage accumulation hypothesis\" href=\"https:\/\/ski-consult.de\/en\/stahlrohrturm\/\">Buckling analyzes<\/a>\u00a0<\/li><li class=\"translation-block\">Evidence for <a title=\"damage accumulation hypothesis\" href=\"https:\/\/ski-consult.de\/en\/schweissverbindungen\/\" target=\"_self\">welding<\/a> and <a title=\"damage accumulation hypothesis\" href=\"https:\/\/ski-consult.de\/en\/schraubenverbindungen\/\" target=\"_self\">bolt connections<\/a><\/li><li><a href=\"https:\/\/ski-consult.de\/en\/taetigkeitsbreiche\/strukturanalysen\/ermuedung\/strukturspannungskonzept\/\">Local stress and fatigue calculations<\/a><\/li><li class=\"translation-block\">Concept studies for novel node forms<\/li><\/ul><\/div><\/div><\/div><\/div><\/div><\/div><\/div><\/div>\t\t\t\t\t\t\t\t<\/div>\n\t\t\t\t<\/div>\n\t\t\t\t\t<\/div>\n\t\t<\/div>\n\t\t\t\t\t<\/div>\n\t\t<\/section>\n\t\t\t\t<\/div>","protected":false},"excerpt":{"rendered":"<p>Gussknoten Gussknoten sind ein wichtiger Bestandteil von Br\u00fccken und anderen Tragwerken. Sie bestehen aus einem Gusswerk aus Stahl, das aus mehreren St\u00e4ben und Knotenpunkten zusammengesetzt ist. Diese Konstruktion bietet eine hohe Stabilit\u00e4t und Steifigkeit bei gleichzeitig geringem Gewicht. Die Konstruktion und Berechnung ist ein wichtiger Aspekt bei der Planung von Tragwerken. Die Wahl des geeigneten&#8230;<\/p>","protected":false},"author":4,"featured_media":0,"parent":6152,"menu_order":0,"comment_status":"closed","ping_status":"closed","template":"","meta":{"_acf_changed":false,"footnotes":""},"class_list":["post-6250","page","type-page","status-publish","hentry","no-post-thumbnail"],"acf":[],"yoast_head":"<!-- This site is optimized with the Yoast SEO plugin v27.5 - https:\/\/yoast.com\/product\/yoast-seo-wordpress\/ -->\n<title>Gussknoten &#8226; SKI Ingenieurges. mbH<\/title>\n<meta name=\"description\" content=\"Gussknoten &#8226; SKI kann Berechnungen inkl. Lastermittlung, Modellaufbau und Bewertung der Ergebnisse durchf\u00fchren.\" \/>\n<meta name=\"robots\" content=\"index, follow, max-snippet:-1, max-image-preview:large, max-video-preview:-1\" \/>\n<link rel=\"canonical\" href=\"https:\/\/ski-consult.de\/en\/taetigkeitsbreiche\/strukturanalysen\/verbindungstechnik\/gussknoten\/\" \/>\n<meta property=\"og:locale\" content=\"en_GB\" \/>\n<meta property=\"og:type\" content=\"article\" \/>\n<meta property=\"og:title\" content=\"Gussknoten &#8226; SKI Ingenieurges. mbH\" \/>\n<meta property=\"og:description\" content=\"Gussknoten &#8226; SKI kann Berechnungen inkl. Lastermittlung, Modellaufbau und Bewertung der Ergebnisse durchf\u00fchren.\" \/>\n<meta property=\"og:url\" content=\"https:\/\/ski-consult.de\/en\/taetigkeitsbreiche\/strukturanalysen\/verbindungstechnik\/gussknoten\/\" \/>\n<meta property=\"og:site_name\" content=\"SKI Ingenieurges. mbH\" \/>\n<meta property=\"article:modified_time\" content=\"2023-12-29T08:10:19+00:00\" \/>\n<meta property=\"og:image\" content=\"https:\/\/ski-consult.de\/wp-content\/uploads\/elementor\/thumbs\/Gussknoten_Spannungen-oty2ccm3680qokvy8w6uvpu9qp23klwclp9b7qy134.jpg\" \/>\n<meta name=\"twitter:card\" content=\"summary_large_image\" \/>\n<meta name=\"twitter:label1\" content=\"Estimated reading time\" \/>\n\t<meta name=\"twitter:data1\" content=\"3 minutes\" \/>\n<script type=\"application\/ld+json\" class=\"yoast-schema-graph\">{\"@context\":\"https:\\\/\\\/schema.org\",\"@graph\":[{\"@type\":\"WebPage\",\"@id\":\"https:\\\/\\\/ski-consult.de\\\/taetigkeitsbreiche\\\/strukturanalysen\\\/verbindungstechnik\\\/gussknoten\\\/\",\"url\":\"https:\\\/\\\/ski-consult.de\\\/taetigkeitsbreiche\\\/strukturanalysen\\\/verbindungstechnik\\\/gussknoten\\\/\",\"name\":\"Gussknoten &#8226; SKI Ingenieurges. mbH\",\"isPartOf\":{\"@id\":\"https:\\\/\\\/ski-consult.de\\\/#website\"},\"primaryImageOfPage\":{\"@id\":\"https:\\\/\\\/ski-consult.de\\\/taetigkeitsbreiche\\\/strukturanalysen\\\/verbindungstechnik\\\/gussknoten\\\/#primaryimage\"},\"image\":{\"@id\":\"https:\\\/\\\/ski-consult.de\\\/taetigkeitsbreiche\\\/strukturanalysen\\\/verbindungstechnik\\\/gussknoten\\\/#primaryimage\"},\"thumbnailUrl\":\"https:\\\/\\\/ski-consult.de\\\/wp-content\\\/uploads\\\/elementor\\\/thumbs\\\/Gussknoten_Spannungen-oty2ccm3680qokvy8w6uvpu9qp23klwclp9b7qy134.jpg\",\"datePublished\":\"2020-08-03T14:21:41+00:00\",\"dateModified\":\"2023-12-29T08:10:19+00:00\",\"description\":\"Gussknoten &#8226; SKI kann Berechnungen inkl. Lastermittlung, Modellaufbau und Bewertung der Ergebnisse durchf\u00fchren.\",\"breadcrumb\":{\"@id\":\"https:\\\/\\\/ski-consult.de\\\/taetigkeitsbreiche\\\/strukturanalysen\\\/verbindungstechnik\\\/gussknoten\\\/#breadcrumb\"},\"inLanguage\":\"en-GB\",\"potentialAction\":[{\"@type\":\"ReadAction\",\"target\":[\"https:\\\/\\\/ski-consult.de\\\/taetigkeitsbreiche\\\/strukturanalysen\\\/verbindungstechnik\\\/gussknoten\\\/\"]}]},{\"@type\":\"ImageObject\",\"inLanguage\":\"en-GB\",\"@id\":\"https:\\\/\\\/ski-consult.de\\\/taetigkeitsbreiche\\\/strukturanalysen\\\/verbindungstechnik\\\/gussknoten\\\/#primaryimage\",\"url\":\"https:\\\/\\\/ski-consult.de\\\/wp-content\\\/uploads\\\/elementor\\\/thumbs\\\/Gussknoten_Spannungen-oty2ccm3680qokvy8w6uvpu9qp23klwclp9b7qy134.jpg\",\"contentUrl\":\"https:\\\/\\\/ski-consult.de\\\/wp-content\\\/uploads\\\/elementor\\\/thumbs\\\/Gussknoten_Spannungen-oty2ccm3680qokvy8w6uvpu9qp23klwclp9b7qy134.jpg\"},{\"@type\":\"BreadcrumbList\",\"@id\":\"https:\\\/\\\/ski-consult.de\\\/taetigkeitsbreiche\\\/strukturanalysen\\\/verbindungstechnik\\\/gussknoten\\\/#breadcrumb\",\"itemListElement\":[{\"@type\":\"ListItem\",\"position\":1,\"name\":\"Startseite\",\"item\":\"https:\\\/\\\/ski-consult.de\\\/\"},{\"@type\":\"ListItem\",\"position\":2,\"name\":\"T\u00e4tigkeitsbereiche\",\"item\":\"https:\\\/\\\/ski-consult.de\\\/taetigkeitsbreiche\\\/\"},{\"@type\":\"ListItem\",\"position\":3,\"name\":\"Strukturanalysen\",\"item\":\"https:\\\/\\\/ski-consult.de\\\/taetigkeitsbreiche\\\/strukturanalysen\\\/\"},{\"@type\":\"ListItem\",\"position\":4,\"name\":\"Verbindungstechnik\",\"item\":\"https:\\\/\\\/ski-consult.de\\\/taetigkeitsbreiche\\\/strukturanalysen\\\/verbindungstechnik\\\/\"},{\"@type\":\"ListItem\",\"position\":5,\"name\":\"Gussknoten\"}]},{\"@type\":\"WebSite\",\"@id\":\"https:\\\/\\\/ski-consult.de\\\/#website\",\"url\":\"https:\\\/\\\/ski-consult.de\\\/\",\"name\":\"SKI Ingenieurges. mbH\",\"description\":\"Bauwesen und innovative Entwicklungsarbeiten\",\"publisher\":{\"@id\":\"https:\\\/\\\/ski-consult.de\\\/#organization\"},\"potentialAction\":[{\"@type\":\"SearchAction\",\"target\":{\"@type\":\"EntryPoint\",\"urlTemplate\":\"https:\\\/\\\/ski-consult.de\\\/?s={search_term_string}\"},\"query-input\":{\"@type\":\"PropertyValueSpecification\",\"valueRequired\":true,\"valueName\":\"search_term_string\"}}],\"inLanguage\":\"en-GB\"},{\"@type\":\"Organization\",\"@id\":\"https:\\\/\\\/ski-consult.de\\\/#organization\",\"name\":\"SKI Ingenieurges. mbh\",\"url\":\"https:\\\/\\\/ski-consult.de\\\/\",\"logo\":{\"@type\":\"ImageObject\",\"inLanguage\":\"en-GB\",\"@id\":\"https:\\\/\\\/ski-consult.de\\\/#\\\/schema\\\/logo\\\/image\\\/\",\"url\":\"https:\\\/\\\/ski-consult.de\\\/wp-content\\\/uploads\\\/2020\\\/07\\\/SKI_Logo_1026px_72dpi_rgb.png\",\"contentUrl\":\"https:\\\/\\\/ski-consult.de\\\/wp-content\\\/uploads\\\/2020\\\/07\\\/SKI_Logo_1026px_72dpi_rgb.png\",\"width\":1026,\"height\":373,\"caption\":\"SKI Ingenieurges. mbh\"},\"image\":{\"@id\":\"https:\\\/\\\/ski-consult.de\\\/#\\\/schema\\\/logo\\\/image\\\/\"}}]}<\/script>\n<!-- \/ Yoast SEO plugin. -->","yoast_head_json":{"title":"Gussknoten &#8226; SKI Ingenieurges. mbH","description":"Gussknoten &#8226; SKI kann Berechnungen inkl. Lastermittlung, Modellaufbau und Bewertung der Ergebnisse durchf\u00fchren.","robots":{"index":"index","follow":"follow","max-snippet":"max-snippet:-1","max-image-preview":"max-image-preview:large","max-video-preview":"max-video-preview:-1"},"canonical":"https:\/\/ski-consult.de\/en\/taetigkeitsbreiche\/strukturanalysen\/verbindungstechnik\/gussknoten\/","og_locale":"en_GB","og_type":"article","og_title":"Gussknoten &#8226; SKI Ingenieurges. mbH","og_description":"Gussknoten &#8226; SKI kann Berechnungen inkl. Lastermittlung, Modellaufbau und Bewertung der Ergebnisse durchf\u00fchren.","og_url":"https:\/\/ski-consult.de\/en\/taetigkeitsbreiche\/strukturanalysen\/verbindungstechnik\/gussknoten\/","og_site_name":"SKI Ingenieurges. mbH","article_modified_time":"2023-12-29T08:10:19+00:00","og_image":[{"url":"https:\/\/ski-consult.de\/wp-content\/uploads\/elementor\/thumbs\/Gussknoten_Spannungen-oty2ccm3680qokvy8w6uvpu9qp23klwclp9b7qy134.jpg","type":"","width":"","height":""}],"twitter_card":"summary_large_image","twitter_misc":{"Estimated reading time":"3 minutes"},"schema":{"@context":"https:\/\/schema.org","@graph":[{"@type":"WebPage","@id":"https:\/\/ski-consult.de\/taetigkeitsbreiche\/strukturanalysen\/verbindungstechnik\/gussknoten\/","url":"https:\/\/ski-consult.de\/taetigkeitsbreiche\/strukturanalysen\/verbindungstechnik\/gussknoten\/","name":"Gussknoten &#8226; SKI Ingenieurges. mbH","isPartOf":{"@id":"https:\/\/ski-consult.de\/#website"},"primaryImageOfPage":{"@id":"https:\/\/ski-consult.de\/taetigkeitsbreiche\/strukturanalysen\/verbindungstechnik\/gussknoten\/#primaryimage"},"image":{"@id":"https:\/\/ski-consult.de\/taetigkeitsbreiche\/strukturanalysen\/verbindungstechnik\/gussknoten\/#primaryimage"},"thumbnailUrl":"https:\/\/ski-consult.de\/wp-content\/uploads\/elementor\/thumbs\/Gussknoten_Spannungen-oty2ccm3680qokvy8w6uvpu9qp23klwclp9b7qy134.jpg","datePublished":"2020-08-03T14:21:41+00:00","dateModified":"2023-12-29T08:10:19+00:00","description":"Gussknoten &#8226; SKI kann Berechnungen inkl. Lastermittlung, Modellaufbau und Bewertung der Ergebnisse durchf\u00fchren.","breadcrumb":{"@id":"https:\/\/ski-consult.de\/taetigkeitsbreiche\/strukturanalysen\/verbindungstechnik\/gussknoten\/#breadcrumb"},"inLanguage":"en-GB","potentialAction":[{"@type":"ReadAction","target":["https:\/\/ski-consult.de\/taetigkeitsbreiche\/strukturanalysen\/verbindungstechnik\/gussknoten\/"]}]},{"@type":"ImageObject","inLanguage":"en-GB","@id":"https:\/\/ski-consult.de\/taetigkeitsbreiche\/strukturanalysen\/verbindungstechnik\/gussknoten\/#primaryimage","url":"https:\/\/ski-consult.de\/wp-content\/uploads\/elementor\/thumbs\/Gussknoten_Spannungen-oty2ccm3680qokvy8w6uvpu9qp23klwclp9b7qy134.jpg","contentUrl":"https:\/\/ski-consult.de\/wp-content\/uploads\/elementor\/thumbs\/Gussknoten_Spannungen-oty2ccm3680qokvy8w6uvpu9qp23klwclp9b7qy134.jpg"},{"@type":"BreadcrumbList","@id":"https:\/\/ski-consult.de\/taetigkeitsbreiche\/strukturanalysen\/verbindungstechnik\/gussknoten\/#breadcrumb","itemListElement":[{"@type":"ListItem","position":1,"name":"Startseite","item":"https:\/\/ski-consult.de\/"},{"@type":"ListItem","position":2,"name":"T\u00e4tigkeitsbereiche","item":"https:\/\/ski-consult.de\/taetigkeitsbreiche\/"},{"@type":"ListItem","position":3,"name":"Strukturanalysen","item":"https:\/\/ski-consult.de\/taetigkeitsbreiche\/strukturanalysen\/"},{"@type":"ListItem","position":4,"name":"Verbindungstechnik","item":"https:\/\/ski-consult.de\/taetigkeitsbreiche\/strukturanalysen\/verbindungstechnik\/"},{"@type":"ListItem","position":5,"name":"Gussknoten"}]},{"@type":"WebSite","@id":"https:\/\/ski-consult.de\/#website","url":"https:\/\/ski-consult.de\/","name":"SKI Ingenieurges. mbH","description":"Bauwesen und innovative Entwicklungsarbeiten","publisher":{"@id":"https:\/\/ski-consult.de\/#organization"},"potentialAction":[{"@type":"SearchAction","target":{"@type":"EntryPoint","urlTemplate":"https:\/\/ski-consult.de\/?s={search_term_string}"},"query-input":{"@type":"PropertyValueSpecification","valueRequired":true,"valueName":"search_term_string"}}],"inLanguage":"en-GB"},{"@type":"Organization","@id":"https:\/\/ski-consult.de\/#organization","name":"SKI Ingenieurges. mbh","url":"https:\/\/ski-consult.de\/","logo":{"@type":"ImageObject","inLanguage":"en-GB","@id":"https:\/\/ski-consult.de\/#\/schema\/logo\/image\/","url":"https:\/\/ski-consult.de\/wp-content\/uploads\/2020\/07\/SKI_Logo_1026px_72dpi_rgb.png","contentUrl":"https:\/\/ski-consult.de\/wp-content\/uploads\/2020\/07\/SKI_Logo_1026px_72dpi_rgb.png","width":1026,"height":373,"caption":"SKI Ingenieurges. mbh"},"image":{"@id":"https:\/\/ski-consult.de\/#\/schema\/logo\/image\/"}}]}},"_links":{"self":[{"href":"https:\/\/ski-consult.de\/en\/wp-json\/wp\/v2\/pages\/6250","targetHints":{"allow":["GET"]}}],"collection":[{"href":"https:\/\/ski-consult.de\/en\/wp-json\/wp\/v2\/pages"}],"about":[{"href":"https:\/\/ski-consult.de\/en\/wp-json\/wp\/v2\/types\/page"}],"author":[{"embeddable":true,"href":"https:\/\/ski-consult.de\/en\/wp-json\/wp\/v2\/users\/4"}],"replies":[{"embeddable":true,"href":"https:\/\/ski-consult.de\/en\/wp-json\/wp\/v2\/comments?post=6250"}],"version-history":[{"count":0,"href":"https:\/\/ski-consult.de\/en\/wp-json\/wp\/v2\/pages\/6250\/revisions"}],"up":[{"embeddable":true,"href":"https:\/\/ski-consult.de\/en\/wp-json\/wp\/v2\/pages\/6152"}],"wp:attachment":[{"href":"https:\/\/ski-consult.de\/en\/wp-json\/wp\/v2\/media?parent=6250"}],"curies":[{"name":"wp","href":"https:\/\/api.w.org\/{rel}","templated":true}]}}