{"id":6281,"date":"2020-08-04T18:00:02","date_gmt":"2020-08-04T16:00:02","guid":{"rendered":"http:\/\/neu.ski-consult.de\/?page_id=6281"},"modified":"2023-11-16T15:14:36","modified_gmt":"2023-11-16T14:14:36","slug":"strukturanalysen","status":"publish","type":"page","link":"https:\/\/ski-consult.de\/en\/taetigkeitsbreiche\/strukturanalysen\/","title":{"rendered":"Structural analyzes"},"content":{"rendered":"<div data-elementor-type=\"wp-page\" data-elementor-id=\"6281\" class=\"elementor elementor-6281\">\n\t\t\t\t\t\t<section class=\"elementor-section elementor-top-section elementor-element elementor-element-a8d0536 elementor-section-boxed elementor-section-height-default elementor-section-height-default\" data-id=\"a8d0536\" data-element_type=\"section\" data-e-type=\"section\">\n\t\t\t\t\t\t<div class=\"elementor-container elementor-column-gap-default\">\n\t\t\t\t\t<div class=\"elementor-column elementor-col-100 elementor-top-column elementor-element elementor-element-260c914\" data-id=\"260c914\" data-element_type=\"column\" data-e-type=\"column\">\n\t\t\t<div class=\"elementor-widget-wrap elementor-element-populated\">\n\t\t\t\t\t\t<div class=\"elementor-element elementor-element-28ff823 elementor-widget elementor-widget-heading\" data-id=\"28ff823\" data-element_type=\"widget\" data-e-type=\"widget\" data-widget_type=\"heading.default\">\n\t\t\t\t<div class=\"elementor-widget-container\">\n\t\t\t\t\t<h2 class=\"elementor-heading-title elementor-size-default\">A variety of calculation options\n<\/h2>\t\t\t\t<\/div>\n\t\t\t\t<\/div>\n\t\t\t\t\t<\/div>\n\t\t<\/div>\n\t\t\t\t\t<\/div>\n\t\t<\/section>\n\t\t\t\t<section class=\"elementor-section elementor-top-section elementor-element elementor-element-e1d5b5c elementor-section-boxed elementor-section-height-default elementor-section-height-default\" data-id=\"e1d5b5c\" data-element_type=\"section\" data-e-type=\"section\">\n\t\t\t\t\t\t<div class=\"elementor-container elementor-column-gap-default\">\n\t\t\t\t\t<div class=\"elementor-column elementor-col-100 elementor-top-column elementor-element elementor-element-508e47f\" data-id=\"508e47f\" data-element_type=\"column\" data-e-type=\"column\">\n\t\t\t<div class=\"elementor-widget-wrap elementor-element-populated\">\n\t\t\t\t\t\t<div class=\"elementor-element elementor-element-6643d6e elementor-widget elementor-widget-text-editor\" data-id=\"6643d6e\" data-element_type=\"widget\" data-e-type=\"widget\" data-widget_type=\"text-editor.default\">\n\t\t\t\t<div class=\"elementor-widget-container\">\n\t\t\t\t\t\t\t\t\t<p>The SKI engineering company has numerous calculation tools to handle complex tasks in the construction industry can. An excerpt from the catalog is located under the following categories:<\/p>\t\t\t\t\t\t\t\t<\/div>\n\t\t\t\t<\/div>\n\t\t\t\t\t<\/div>\n\t\t<\/div>\n\t\t\t\t\t<\/div>\n\t\t<\/section>\n\t\t\t\t<section class=\"elementor-section elementor-top-section elementor-element elementor-element-5ec8364 elementor-section-boxed elementor-section-height-default elementor-section-height-default\" data-id=\"5ec8364\" data-element_type=\"section\" data-e-type=\"section\">\n\t\t\t\t\t\t<div class=\"elementor-container elementor-column-gap-default\">\n\t\t\t\t\t<div class=\"elementor-column elementor-col-33 elementor-top-column elementor-element elementor-element-c4a142b\" data-id=\"c4a142b\" data-element_type=\"column\" data-e-type=\"column\">\n\t\t\t<div class=\"elementor-widget-wrap elementor-element-populated\">\n\t\t\t\t\t\t<div class=\"elementor-element elementor-element-33a65c1 elementor-widget elementor-widget-wp-widget-nav_menu\" data-id=\"33a65c1\" data-element_type=\"widget\" data-e-type=\"widget\" data-widget_type=\"wp-widget-nav_menu.default\">\n\t\t\t\t<div class=\"elementor-widget-container\">\n\t\t\t\t\t<h5>Structural analyzes<\/h5><div class=\"menu-strukturanalysen-container\"><ul id=\"menu-strukturanalysen\" class=\"menu\"><li id=\"menu-item-8449\" class=\"menu-item menu-item-type-post_type menu-item-object-page menu-item-8449\"><a href=\"https:\/\/ski-consult.de\/en\/taetigkeitsbreiche\/strukturanalysen\/dynamische-strukturanalysen\/\">Dynamic structure analyzes<\/a><\/li>\n<li id=\"menu-item-8447\" class=\"menu-item menu-item-type-post_type menu-item-object-page menu-item-8447\"><a href=\"https:\/\/ski-consult.de\/en\/taetigkeitsbreiche\/strukturanalysen\/ermuedung\/\">Fatigue limit<\/a><\/li>\n<li id=\"menu-item-8448\" class=\"menu-item menu-item-type-post_type menu-item-object-page menu-item-8448\"><a href=\"https:\/\/ski-consult.de\/en\/taetigkeitsbreiche\/strukturanalysen\/finite-element-berechnungen\/\">Finite Element Berechnungen<\/a><\/li>\n<li id=\"menu-item-8444\" class=\"menu-item menu-item-type-post_type menu-item-object-page menu-item-8444\"><a href=\"https:\/\/ski-consult.de\/en\/taetigkeitsbreiche\/messtechnik\/reverse-engineering\/\">Reverse Engineering<\/a><\/li>\n<li id=\"menu-item-8443\" class=\"menu-item menu-item-type-post_type menu-item-object-page menu-item-8443\"><a href=\"https:\/\/ski-consult.de\/en\/taetigkeitsbreiche\/strukturanalysen\/statische-strukturanalyse\/\">Statische Strukturanalysen<\/a><\/li>\n<li id=\"menu-item-8770\" class=\"menu-item menu-item-type-post_type menu-item-object-page menu-item-8770\"><a href=\"https:\/\/ski-consult.de\/en\/taetigkeitsbreiche\/strukturanalysen\/\">Structural analyzes<\/a><\/li>\n<li id=\"menu-item-8446\" class=\"menu-item menu-item-type-post_type menu-item-object-page menu-item-8446\"><a href=\"https:\/\/ski-consult.de\/en\/taetigkeitsbreiche\/strukturanalysen\/verbindungstechnik\/\">Connection technology<\/a><\/li>\n<li id=\"menu-item-8442\" class=\"menu-item menu-item-type-post_type menu-item-object-page menu-item-8442\"><a href=\"https:\/\/ski-consult.de\/en\/taetigkeitsbreiche\/strukturanalysen\/wirbelerregte-querschwingung\/\">Vortex induced vibrations<\/a><\/li>\n<\/ul><\/div>\t\t\t\t<\/div>\n\t\t\t\t<\/div>\n\t\t\t\t\t<\/div>\n\t\t<\/div>\n\t\t\t\t<div class=\"elementor-column elementor-col-33 elementor-top-column elementor-element elementor-element-e70072f\" data-id=\"e70072f\" data-element_type=\"column\" data-e-type=\"column\">\n\t\t\t<div class=\"elementor-widget-wrap elementor-element-populated\">\n\t\t\t\t\t\t<div class=\"elementor-element elementor-element-c59d2a5 elementor-widget elementor-widget-wp-widget-nav_menu\" data-id=\"c59d2a5\" data-element_type=\"widget\" data-e-type=\"widget\" data-widget_type=\"wp-widget-nav_menu.default\">\n\t\t\t\t<div class=\"elementor-widget-container\">\n\t\t\t\t\t<h5>Fatigue limit<\/h5><div class=\"menu-ermuedung-container\"><ul id=\"menu-ermuedung\" class=\"menu\"><li id=\"menu-item-8563\" class=\"menu-item menu-item-type-post_type menu-item-object-page menu-item-8563\"><a href=\"https:\/\/ski-consult.de\/en\/taetigkeitsbreiche\/strukturanalysen\/ermuedung\/betriebsfestigkeit\/\">Fatigue strength<\/a><\/li>\n<li id=\"menu-item-8580\" class=\"menu-item menu-item-type-post_type menu-item-object-page menu-item-8580\"><a href=\"https:\/\/ski-consult.de\/en\/taetigkeitsbreiche\/strukturanalysen\/ermuedung\/\">Fatigue limit<\/a><\/li>\n<li id=\"menu-item-8564\" class=\"menu-item menu-item-type-post_type menu-item-object-page menu-item-8564\"><a href=\"https:\/\/ski-consult.de\/en\/taetigkeitsbreiche\/strukturanalysen\/ermuedung\/kerbdehnungskonzept\/\">Notch strain concept<\/a><\/li>\n<li id=\"menu-item-8565\" class=\"menu-item menu-item-type-post_type menu-item-object-page menu-item-8565\"><a href=\"https:\/\/ski-consult.de\/en\/taetigkeitsbreiche\/strukturanalysen\/ermuedung\/kerbspannungskonzept\/\">Notch stress concept<\/a><\/li>\n<li id=\"menu-item-8566\" class=\"menu-item menu-item-type-post_type menu-item-object-page menu-item-8566\"><a href=\"https:\/\/ski-consult.de\/en\/taetigkeitsbreiche\/strukturanalysen\/ermuedung\/nennspannungskonzept\/\">Nominal stress concept<\/a><\/li>\n<li id=\"menu-item-8567\" class=\"menu-item menu-item-type-post_type menu-item-object-page menu-item-8567\"><a href=\"https:\/\/ski-consult.de\/en\/taetigkeitsbreiche\/strukturanalysen\/ermuedung\/rissfortschrittskonzept\/\">Crack growth concept<\/a><\/li>\n<li id=\"menu-item-8561\" class=\"menu-item menu-item-type-post_type menu-item-object-page menu-item-8561\"><a href=\"https:\/\/ski-consult.de\/en\/taetigkeitsbreiche\/strukturanalysen\/ermuedung\/spannungsintensitaetskonzept\/\">Stress intensity concept<\/a><\/li>\n<li id=\"menu-item-8562\" class=\"menu-item menu-item-type-post_type menu-item-object-page menu-item-8562\"><a href=\"https:\/\/ski-consult.de\/en\/taetigkeitsbreiche\/strukturanalysen\/ermuedung\/strukturspannungskonzept\/\">Structural stress concept<\/a><\/li>\n<li id=\"menu-item-8568\" class=\"menu-item menu-item-type-post_type menu-item-object-page menu-item-8568\"><a href=\"https:\/\/ski-consult.de\/en\/taetigkeitsbreiche\/strukturanalysen\/ermuedung\/schadensakkumulation\/\">Damage accumulation<\/a><\/li>\n<\/ul><\/div>\t\t\t\t<\/div>\n\t\t\t\t<\/div>\n\t\t\t\t\t<\/div>\n\t\t<\/div>\n\t\t\t\t<div class=\"elementor-column elementor-col-33 elementor-top-column elementor-element elementor-element-dcab01f\" data-id=\"dcab01f\" data-element_type=\"column\" data-e-type=\"column\">\n\t\t\t<div class=\"elementor-widget-wrap elementor-element-populated\">\n\t\t\t\t\t\t<div class=\"elementor-element elementor-element-61fdb43 elementor-widget elementor-widget-wp-widget-nav_menu\" data-id=\"61fdb43\" data-element_type=\"widget\" data-e-type=\"widget\" data-widget_type=\"wp-widget-nav_menu.default\">\n\t\t\t\t<div class=\"elementor-widget-container\">\n\t\t\t\t\t<h5>Connection technology<\/h5><div class=\"menu-verbindungstechnik-container\"><ul id=\"menu-verbindungstechnik\" class=\"menu\"><li id=\"menu-item-8569\" class=\"menu-item menu-item-type-post_type menu-item-object-page menu-item-8569\"><a href=\"https:\/\/ski-consult.de\/en\/taetigkeitsbreiche\/strukturanalysen\/verbindungstechnik\/grouted-joints\/\">grouted Joints<\/a><\/li>\n<li id=\"menu-item-8570\" class=\"menu-item menu-item-type-post_type menu-item-object-page menu-item-8570\"><a href=\"https:\/\/ski-consult.de\/en\/taetigkeitsbreiche\/strukturanalysen\/verbindungstechnik\/gussknoten\/\">Cast nodes<\/a><\/li>\n<li id=\"menu-item-8571\" class=\"menu-item menu-item-type-post_type menu-item-object-page menu-item-8571\"><a href=\"https:\/\/ski-consult.de\/en\/taetigkeitsbreiche\/strukturanalysen\/verbindungstechnik\/ringflanschverbindungen\/\">ring flange connections<\/a><\/li>\n<li id=\"menu-item-8572\" class=\"menu-item menu-item-type-post_type menu-item-object-page menu-item-8572\"><a href=\"https:\/\/ski-consult.de\/en\/taetigkeitsbreiche\/strukturanalysen\/verbindungstechnik\/sandwich-joints\/\">Sandwich Joints<\/a><\/li>\n<li id=\"menu-item-8573\" class=\"menu-item menu-item-type-post_type menu-item-object-page menu-item-8573\"><a href=\"https:\/\/ski-consult.de\/en\/taetigkeitsbreiche\/strukturanalysen\/verbindungstechnik\/schraubenverbindungen\/\">wolted connections<\/a><\/li>\n<li id=\"menu-item-8574\" class=\"menu-item menu-item-type-post_type menu-item-object-page menu-item-8574\"><a href=\"https:\/\/ski-consult.de\/en\/taetigkeitsbreiche\/strukturanalysen\/verbindungstechnik\/schweissverbindungen\/\">welded connections<\/a><\/li>\n<li id=\"menu-item-8576\" class=\"menu-item menu-item-type-post_type menu-item-object-page menu-item-8576\"><a href=\"https:\/\/ski-consult.de\/en\/taetigkeitsbreiche\/strukturanalysen\/verbindungstechnik\/transition-piece\/\">Transition Piece<\/a><\/li>\n<li id=\"menu-item-8575\" class=\"menu-item menu-item-type-post_type menu-item-object-page menu-item-8575\"><a href=\"https:\/\/ski-consult.de\/en\/taetigkeitsbreiche\/strukturanalysen\/verbindungstechnik\/\">Connection technology<\/a><\/li>\n<\/ul><\/div>\t\t\t\t<\/div>\n\t\t\t\t<\/div>\n\t\t\t\t\t<\/div>\n\t\t<\/div>\n\t\t\t\t\t<\/div>\n\t\t<\/section>\n\t\t\t\t<section class=\"elementor-section elementor-top-section elementor-element elementor-element-dec5670 elementor-section-boxed elementor-section-height-default elementor-section-height-default\" data-id=\"dec5670\" data-element_type=\"section\" data-e-type=\"section\">\n\t\t\t\t\t\t<div class=\"elementor-container elementor-column-gap-default\">\n\t\t\t\t\t<div class=\"elementor-column elementor-col-33 elementor-top-column elementor-element elementor-element-1938c60\" data-id=\"1938c60\" data-element_type=\"column\" data-e-type=\"column\">\n\t\t\t<div class=\"elementor-widget-wrap elementor-element-populated\">\n\t\t\t\t\t\t<div class=\"elementor-element elementor-element-15b99a4 elementor-widget elementor-widget-image\" data-id=\"15b99a4\" data-element_type=\"widget\" data-e-type=\"widget\" data-widget_type=\"image.default\">\n\t\t\t\t<div class=\"elementor-widget-container\">\n\t\t\t\t\t\t\t\t\t\t\t\t<figure class=\"wp-caption\">\n\t\t\t\t\t\t\t\t\t\t\t<a href=\"https:\/\/ski-consult.de\/wp-content\/uploads\/2020\/09\/Bild-02.jpg\" data-elementor-open-lightbox=\"yes\" data-elementor-lightbox-title=\"Vergleichsspannungen\" data-e-action-hash=\"#elementor-action%3Aaction%3Dlightbox%26settings%3DeyJpZCI6Njc0MSwidXJsIjoiaHR0cHM6XC9cL3NraS1jb25zdWx0LmRlXC93cC1jb250ZW50XC91cGxvYWRzXC8yMDIwXC8wOVwvQmlsZC0wMi5qcGcifQ%3D%3D\">\n\t\t\t\t\t\t\t<img decoding=\"async\" src=\"https:\/\/ski-consult.de\/wp-content\/uploads\/elementor\/thumbs\/Bild-02-ovlnp4r5ujvjphyo1oswsslhocia8fos4h90az4ohs.jpg\" title=\"Equivalent stresses\" alt=\"Vergleichsspannungen\" loading=\"lazy\" \/>\t\t\t\t\t\t\t\t<\/a>\n\t\t\t\t\t\t\t\t\t\t\t<figcaption class=\"widget-image-caption wp-caption-text\">Equivalent stresses<\/figcaption>\n\t\t\t\t\t\t\t\t\t\t<\/figure>\n\t\t\t\t\t\t\t\t\t<\/div>\n\t\t\t\t<\/div>\n\t\t\t\t\t<\/div>\n\t\t<\/div>\n\t\t\t\t<div class=\"elementor-column elementor-col-33 elementor-top-column elementor-element elementor-element-c2d2e60\" data-id=\"c2d2e60\" data-element_type=\"column\" data-e-type=\"column\">\n\t\t\t<div class=\"elementor-widget-wrap elementor-element-populated\">\n\t\t\t\t\t\t<div class=\"elementor-element elementor-element-d897969 elementor-widget elementor-widget-image\" data-id=\"d897969\" data-element_type=\"widget\" data-e-type=\"widget\" data-widget_type=\"image.default\">\n\t\t\t\t<div class=\"elementor-widget-container\">\n\t\t\t\t\t\t\t\t\t\t\t\t<figure class=\"wp-caption\">\n\t\t\t\t\t\t\t\t\t\t\t<a href=\"https:\/\/ski-consult.de\/wp-content\/uploads\/2020\/08\/csm_Anriss_Stumpfnaht_Modell_1295fc2ce0.jpg\" data-elementor-open-lightbox=\"yes\" data-elementor-lightbox-title=\"Rissverlauf bei einer Stumpfnaht\" data-e-action-hash=\"#elementor-action%3Aaction%3Dlightbox%26settings%3DeyJpZCI6NjQxNiwidXJsIjoiaHR0cHM6XC9cL3NraS1jb25zdWx0LmRlXC93cC1jb250ZW50XC91cGxvYWRzXC8yMDIwXC8wOFwvY3NtX0Fucmlzc19TdHVtcGZuYWh0X01vZGVsbF8xMjk1ZmMyY2UwLmpwZyJ9\">\n\t\t\t\t\t\t\t<img decoding=\"async\" src=\"https:\/\/ski-consult.de\/wp-content\/uploads\/elementor\/thumbs\/csm_Anriss_Stumpfnaht_Modell_1295fc2ce0-oty28pyis91vus5qftppr4t764y2uohnrqktiabr40.jpg\" title=\"Rissverlauf bei einer Stumpfnaht\" alt=\"Rissverlauf bei einer Stumpfnaht\" loading=\"lazy\" \/>\t\t\t\t\t\t\t\t<\/a>\n\t\t\t\t\t\t\t\t\t\t\t<figcaption class=\"widget-image-caption wp-caption-text\">Crack propagation in a butt joint (simulation)\n<\/figcaption>\n\t\t\t\t\t\t\t\t\t\t<\/figure>\n\t\t\t\t\t\t\t\t\t<\/div>\n\t\t\t\t<\/div>\n\t\t\t\t\t<\/div>\n\t\t<\/div>\n\t\t\t\t<div class=\"elementor-column elementor-col-33 elementor-top-column elementor-element elementor-element-f0d4a45\" data-id=\"f0d4a45\" data-element_type=\"column\" data-e-type=\"column\">\n\t\t\t<div class=\"elementor-widget-wrap elementor-element-populated\">\n\t\t\t\t\t\t<div class=\"elementor-element elementor-element-9fa7c39 elementor-widget elementor-widget-image\" data-id=\"9fa7c39\" data-element_type=\"widget\" data-e-type=\"widget\" data-widget_type=\"image.default\">\n\t\t\t\t<div class=\"elementor-widget-container\">\n\t\t\t\t\t\t\t\t\t\t\t\t<figure class=\"wp-caption\">\n\t\t\t\t\t\t\t\t\t\t\t<a href=\"https:\/\/ski-consult.de\/wp-content\/uploads\/2020\/08\/csm_Detail_06_997e800ae6.jpg\" data-elementor-open-lightbox=\"yes\" data-elementor-lightbox-title=\"csm_Detail_06_997e800ae6\" data-e-action-hash=\"#elementor-action%3Aaction%3Dlightbox%26settings%3DeyJpZCI6NjMxNywidXJsIjoiaHR0cHM6XC9cL3NraS1jb25zdWx0LmRlXC93cC1jb250ZW50XC91cGxvYWRzXC8yMDIwXC8wOFwvY3NtX0RldGFpbF8wNl85OTdlODAwYWU2LmpwZyJ9\">\n\t\t\t\t\t\t\t<img decoding=\"async\" src=\"https:\/\/ski-consult.de\/wp-content\/uploads\/elementor\/thumbs\/csm_Detail_06_997e800ae6-oty2ar9xlbu90d78jpem5mb5i6wpj2kq1tgoxvb1mo.jpg\" title=\"csm_Detail_06_997e800ae6\" alt=\"Schraubenanschluss\" loading=\"lazy\" \/>\t\t\t\t\t\t\t\t<\/a>\n\t\t\t\t\t\t\t\t\t\t\t<figcaption class=\"widget-image-caption wp-caption-text\">Bolt connection<\/figcaption>\n\t\t\t\t\t\t\t\t\t\t<\/figure>\n\t\t\t\t\t\t\t\t\t<\/div>\n\t\t\t\t<\/div>\n\t\t\t\t\t<\/div>\n\t\t<\/div>\n\t\t\t\t\t<\/div>\n\t\t<\/section>\n\t\t\t\t<\/div>","protected":false},"excerpt":{"rendered":"<p>Eine Vielzahl von Berechnungsm\u00f6glichkeiten Die SKI Ingenieurgesellschaft verf\u00fcgt \u00fcber zahlreiche Berechnungstools, um auch komplexe Aufgabenstellungen im Bauwesen bearbeiten zu k\u00f6nnen. Ein Auszug aus dem Leistungskatalog befindet sich in den folgenden Rubriken: Vergleichsspannungen Rissverlauf bei einer Stumpfnaht (Simulation) Schraubenanschluss<\/p>","protected":false},"author":4,"featured_media":0,"parent":7525,"menu_order":0,"comment_status":"closed","ping_status":"closed","template":"","meta":{"_acf_changed":false,"footnotes":""},"class_list":["post-6281","page","type-page","status-publish","hentry","no-post-thumbnail"],"acf":[],"yoast_head":"<!-- This site is optimized with the Yoast SEO plugin v27.3 - https:\/\/yoast.com\/product\/yoast-seo-wordpress\/ -->\n<title>Strukturanalysen &#8226; SKI Ingenieurges. mbH<\/title>\n<meta name=\"description\" content=\"Strukturanalysen &#8226; SKI kann Berechnungen inkl. Lastermittlung, Modellaufbau und Bewertung der Ergebnisse durchf\u00fchren.\" \/>\n<meta name=\"robots\" content=\"index, follow, max-snippet:-1, max-image-preview:large, max-video-preview:-1\" \/>\n<link rel=\"canonical\" href=\"https:\/\/ski-consult.de\/en\/taetigkeitsbreiche\/strukturanalysen\/\" \/>\n<meta property=\"og:locale\" content=\"en_GB\" \/>\n<meta property=\"og:type\" content=\"article\" \/>\n<meta property=\"og:title\" content=\"Strukturanalysen &#8226; SKI Ingenieurges. mbH\" \/>\n<meta property=\"og:description\" content=\"Strukturanalysen &#8226; SKI kann Berechnungen inkl. Lastermittlung, Modellaufbau und Bewertung der Ergebnisse durchf\u00fchren.\" \/>\n<meta property=\"og:url\" content=\"https:\/\/ski-consult.de\/en\/taetigkeitsbreiche\/strukturanalysen\/\" \/>\n<meta property=\"og:site_name\" content=\"SKI Ingenieurges. mbH\" \/>\n<meta property=\"article:modified_time\" content=\"2023-11-16T14:14:36+00:00\" \/>\n<meta property=\"og:image\" content=\"https:\/\/ski-consult.de\/wp-content\/uploads\/elementor\/thumbs\/Bild-02-ovlnp4r5ujvjphyo1oswsslhocia8fos4h90az4ohs.jpg\" \/>\n<meta name=\"twitter:card\" content=\"summary_large_image\" \/>\n<meta name=\"twitter:label1\" content=\"Estimated reading time\" \/>\n\t<meta name=\"twitter:data1\" content=\"1 minute\" \/>\n<script type=\"application\/ld+json\" class=\"yoast-schema-graph\">{\"@context\":\"https:\\\/\\\/schema.org\",\"@graph\":[{\"@type\":\"WebPage\",\"@id\":\"https:\\\/\\\/ski-consult.de\\\/taetigkeitsbreiche\\\/strukturanalysen\\\/\",\"url\":\"https:\\\/\\\/ski-consult.de\\\/taetigkeitsbreiche\\\/strukturanalysen\\\/\",\"name\":\"Strukturanalysen &#8226; SKI Ingenieurges. mbH\",\"isPartOf\":{\"@id\":\"https:\\\/\\\/ski-consult.de\\\/#website\"},\"primaryImageOfPage\":{\"@id\":\"https:\\\/\\\/ski-consult.de\\\/taetigkeitsbreiche\\\/strukturanalysen\\\/#primaryimage\"},\"image\":{\"@id\":\"https:\\\/\\\/ski-consult.de\\\/taetigkeitsbreiche\\\/strukturanalysen\\\/#primaryimage\"},\"thumbnailUrl\":\"https:\\\/\\\/ski-consult.de\\\/wp-content\\\/uploads\\\/elementor\\\/thumbs\\\/Bild-02-ovlnp4r5ujvjphyo1oswsslhocia8fos4h90az4ohs.jpg\",\"datePublished\":\"2020-08-04T16:00:02+00:00\",\"dateModified\":\"2023-11-16T14:14:36+00:00\",\"description\":\"Strukturanalysen &#8226; SKI kann Berechnungen inkl. Lastermittlung, Modellaufbau und Bewertung der Ergebnisse durchf\u00fchren.\",\"breadcrumb\":{\"@id\":\"https:\\\/\\\/ski-consult.de\\\/taetigkeitsbreiche\\\/strukturanalysen\\\/#breadcrumb\"},\"inLanguage\":\"en-GB\",\"potentialAction\":[{\"@type\":\"ReadAction\",\"target\":[\"https:\\\/\\\/ski-consult.de\\\/taetigkeitsbreiche\\\/strukturanalysen\\\/\"]}]},{\"@type\":\"ImageObject\",\"inLanguage\":\"en-GB\",\"@id\":\"https:\\\/\\\/ski-consult.de\\\/taetigkeitsbreiche\\\/strukturanalysen\\\/#primaryimage\",\"url\":\"https:\\\/\\\/ski-consult.de\\\/wp-content\\\/uploads\\\/elementor\\\/thumbs\\\/Bild-02-ovlnp4r5ujvjphyo1oswsslhocia8fos4h90az4ohs.jpg\",\"contentUrl\":\"https:\\\/\\\/ski-consult.de\\\/wp-content\\\/uploads\\\/elementor\\\/thumbs\\\/Bild-02-ovlnp4r5ujvjphyo1oswsslhocia8fos4h90az4ohs.jpg\"},{\"@type\":\"BreadcrumbList\",\"@id\":\"https:\\\/\\\/ski-consult.de\\\/taetigkeitsbreiche\\\/strukturanalysen\\\/#breadcrumb\",\"itemListElement\":[{\"@type\":\"ListItem\",\"position\":1,\"name\":\"Startseite\",\"item\":\"https:\\\/\\\/ski-consult.de\\\/\"},{\"@type\":\"ListItem\",\"position\":2,\"name\":\"T\u00e4tigkeitsbereiche\",\"item\":\"https:\\\/\\\/ski-consult.de\\\/taetigkeitsbreiche\\\/\"},{\"@type\":\"ListItem\",\"position\":3,\"name\":\"Strukturanalysen\"}]},{\"@type\":\"WebSite\",\"@id\":\"https:\\\/\\\/ski-consult.de\\\/#website\",\"url\":\"https:\\\/\\\/ski-consult.de\\\/\",\"name\":\"SKI Ingenieurges. mbH\",\"description\":\"Bauwesen und innovative Entwicklungsarbeiten\",\"publisher\":{\"@id\":\"https:\\\/\\\/ski-consult.de\\\/#organization\"},\"potentialAction\":[{\"@type\":\"SearchAction\",\"target\":{\"@type\":\"EntryPoint\",\"urlTemplate\":\"https:\\\/\\\/ski-consult.de\\\/?s={search_term_string}\"},\"query-input\":{\"@type\":\"PropertyValueSpecification\",\"valueRequired\":true,\"valueName\":\"search_term_string\"}}],\"inLanguage\":\"en-GB\"},{\"@type\":\"Organization\",\"@id\":\"https:\\\/\\\/ski-consult.de\\\/#organization\",\"name\":\"SKI Ingenieurges. mbh\",\"url\":\"https:\\\/\\\/ski-consult.de\\\/\",\"logo\":{\"@type\":\"ImageObject\",\"inLanguage\":\"en-GB\",\"@id\":\"https:\\\/\\\/ski-consult.de\\\/#\\\/schema\\\/logo\\\/image\\\/\",\"url\":\"https:\\\/\\\/ski-consult.de\\\/wp-content\\\/uploads\\\/2020\\\/07\\\/SKI_Logo_1026px_72dpi_rgb.png\",\"contentUrl\":\"https:\\\/\\\/ski-consult.de\\\/wp-content\\\/uploads\\\/2020\\\/07\\\/SKI_Logo_1026px_72dpi_rgb.png\",\"width\":1026,\"height\":373,\"caption\":\"SKI Ingenieurges. mbh\"},\"image\":{\"@id\":\"https:\\\/\\\/ski-consult.de\\\/#\\\/schema\\\/logo\\\/image\\\/\"}}]}<\/script>\n<!-- \/ Yoast SEO plugin. -->","yoast_head_json":{"title":"Strukturanalysen &#8226; SKI Ingenieurges. mbH","description":"Strukturanalysen &#8226; SKI kann Berechnungen inkl. Lastermittlung, Modellaufbau und Bewertung der Ergebnisse durchf\u00fchren.","robots":{"index":"index","follow":"follow","max-snippet":"max-snippet:-1","max-image-preview":"max-image-preview:large","max-video-preview":"max-video-preview:-1"},"canonical":"https:\/\/ski-consult.de\/en\/taetigkeitsbreiche\/strukturanalysen\/","og_locale":"en_GB","og_type":"article","og_title":"Strukturanalysen &#8226; SKI Ingenieurges. mbH","og_description":"Strukturanalysen &#8226; SKI kann Berechnungen inkl. Lastermittlung, Modellaufbau und Bewertung der Ergebnisse durchf\u00fchren.","og_url":"https:\/\/ski-consult.de\/en\/taetigkeitsbreiche\/strukturanalysen\/","og_site_name":"SKI Ingenieurges. mbH","article_modified_time":"2023-11-16T14:14:36+00:00","og_image":[{"url":"https:\/\/ski-consult.de\/wp-content\/uploads\/elementor\/thumbs\/Bild-02-ovlnp4r5ujvjphyo1oswsslhocia8fos4h90az4ohs.jpg","type":"","width":"","height":""}],"twitter_card":"summary_large_image","twitter_misc":{"Estimated reading time":"1 minute"},"schema":{"@context":"https:\/\/schema.org","@graph":[{"@type":"WebPage","@id":"https:\/\/ski-consult.de\/taetigkeitsbreiche\/strukturanalysen\/","url":"https:\/\/ski-consult.de\/taetigkeitsbreiche\/strukturanalysen\/","name":"Strukturanalysen &#8226; SKI Ingenieurges. mbH","isPartOf":{"@id":"https:\/\/ski-consult.de\/#website"},"primaryImageOfPage":{"@id":"https:\/\/ski-consult.de\/taetigkeitsbreiche\/strukturanalysen\/#primaryimage"},"image":{"@id":"https:\/\/ski-consult.de\/taetigkeitsbreiche\/strukturanalysen\/#primaryimage"},"thumbnailUrl":"https:\/\/ski-consult.de\/wp-content\/uploads\/elementor\/thumbs\/Bild-02-ovlnp4r5ujvjphyo1oswsslhocia8fos4h90az4ohs.jpg","datePublished":"2020-08-04T16:00:02+00:00","dateModified":"2023-11-16T14:14:36+00:00","description":"Strukturanalysen &#8226; SKI kann Berechnungen inkl. Lastermittlung, Modellaufbau und Bewertung der Ergebnisse durchf\u00fchren.","breadcrumb":{"@id":"https:\/\/ski-consult.de\/taetigkeitsbreiche\/strukturanalysen\/#breadcrumb"},"inLanguage":"en-GB","potentialAction":[{"@type":"ReadAction","target":["https:\/\/ski-consult.de\/taetigkeitsbreiche\/strukturanalysen\/"]}]},{"@type":"ImageObject","inLanguage":"en-GB","@id":"https:\/\/ski-consult.de\/taetigkeitsbreiche\/strukturanalysen\/#primaryimage","url":"https:\/\/ski-consult.de\/wp-content\/uploads\/elementor\/thumbs\/Bild-02-ovlnp4r5ujvjphyo1oswsslhocia8fos4h90az4ohs.jpg","contentUrl":"https:\/\/ski-consult.de\/wp-content\/uploads\/elementor\/thumbs\/Bild-02-ovlnp4r5ujvjphyo1oswsslhocia8fos4h90az4ohs.jpg"},{"@type":"BreadcrumbList","@id":"https:\/\/ski-consult.de\/taetigkeitsbreiche\/strukturanalysen\/#breadcrumb","itemListElement":[{"@type":"ListItem","position":1,"name":"Startseite","item":"https:\/\/ski-consult.de\/"},{"@type":"ListItem","position":2,"name":"T\u00e4tigkeitsbereiche","item":"https:\/\/ski-consult.de\/taetigkeitsbreiche\/"},{"@type":"ListItem","position":3,"name":"Strukturanalysen"}]},{"@type":"WebSite","@id":"https:\/\/ski-consult.de\/#website","url":"https:\/\/ski-consult.de\/","name":"SKI Ingenieurges. mbH","description":"Bauwesen und innovative Entwicklungsarbeiten","publisher":{"@id":"https:\/\/ski-consult.de\/#organization"},"potentialAction":[{"@type":"SearchAction","target":{"@type":"EntryPoint","urlTemplate":"https:\/\/ski-consult.de\/?s={search_term_string}"},"query-input":{"@type":"PropertyValueSpecification","valueRequired":true,"valueName":"search_term_string"}}],"inLanguage":"en-GB"},{"@type":"Organization","@id":"https:\/\/ski-consult.de\/#organization","name":"SKI Ingenieurges. mbh","url":"https:\/\/ski-consult.de\/","logo":{"@type":"ImageObject","inLanguage":"en-GB","@id":"https:\/\/ski-consult.de\/#\/schema\/logo\/image\/","url":"https:\/\/ski-consult.de\/wp-content\/uploads\/2020\/07\/SKI_Logo_1026px_72dpi_rgb.png","contentUrl":"https:\/\/ski-consult.de\/wp-content\/uploads\/2020\/07\/SKI_Logo_1026px_72dpi_rgb.png","width":1026,"height":373,"caption":"SKI Ingenieurges. mbh"},"image":{"@id":"https:\/\/ski-consult.de\/#\/schema\/logo\/image\/"}}]}},"_links":{"self":[{"href":"https:\/\/ski-consult.de\/en\/wp-json\/wp\/v2\/pages\/6281","targetHints":{"allow":["GET"]}}],"collection":[{"href":"https:\/\/ski-consult.de\/en\/wp-json\/wp\/v2\/pages"}],"about":[{"href":"https:\/\/ski-consult.de\/en\/wp-json\/wp\/v2\/types\/page"}],"author":[{"embeddable":true,"href":"https:\/\/ski-consult.de\/en\/wp-json\/wp\/v2\/users\/4"}],"replies":[{"embeddable":true,"href":"https:\/\/ski-consult.de\/en\/wp-json\/wp\/v2\/comments?post=6281"}],"version-history":[{"count":0,"href":"https:\/\/ski-consult.de\/en\/wp-json\/wp\/v2\/pages\/6281\/revisions"}],"up":[{"embeddable":true,"href":"https:\/\/ski-consult.de\/en\/wp-json\/wp\/v2\/pages\/7525"}],"wp:attachment":[{"href":"https:\/\/ski-consult.de\/en\/wp-json\/wp\/v2\/media?parent=6281"}],"curies":[{"name":"wp","href":"https:\/\/api.w.org\/{rel}","templated":true}]}}