{"id":6386,"date":"2020-08-07T12:07:05","date_gmt":"2020-08-07T10:07:05","guid":{"rendered":"http:\/\/neu.ski-consult.de\/?page_id=6386"},"modified":"2023-11-16T15:14:11","modified_gmt":"2023-11-16T14:14:11","slug":"nennspannungskonzept","status":"publish","type":"page","link":"https:\/\/ski-consult.de\/en\/taetigkeitsbreiche\/strukturanalysen\/ermuedung\/nennspannungskonzept\/","title":{"rendered":"Nominal stress concept"},"content":{"rendered":"<div data-elementor-type=\"wp-page\" data-elementor-id=\"6386\" class=\"elementor elementor-6386\">\n\t\t\t\t\t\t<section class=\"elementor-section elementor-top-section elementor-element elementor-element-c706ec2 elementor-section-boxed elementor-section-height-default elementor-section-height-default\" data-id=\"c706ec2\" data-element_type=\"section\" data-e-type=\"section\">\n\t\t\t\t\t\t<div class=\"elementor-container elementor-column-gap-default\">\n\t\t\t\t\t<div class=\"elementor-column elementor-col-100 elementor-top-column elementor-element elementor-element-299d635\" data-id=\"299d635\" data-element_type=\"column\" data-e-type=\"column\">\n\t\t\t<div class=\"elementor-widget-wrap elementor-element-populated\">\n\t\t\t\t\t\t<div class=\"elementor-element elementor-element-2cbe442 elementor-widget elementor-widget-heading\" data-id=\"2cbe442\" data-element_type=\"widget\" data-e-type=\"widget\" data-widget_type=\"heading.default\">\n\t\t\t\t<div class=\"elementor-widget-container\">\n\t\t\t\t\t<h2 class=\"elementor-heading-title elementor-size-default\">The nominal stress developed at global level\n<\/h2>\t\t\t\t<\/div>\n\t\t\t\t<\/div>\n\t\t\t\t\t<\/div>\n\t\t<\/div>\n\t\t\t\t\t<\/div>\n\t\t<\/section>\n\t\t\t\t<section class=\"elementor-section elementor-top-section elementor-element elementor-element-128ebad elementor-section-boxed elementor-section-height-default elementor-section-height-default\" data-id=\"128ebad\" data-element_type=\"section\" data-e-type=\"section\">\n\t\t\t\t\t\t<div class=\"elementor-container elementor-column-gap-default\">\n\t\t\t\t\t<div class=\"elementor-column elementor-col-66 elementor-top-column elementor-element elementor-element-a025485\" data-id=\"a025485\" data-element_type=\"column\" data-e-type=\"column\">\n\t\t\t<div class=\"elementor-widget-wrap elementor-element-populated\">\n\t\t\t\t\t\t<div class=\"elementor-element elementor-element-428d72e elementor-widget elementor-widget-text-editor\" data-id=\"428d72e\" data-element_type=\"widget\" data-e-type=\"widget\" data-widget_type=\"text-editor.default\">\n\t\t\t\t<div class=\"elementor-widget-container\">\n\t\t\t\t\t\t\t\t\t<p>The nominal stress concept (NSC) is the most commonly used method for assessing fatigue strength for metallic structures. The nominal stress of the considered component is assumed as the characteristic value of existing and bearable stresses. If this component shows significant cross-sectional changes, there are areas with stress concentrations due to the geometrical changes. Nevertheless, in case of a static design the nominal stresses are still assumed based on the net cross-sectional area because in the ultimate limit state the stress peaks are usually reduced by a plastic rearrangement. However, this is not the case for dynamic loads. Therefore, local stress peaks due to structural discontinuities have to be considered.<\/p><p>On the nominal stress concept (global approach) are detected these surges in contrast to the local approach not constructed, but on the resistance side of the assessed structural details. Therefore be needed for the application of the rated stress concept component W\u00f6hler lines based on the basis of experiments. These are named in honor of WOEHLER because he carried out the first systematic experimental studies under cyclic loading in the years around 1860.<\/p><p class=\"translation-block\"><span style=\"text-align: left\">In the W\u00d6HLER test, the following are measured on different voltage horizons with a single-stage nominal voltage oscillation amplitude \u2206\u03c3<\/span><span style=\"position: relative;font-size: 11.25px;line-height: 0;vertical-align: baseline;bottom: -0. 25em;text-align: left\">N<\/span><span style=\"text-align: left\"> and specified stress ratio (\u2206\u03c3<\/span><span style=\"position: relative;font-size: 11.25px;line-height: 0;vertical-align: baseline;bottom: -0. 25em;text-align: left\">m<\/span><span style=\"text-align: left\"> = const. or R = const.) several vibration tests were carried out and the number of vibration cycles N up to the defined failure was determined. Since the test results are subject to very large scattering, it is assumed in the evaluation that the logarithms of the test results (\u2206\u03c3<span style=\"position: relative;font-size: 11.25px;line-height: 0;vertical-align: baseline;bottom: -0.25em;text-align: left\">N<\/span><\/span><span style=\"text-align: left\"> and N) can be determined by a Gaussian normal distribution.<\/span><\/p>\t\t\t\t\t\t\t\t<\/div>\n\t\t\t\t<\/div>\n\t\t\t\t\t<\/div>\n\t\t<\/div>\n\t\t\t\t<div class=\"elementor-column elementor-col-33 elementor-top-column elementor-element elementor-element-1c4ac75\" data-id=\"1c4ac75\" data-element_type=\"column\" data-e-type=\"column\">\n\t\t\t<div class=\"elementor-widget-wrap elementor-element-populated\">\n\t\t\t\t\t\t<div class=\"elementor-element elementor-element-9e2b72b elementor-widget elementor-widget-image\" data-id=\"9e2b72b\" data-element_type=\"widget\" data-e-type=\"widget\" data-widget_type=\"image.default\">\n\t\t\t\t<div class=\"elementor-widget-container\">\n\t\t\t\t\t\t\t\t\t\t\t\t<figure class=\"wp-caption\">\n\t\t\t\t\t\t\t\t\t\t<img fetchpriority=\"high\" decoding=\"async\" width=\"768\" height=\"600\" src=\"https:\/\/ski-consult.de\/wp-content\/uploads\/2020\/08\/csm_Woehlerschaubild_5f874b168d.jpg\" class=\"attachment-large size-large wp-image-6388\" alt=\"\" srcset=\"https:\/\/ski-consult.de\/wp-content\/uploads\/2020\/08\/csm_Woehlerschaubild_5f874b168d.jpg 768w, https:\/\/ski-consult.de\/wp-content\/uploads\/2020\/08\/csm_Woehlerschaubild_5f874b168d-300x234.jpg 300w\" sizes=\"(max-width: 768px) 100vw, 768px\" \/>\t\t\t\t\t\t\t\t\t\t\t<figcaption class=\"widget-image-caption wp-caption-text\">Woehler diagram\n<\/figcaption>\n\t\t\t\t\t\t\t\t\t\t<\/figure>\n\t\t\t\t\t\t\t\t\t<\/div>\n\t\t\t\t<\/div>\n\t\t\t\t<div class=\"elementor-element elementor-element-3d0ec31 elementor-widget-divider--view-line elementor-widget elementor-widget-divider\" data-id=\"3d0ec31\" data-element_type=\"widget\" data-e-type=\"widget\" data-widget_type=\"divider.default\">\n\t\t\t\t<div class=\"elementor-widget-container\">\n\t\t\t\t\t\t\t<div class=\"elementor-divider\">\n\t\t\t<span class=\"elementor-divider-separator\">\n\t\t\t\t\t\t<\/span>\n\t\t<\/div>\n\t\t\t\t\t\t<\/div>\n\t\t\t\t<\/div>\n\t\t\t\t<div class=\"elementor-element elementor-element-4fbe852 elementor-widget elementor-widget-image\" data-id=\"4fbe852\" data-element_type=\"widget\" data-e-type=\"widget\" data-widget_type=\"image.default\">\n\t\t\t\t<div class=\"elementor-widget-container\">\n\t\t\t\t\t\t\t\t\t\t\t\t<figure class=\"wp-caption\">\n\t\t\t\t\t\t\t\t\t\t<img decoding=\"async\" width=\"800\" height=\"597\" src=\"https:\/\/ski-consult.de\/wp-content\/uploads\/2020\/08\/csm_Ermuedungsfestigkeitskurven_a75c107bc1.jpg\" class=\"attachment-large size-large wp-image-6389\" alt=\"\" srcset=\"https:\/\/ski-consult.de\/wp-content\/uploads\/2020\/08\/csm_Ermuedungsfestigkeitskurven_a75c107bc1.jpg 800w, https:\/\/ski-consult.de\/wp-content\/uploads\/2020\/08\/csm_Ermuedungsfestigkeitskurven_a75c107bc1-300x224.jpg 300w, https:\/\/ski-consult.de\/wp-content\/uploads\/2020\/08\/csm_Ermuedungsfestigkeitskurven_a75c107bc1-768x573.jpg 768w\" sizes=\"(max-width: 800px) 100vw, 800px\" \/>\t\t\t\t\t\t\t\t\t\t\t<figcaption class=\"widget-image-caption wp-caption-text\">Parameters for fatigue strength curves\n<\/figcaption>\n\t\t\t\t\t\t\t\t\t\t<\/figure>\n\t\t\t\t\t\t\t\t\t<\/div>\n\t\t\t\t<\/div>\n\t\t\t\t\t<\/div>\n\t\t<\/div>\n\t\t\t\t\t<\/div>\n\t\t<\/section>\n\t\t\t\t<section class=\"elementor-section elementor-top-section elementor-element elementor-element-570d240 elementor-section-boxed elementor-section-height-default elementor-section-height-default\" data-id=\"570d240\" data-element_type=\"section\" data-e-type=\"section\">\n\t\t\t\t\t\t<div class=\"elementor-container elementor-column-gap-default\">\n\t\t\t\t\t<div class=\"elementor-column elementor-col-100 elementor-top-column elementor-element elementor-element-c0f816e\" data-id=\"c0f816e\" data-element_type=\"column\" data-e-type=\"column\">\n\t\t\t<div class=\"elementor-widget-wrap elementor-element-populated\">\n\t\t\t\t\t\t<div class=\"elementor-element elementor-element-ec323dd elementor-widget elementor-widget-text-editor\" data-id=\"ec323dd\" data-element_type=\"widget\" data-e-type=\"widget\" data-widget_type=\"text-editor.default\">\n\t\t\t\t<div class=\"elementor-widget-container\">\n\t\t\t\t\t\t\t\t\t<div>\n<div>\n<div id=\"c881\">\n<div>\n<div>\n<p>Usually a survival probability P\u00dc of 95% is specified, which is bound to a certain confidence probability regarding the evaluation of the test results.<\/p>\n<p>In general, the Woehler diagram is divided into the following three areas:<\/p>\n<\/div>\n<\/div>\n<\/div>\n<\/div>\n<\/div>\t\t\t\t\t\t\t\t<\/div>\n\t\t\t\t<\/div>\n\t\t\t\t<section class=\"elementor-section elementor-inner-section elementor-element elementor-element-5e82e79 elementor-section-boxed elementor-section-height-default elementor-section-height-default\" data-id=\"5e82e79\" data-element_type=\"section\" data-e-type=\"section\">\n\t\t\t\t\t\t<div class=\"elementor-container elementor-column-gap-default\">\n\t\t\t\t\t<div class=\"elementor-column elementor-col-50 elementor-inner-column elementor-element elementor-element-1b3ba70\" data-id=\"1b3ba70\" data-element_type=\"column\" data-e-type=\"column\">\n\t\t\t<div class=\"elementor-widget-wrap elementor-element-populated\">\n\t\t\t\t\t\t<div class=\"elementor-element elementor-element-c181e35 elementor-widget elementor-widget-text-editor\" data-id=\"c181e35\" data-element_type=\"widget\" data-e-type=\"widget\" data-widget_type=\"text-editor.default\">\n\t\t\t\t<div class=\"elementor-widget-container\">\n\t\t\t\t\t\t\t\t\t<div>\n<div>\n<div id=\"c881\">\n<div>\n<div>\n<ul>\n<li>Short term strength (Low Cycle Fatigue, LCF):&nbsp;<\/li>\n<li>Fatigue strength:&nbsp; &nbsp; &nbsp; &nbsp; &nbsp; &nbsp; &nbsp; &nbsp; &nbsp; &nbsp; &nbsp; &nbsp; &nbsp; &nbsp; &nbsp; &nbsp; &nbsp; &nbsp; &nbsp; &nbsp; &nbsp;&nbsp;<\/li>\n<li>Fatigue strength (High Cycle Fatigue, HCF):&nbsp; &nbsp; &nbsp; &nbsp;<\/li>\n<\/ul>\n<\/div>\n<\/div>\n<\/div>\n<\/div>\n<\/div>\t\t\t\t\t\t\t\t<\/div>\n\t\t\t\t<\/div>\n\t\t\t\t\t<\/div>\n\t\t<\/div>\n\t\t\t\t<div class=\"elementor-column elementor-col-50 elementor-inner-column elementor-element elementor-element-f67ebf6\" data-id=\"f67ebf6\" data-element_type=\"column\" data-e-type=\"column\">\n\t\t\t<div class=\"elementor-widget-wrap elementor-element-populated\">\n\t\t\t\t\t\t<div class=\"elementor-element elementor-element-416337d elementor-widget elementor-widget-text-editor\" data-id=\"416337d\" data-element_type=\"widget\" data-e-type=\"widget\" data-widget_type=\"text-editor.default\">\n\t\t\t\t<div class=\"elementor-widget-container\">\n\t\t\t\t\t\t\t\t\t<div><div><div><div><div><p>Range for N &lt;\u00a0<span style=\"letter-spacing: 0px;\">1<\/span><span style=\"letter-spacing: 0px;\">0<\/span><span style=\"letter-spacing: 0px; position: relative; font-size: 11.25px; line-height: 0; vertical-align: baseline; top: -0.5em;\">4<\/span><\/p><p>Range between N =1<span style=\"letter-spacing: 0px;\">0<\/span><span style=\"letter-spacing: 0px; position: relative; font-size: 11.25px; line-height: 0; vertical-align: baseline; top: -0.5em;\">4<\/span>\u00a0to 1<span style=\"letter-spacing: 0px;\">0<\/span><span style=\"letter-spacing: 0px; position: relative; font-size: 11.25px; line-height: 0; vertical-align: baseline; top: -0.5em;\">7<\/span><\/p><p>Range for N &gt;\u00a0<span style=\"letter-spacing: 0px;\">10<\/span><sup style=\"letter-spacing: 0px;\">7<\/sup><\/p><\/div><\/div><\/div><\/div><\/div>\t\t\t\t\t\t\t\t<\/div>\n\t\t\t\t<\/div>\n\t\t\t\t\t<\/div>\n\t\t<\/div>\n\t\t\t\t\t<\/div>\n\t\t<\/section>\n\t\t\t\t<div class=\"elementor-element elementor-element-3f14bd1 elementor-widget elementor-widget-text-editor\" data-id=\"3f14bd1\" data-element_type=\"widget\" data-e-type=\"widget\" data-widget_type=\"text-editor.default\">\n\t\t\t\t<div class=\"elementor-widget-container\">\n\t\t\t\t\t\t\t\t\t<div><div><div><div><div><p><span style=\"letter-spacing: 0px;\">The SKI engineering company has opportunities to test\u00a0<\/span><a style=\"background-color: #ffffff; letter-spacing: 0px;\" title=\"damage accumulation hypothesis\" href=\"https:\/\/ski-consult.de\/en\/schweissverbindungen\/\">welded connections<\/a><span style=\"letter-spacing: 0px;\">\u00a0and\u00a0<\/span><a style=\"background-color: #ffffff; letter-spacing: 0px;\" title=\"damage accumulation hypothesis\" href=\"https:\/\/ski-consult.de\/en\/schraubenverbindungen\/\">wolted connections<\/a><span style=\"letter-spacing: 0px;\">\u00a0bis in den Giga-Cycle-Fatigue Bereich (GCF) zu testen, d.h. bis zu\u00a0109\u00a0Schwingspielen\u00a0mit konstanter oder variabler Amplitude.\u00a0<\/span><\/p><p class=\"translation-block\">In the W\u00d6HLER test, a single-stage nominal voltage oscillation width <span style=\"text-align: left\">\u2206\u03c3<\/span><span style=\"position: relative;font-size: 11. 25px;line-height: 0;vertical-align: baseline;bottom: -0.25em;text-align: left\">N<\/span> and specified stress ratio (<span style=\"text-align: left\">\u2206\u03c3<\/span><span style=\"position: relative;font-size: 11. 25px;line-height: 0;vertical-align: baseline;bottom: -0.25em;text-align: left\">m<\/span><span style=\"text-align: left\"> <\/span>= const. or R = const.) several vibration tests were performed and the number of vibration cycles N up to the defined failure was determined. Since the test results are subject to very large scatter, it is assumed for the evaluation that the logarithms of the test results (<span style=\"text-align: left\">\u2206\u03c3<\/span><span style=\"position: relative;font-size: 11. 25px;line-height: 0;vertical-align: baseline;bottom: -0.25em;text-align: left\">N<\/span><span style=\"text-align: left\"> <\/span>and N) can be captured by a Gaussian normal distribution.<\/p><\/div><\/div><\/div><\/div><\/div>\t\t\t\t\t\t\t\t<\/div>\n\t\t\t\t<\/div>\n\t\t\t\t\t<\/div>\n\t\t<\/div>\n\t\t\t\t\t<\/div>\n\t\t<\/section>\n\t\t\t\t<\/div>","protected":false},"excerpt":{"rendered":"<p>Das Nennspannungskonzept auf globaler Ebene Das\u00a0Nennspannungskonzept (NSK)\u00a0ist das am h\u00e4ufigsten angewendete Verfahren zur Beurteilung der Erm\u00fcdungsfestigkeit f\u00fcr metallische Konstruktionen. Als kennzeichnende Gr\u00f6\u00dfe von vorhandenen und ertragbaren Beanspruchungen wird dabei die Nennspannung des betrachteten Bauteils angenommen. Wenn dieses Bauteil signifikante Querschnitts\u00e4nderungen aufweist, existieren Bereiche mit Spannungskonzentrationen aufgrund der geometrischen \u00c4nderungen. Trotzdem werden bei einer statischen Bemessung&#8230;<\/p>","protected":false},"author":4,"featured_media":0,"parent":6363,"menu_order":0,"comment_status":"closed","ping_status":"closed","template":"","meta":{"_acf_changed":false,"footnotes":""},"class_list":["post-6386","page","type-page","status-publish","hentry","no-post-thumbnail"],"acf":[],"yoast_head":"<!-- This site is optimized with the Yoast SEO plugin v27.3 - https:\/\/yoast.com\/product\/yoast-seo-wordpress\/ -->\n<title>Nennspannungskonzept &#8226; SKI Ingenieurges. mbH<\/title>\n<meta name=\"description\" content=\"Nennspannungskonzept &#8226; SKI kann Berechnungen inkl. Lastermittlung, Modellaufbau und Bewertung der Ergebnisse durchf\u00fchren.\" \/>\n<meta name=\"robots\" content=\"index, follow, max-snippet:-1, max-image-preview:large, max-video-preview:-1\" \/>\n<link rel=\"canonical\" href=\"https:\/\/ski-consult.de\/en\/taetigkeitsbreiche\/strukturanalysen\/ermuedung\/nennspannungskonzept\/\" \/>\n<meta property=\"og:locale\" content=\"en_GB\" \/>\n<meta property=\"og:type\" content=\"article\" \/>\n<meta property=\"og:title\" content=\"Nennspannungskonzept &#8226; SKI Ingenieurges. mbH\" \/>\n<meta property=\"og:description\" content=\"Nennspannungskonzept &#8226; SKI kann Berechnungen inkl. Lastermittlung, Modellaufbau und Bewertung der Ergebnisse durchf\u00fchren.\" \/>\n<meta property=\"og:url\" content=\"https:\/\/ski-consult.de\/en\/taetigkeitsbreiche\/strukturanalysen\/ermuedung\/nennspannungskonzept\/\" \/>\n<meta property=\"og:site_name\" content=\"SKI Ingenieurges. mbH\" \/>\n<meta property=\"article:modified_time\" content=\"2023-11-16T14:14:11+00:00\" \/>\n<meta property=\"og:image\" content=\"https:\/\/ski-consult.de\/wp-content\/uploads\/2020\/08\/csm_Woehlerschaubild_5f874b168d.jpg\" \/>\n<meta name=\"twitter:card\" content=\"summary_large_image\" \/>\n<meta name=\"twitter:label1\" content=\"Estimated reading time\" \/>\n\t<meta name=\"twitter:data1\" content=\"3 minutes\" \/>\n<script type=\"application\/ld+json\" class=\"yoast-schema-graph\">{\"@context\":\"https:\\\/\\\/schema.org\",\"@graph\":[{\"@type\":\"WebPage\",\"@id\":\"https:\\\/\\\/ski-consult.de\\\/taetigkeitsbreiche\\\/strukturanalysen\\\/ermuedung\\\/nennspannungskonzept\\\/\",\"url\":\"https:\\\/\\\/ski-consult.de\\\/taetigkeitsbreiche\\\/strukturanalysen\\\/ermuedung\\\/nennspannungskonzept\\\/\",\"name\":\"Nennspannungskonzept &#8226; SKI Ingenieurges. mbH\",\"isPartOf\":{\"@id\":\"https:\\\/\\\/ski-consult.de\\\/#website\"},\"primaryImageOfPage\":{\"@id\":\"https:\\\/\\\/ski-consult.de\\\/taetigkeitsbreiche\\\/strukturanalysen\\\/ermuedung\\\/nennspannungskonzept\\\/#primaryimage\"},\"image\":{\"@id\":\"https:\\\/\\\/ski-consult.de\\\/taetigkeitsbreiche\\\/strukturanalysen\\\/ermuedung\\\/nennspannungskonzept\\\/#primaryimage\"},\"thumbnailUrl\":\"https:\\\/\\\/ski-consult.de\\\/wp-content\\\/uploads\\\/2020\\\/08\\\/csm_Woehlerschaubild_5f874b168d.jpg\",\"datePublished\":\"2020-08-07T10:07:05+00:00\",\"dateModified\":\"2023-11-16T14:14:11+00:00\",\"description\":\"Nennspannungskonzept &#8226; SKI kann Berechnungen inkl. Lastermittlung, Modellaufbau und Bewertung der Ergebnisse durchf\u00fchren.\",\"breadcrumb\":{\"@id\":\"https:\\\/\\\/ski-consult.de\\\/taetigkeitsbreiche\\\/strukturanalysen\\\/ermuedung\\\/nennspannungskonzept\\\/#breadcrumb\"},\"inLanguage\":\"en-GB\",\"potentialAction\":[{\"@type\":\"ReadAction\",\"target\":[\"https:\\\/\\\/ski-consult.de\\\/taetigkeitsbreiche\\\/strukturanalysen\\\/ermuedung\\\/nennspannungskonzept\\\/\"]}]},{\"@type\":\"ImageObject\",\"inLanguage\":\"en-GB\",\"@id\":\"https:\\\/\\\/ski-consult.de\\\/taetigkeitsbreiche\\\/strukturanalysen\\\/ermuedung\\\/nennspannungskonzept\\\/#primaryimage\",\"url\":\"https:\\\/\\\/ski-consult.de\\\/wp-content\\\/uploads\\\/2020\\\/08\\\/csm_Woehlerschaubild_5f874b168d.jpg\",\"contentUrl\":\"https:\\\/\\\/ski-consult.de\\\/wp-content\\\/uploads\\\/2020\\\/08\\\/csm_Woehlerschaubild_5f874b168d.jpg\"},{\"@type\":\"BreadcrumbList\",\"@id\":\"https:\\\/\\\/ski-consult.de\\\/taetigkeitsbreiche\\\/strukturanalysen\\\/ermuedung\\\/nennspannungskonzept\\\/#breadcrumb\",\"itemListElement\":[{\"@type\":\"ListItem\",\"position\":1,\"name\":\"Startseite\",\"item\":\"https:\\\/\\\/ski-consult.de\\\/\"},{\"@type\":\"ListItem\",\"position\":2,\"name\":\"T\u00e4tigkeitsbereiche\",\"item\":\"https:\\\/\\\/ski-consult.de\\\/taetigkeitsbreiche\\\/\"},{\"@type\":\"ListItem\",\"position\":3,\"name\":\"Strukturanalysen\",\"item\":\"https:\\\/\\\/ski-consult.de\\\/taetigkeitsbreiche\\\/strukturanalysen\\\/\"},{\"@type\":\"ListItem\",\"position\":4,\"name\":\"Erm\u00fcdung\",\"item\":\"https:\\\/\\\/ski-consult.de\\\/taetigkeitsbreiche\\\/strukturanalysen\\\/ermuedung\\\/\"},{\"@type\":\"ListItem\",\"position\":5,\"name\":\"Nennspannungskonzept\"}]},{\"@type\":\"WebSite\",\"@id\":\"https:\\\/\\\/ski-consult.de\\\/#website\",\"url\":\"https:\\\/\\\/ski-consult.de\\\/\",\"name\":\"SKI Ingenieurges. mbH\",\"description\":\"Bauwesen und innovative Entwicklungsarbeiten\",\"publisher\":{\"@id\":\"https:\\\/\\\/ski-consult.de\\\/#organization\"},\"potentialAction\":[{\"@type\":\"SearchAction\",\"target\":{\"@type\":\"EntryPoint\",\"urlTemplate\":\"https:\\\/\\\/ski-consult.de\\\/?s={search_term_string}\"},\"query-input\":{\"@type\":\"PropertyValueSpecification\",\"valueRequired\":true,\"valueName\":\"search_term_string\"}}],\"inLanguage\":\"en-GB\"},{\"@type\":\"Organization\",\"@id\":\"https:\\\/\\\/ski-consult.de\\\/#organization\",\"name\":\"SKI Ingenieurges. mbh\",\"url\":\"https:\\\/\\\/ski-consult.de\\\/\",\"logo\":{\"@type\":\"ImageObject\",\"inLanguage\":\"en-GB\",\"@id\":\"https:\\\/\\\/ski-consult.de\\\/#\\\/schema\\\/logo\\\/image\\\/\",\"url\":\"https:\\\/\\\/ski-consult.de\\\/wp-content\\\/uploads\\\/2020\\\/07\\\/SKI_Logo_1026px_72dpi_rgb.png\",\"contentUrl\":\"https:\\\/\\\/ski-consult.de\\\/wp-content\\\/uploads\\\/2020\\\/07\\\/SKI_Logo_1026px_72dpi_rgb.png\",\"width\":1026,\"height\":373,\"caption\":\"SKI Ingenieurges. mbh\"},\"image\":{\"@id\":\"https:\\\/\\\/ski-consult.de\\\/#\\\/schema\\\/logo\\\/image\\\/\"}}]}<\/script>\n<!-- \/ Yoast SEO plugin. -->","yoast_head_json":{"title":"Nennspannungskonzept &#8226; SKI Ingenieurges. mbH","description":"Nennspannungskonzept &#8226; SKI kann Berechnungen inkl. Lastermittlung, Modellaufbau und Bewertung der Ergebnisse durchf\u00fchren.","robots":{"index":"index","follow":"follow","max-snippet":"max-snippet:-1","max-image-preview":"max-image-preview:large","max-video-preview":"max-video-preview:-1"},"canonical":"https:\/\/ski-consult.de\/en\/taetigkeitsbreiche\/strukturanalysen\/ermuedung\/nennspannungskonzept\/","og_locale":"en_GB","og_type":"article","og_title":"Nennspannungskonzept &#8226; SKI Ingenieurges. mbH","og_description":"Nennspannungskonzept &#8226; SKI kann Berechnungen inkl. Lastermittlung, Modellaufbau und Bewertung der Ergebnisse durchf\u00fchren.","og_url":"https:\/\/ski-consult.de\/en\/taetigkeitsbreiche\/strukturanalysen\/ermuedung\/nennspannungskonzept\/","og_site_name":"SKI Ingenieurges. mbH","article_modified_time":"2023-11-16T14:14:11+00:00","og_image":[{"url":"https:\/\/ski-consult.de\/wp-content\/uploads\/2020\/08\/csm_Woehlerschaubild_5f874b168d.jpg","type":"","width":"","height":""}],"twitter_card":"summary_large_image","twitter_misc":{"Estimated reading time":"3 minutes"},"schema":{"@context":"https:\/\/schema.org","@graph":[{"@type":"WebPage","@id":"https:\/\/ski-consult.de\/taetigkeitsbreiche\/strukturanalysen\/ermuedung\/nennspannungskonzept\/","url":"https:\/\/ski-consult.de\/taetigkeitsbreiche\/strukturanalysen\/ermuedung\/nennspannungskonzept\/","name":"Nennspannungskonzept &#8226; SKI Ingenieurges. mbH","isPartOf":{"@id":"https:\/\/ski-consult.de\/#website"},"primaryImageOfPage":{"@id":"https:\/\/ski-consult.de\/taetigkeitsbreiche\/strukturanalysen\/ermuedung\/nennspannungskonzept\/#primaryimage"},"image":{"@id":"https:\/\/ski-consult.de\/taetigkeitsbreiche\/strukturanalysen\/ermuedung\/nennspannungskonzept\/#primaryimage"},"thumbnailUrl":"https:\/\/ski-consult.de\/wp-content\/uploads\/2020\/08\/csm_Woehlerschaubild_5f874b168d.jpg","datePublished":"2020-08-07T10:07:05+00:00","dateModified":"2023-11-16T14:14:11+00:00","description":"Nennspannungskonzept &#8226; SKI kann Berechnungen inkl. Lastermittlung, Modellaufbau und Bewertung der Ergebnisse durchf\u00fchren.","breadcrumb":{"@id":"https:\/\/ski-consult.de\/taetigkeitsbreiche\/strukturanalysen\/ermuedung\/nennspannungskonzept\/#breadcrumb"},"inLanguage":"en-GB","potentialAction":[{"@type":"ReadAction","target":["https:\/\/ski-consult.de\/taetigkeitsbreiche\/strukturanalysen\/ermuedung\/nennspannungskonzept\/"]}]},{"@type":"ImageObject","inLanguage":"en-GB","@id":"https:\/\/ski-consult.de\/taetigkeitsbreiche\/strukturanalysen\/ermuedung\/nennspannungskonzept\/#primaryimage","url":"https:\/\/ski-consult.de\/wp-content\/uploads\/2020\/08\/csm_Woehlerschaubild_5f874b168d.jpg","contentUrl":"https:\/\/ski-consult.de\/wp-content\/uploads\/2020\/08\/csm_Woehlerschaubild_5f874b168d.jpg"},{"@type":"BreadcrumbList","@id":"https:\/\/ski-consult.de\/taetigkeitsbreiche\/strukturanalysen\/ermuedung\/nennspannungskonzept\/#breadcrumb","itemListElement":[{"@type":"ListItem","position":1,"name":"Startseite","item":"https:\/\/ski-consult.de\/"},{"@type":"ListItem","position":2,"name":"T\u00e4tigkeitsbereiche","item":"https:\/\/ski-consult.de\/taetigkeitsbreiche\/"},{"@type":"ListItem","position":3,"name":"Strukturanalysen","item":"https:\/\/ski-consult.de\/taetigkeitsbreiche\/strukturanalysen\/"},{"@type":"ListItem","position":4,"name":"Erm\u00fcdung","item":"https:\/\/ski-consult.de\/taetigkeitsbreiche\/strukturanalysen\/ermuedung\/"},{"@type":"ListItem","position":5,"name":"Nennspannungskonzept"}]},{"@type":"WebSite","@id":"https:\/\/ski-consult.de\/#website","url":"https:\/\/ski-consult.de\/","name":"SKI Ingenieurges. mbH","description":"Bauwesen und innovative Entwicklungsarbeiten","publisher":{"@id":"https:\/\/ski-consult.de\/#organization"},"potentialAction":[{"@type":"SearchAction","target":{"@type":"EntryPoint","urlTemplate":"https:\/\/ski-consult.de\/?s={search_term_string}"},"query-input":{"@type":"PropertyValueSpecification","valueRequired":true,"valueName":"search_term_string"}}],"inLanguage":"en-GB"},{"@type":"Organization","@id":"https:\/\/ski-consult.de\/#organization","name":"SKI Ingenieurges. mbh","url":"https:\/\/ski-consult.de\/","logo":{"@type":"ImageObject","inLanguage":"en-GB","@id":"https:\/\/ski-consult.de\/#\/schema\/logo\/image\/","url":"https:\/\/ski-consult.de\/wp-content\/uploads\/2020\/07\/SKI_Logo_1026px_72dpi_rgb.png","contentUrl":"https:\/\/ski-consult.de\/wp-content\/uploads\/2020\/07\/SKI_Logo_1026px_72dpi_rgb.png","width":1026,"height":373,"caption":"SKI Ingenieurges. mbh"},"image":{"@id":"https:\/\/ski-consult.de\/#\/schema\/logo\/image\/"}}]}},"_links":{"self":[{"href":"https:\/\/ski-consult.de\/en\/wp-json\/wp\/v2\/pages\/6386","targetHints":{"allow":["GET"]}}],"collection":[{"href":"https:\/\/ski-consult.de\/en\/wp-json\/wp\/v2\/pages"}],"about":[{"href":"https:\/\/ski-consult.de\/en\/wp-json\/wp\/v2\/types\/page"}],"author":[{"embeddable":true,"href":"https:\/\/ski-consult.de\/en\/wp-json\/wp\/v2\/users\/4"}],"replies":[{"embeddable":true,"href":"https:\/\/ski-consult.de\/en\/wp-json\/wp\/v2\/comments?post=6386"}],"version-history":[{"count":0,"href":"https:\/\/ski-consult.de\/en\/wp-json\/wp\/v2\/pages\/6386\/revisions"}],"up":[{"embeddable":true,"href":"https:\/\/ski-consult.de\/en\/wp-json\/wp\/v2\/pages\/6363"}],"wp:attachment":[{"href":"https:\/\/ski-consult.de\/en\/wp-json\/wp\/v2\/media?parent=6386"}],"curies":[{"name":"wp","href":"https:\/\/api.w.org\/{rel}","templated":true}]}}