{"id":6409,"date":"2020-08-07T12:34:32","date_gmt":"2020-08-07T10:34:32","guid":{"rendered":"http:\/\/neu.ski-consult.de\/?page_id=6409"},"modified":"2023-11-16T15:14:00","modified_gmt":"2023-11-16T14:14:00","slug":"spannungsintensitaetskonzept","status":"publish","type":"page","link":"https:\/\/ski-consult.de\/en\/taetigkeitsbreiche\/strukturanalysen\/ermuedung\/spannungsintensitaetskonzept\/","title":{"rendered":"Stress intensity concept"},"content":{"rendered":"<div data-elementor-type=\"wp-page\" data-elementor-id=\"6409\" class=\"elementor elementor-6409\">\n\t\t\t\t\t\t<section class=\"elementor-section elementor-top-section elementor-element elementor-element-bd7f202 elementor-section-boxed elementor-section-height-default elementor-section-height-default\" data-id=\"bd7f202\" data-element_type=\"section\" data-e-type=\"section\">\n\t\t\t\t\t\t<div class=\"elementor-container elementor-column-gap-default\">\n\t\t\t\t\t<div class=\"elementor-column elementor-col-100 elementor-top-column elementor-element elementor-element-fa38b76\" data-id=\"fa38b76\" data-element_type=\"column\" data-e-type=\"column\">\n\t\t\t<div class=\"elementor-widget-wrap elementor-element-populated\">\n\t\t\t\t\t\t<div class=\"elementor-element elementor-element-d2ca919 elementor-widget elementor-widget-heading\" data-id=\"d2ca919\" data-element_type=\"widget\" data-e-type=\"widget\" data-widget_type=\"heading.default\">\n\t\t\t\t<div class=\"elementor-widget-container\">\n\t\t\t\t\t<h2 class=\"elementor-heading-title elementor-size-default\">The stress intensity concept\n<\/h2>\t\t\t\t<\/div>\n\t\t\t\t<\/div>\n\t\t\t\t\t<\/div>\n\t\t<\/div>\n\t\t\t\t\t<\/div>\n\t\t<\/section>\n\t\t\t\t<section class=\"elementor-section elementor-top-section elementor-element elementor-element-96746a6 elementor-section-boxed elementor-section-height-default elementor-section-height-default\" data-id=\"96746a6\" data-element_type=\"section\" data-e-type=\"section\">\n\t\t\t\t\t\t<div class=\"elementor-container elementor-column-gap-default\">\n\t\t\t\t\t<div class=\"elementor-column elementor-col-100 elementor-top-column elementor-element elementor-element-8cd6d54\" data-id=\"8cd6d54\" data-element_type=\"column\" data-e-type=\"column\">\n\t\t\t<div class=\"elementor-widget-wrap elementor-element-populated\">\n\t\t\t\t\t\t<div class=\"elementor-element elementor-element-bf489bc elementor-widget elementor-widget-text-editor\" data-id=\"bf489bc\" data-element_type=\"widget\" data-e-type=\"widget\" data-widget_type=\"text-editor.default\">\n\t\t\t\t<div class=\"elementor-widget-container\">\n\t\t\t\t\t\t\t\t\t<div><div><div><div><div><div><div><div><div><div><p class=\"translation-block\">In contrast to the <a title=\"damage accumulation hypothesis\" href=\"https:\/\/ski-consult.de\/en\/kerbspannungskonzept\/\" target=\"_self\">notch stress concept<\/a>, the stress intensity concept (SIK) does not model a fictitious notch radius, but a sharp V-notch, i.e. \u03c1<sub>f<\/sub> = 0.0. This means that there is a singularity in the stress field, which is described with the help of stress intensity factors (SIF). They quantify the magnitude of the asymptotic stress distribution.\u00a0<\/p><p>Auf der Grundlage des polaren Koordinatensystems wird\u00a0mit den Moden\u00a0I und II der SIF die lokale Spannungsverteilung in der N\u00e4he der Singularit\u00e4t (Spannungsspitze) ermittelt. In der Regel sind daf\u00fcr lokale\u00a0Netzverfeinerungen erforderlich, um den nichtlinearen\u00a0Spannungsverlauf\u00a0erfassen zu k\u00f6nnen.\u00a0Als Alternative dazu wird bei der &#8220;Peak Stress Method&#8221; ein Netz mit konstanten Elementgr\u00f6\u00dfen verwendet. Dies hat den Vorteil, dass der Rechenaufwand und die Modellierungstiefe in Grenzen gehalten werden kann.\u00a0Nach einer Kalibrierung ist es m\u00f6glich mit einer analytischen\u00a0Gleichung die Spannungsintensit\u00e4tsfaktoren in Abh\u00e4ngigkeit von der Spannungsspitze (peak stress) zu bestimmen.\u00a0\u00a0<\/p><p>Eine weitere Option besteht darin, einen Bezug zwischen der\u00a0&#8220;strain energy density&#8221;\u00a0und den SIF herzustellen. N\u00e4here details dazu sind in der Fachliteratur zu finden.\u00a0<\/p><\/div><\/div><\/div><\/div><\/div><\/div><\/div><\/div><\/div><\/div>\t\t\t\t\t\t\t\t<\/div>\n\t\t\t\t<\/div>\n\t\t\t\t\t<\/div>\n\t\t<\/div>\n\t\t\t\t\t<\/div>\n\t\t<\/section>\n\t\t\t\t<\/div>","protected":false},"excerpt":{"rendered":"<p>Das Spannungsintensit\u00e4tskonzept Beim\u00a0Spannungsintensit\u00e4tskonzept (SIK)\u00a0wird im Unterschied zum\u00a0Kerbspannungskonzept kein fiktiver Kerbradius modelliert, sondern eine scharfe V-Kerbe, d.h. \u03c1f = 0.0. Damit liegt eine Singularit\u00e4t im Spannungsfeld vor, die mit Hilfe von\u00a0Spannungsintensit\u00e4tsfaktoren (SIF)\u00a0beschrieben wird. Sie quantifizieren die Magnitude der asymptotischen Spannungsverteilung.\u00a0 Auf der Grundlage des polaren Koordinatensystems wird\u00a0mit den Moden\u00a0I und II der SIF die lokale Spannungsverteilung&#8230;<\/p>","protected":false},"author":4,"featured_media":0,"parent":6363,"menu_order":0,"comment_status":"closed","ping_status":"closed","template":"","meta":{"_acf_changed":false,"footnotes":""},"class_list":["post-6409","page","type-page","status-publish","hentry","no-post-thumbnail"],"acf":[],"yoast_head":"<!-- This site is optimized with the Yoast SEO plugin v27.3 - https:\/\/yoast.com\/product\/yoast-seo-wordpress\/ -->\n<title>Spannungsintensit\u00e4tskonzept &#8226; SKI Ingenieurges. mbH<\/title>\n<meta name=\"description\" content=\"Spannungsintensit\u00e4tskonzept &#8226; SKI kann Berechnungen inkl. Lastermittlung, Modellaufbau und Bewertung der Ergebnisse durchf\u00fchren.\" \/>\n<meta name=\"robots\" content=\"index, follow, max-snippet:-1, max-image-preview:large, max-video-preview:-1\" \/>\n<link rel=\"canonical\" href=\"https:\/\/ski-consult.de\/en\/taetigkeitsbreiche\/strukturanalysen\/ermuedung\/spannungsintensitaetskonzept\/\" \/>\n<meta property=\"og:locale\" content=\"en_GB\" \/>\n<meta property=\"og:type\" content=\"article\" \/>\n<meta property=\"og:title\" content=\"Spannungsintensit\u00e4tskonzept &#8226; SKI Ingenieurges. mbH\" \/>\n<meta property=\"og:description\" content=\"Spannungsintensit\u00e4tskonzept &#8226; SKI kann Berechnungen inkl. Lastermittlung, Modellaufbau und Bewertung der Ergebnisse durchf\u00fchren.\" \/>\n<meta property=\"og:url\" content=\"https:\/\/ski-consult.de\/en\/taetigkeitsbreiche\/strukturanalysen\/ermuedung\/spannungsintensitaetskonzept\/\" \/>\n<meta property=\"og:site_name\" content=\"SKI Ingenieurges. mbH\" \/>\n<meta property=\"article:modified_time\" content=\"2023-11-16T14:14:00+00:00\" \/>\n<meta name=\"twitter:card\" content=\"summary_large_image\" \/>\n<meta name=\"twitter:label1\" content=\"Estimated reading time\" \/>\n\t<meta name=\"twitter:data1\" content=\"1 minute\" \/>\n<script type=\"application\/ld+json\" class=\"yoast-schema-graph\">{\"@context\":\"https:\\\/\\\/schema.org\",\"@graph\":[{\"@type\":\"WebPage\",\"@id\":\"https:\\\/\\\/ski-consult.de\\\/taetigkeitsbreiche\\\/strukturanalysen\\\/ermuedung\\\/spannungsintensitaetskonzept\\\/\",\"url\":\"https:\\\/\\\/ski-consult.de\\\/taetigkeitsbreiche\\\/strukturanalysen\\\/ermuedung\\\/spannungsintensitaetskonzept\\\/\",\"name\":\"Spannungsintensit\u00e4tskonzept &#8226; SKI Ingenieurges. mbH\",\"isPartOf\":{\"@id\":\"https:\\\/\\\/ski-consult.de\\\/#website\"},\"datePublished\":\"2020-08-07T10:34:32+00:00\",\"dateModified\":\"2023-11-16T14:14:00+00:00\",\"description\":\"Spannungsintensit\u00e4tskonzept &#8226; SKI kann Berechnungen inkl. Lastermittlung, Modellaufbau und Bewertung der Ergebnisse durchf\u00fchren.\",\"breadcrumb\":{\"@id\":\"https:\\\/\\\/ski-consult.de\\\/taetigkeitsbreiche\\\/strukturanalysen\\\/ermuedung\\\/spannungsintensitaetskonzept\\\/#breadcrumb\"},\"inLanguage\":\"en-GB\",\"potentialAction\":[{\"@type\":\"ReadAction\",\"target\":[\"https:\\\/\\\/ski-consult.de\\\/taetigkeitsbreiche\\\/strukturanalysen\\\/ermuedung\\\/spannungsintensitaetskonzept\\\/\"]}]},{\"@type\":\"BreadcrumbList\",\"@id\":\"https:\\\/\\\/ski-consult.de\\\/taetigkeitsbreiche\\\/strukturanalysen\\\/ermuedung\\\/spannungsintensitaetskonzept\\\/#breadcrumb\",\"itemListElement\":[{\"@type\":\"ListItem\",\"position\":1,\"name\":\"Startseite\",\"item\":\"https:\\\/\\\/ski-consult.de\\\/\"},{\"@type\":\"ListItem\",\"position\":2,\"name\":\"T\u00e4tigkeitsbereiche\",\"item\":\"https:\\\/\\\/ski-consult.de\\\/taetigkeitsbreiche\\\/\"},{\"@type\":\"ListItem\",\"position\":3,\"name\":\"Strukturanalysen\",\"item\":\"https:\\\/\\\/ski-consult.de\\\/taetigkeitsbreiche\\\/strukturanalysen\\\/\"},{\"@type\":\"ListItem\",\"position\":4,\"name\":\"Erm\u00fcdung\",\"item\":\"https:\\\/\\\/ski-consult.de\\\/taetigkeitsbreiche\\\/strukturanalysen\\\/ermuedung\\\/\"},{\"@type\":\"ListItem\",\"position\":5,\"name\":\"Spannungsintensit\u00e4tskonzept\"}]},{\"@type\":\"WebSite\",\"@id\":\"https:\\\/\\\/ski-consult.de\\\/#website\",\"url\":\"https:\\\/\\\/ski-consult.de\\\/\",\"name\":\"SKI Ingenieurges. mbH\",\"description\":\"Bauwesen und innovative Entwicklungsarbeiten\",\"publisher\":{\"@id\":\"https:\\\/\\\/ski-consult.de\\\/#organization\"},\"potentialAction\":[{\"@type\":\"SearchAction\",\"target\":{\"@type\":\"EntryPoint\",\"urlTemplate\":\"https:\\\/\\\/ski-consult.de\\\/?s={search_term_string}\"},\"query-input\":{\"@type\":\"PropertyValueSpecification\",\"valueRequired\":true,\"valueName\":\"search_term_string\"}}],\"inLanguage\":\"en-GB\"},{\"@type\":\"Organization\",\"@id\":\"https:\\\/\\\/ski-consult.de\\\/#organization\",\"name\":\"SKI Ingenieurges. mbh\",\"url\":\"https:\\\/\\\/ski-consult.de\\\/\",\"logo\":{\"@type\":\"ImageObject\",\"inLanguage\":\"en-GB\",\"@id\":\"https:\\\/\\\/ski-consult.de\\\/#\\\/schema\\\/logo\\\/image\\\/\",\"url\":\"https:\\\/\\\/ski-consult.de\\\/wp-content\\\/uploads\\\/2020\\\/07\\\/SKI_Logo_1026px_72dpi_rgb.png\",\"contentUrl\":\"https:\\\/\\\/ski-consult.de\\\/wp-content\\\/uploads\\\/2020\\\/07\\\/SKI_Logo_1026px_72dpi_rgb.png\",\"width\":1026,\"height\":373,\"caption\":\"SKI Ingenieurges. mbh\"},\"image\":{\"@id\":\"https:\\\/\\\/ski-consult.de\\\/#\\\/schema\\\/logo\\\/image\\\/\"}}]}<\/script>\n<!-- \/ Yoast SEO plugin. -->","yoast_head_json":{"title":"Spannungsintensit\u00e4tskonzept &#8226; SKI Ingenieurges. mbH","description":"Spannungsintensit\u00e4tskonzept &#8226; SKI kann Berechnungen inkl. Lastermittlung, Modellaufbau und Bewertung der Ergebnisse durchf\u00fchren.","robots":{"index":"index","follow":"follow","max-snippet":"max-snippet:-1","max-image-preview":"max-image-preview:large","max-video-preview":"max-video-preview:-1"},"canonical":"https:\/\/ski-consult.de\/en\/taetigkeitsbreiche\/strukturanalysen\/ermuedung\/spannungsintensitaetskonzept\/","og_locale":"en_GB","og_type":"article","og_title":"Spannungsintensit\u00e4tskonzept &#8226; SKI Ingenieurges. mbH","og_description":"Spannungsintensit\u00e4tskonzept &#8226; SKI kann Berechnungen inkl. Lastermittlung, Modellaufbau und Bewertung der Ergebnisse durchf\u00fchren.","og_url":"https:\/\/ski-consult.de\/en\/taetigkeitsbreiche\/strukturanalysen\/ermuedung\/spannungsintensitaetskonzept\/","og_site_name":"SKI Ingenieurges. mbH","article_modified_time":"2023-11-16T14:14:00+00:00","twitter_card":"summary_large_image","twitter_misc":{"Estimated reading time":"1 minute"},"schema":{"@context":"https:\/\/schema.org","@graph":[{"@type":"WebPage","@id":"https:\/\/ski-consult.de\/taetigkeitsbreiche\/strukturanalysen\/ermuedung\/spannungsintensitaetskonzept\/","url":"https:\/\/ski-consult.de\/taetigkeitsbreiche\/strukturanalysen\/ermuedung\/spannungsintensitaetskonzept\/","name":"Spannungsintensit\u00e4tskonzept &#8226; SKI Ingenieurges. mbH","isPartOf":{"@id":"https:\/\/ski-consult.de\/#website"},"datePublished":"2020-08-07T10:34:32+00:00","dateModified":"2023-11-16T14:14:00+00:00","description":"Spannungsintensit\u00e4tskonzept &#8226; SKI kann Berechnungen inkl. Lastermittlung, Modellaufbau und Bewertung der Ergebnisse durchf\u00fchren.","breadcrumb":{"@id":"https:\/\/ski-consult.de\/taetigkeitsbreiche\/strukturanalysen\/ermuedung\/spannungsintensitaetskonzept\/#breadcrumb"},"inLanguage":"en-GB","potentialAction":[{"@type":"ReadAction","target":["https:\/\/ski-consult.de\/taetigkeitsbreiche\/strukturanalysen\/ermuedung\/spannungsintensitaetskonzept\/"]}]},{"@type":"BreadcrumbList","@id":"https:\/\/ski-consult.de\/taetigkeitsbreiche\/strukturanalysen\/ermuedung\/spannungsintensitaetskonzept\/#breadcrumb","itemListElement":[{"@type":"ListItem","position":1,"name":"Startseite","item":"https:\/\/ski-consult.de\/"},{"@type":"ListItem","position":2,"name":"T\u00e4tigkeitsbereiche","item":"https:\/\/ski-consult.de\/taetigkeitsbreiche\/"},{"@type":"ListItem","position":3,"name":"Strukturanalysen","item":"https:\/\/ski-consult.de\/taetigkeitsbreiche\/strukturanalysen\/"},{"@type":"ListItem","position":4,"name":"Erm\u00fcdung","item":"https:\/\/ski-consult.de\/taetigkeitsbreiche\/strukturanalysen\/ermuedung\/"},{"@type":"ListItem","position":5,"name":"Spannungsintensit\u00e4tskonzept"}]},{"@type":"WebSite","@id":"https:\/\/ski-consult.de\/#website","url":"https:\/\/ski-consult.de\/","name":"SKI Ingenieurges. mbH","description":"Bauwesen und innovative Entwicklungsarbeiten","publisher":{"@id":"https:\/\/ski-consult.de\/#organization"},"potentialAction":[{"@type":"SearchAction","target":{"@type":"EntryPoint","urlTemplate":"https:\/\/ski-consult.de\/?s={search_term_string}"},"query-input":{"@type":"PropertyValueSpecification","valueRequired":true,"valueName":"search_term_string"}}],"inLanguage":"en-GB"},{"@type":"Organization","@id":"https:\/\/ski-consult.de\/#organization","name":"SKI Ingenieurges. mbh","url":"https:\/\/ski-consult.de\/","logo":{"@type":"ImageObject","inLanguage":"en-GB","@id":"https:\/\/ski-consult.de\/#\/schema\/logo\/image\/","url":"https:\/\/ski-consult.de\/wp-content\/uploads\/2020\/07\/SKI_Logo_1026px_72dpi_rgb.png","contentUrl":"https:\/\/ski-consult.de\/wp-content\/uploads\/2020\/07\/SKI_Logo_1026px_72dpi_rgb.png","width":1026,"height":373,"caption":"SKI Ingenieurges. mbh"},"image":{"@id":"https:\/\/ski-consult.de\/#\/schema\/logo\/image\/"}}]}},"_links":{"self":[{"href":"https:\/\/ski-consult.de\/en\/wp-json\/wp\/v2\/pages\/6409","targetHints":{"allow":["GET"]}}],"collection":[{"href":"https:\/\/ski-consult.de\/en\/wp-json\/wp\/v2\/pages"}],"about":[{"href":"https:\/\/ski-consult.de\/en\/wp-json\/wp\/v2\/types\/page"}],"author":[{"embeddable":true,"href":"https:\/\/ski-consult.de\/en\/wp-json\/wp\/v2\/users\/4"}],"replies":[{"embeddable":true,"href":"https:\/\/ski-consult.de\/en\/wp-json\/wp\/v2\/comments?post=6409"}],"version-history":[{"count":0,"href":"https:\/\/ski-consult.de\/en\/wp-json\/wp\/v2\/pages\/6409\/revisions"}],"up":[{"embeddable":true,"href":"https:\/\/ski-consult.de\/en\/wp-json\/wp\/v2\/pages\/6363"}],"wp:attachment":[{"href":"https:\/\/ski-consult.de\/en\/wp-json\/wp\/v2\/media?parent=6409"}],"curies":[{"name":"wp","href":"https:\/\/api.w.org\/{rel}","templated":true}]}}