{"id":6431,"date":"2020-08-07T13:03:13","date_gmt":"2020-08-07T11:03:13","guid":{"rendered":"http:\/\/neu.ski-consult.de\/?page_id=6431"},"modified":"2023-11-16T15:21:47","modified_gmt":"2023-11-16T14:21:47","slug":"reverse-engineering","status":"publish","type":"page","link":"https:\/\/ski-consult.de\/en\/taetigkeitsbreiche\/messtechnik\/reverse-engineering\/","title":{"rendered":"Reverse Engineering"},"content":{"rendered":"\t\t<div data-elementor-type=\"wp-page\" data-elementor-id=\"6431\" class=\"elementor elementor-6431\">\n\t\t\t\t\t\t<section class=\"elementor-section elementor-top-section elementor-element elementor-element-8a2e065 elementor-section-boxed elementor-section-height-default elementor-section-height-default\" data-id=\"8a2e065\" data-element_type=\"section\" data-e-type=\"section\">\n\t\t\t\t\t\t<div class=\"elementor-container elementor-column-gap-default\">\n\t\t\t\t\t<div class=\"elementor-column elementor-col-100 elementor-top-column elementor-element elementor-element-efef543\" data-id=\"efef543\" data-element_type=\"column\" data-e-type=\"column\">\n\t\t\t<div class=\"elementor-widget-wrap elementor-element-populated\">\n\t\t\t\t\t\t<div class=\"elementor-element elementor-element-2cbe442 elementor-widget elementor-widget-heading\" data-id=\"2cbe442\" data-element_type=\"widget\" data-e-type=\"widget\" data-widget_type=\"heading.default\">\n\t\t\t\t<div class=\"elementor-widget-container\">\n\t\t\t\t\t<h2 class=\"elementor-heading-title elementor-size-default\">Reverse Engineering mit Hilfe optischer Messtechniken\n<\/h2>\t\t\t\t<\/div>\n\t\t\t\t<\/div>\n\t\t\t\t\t<\/div>\n\t\t<\/div>\n\t\t\t\t\t<\/div>\n\t\t<\/section>\n\t\t\t\t<section class=\"elementor-section elementor-top-section elementor-element elementor-element-128ebad elementor-section-boxed elementor-section-height-default elementor-section-height-default\" data-id=\"128ebad\" data-element_type=\"section\" data-e-type=\"section\">\n\t\t\t\t\t\t<div class=\"elementor-container elementor-column-gap-default\">\n\t\t\t\t\t<div class=\"elementor-column elementor-col-66 elementor-top-column elementor-element elementor-element-a025485\" data-id=\"a025485\" data-element_type=\"column\" data-e-type=\"column\">\n\t\t\t<div class=\"elementor-widget-wrap elementor-element-populated\">\n\t\t\t\t\t\t<div class=\"elementor-element elementor-element-428d72e elementor-widget elementor-widget-text-editor\" data-id=\"428d72e\" data-element_type=\"widget\" data-e-type=\"widget\" data-widget_type=\"text-editor.default\">\n\t\t\t\t<div class=\"elementor-widget-container\">\n\t\t\t\t\t\t\t\t\t<p class=\"bodytext\">Zwischen der Geometrie eines idealen perfekten\u00a0Modells und der realen Struktur kommt es oftmals\u00a0zu Abweichungen, die in unterschiedlichster Form und Gr\u00f6\u00dfe auftreten k\u00f6nnen. Da sich viele\u00a0Arten von geometrischen Imperfektionen nicht g\u00e4nzlich\u00a0vermeiden lassen, ist vielmehr\u00a0deren Gr\u00f6\u00dfe von Interesse, um einen Vergleich zu\u00a0tolerierbaren\u00a0Grenzwerten\u00a0durchf\u00fchren zu k\u00f6nnen.\u00a0<\/p><p class=\"bodytext\">Zum Beispiel wird in der Automobilindustrie\u00a0f\u00fcr bestimmte Bauteile der Karosserie ein Soll-Ist-Vergleich vorgenommen\u00a0(z.B. Spaltmessungen zwischen den T\u00fcren). In vielen F\u00e4llen werden f\u00fcr solche Aufgaben optische Messtechniken eingesetzt, mit denen Punktkoordinaten von\u00a02D- und 3D-Strukturen photogrammetrisch erfasst werden k\u00f6nnen. Wenn f\u00fcr die gleiche Struktur ein CAD-Modell existiert, dann kann zwischen den gerenderten Oberfl\u00e4chen die Abweichung im entsprechenden Koordinatensystem berechnet werden. Die reale\u00a0Struktur wird also nach dem Herstellungsprozess mit dem idealen\u00a0Modell verglichen\u00a0(Reverse Engineering).\u00a0<\/p><p class=\"bodytext\">Eine Anwendung aus dem Bauwesen ist z.B. die optische 3D-Vermessung\u00a0einer st\u00e4hlernen Kreiszylinderschale bei der die\u00a0Unrundheiten und\u00a0Vorbeultiefen bestimmt werden sollten. Die dabei\u00a0gemessenen Punktkoordinaten\u00a0sind in der Abbildung oben dargestellt.\u00a0<\/p><p class=\"bodytext\">Die untere\u00a0Abbildung zeigt die gemessenen\u00a0Abweichungen der Zylinderoberfl\u00e4che im Vergleich zu einem idealen Zylindermodell. Mittels einer Best-Fit-Analyse k\u00f6nnen somit die Vorverformungen zur Innen- und Au\u00dfenseite des Zylinders ermittelt\u00a0und letztendlich\u00a0den jeweiligen Grenzwerten gegen\u00fcbergestellt werden.\u00a0\u00a0\u00a0<\/p>\t\t\t\t\t\t\t\t<\/div>\n\t\t\t\t<\/div>\n\t\t\t\t\t<\/div>\n\t\t<\/div>\n\t\t\t\t<div class=\"elementor-column elementor-col-33 elementor-top-column elementor-element elementor-element-1c4ac75\" data-id=\"1c4ac75\" data-element_type=\"column\" data-e-type=\"column\">\n\t\t\t<div class=\"elementor-widget-wrap elementor-element-populated\">\n\t\t\t\t\t\t<div class=\"elementor-element elementor-element-9e2b72b elementor-widget elementor-widget-image\" data-id=\"9e2b72b\" data-element_type=\"widget\" data-e-type=\"widget\" data-widget_type=\"image.default\">\n\t\t\t\t<div class=\"elementor-widget-container\">\n\t\t\t\t\t\t\t\t\t\t\t\t<figure class=\"wp-caption\">\n\t\t\t\t\t\t\t\t\t\t<img fetchpriority=\"high\" decoding=\"async\" width=\"725\" height=\"600\" src=\"https:\/\/ski-consult.de\/wp-content\/uploads\/2020\/08\/csm_Vermessung_Zylinder_c8ef9e86e2.jpg\" class=\"attachment-large size-large wp-image-6433\" alt=\"\" srcset=\"https:\/\/ski-consult.de\/wp-content\/uploads\/2020\/08\/csm_Vermessung_Zylinder_c8ef9e86e2.jpg 725w, https:\/\/ski-consult.de\/wp-content\/uploads\/2020\/08\/csm_Vermessung_Zylinder_c8ef9e86e2-300x248.jpg 300w, https:\/\/ski-consult.de\/wp-content\/uploads\/2020\/08\/csm_Vermessung_Zylinder_c8ef9e86e2-85x70.jpg 85w, https:\/\/ski-consult.de\/wp-content\/uploads\/2020\/08\/csm_Vermessung_Zylinder_c8ef9e86e2-240x200.jpg 240w\" sizes=\"(max-width: 725px) 100vw, 725px\" \/>\t\t\t\t\t\t\t\t\t\t\t<figcaption class=\"widget-image-caption wp-caption-text\">Photogrammetrische 3D-Vermessung eines Zylinders\n<\/figcaption>\n\t\t\t\t\t\t\t\t\t\t<\/figure>\n\t\t\t\t\t\t\t\t\t<\/div>\n\t\t\t\t<\/div>\n\t\t\t\t<div class=\"elementor-element elementor-element-ea04ce6 elementor-widget elementor-widget-image\" data-id=\"ea04ce6\" data-element_type=\"widget\" data-e-type=\"widget\" data-widget_type=\"image.default\">\n\t\t\t\t<div class=\"elementor-widget-container\">\n\t\t\t\t\t\t\t\t\t\t\t\t<figure class=\"wp-caption\">\n\t\t\t\t\t\t\t\t\t\t<img decoding=\"async\" width=\"800\" height=\"499\" src=\"https:\/\/ski-consult.de\/wp-content\/uploads\/2020\/08\/csm_Soll-Ist-Vergleich-Zylinder_7a42575f87.jpg\" class=\"attachment-large size-large wp-image-6434\" alt=\"\" srcset=\"https:\/\/ski-consult.de\/wp-content\/uploads\/2020\/08\/csm_Soll-Ist-Vergleich-Zylinder_7a42575f87.jpg 800w, https:\/\/ski-consult.de\/wp-content\/uploads\/2020\/08\/csm_Soll-Ist-Vergleich-Zylinder_7a42575f87-300x187.jpg 300w, https:\/\/ski-consult.de\/wp-content\/uploads\/2020\/08\/csm_Soll-Ist-Vergleich-Zylinder_7a42575f87-768x479.jpg 768w, https:\/\/ski-consult.de\/wp-content\/uploads\/2020\/08\/csm_Soll-Ist-Vergleich-Zylinder_7a42575f87-770x480.jpg 770w\" sizes=\"(max-width: 800px) 100vw, 800px\" \/>\t\t\t\t\t\t\t\t\t\t\t<figcaption class=\"widget-image-caption wp-caption-text\">Abweichungen der gemessenen Punktkoordinaten vom idealen Kreiszylinder in [mm]\n<\/figcaption>\n\t\t\t\t\t\t\t\t\t\t<\/figure>\n\t\t\t\t\t\t\t\t\t<\/div>\n\t\t\t\t<\/div>\n\t\t\t\t\t<\/div>\n\t\t<\/div>\n\t\t\t\t\t<\/div>\n\t\t<\/section>\n\t\t\t\t<section class=\"elementor-section elementor-top-section elementor-element elementor-element-3c5626e elementor-section-boxed elementor-section-height-default elementor-section-height-default\" data-id=\"3c5626e\" data-element_type=\"section\" data-e-type=\"section\">\n\t\t\t\t\t\t<div class=\"elementor-container elementor-column-gap-default\">\n\t\t\t\t\t<div class=\"elementor-column elementor-col-100 elementor-top-column elementor-element elementor-element-96c9548\" data-id=\"96c9548\" data-element_type=\"column\" data-e-type=\"column\">\n\t\t\t<div class=\"elementor-widget-wrap elementor-element-populated\">\n\t\t\t\t\t\t<div class=\"elementor-element elementor-element-1916856 elementor-widget elementor-widget-heading\" data-id=\"1916856\" data-element_type=\"widget\" data-e-type=\"widget\" data-widget_type=\"heading.default\">\n\t\t\t\t<div class=\"elementor-widget-container\">\n\t\t\t\t\t<h2 class=\"elementor-heading-title elementor-size-default\">Leistungen<\/h2>\t\t\t\t<\/div>\n\t\t\t\t<\/div>\n\t\t\t\t<div class=\"elementor-element elementor-element-1f7f752 elementor-widget elementor-widget-text-editor\" data-id=\"1f7f752\" data-element_type=\"widget\" data-e-type=\"widget\" data-widget_type=\"text-editor.default\">\n\t\t\t\t<div class=\"elementor-widget-container\">\n\t\t\t\t\t\t\t\t\t<div class=\"main-content\"><div class=\"content\"><div id=\"c881\" class=\"csc-default\"><div class=\"csc-textpic-text\"><div class=\"content\"><div id=\"c361\" class=\"csc-default\"><div class=\"csc-textpic-text\"><p class=\"bodytext\">Die SKI Ingenieurges. mbH bietet im Bereich von Reverse Engineering folgenden Leistungen:<\/p><ul><li>Pr\u00fcfsbegleitende und \u00fcberwachende T\u00e4tigkeiten<\/li><li>Aufbau und Kalibrierung von numerischen Modellen zur Nachrechnung<\/li><li>Einlesen von Punktewolken und Messdaten aus den Versuchen<\/li><li>Nachrechnung von Versuchsergebnissen im statischen, dynamischen und transienten Bereich<\/li><li>Beurteilung und Deutung von Messergebnissen, sowie Abgleich von numerisch gest\u00fctzten Pr\u00fcfmethoden<\/li><\/ul><\/div><\/div><\/div><\/div><\/div><\/div><\/div>\t\t\t\t\t\t\t\t<\/div>\n\t\t\t\t<\/div>\n\t\t\t\t\t<\/div>\n\t\t<\/div>\n\t\t\t\t\t<\/div>\n\t\t<\/section>\n\t\t\t\t<\/div>\n\t\t","protected":false},"excerpt":{"rendered":"<p>Reverse Engineering mit Hilfe optischer Messtechniken Zwischen der Geometrie eines idealen perfekten\u00a0Modells und der realen Struktur kommt es oftmals\u00a0zu Abweichungen, die in unterschiedlichster Form und Gr\u00f6\u00dfe auftreten k\u00f6nnen. Da sich viele\u00a0Arten von geometrischen Imperfektionen nicht g\u00e4nzlich\u00a0vermeiden lassen, ist vielmehr\u00a0deren Gr\u00f6\u00dfe von Interesse, um einen Vergleich zu\u00a0tolerierbaren\u00a0Grenzwerten\u00a0durchf\u00fchren zu k\u00f6nnen.\u00a0 Zum Beispiel wird in der Automobilindustrie\u00a0f\u00fcr bestimmte&#8230;<\/p>","protected":false},"author":4,"featured_media":0,"parent":6438,"menu_order":0,"comment_status":"closed","ping_status":"closed","template":"","meta":{"_acf_changed":false,"footnotes":""},"class_list":["post-6431","page","type-page","status-publish","hentry","no-post-thumbnail"],"acf":[],"yoast_head":"<!-- This site is optimized with the Yoast SEO plugin v27.4 - https:\/\/yoast.com\/product\/yoast-seo-wordpress\/ -->\n<title>Reverse Engineering &#8226; SKI Ingenieurges. mbH<\/title>\n<meta name=\"description\" content=\"Reverse Engineering &#8226; Individuelle Planung, Durchf\u00fchrung und Auswertung von Messtechnik und Messergebnisse im Bestand und Neubau.\" \/>\n<meta name=\"robots\" content=\"index, follow, max-snippet:-1, max-image-preview:large, max-video-preview:-1\" \/>\n<link rel=\"canonical\" href=\"https:\/\/ski-consult.de\/en\/taetigkeitsbreiche\/messtechnik\/reverse-engineering\/\" \/>\n<meta property=\"og:locale\" content=\"en_GB\" \/>\n<meta property=\"og:type\" content=\"article\" \/>\n<meta property=\"og:title\" content=\"Reverse Engineering &#8226; SKI Ingenieurges. mbH\" \/>\n<meta property=\"og:description\" content=\"Reverse Engineering &#8226; Individuelle Planung, Durchf\u00fchrung und Auswertung von Messtechnik und Messergebnisse im Bestand und Neubau.\" \/>\n<meta property=\"og:url\" content=\"https:\/\/ski-consult.de\/en\/taetigkeitsbreiche\/messtechnik\/reverse-engineering\/\" \/>\n<meta property=\"og:site_name\" content=\"SKI Ingenieurges. mbH\" \/>\n<meta property=\"article:modified_time\" content=\"2023-11-16T14:21:47+00:00\" \/>\n<meta property=\"og:image\" content=\"https:\/\/ski-consult.de\/wp-content\/uploads\/2020\/08\/csm_Vermessung_Zylinder_c8ef9e86e2.jpg\" \/>\n<meta name=\"twitter:card\" content=\"summary_large_image\" \/>\n<meta name=\"twitter:label1\" content=\"Estimated reading time\" \/>\n\t<meta name=\"twitter:data1\" content=\"2 minutes\" \/>\n<script type=\"application\/ld+json\" class=\"yoast-schema-graph\">{\"@context\":\"https:\\\/\\\/schema.org\",\"@graph\":[{\"@type\":\"WebPage\",\"@id\":\"https:\\\/\\\/ski-consult.de\\\/taetigkeitsbreiche\\\/messtechnik\\\/reverse-engineering\\\/\",\"url\":\"https:\\\/\\\/ski-consult.de\\\/taetigkeitsbreiche\\\/messtechnik\\\/reverse-engineering\\\/\",\"name\":\"Reverse Engineering &#8226; SKI Ingenieurges. mbH\",\"isPartOf\":{\"@id\":\"https:\\\/\\\/ski-consult.de\\\/#website\"},\"primaryImageOfPage\":{\"@id\":\"https:\\\/\\\/ski-consult.de\\\/taetigkeitsbreiche\\\/messtechnik\\\/reverse-engineering\\\/#primaryimage\"},\"image\":{\"@id\":\"https:\\\/\\\/ski-consult.de\\\/taetigkeitsbreiche\\\/messtechnik\\\/reverse-engineering\\\/#primaryimage\"},\"thumbnailUrl\":\"https:\\\/\\\/ski-consult.de\\\/wp-content\\\/uploads\\\/2020\\\/08\\\/csm_Vermessung_Zylinder_c8ef9e86e2.jpg\",\"datePublished\":\"2020-08-07T11:03:13+00:00\",\"dateModified\":\"2023-11-16T14:21:47+00:00\",\"description\":\"Reverse Engineering &#8226; Individuelle Planung, Durchf\u00fchrung und Auswertung von Messtechnik und Messergebnisse im Bestand und Neubau.\",\"breadcrumb\":{\"@id\":\"https:\\\/\\\/ski-consult.de\\\/taetigkeitsbreiche\\\/messtechnik\\\/reverse-engineering\\\/#breadcrumb\"},\"inLanguage\":\"en-GB\",\"potentialAction\":[{\"@type\":\"ReadAction\",\"target\":[\"https:\\\/\\\/ski-consult.de\\\/taetigkeitsbreiche\\\/messtechnik\\\/reverse-engineering\\\/\"]}]},{\"@type\":\"ImageObject\",\"inLanguage\":\"en-GB\",\"@id\":\"https:\\\/\\\/ski-consult.de\\\/taetigkeitsbreiche\\\/messtechnik\\\/reverse-engineering\\\/#primaryimage\",\"url\":\"https:\\\/\\\/ski-consult.de\\\/wp-content\\\/uploads\\\/2020\\\/08\\\/csm_Vermessung_Zylinder_c8ef9e86e2.jpg\",\"contentUrl\":\"https:\\\/\\\/ski-consult.de\\\/wp-content\\\/uploads\\\/2020\\\/08\\\/csm_Vermessung_Zylinder_c8ef9e86e2.jpg\"},{\"@type\":\"BreadcrumbList\",\"@id\":\"https:\\\/\\\/ski-consult.de\\\/taetigkeitsbreiche\\\/messtechnik\\\/reverse-engineering\\\/#breadcrumb\",\"itemListElement\":[{\"@type\":\"ListItem\",\"position\":1,\"name\":\"Startseite\",\"item\":\"https:\\\/\\\/ski-consult.de\\\/\"},{\"@type\":\"ListItem\",\"position\":2,\"name\":\"T\u00e4tigkeitsbereiche\",\"item\":\"https:\\\/\\\/ski-consult.de\\\/taetigkeitsbreiche\\\/\"},{\"@type\":\"ListItem\",\"position\":3,\"name\":\"Messtechnik\",\"item\":\"https:\\\/\\\/ski-consult.de\\\/taetigkeitsbreiche\\\/messtechnik\\\/\"},{\"@type\":\"ListItem\",\"position\":4,\"name\":\"Reverse Engineering\"}]},{\"@type\":\"WebSite\",\"@id\":\"https:\\\/\\\/ski-consult.de\\\/#website\",\"url\":\"https:\\\/\\\/ski-consult.de\\\/\",\"name\":\"SKI Ingenieurges. mbH\",\"description\":\"Bauwesen und innovative Entwicklungsarbeiten\",\"publisher\":{\"@id\":\"https:\\\/\\\/ski-consult.de\\\/#organization\"},\"potentialAction\":[{\"@type\":\"SearchAction\",\"target\":{\"@type\":\"EntryPoint\",\"urlTemplate\":\"https:\\\/\\\/ski-consult.de\\\/?s={search_term_string}\"},\"query-input\":{\"@type\":\"PropertyValueSpecification\",\"valueRequired\":true,\"valueName\":\"search_term_string\"}}],\"inLanguage\":\"en-GB\"},{\"@type\":\"Organization\",\"@id\":\"https:\\\/\\\/ski-consult.de\\\/#organization\",\"name\":\"SKI Ingenieurges. mbh\",\"url\":\"https:\\\/\\\/ski-consult.de\\\/\",\"logo\":{\"@type\":\"ImageObject\",\"inLanguage\":\"en-GB\",\"@id\":\"https:\\\/\\\/ski-consult.de\\\/#\\\/schema\\\/logo\\\/image\\\/\",\"url\":\"https:\\\/\\\/ski-consult.de\\\/wp-content\\\/uploads\\\/2020\\\/07\\\/SKI_Logo_1026px_72dpi_rgb.png\",\"contentUrl\":\"https:\\\/\\\/ski-consult.de\\\/wp-content\\\/uploads\\\/2020\\\/07\\\/SKI_Logo_1026px_72dpi_rgb.png\",\"width\":1026,\"height\":373,\"caption\":\"SKI Ingenieurges. mbh\"},\"image\":{\"@id\":\"https:\\\/\\\/ski-consult.de\\\/#\\\/schema\\\/logo\\\/image\\\/\"}}]}<\/script>\n<!-- \/ Yoast SEO plugin. -->","yoast_head_json":{"title":"Reverse Engineering &#8226; SKI Ingenieurges. mbH","description":"Reverse Engineering &#8226; Individuelle Planung, Durchf\u00fchrung und Auswertung von Messtechnik und Messergebnisse im Bestand und Neubau.","robots":{"index":"index","follow":"follow","max-snippet":"max-snippet:-1","max-image-preview":"max-image-preview:large","max-video-preview":"max-video-preview:-1"},"canonical":"https:\/\/ski-consult.de\/en\/taetigkeitsbreiche\/messtechnik\/reverse-engineering\/","og_locale":"en_GB","og_type":"article","og_title":"Reverse Engineering &#8226; SKI Ingenieurges. mbH","og_description":"Reverse Engineering &#8226; Individuelle Planung, Durchf\u00fchrung und Auswertung von Messtechnik und Messergebnisse im Bestand und Neubau.","og_url":"https:\/\/ski-consult.de\/en\/taetigkeitsbreiche\/messtechnik\/reverse-engineering\/","og_site_name":"SKI Ingenieurges. mbH","article_modified_time":"2023-11-16T14:21:47+00:00","og_image":[{"url":"https:\/\/ski-consult.de\/wp-content\/uploads\/2020\/08\/csm_Vermessung_Zylinder_c8ef9e86e2.jpg","type":"","width":"","height":""}],"twitter_card":"summary_large_image","twitter_misc":{"Estimated reading time":"2 minutes"},"schema":{"@context":"https:\/\/schema.org","@graph":[{"@type":"WebPage","@id":"https:\/\/ski-consult.de\/taetigkeitsbreiche\/messtechnik\/reverse-engineering\/","url":"https:\/\/ski-consult.de\/taetigkeitsbreiche\/messtechnik\/reverse-engineering\/","name":"Reverse Engineering &#8226; SKI Ingenieurges. mbH","isPartOf":{"@id":"https:\/\/ski-consult.de\/#website"},"primaryImageOfPage":{"@id":"https:\/\/ski-consult.de\/taetigkeitsbreiche\/messtechnik\/reverse-engineering\/#primaryimage"},"image":{"@id":"https:\/\/ski-consult.de\/taetigkeitsbreiche\/messtechnik\/reverse-engineering\/#primaryimage"},"thumbnailUrl":"https:\/\/ski-consult.de\/wp-content\/uploads\/2020\/08\/csm_Vermessung_Zylinder_c8ef9e86e2.jpg","datePublished":"2020-08-07T11:03:13+00:00","dateModified":"2023-11-16T14:21:47+00:00","description":"Reverse Engineering &#8226; Individuelle Planung, Durchf\u00fchrung und Auswertung von Messtechnik und Messergebnisse im Bestand und Neubau.","breadcrumb":{"@id":"https:\/\/ski-consult.de\/taetigkeitsbreiche\/messtechnik\/reverse-engineering\/#breadcrumb"},"inLanguage":"en-GB","potentialAction":[{"@type":"ReadAction","target":["https:\/\/ski-consult.de\/taetigkeitsbreiche\/messtechnik\/reverse-engineering\/"]}]},{"@type":"ImageObject","inLanguage":"en-GB","@id":"https:\/\/ski-consult.de\/taetigkeitsbreiche\/messtechnik\/reverse-engineering\/#primaryimage","url":"https:\/\/ski-consult.de\/wp-content\/uploads\/2020\/08\/csm_Vermessung_Zylinder_c8ef9e86e2.jpg","contentUrl":"https:\/\/ski-consult.de\/wp-content\/uploads\/2020\/08\/csm_Vermessung_Zylinder_c8ef9e86e2.jpg"},{"@type":"BreadcrumbList","@id":"https:\/\/ski-consult.de\/taetigkeitsbreiche\/messtechnik\/reverse-engineering\/#breadcrumb","itemListElement":[{"@type":"ListItem","position":1,"name":"Startseite","item":"https:\/\/ski-consult.de\/"},{"@type":"ListItem","position":2,"name":"T\u00e4tigkeitsbereiche","item":"https:\/\/ski-consult.de\/taetigkeitsbreiche\/"},{"@type":"ListItem","position":3,"name":"Messtechnik","item":"https:\/\/ski-consult.de\/taetigkeitsbreiche\/messtechnik\/"},{"@type":"ListItem","position":4,"name":"Reverse Engineering"}]},{"@type":"WebSite","@id":"https:\/\/ski-consult.de\/#website","url":"https:\/\/ski-consult.de\/","name":"SKI Ingenieurges. mbH","description":"Bauwesen und innovative Entwicklungsarbeiten","publisher":{"@id":"https:\/\/ski-consult.de\/#organization"},"potentialAction":[{"@type":"SearchAction","target":{"@type":"EntryPoint","urlTemplate":"https:\/\/ski-consult.de\/?s={search_term_string}"},"query-input":{"@type":"PropertyValueSpecification","valueRequired":true,"valueName":"search_term_string"}}],"inLanguage":"en-GB"},{"@type":"Organization","@id":"https:\/\/ski-consult.de\/#organization","name":"SKI Ingenieurges. mbh","url":"https:\/\/ski-consult.de\/","logo":{"@type":"ImageObject","inLanguage":"en-GB","@id":"https:\/\/ski-consult.de\/#\/schema\/logo\/image\/","url":"https:\/\/ski-consult.de\/wp-content\/uploads\/2020\/07\/SKI_Logo_1026px_72dpi_rgb.png","contentUrl":"https:\/\/ski-consult.de\/wp-content\/uploads\/2020\/07\/SKI_Logo_1026px_72dpi_rgb.png","width":1026,"height":373,"caption":"SKI Ingenieurges. mbh"},"image":{"@id":"https:\/\/ski-consult.de\/#\/schema\/logo\/image\/"}}]}},"_links":{"self":[{"href":"https:\/\/ski-consult.de\/en\/wp-json\/wp\/v2\/pages\/6431","targetHints":{"allow":["GET"]}}],"collection":[{"href":"https:\/\/ski-consult.de\/en\/wp-json\/wp\/v2\/pages"}],"about":[{"href":"https:\/\/ski-consult.de\/en\/wp-json\/wp\/v2\/types\/page"}],"author":[{"embeddable":true,"href":"https:\/\/ski-consult.de\/en\/wp-json\/wp\/v2\/users\/4"}],"replies":[{"embeddable":true,"href":"https:\/\/ski-consult.de\/en\/wp-json\/wp\/v2\/comments?post=6431"}],"version-history":[{"count":0,"href":"https:\/\/ski-consult.de\/en\/wp-json\/wp\/v2\/pages\/6431\/revisions"}],"up":[{"embeddable":true,"href":"https:\/\/ski-consult.de\/en\/wp-json\/wp\/v2\/pages\/6438"}],"wp:attachment":[{"href":"https:\/\/ski-consult.de\/en\/wp-json\/wp\/v2\/media?parent=6431"}],"curies":[{"name":"wp","href":"https:\/\/api.w.org\/{rel}","templated":true}]}}