{"id":6465,"date":"2020-08-07T15:11:26","date_gmt":"2020-08-07T13:11:26","guid":{"rendered":"http:\/\/neu.ski-consult.de\/?page_id=6465"},"modified":"2023-11-16T15:21:45","modified_gmt":"2023-11-16T14:21:45","slug":"optische-messungen","status":"publish","type":"page","link":"https:\/\/ski-consult.de\/en\/taetigkeitsbreiche\/messtechnik\/optische-messungen\/","title":{"rendered":"Optical measurements"},"content":{"rendered":"<div data-elementor-type=\"wp-page\" data-elementor-id=\"6465\" class=\"elementor elementor-6465\">\n\t\t\t\t\t\t<section class=\"elementor-section elementor-top-section elementor-element elementor-element-5364fdf elementor-section-boxed elementor-section-height-default elementor-section-height-default\" data-id=\"5364fdf\" data-element_type=\"section\" data-e-type=\"section\">\n\t\t\t\t\t\t<div class=\"elementor-container elementor-column-gap-default\">\n\t\t\t\t\t<div class=\"elementor-column elementor-col-100 elementor-top-column elementor-element elementor-element-e4a5714\" data-id=\"e4a5714\" data-element_type=\"column\" data-e-type=\"column\">\n\t\t\t<div class=\"elementor-widget-wrap elementor-element-populated\">\n\t\t\t\t\t\t<div class=\"elementor-element elementor-element-d2ca919 elementor-widget elementor-widget-heading\" data-id=\"d2ca919\" data-element_type=\"widget\" data-e-type=\"widget\" data-widget_type=\"heading.default\">\n\t\t\t\t<div class=\"elementor-widget-container\">\n\t\t\t\t\t<h2 class=\"elementor-heading-title elementor-size-default\">Optical measurements<\/h2>\t\t\t\t<\/div>\n\t\t\t\t<\/div>\n\t\t\t\t\t<\/div>\n\t\t<\/div>\n\t\t\t\t\t<\/div>\n\t\t<\/section>\n\t\t\t\t<section class=\"elementor-section elementor-top-section elementor-element elementor-element-96746a6 elementor-section-boxed elementor-section-height-default elementor-section-height-default\" data-id=\"96746a6\" data-element_type=\"section\" data-e-type=\"section\">\n\t\t\t\t\t\t<div class=\"elementor-container elementor-column-gap-default\">\n\t\t\t\t\t<div class=\"elementor-column elementor-col-33 elementor-top-column elementor-element elementor-element-8cd6d54\" data-id=\"8cd6d54\" data-element_type=\"column\" data-e-type=\"column\">\n\t\t\t<div class=\"elementor-widget-wrap elementor-element-populated\">\n\t\t\t\t\t\t<div class=\"elementor-element elementor-element-bf489bc elementor-widget elementor-widget-text-editor\" data-id=\"bf489bc\" data-element_type=\"widget\" data-e-type=\"widget\" data-widget_type=\"text-editor.default\">\n\t\t\t\t<div class=\"elementor-widget-container\">\n\t\t\t\t\t\t\t\t\t<div class=\"main-content\">\n<div class=\"content\">\n<div id=\"c881\" class=\"csc-default\">\n<div class=\"csc-textpic-text\">\n<div class=\"csc-textpic-text\">\n<div class=\"csc-textpic-text\">\n<p class=\"bodytext\">Using optical 3D measurement techniques, it is possible to detect a body using coded targets placed on the surface of the body. By evaluating the data, a point cloud is obtained. For example, unevenness and deformation of component surfaces can be detected, e. g. buckling and buckling failure of a circular cylinder shell.<\/p>\n<p class=\"bodytext\">Beim&nbsp;<a title=\"damage accumulation hypothesis\" href=\"https:\/\/ski-consult.de\/en\/reverse-engineering\/\">Reverse Engineering<\/a>&nbsp;compares the geometry of an already existing object (actual state) with the ideal geometry of the object planned in CAD (target state). For this purpose, the 3D point coordinates from a graphics program and an ideal geometry are superimposed on each other in the best possible way (best fit analysis) and their deviations from each other are determined.<\/p>\n<\/div>\n<\/div>\n<\/div>\n<\/div>\n<\/div>\n<\/div>\t\t\t\t\t\t\t\t<\/div>\n\t\t\t\t<\/div>\n\t\t\t\t\t<\/div>\n\t\t<\/div>\n\t\t\t\t<div class=\"elementor-column elementor-col-33 elementor-top-column elementor-element elementor-element-63382b7\" data-id=\"63382b7\" data-element_type=\"column\" data-e-type=\"column\">\n\t\t\t<div class=\"elementor-widget-wrap elementor-element-populated\">\n\t\t\t\t\t\t<div class=\"elementor-element elementor-element-1124db3 elementor-widget elementor-widget-image\" data-id=\"1124db3\" data-element_type=\"widget\" data-e-type=\"widget\" data-widget_type=\"image.default\">\n\t\t\t\t<div class=\"elementor-widget-container\">\n\t\t\t\t\t\t\t\t\t\t\t\t<figure class=\"wp-caption\">\n\t\t\t\t\t\t\t\t\t\t<img fetchpriority=\"high\" decoding=\"async\" width=\"401\" height=\"600\" src=\"https:\/\/ski-consult.de\/wp-content\/uploads\/2020\/08\/csm_Opt_Messung_02_ae39ece849.jpg\" class=\"attachment-large size-large wp-image-6484\" alt=\"\" srcset=\"https:\/\/ski-consult.de\/wp-content\/uploads\/2020\/08\/csm_Opt_Messung_02_ae39ece849.jpg 401w, https:\/\/ski-consult.de\/wp-content\/uploads\/2020\/08\/csm_Opt_Messung_02_ae39ece849-201x300.jpg 201w\" sizes=\"(max-width: 401px) 100vw, 401px\" \/>\t\t\t\t\t\t\t\t\t\t\t<figcaption class=\"widget-image-caption wp-caption-text\">Optical measurement of a cylinder surface\n<\/figcaption>\n\t\t\t\t\t\t\t\t\t\t<\/figure>\n\t\t\t\t\t\t\t\t\t<\/div>\n\t\t\t\t<\/div>\n\t\t\t\t\t<\/div>\n\t\t<\/div>\n\t\t\t\t<div class=\"elementor-column elementor-col-33 elementor-top-column elementor-element elementor-element-ecfe9f3\" data-id=\"ecfe9f3\" data-element_type=\"column\" data-e-type=\"column\">\n\t\t\t<div class=\"elementor-widget-wrap elementor-element-populated\">\n\t\t\t\t\t\t<div class=\"elementor-element elementor-element-83da68a elementor-widget elementor-widget-image\" data-id=\"83da68a\" data-element_type=\"widget\" data-e-type=\"widget\" data-widget_type=\"image.default\">\n\t\t\t\t<div class=\"elementor-widget-container\">\n\t\t\t\t\t\t\t\t\t\t\t\t<figure class=\"wp-caption\">\n\t\t\t\t\t\t\t\t\t\t<img decoding=\"async\" width=\"287\" height=\"600\" src=\"https:\/\/ski-consult.de\/wp-content\/uploads\/2020\/08\/csm_Opt_Messung_01_cb42346649.jpg\" class=\"attachment-large size-large wp-image-6485\" alt=\"\" srcset=\"https:\/\/ski-consult.de\/wp-content\/uploads\/2020\/08\/csm_Opt_Messung_01_cb42346649.jpg 287w, https:\/\/ski-consult.de\/wp-content\/uploads\/2020\/08\/csm_Opt_Messung_01_cb42346649-144x300.jpg 144w\" sizes=\"(max-width: 287px) 100vw, 287px\" \/>\t\t\t\t\t\t\t\t\t\t\t<figcaption class=\"widget-image-caption wp-caption-text\">Point cloud of the cylinder\n<\/figcaption>\n\t\t\t\t\t\t\t\t\t\t<\/figure>\n\t\t\t\t\t\t\t\t\t<\/div>\n\t\t\t\t<\/div>\n\t\t\t\t\t<\/div>\n\t\t<\/div>\n\t\t\t\t\t<\/div>\n\t\t<\/section>\n\t\t\t\t<section class=\"elementor-section elementor-top-section elementor-element elementor-element-570d240 elementor-section-boxed elementor-section-height-default elementor-section-height-default\" data-id=\"570d240\" data-element_type=\"section\" data-e-type=\"section\">\n\t\t\t\t\t\t<div class=\"elementor-container elementor-column-gap-default\">\n\t\t\t\t\t<div class=\"elementor-column elementor-col-100 elementor-top-column elementor-element elementor-element-c0f816e\" data-id=\"c0f816e\" data-element_type=\"column\" data-e-type=\"column\">\n\t\t\t<div class=\"elementor-widget-wrap elementor-element-populated\">\n\t\t\t\t\t\t<div class=\"elementor-element elementor-element-ec323dd elementor-widget elementor-widget-text-editor\" data-id=\"ec323dd\" data-element_type=\"widget\" data-e-type=\"widget\" data-widget_type=\"text-editor.default\">\n\t\t\t\t<div class=\"elementor-widget-container\">\n\t\t\t\t\t\t\t\t\t<div class=\"main-content\"><div class=\"content\"><div id=\"c881\" class=\"csc-default\"><div class=\"csc-textpic-text\"><div class=\"csc-textpic-text\"><div class=\"main-content\"><div class=\"content\"><div id=\"c406\" class=\"csc-default\"><p class=\"bodytext\">Once a test specimen has been optically measured, it is positioned in the test bench and equipped with additional measuring technology. Parallel to the metrological recording of displacements via inductive displacement transducers and strain measurement via strain gauges, the measuring system can be used for optical 3D deformation analysis. Thus, the course of the deformations during the axial pressure tests can be measured not only selectively, but also over a wide area.<\/p><\/div><\/div><\/div><div class=\"main-subcontent\"><div class=\"subcontent-unit-border\">\u00a0<\/div><\/div><\/div><\/div><\/div><\/div><\/div>\t\t\t\t\t\t\t\t<\/div>\n\t\t\t\t<\/div>\n\t\t\t\t\t<\/div>\n\t\t<\/div>\n\t\t\t\t\t<\/div>\n\t\t<\/section>\n\t\t\t\t<section class=\"elementor-section elementor-top-section elementor-element elementor-element-17be489 elementor-section-boxed elementor-section-height-default elementor-section-height-default\" data-id=\"17be489\" data-element_type=\"section\" data-e-type=\"section\">\n\t\t\t\t\t\t<div class=\"elementor-container elementor-column-gap-default\">\n\t\t\t\t\t<div class=\"elementor-column elementor-col-100 elementor-top-column elementor-element elementor-element-169d2c2\" data-id=\"169d2c2\" data-element_type=\"column\" data-e-type=\"column\">\n\t\t\t<div class=\"elementor-widget-wrap elementor-element-populated\">\n\t\t\t\t\t\t<div class=\"elementor-element elementor-element-d093e05 elementor-widget elementor-widget-heading\" data-id=\"d093e05\" data-element_type=\"widget\" data-e-type=\"widget\" data-widget_type=\"heading.default\">\n\t\t\t\t<div class=\"elementor-widget-container\">\n\t\t\t\t\t<h2 class=\"elementor-heading-title elementor-size-default\">Services<\/h2>\t\t\t\t<\/div>\n\t\t\t\t<\/div>\n\t\t\t\t<div class=\"elementor-element elementor-element-222db35 elementor-widget elementor-widget-text-editor\" data-id=\"222db35\" data-element_type=\"widget\" data-e-type=\"widget\" data-widget_type=\"text-editor.default\">\n\t\t\t\t<div class=\"elementor-widget-container\">\n\t\t\t\t\t\t\t\t\t<div class=\"main-content\"><div class=\"content\"><div id=\"c881\" class=\"csc-default\"><div class=\"csc-textpic-text\"><div class=\"content\"><div id=\"c361\" class=\"csc-default\"><div class=\"csc-textpic-text\"><p class=\"bodytext\">SKI Ingenieurges. mbH offers the following services in the field of optical measurements:<\/p><ul><li>Test accompanying and monitoring activities<\/li><li>Construction and calibration of numerical models for recalculation<\/li><li>Import of point clouds and measurement data from the experiments<\/li><li>Recalculation of test results in the static, dynamic and transient range<\/li><li>Evaluation and interpretation of measurement results, as well as comparison of numerically supported test methods<\/li><li>Creation of measurement concepts, reports and expert opinions<\/li><\/ul><\/div><\/div><\/div><\/div><\/div><\/div><\/div>\t\t\t\t\t\t\t\t<\/div>\n\t\t\t\t<\/div>\n\t\t\t\t\t<\/div>\n\t\t<\/div>\n\t\t\t\t\t<\/div>\n\t\t<\/section>\n\t\t\t\t<\/div>","protected":false},"excerpt":{"rendered":"<p>Optische Messungen Mit optischen 3D-Messtechniken ist es m\u00f6glich einen K\u00f6rper unter Verwendung von codierten Targets, die auf der Oberfl\u00e4che des K\u00f6rpers platziert werden, zu erfassen. Durch Auswerten der Daten wird so eine Punktwolke gewonnen. Damit k\u00f6nnen beispielsweise Unebenheiten und Verformungen an Bauteiloberfl\u00e4chen erfasst werden, z.B. Vorbeulen und Beulversagen einer Kreiszylinderschale. Beim&nbsp;Reverse Engineering&nbsp;wird die Geometrie eines&#8230;<\/p>","protected":false},"author":4,"featured_media":0,"parent":6438,"menu_order":0,"comment_status":"closed","ping_status":"closed","template":"","meta":{"_acf_changed":false,"footnotes":""},"class_list":["post-6465","page","type-page","status-publish","hentry","no-post-thumbnail"],"acf":[],"yoast_head":"<!-- This site is optimized with the Yoast SEO plugin v27.4 - https:\/\/yoast.com\/product\/yoast-seo-wordpress\/ -->\n<title>Optische Messungen &#8226; SKI Ingenieurges. mbH<\/title>\n<meta name=\"description\" content=\"Optische Messungen &#8226; Individuelle Planung, Durchf\u00fchrung und Auswertung von Messtechnik und Messergebnisse im Bestand und Neubau.\" \/>\n<meta name=\"robots\" content=\"index, follow, max-snippet:-1, max-image-preview:large, max-video-preview:-1\" \/>\n<link rel=\"canonical\" href=\"https:\/\/ski-consult.de\/en\/taetigkeitsbreiche\/messtechnik\/optische-messungen\/\" \/>\n<meta property=\"og:locale\" content=\"en_GB\" \/>\n<meta property=\"og:type\" content=\"article\" \/>\n<meta property=\"og:title\" content=\"Optische Messungen &#8226; SKI Ingenieurges. mbH\" \/>\n<meta property=\"og:description\" content=\"Optische Messungen &#8226; Individuelle Planung, Durchf\u00fchrung und Auswertung von Messtechnik und Messergebnisse im Bestand und Neubau.\" \/>\n<meta property=\"og:url\" content=\"https:\/\/ski-consult.de\/en\/taetigkeitsbreiche\/messtechnik\/optische-messungen\/\" \/>\n<meta property=\"og:site_name\" content=\"SKI Ingenieurges. mbH\" \/>\n<meta property=\"article:modified_time\" content=\"2023-11-16T14:21:45+00:00\" \/>\n<meta property=\"og:image\" content=\"https:\/\/ski-consult.de\/wp-content\/uploads\/2020\/08\/csm_Opt_Messung_02_ae39ece849.jpg\" \/>\n<meta name=\"twitter:card\" content=\"summary_large_image\" \/>\n<meta name=\"twitter:label1\" content=\"Estimated reading time\" \/>\n\t<meta name=\"twitter:data1\" content=\"2 minutes\" \/>\n<script type=\"application\/ld+json\" class=\"yoast-schema-graph\">{\"@context\":\"https:\\\/\\\/schema.org\",\"@graph\":[{\"@type\":\"WebPage\",\"@id\":\"https:\\\/\\\/ski-consult.de\\\/taetigkeitsbreiche\\\/messtechnik\\\/optische-messungen\\\/\",\"url\":\"https:\\\/\\\/ski-consult.de\\\/taetigkeitsbreiche\\\/messtechnik\\\/optische-messungen\\\/\",\"name\":\"Optische Messungen &#8226; SKI Ingenieurges. mbH\",\"isPartOf\":{\"@id\":\"https:\\\/\\\/ski-consult.de\\\/#website\"},\"primaryImageOfPage\":{\"@id\":\"https:\\\/\\\/ski-consult.de\\\/taetigkeitsbreiche\\\/messtechnik\\\/optische-messungen\\\/#primaryimage\"},\"image\":{\"@id\":\"https:\\\/\\\/ski-consult.de\\\/taetigkeitsbreiche\\\/messtechnik\\\/optische-messungen\\\/#primaryimage\"},\"thumbnailUrl\":\"https:\\\/\\\/ski-consult.de\\\/wp-content\\\/uploads\\\/2020\\\/08\\\/csm_Opt_Messung_02_ae39ece849.jpg\",\"datePublished\":\"2020-08-07T13:11:26+00:00\",\"dateModified\":\"2023-11-16T14:21:45+00:00\",\"description\":\"Optische Messungen &#8226; Individuelle Planung, Durchf\u00fchrung und Auswertung von Messtechnik und Messergebnisse im Bestand und Neubau.\",\"breadcrumb\":{\"@id\":\"https:\\\/\\\/ski-consult.de\\\/taetigkeitsbreiche\\\/messtechnik\\\/optische-messungen\\\/#breadcrumb\"},\"inLanguage\":\"en-GB\",\"potentialAction\":[{\"@type\":\"ReadAction\",\"target\":[\"https:\\\/\\\/ski-consult.de\\\/taetigkeitsbreiche\\\/messtechnik\\\/optische-messungen\\\/\"]}]},{\"@type\":\"ImageObject\",\"inLanguage\":\"en-GB\",\"@id\":\"https:\\\/\\\/ski-consult.de\\\/taetigkeitsbreiche\\\/messtechnik\\\/optische-messungen\\\/#primaryimage\",\"url\":\"https:\\\/\\\/ski-consult.de\\\/wp-content\\\/uploads\\\/2020\\\/08\\\/csm_Opt_Messung_02_ae39ece849.jpg\",\"contentUrl\":\"https:\\\/\\\/ski-consult.de\\\/wp-content\\\/uploads\\\/2020\\\/08\\\/csm_Opt_Messung_02_ae39ece849.jpg\"},{\"@type\":\"BreadcrumbList\",\"@id\":\"https:\\\/\\\/ski-consult.de\\\/taetigkeitsbreiche\\\/messtechnik\\\/optische-messungen\\\/#breadcrumb\",\"itemListElement\":[{\"@type\":\"ListItem\",\"position\":1,\"name\":\"Startseite\",\"item\":\"https:\\\/\\\/ski-consult.de\\\/\"},{\"@type\":\"ListItem\",\"position\":2,\"name\":\"T\u00e4tigkeitsbereiche\",\"item\":\"https:\\\/\\\/ski-consult.de\\\/taetigkeitsbreiche\\\/\"},{\"@type\":\"ListItem\",\"position\":3,\"name\":\"Messtechnik\",\"item\":\"https:\\\/\\\/ski-consult.de\\\/taetigkeitsbreiche\\\/messtechnik\\\/\"},{\"@type\":\"ListItem\",\"position\":4,\"name\":\"Optische Messungen\"}]},{\"@type\":\"WebSite\",\"@id\":\"https:\\\/\\\/ski-consult.de\\\/#website\",\"url\":\"https:\\\/\\\/ski-consult.de\\\/\",\"name\":\"SKI Ingenieurges. mbH\",\"description\":\"Bauwesen und innovative Entwicklungsarbeiten\",\"publisher\":{\"@id\":\"https:\\\/\\\/ski-consult.de\\\/#organization\"},\"potentialAction\":[{\"@type\":\"SearchAction\",\"target\":{\"@type\":\"EntryPoint\",\"urlTemplate\":\"https:\\\/\\\/ski-consult.de\\\/?s={search_term_string}\"},\"query-input\":{\"@type\":\"PropertyValueSpecification\",\"valueRequired\":true,\"valueName\":\"search_term_string\"}}],\"inLanguage\":\"en-GB\"},{\"@type\":\"Organization\",\"@id\":\"https:\\\/\\\/ski-consult.de\\\/#organization\",\"name\":\"SKI Ingenieurges. mbh\",\"url\":\"https:\\\/\\\/ski-consult.de\\\/\",\"logo\":{\"@type\":\"ImageObject\",\"inLanguage\":\"en-GB\",\"@id\":\"https:\\\/\\\/ski-consult.de\\\/#\\\/schema\\\/logo\\\/image\\\/\",\"url\":\"https:\\\/\\\/ski-consult.de\\\/wp-content\\\/uploads\\\/2020\\\/07\\\/SKI_Logo_1026px_72dpi_rgb.png\",\"contentUrl\":\"https:\\\/\\\/ski-consult.de\\\/wp-content\\\/uploads\\\/2020\\\/07\\\/SKI_Logo_1026px_72dpi_rgb.png\",\"width\":1026,\"height\":373,\"caption\":\"SKI Ingenieurges. mbh\"},\"image\":{\"@id\":\"https:\\\/\\\/ski-consult.de\\\/#\\\/schema\\\/logo\\\/image\\\/\"}}]}<\/script>\n<!-- \/ Yoast SEO plugin. -->","yoast_head_json":{"title":"Optische Messungen &#8226; SKI Ingenieurges. mbH","description":"Optische Messungen &#8226; Individuelle Planung, Durchf\u00fchrung und Auswertung von Messtechnik und Messergebnisse im Bestand und Neubau.","robots":{"index":"index","follow":"follow","max-snippet":"max-snippet:-1","max-image-preview":"max-image-preview:large","max-video-preview":"max-video-preview:-1"},"canonical":"https:\/\/ski-consult.de\/en\/taetigkeitsbreiche\/messtechnik\/optische-messungen\/","og_locale":"en_GB","og_type":"article","og_title":"Optische Messungen &#8226; SKI Ingenieurges. mbH","og_description":"Optische Messungen &#8226; Individuelle Planung, Durchf\u00fchrung und Auswertung von Messtechnik und Messergebnisse im Bestand und Neubau.","og_url":"https:\/\/ski-consult.de\/en\/taetigkeitsbreiche\/messtechnik\/optische-messungen\/","og_site_name":"SKI Ingenieurges. mbH","article_modified_time":"2023-11-16T14:21:45+00:00","og_image":[{"url":"https:\/\/ski-consult.de\/wp-content\/uploads\/2020\/08\/csm_Opt_Messung_02_ae39ece849.jpg","type":"","width":"","height":""}],"twitter_card":"summary_large_image","twitter_misc":{"Estimated reading time":"2 minutes"},"schema":{"@context":"https:\/\/schema.org","@graph":[{"@type":"WebPage","@id":"https:\/\/ski-consult.de\/taetigkeitsbreiche\/messtechnik\/optische-messungen\/","url":"https:\/\/ski-consult.de\/taetigkeitsbreiche\/messtechnik\/optische-messungen\/","name":"Optische Messungen &#8226; SKI Ingenieurges. mbH","isPartOf":{"@id":"https:\/\/ski-consult.de\/#website"},"primaryImageOfPage":{"@id":"https:\/\/ski-consult.de\/taetigkeitsbreiche\/messtechnik\/optische-messungen\/#primaryimage"},"image":{"@id":"https:\/\/ski-consult.de\/taetigkeitsbreiche\/messtechnik\/optische-messungen\/#primaryimage"},"thumbnailUrl":"https:\/\/ski-consult.de\/wp-content\/uploads\/2020\/08\/csm_Opt_Messung_02_ae39ece849.jpg","datePublished":"2020-08-07T13:11:26+00:00","dateModified":"2023-11-16T14:21:45+00:00","description":"Optische Messungen &#8226; Individuelle Planung, Durchf\u00fchrung und Auswertung von Messtechnik und Messergebnisse im Bestand und Neubau.","breadcrumb":{"@id":"https:\/\/ski-consult.de\/taetigkeitsbreiche\/messtechnik\/optische-messungen\/#breadcrumb"},"inLanguage":"en-GB","potentialAction":[{"@type":"ReadAction","target":["https:\/\/ski-consult.de\/taetigkeitsbreiche\/messtechnik\/optische-messungen\/"]}]},{"@type":"ImageObject","inLanguage":"en-GB","@id":"https:\/\/ski-consult.de\/taetigkeitsbreiche\/messtechnik\/optische-messungen\/#primaryimage","url":"https:\/\/ski-consult.de\/wp-content\/uploads\/2020\/08\/csm_Opt_Messung_02_ae39ece849.jpg","contentUrl":"https:\/\/ski-consult.de\/wp-content\/uploads\/2020\/08\/csm_Opt_Messung_02_ae39ece849.jpg"},{"@type":"BreadcrumbList","@id":"https:\/\/ski-consult.de\/taetigkeitsbreiche\/messtechnik\/optische-messungen\/#breadcrumb","itemListElement":[{"@type":"ListItem","position":1,"name":"Startseite","item":"https:\/\/ski-consult.de\/"},{"@type":"ListItem","position":2,"name":"T\u00e4tigkeitsbereiche","item":"https:\/\/ski-consult.de\/taetigkeitsbreiche\/"},{"@type":"ListItem","position":3,"name":"Messtechnik","item":"https:\/\/ski-consult.de\/taetigkeitsbreiche\/messtechnik\/"},{"@type":"ListItem","position":4,"name":"Optische Messungen"}]},{"@type":"WebSite","@id":"https:\/\/ski-consult.de\/#website","url":"https:\/\/ski-consult.de\/","name":"SKI Ingenieurges. mbH","description":"Bauwesen und innovative Entwicklungsarbeiten","publisher":{"@id":"https:\/\/ski-consult.de\/#organization"},"potentialAction":[{"@type":"SearchAction","target":{"@type":"EntryPoint","urlTemplate":"https:\/\/ski-consult.de\/?s={search_term_string}"},"query-input":{"@type":"PropertyValueSpecification","valueRequired":true,"valueName":"search_term_string"}}],"inLanguage":"en-GB"},{"@type":"Organization","@id":"https:\/\/ski-consult.de\/#organization","name":"SKI Ingenieurges. mbh","url":"https:\/\/ski-consult.de\/","logo":{"@type":"ImageObject","inLanguage":"en-GB","@id":"https:\/\/ski-consult.de\/#\/schema\/logo\/image\/","url":"https:\/\/ski-consult.de\/wp-content\/uploads\/2020\/07\/SKI_Logo_1026px_72dpi_rgb.png","contentUrl":"https:\/\/ski-consult.de\/wp-content\/uploads\/2020\/07\/SKI_Logo_1026px_72dpi_rgb.png","width":1026,"height":373,"caption":"SKI Ingenieurges. mbh"},"image":{"@id":"https:\/\/ski-consult.de\/#\/schema\/logo\/image\/"}}]}},"_links":{"self":[{"href":"https:\/\/ski-consult.de\/en\/wp-json\/wp\/v2\/pages\/6465","targetHints":{"allow":["GET"]}}],"collection":[{"href":"https:\/\/ski-consult.de\/en\/wp-json\/wp\/v2\/pages"}],"about":[{"href":"https:\/\/ski-consult.de\/en\/wp-json\/wp\/v2\/types\/page"}],"author":[{"embeddable":true,"href":"https:\/\/ski-consult.de\/en\/wp-json\/wp\/v2\/users\/4"}],"replies":[{"embeddable":true,"href":"https:\/\/ski-consult.de\/en\/wp-json\/wp\/v2\/comments?post=6465"}],"version-history":[{"count":0,"href":"https:\/\/ski-consult.de\/en\/wp-json\/wp\/v2\/pages\/6465\/revisions"}],"up":[{"embeddable":true,"href":"https:\/\/ski-consult.de\/en\/wp-json\/wp\/v2\/pages\/6438"}],"wp:attachment":[{"href":"https:\/\/ski-consult.de\/en\/wp-json\/wp\/v2\/media?parent=6465"}],"curies":[{"name":"wp","href":"https:\/\/api.w.org\/{rel}","templated":true}]}}