{"id":6477,"date":"2020-08-07T15:08:53","date_gmt":"2020-08-07T13:08:53","guid":{"rendered":"http:\/\/neu.ski-consult.de\/?page_id=6477"},"modified":"2023-11-16T15:21:50","modified_gmt":"2023-11-16T14:21:50","slug":"temperaturen","status":"publish","type":"page","link":"https:\/\/ski-consult.de\/en\/taetigkeitsbreiche\/messtechnik\/temperaturen\/","title":{"rendered":"Temperatures"},"content":{"rendered":"<div data-elementor-type=\"wp-page\" data-elementor-id=\"6477\" class=\"elementor elementor-6477\">\n\t\t\t\t\t\t<section class=\"elementor-section elementor-top-section elementor-element elementor-element-0ed48a6 elementor-section-boxed elementor-section-height-default elementor-section-height-default\" data-id=\"0ed48a6\" data-element_type=\"section\" data-e-type=\"section\">\n\t\t\t\t\t\t<div class=\"elementor-container elementor-column-gap-default\">\n\t\t\t\t\t<div class=\"elementor-column elementor-col-100 elementor-top-column elementor-element elementor-element-23eec62\" data-id=\"23eec62\" data-element_type=\"column\" data-e-type=\"column\">\n\t\t\t<div class=\"elementor-widget-wrap elementor-element-populated\">\n\t\t\t\t\t\t<div class=\"elementor-element elementor-element-d2ca919 elementor-widget elementor-widget-heading\" data-id=\"d2ca919\" data-element_type=\"widget\" data-e-type=\"widget\" data-widget_type=\"heading.default\">\n\t\t\t\t<div class=\"elementor-widget-container\">\n\t\t\t\t\t<h2 class=\"elementor-heading-title elementor-size-default\">Temperatures\n<\/h2>\t\t\t\t<\/div>\n\t\t\t\t<\/div>\n\t\t\t\t\t<\/div>\n\t\t<\/div>\n\t\t\t\t\t<\/div>\n\t\t<\/section>\n\t\t\t\t<section class=\"elementor-section elementor-top-section elementor-element elementor-element-96746a6 elementor-section-boxed elementor-section-height-default elementor-section-height-default\" data-id=\"96746a6\" data-element_type=\"section\" data-e-type=\"section\">\n\t\t\t\t\t\t<div class=\"elementor-container elementor-column-gap-default\">\n\t\t\t\t\t<div class=\"elementor-column elementor-col-50 elementor-top-column elementor-element elementor-element-8cd6d54\" data-id=\"8cd6d54\" data-element_type=\"column\" data-e-type=\"column\">\n\t\t\t<div class=\"elementor-widget-wrap elementor-element-populated\">\n\t\t\t\t\t\t<div class=\"elementor-element elementor-element-bf489bc elementor-widget elementor-widget-text-editor\" data-id=\"bf489bc\" data-element_type=\"widget\" data-e-type=\"widget\" data-widget_type=\"text-editor.default\">\n\t\t\t\t<div class=\"elementor-widget-container\">\n\t\t\t\t\t\t\t\t\t<div class=\"main-content\"><div class=\"content\"><div id=\"c881\" class=\"csc-default\"><div class=\"csc-textpic-text\"><div class=\"csc-textpic-text\"><div class=\"csc-textpic-text\"><p class=\"bodytext\">The measurement of\u00a0<a class=\"internal-link\" title=\"damage accumulation hypothesis\" href=\"https:\/\/ski-consult.de\/en\/temperaturen\/\">Temperatures<\/a>\u00a0is carried out by so-called thermocouples, which are glued to the prepared surface of the object to be examined. These elements convert heat into electrical energy using thermoelectricity. They consist of two different metals that are connected together. The difference in temperature between the two metals creates an electrical voltage which can then be measured.<\/p><p class=\"bodytext\">With the help of these elements, the temperature is measured at regular intervals and recorded over the period under investigation.<\/p><\/div><\/div><\/div><\/div><\/div><\/div>\t\t\t\t\t\t\t\t<\/div>\n\t\t\t\t<\/div>\n\t\t\t\t\t<\/div>\n\t\t<\/div>\n\t\t\t\t<div class=\"elementor-column elementor-col-50 elementor-top-column elementor-element elementor-element-f290eb5\" data-id=\"f290eb5\" data-element_type=\"column\" data-e-type=\"column\">\n\t\t\t<div class=\"elementor-widget-wrap elementor-element-populated\">\n\t\t\t\t\t\t<div class=\"elementor-element elementor-element-0f4d33f elementor-widget elementor-widget-image\" data-id=\"0f4d33f\" data-element_type=\"widget\" data-e-type=\"widget\" data-widget_type=\"image.default\">\n\t\t\t\t<div class=\"elementor-widget-container\">\n\t\t\t\t\t\t\t\t\t\t\t\t<figure class=\"wp-caption\">\n\t\t\t\t\t\t\t\t\t\t<img fetchpriority=\"high\" decoding=\"async\" width=\"800\" height=\"495\" src=\"https:\/\/ski-consult.de\/wp-content\/uploads\/2020\/08\/csm_Messtechnik_Schweissversuche_01_870618c69f.jpg\" class=\"attachment-large size-large wp-image-6479\" alt=\"\" srcset=\"https:\/\/ski-consult.de\/wp-content\/uploads\/2020\/08\/csm_Messtechnik_Schweissversuche_01_870618c69f.jpg 800w, https:\/\/ski-consult.de\/wp-content\/uploads\/2020\/08\/csm_Messtechnik_Schweissversuche_01_870618c69f-300x186.jpg 300w, https:\/\/ski-consult.de\/wp-content\/uploads\/2020\/08\/csm_Messtechnik_Schweissversuche_01_870618c69f-768x475.jpg 768w\" sizes=\"(max-width: 800px) 100vw, 800px\" \/>\t\t\t\t\t\t\t\t\t\t\t<figcaption class=\"widget-image-caption wp-caption-text\">Experimental setup of a welding experiment with thermocouple\n<\/figcaption>\n\t\t\t\t\t\t\t\t\t\t<\/figure>\n\t\t\t\t\t\t\t\t\t<\/div>\n\t\t\t\t<\/div>\n\t\t\t\t\t<\/div>\n\t\t<\/div>\n\t\t\t\t\t<\/div>\n\t\t<\/section>\n\t\t\t\t<section class=\"elementor-section elementor-top-section elementor-element elementor-element-db0fa5f elementor-section-boxed elementor-section-height-default elementor-section-height-default\" data-id=\"db0fa5f\" data-element_type=\"section\" data-e-type=\"section\">\n\t\t\t\t\t\t<div class=\"elementor-container elementor-column-gap-default\">\n\t\t\t\t\t<div class=\"elementor-column elementor-col-100 elementor-top-column elementor-element elementor-element-d8d65a9\" data-id=\"d8d65a9\" data-element_type=\"column\" data-e-type=\"column\">\n\t\t\t<div class=\"elementor-widget-wrap elementor-element-populated\">\n\t\t\t\t\t\t<div class=\"elementor-element elementor-element-ff1aecb elementor-widget elementor-widget-heading\" data-id=\"ff1aecb\" data-element_type=\"widget\" data-e-type=\"widget\" data-widget_type=\"heading.default\">\n\t\t\t\t<div class=\"elementor-widget-container\">\n\t\t\t\t\t<h2 class=\"elementor-heading-title elementor-size-default\">Services<\/h2>\t\t\t\t<\/div>\n\t\t\t\t<\/div>\n\t\t\t\t<div class=\"elementor-element elementor-element-df1405c elementor-widget elementor-widget-text-editor\" data-id=\"df1405c\" data-element_type=\"widget\" data-e-type=\"widget\" data-widget_type=\"text-editor.default\">\n\t\t\t\t<div class=\"elementor-widget-container\">\n\t\t\t\t\t\t\t\t\t<div class=\"main-content\"><div class=\"content\"><div id=\"c881\" class=\"csc-default\"><div class=\"csc-textpic-text\"><div class=\"content\"><div id=\"c361\" class=\"csc-default\"><div class=\"csc-textpic-text\"><p class=\"bodytext\">SKI Ingenieurges. mbH offers the following services in the field of temperature measurements:<\/p><ul><li>Test accompanying and monitoring activities<\/li><li>Construction and calibration of numerical models for recalculation<\/li><li>Recalculation of test results in the static, dynamic and transient range<\/li><li>Evaluation and interpretation of measurement results, as well as comparison of numerically supported test methods<\/li><li>Creation of measurement concepts, reports and expert opinions<\/li><\/ul><\/div><\/div><\/div><\/div><\/div><\/div><\/div><p>\u00a0<\/p>\t\t\t\t\t\t\t\t<\/div>\n\t\t\t\t<\/div>\n\t\t\t\t\t<\/div>\n\t\t<\/div>\n\t\t\t\t\t<\/div>\n\t\t<\/section>\n\t\t\t\t<\/div>","protected":false},"excerpt":{"rendered":"<p>Temperaturen Die Messungen von\u00a0Temperaturen\u00a0erfolgt \u00fcber sogenannte Thermoelemente, die auf die vorbereite Oberfl\u00e4che des zu untersuchenden K\u00f6rpers geklebt werden. Diese Elemente wandeln unter Verwendung von Thermoelektrizit\u00e4t W\u00e4rme in elektrische Energie um. Sie bestehen aus zwei unterschiedlichen Metallen, die miteinander verbunden. Durch die Temperaturdifferenz der beiden Metalle wird eine elektrische Spannung erzeugt, die dann messbar ist. Mit&#8230;<\/p>","protected":false},"author":4,"featured_media":0,"parent":6438,"menu_order":0,"comment_status":"closed","ping_status":"closed","template":"","meta":{"_acf_changed":false,"footnotes":""},"class_list":["post-6477","page","type-page","status-publish","hentry","no-post-thumbnail"],"acf":[],"yoast_head":"<!-- This site is optimized with the Yoast SEO plugin v27.3 - https:\/\/yoast.com\/product\/yoast-seo-wordpress\/ -->\n<title>Temperaturen &#8226; SKI Ingenieurges. mbH<\/title>\n<meta name=\"description\" content=\"Temperaturen &#8226; Individuelle Planung, Durchf\u00fchrung und Auswertung von Messtechnik und Messergebnisse im Bestand und Neubau.\" \/>\n<meta name=\"robots\" content=\"index, follow, max-snippet:-1, max-image-preview:large, max-video-preview:-1\" \/>\n<link rel=\"canonical\" href=\"https:\/\/ski-consult.de\/en\/taetigkeitsbreiche\/messtechnik\/temperaturen\/\" \/>\n<meta property=\"og:locale\" content=\"en_GB\" \/>\n<meta property=\"og:type\" content=\"article\" \/>\n<meta property=\"og:title\" content=\"Temperaturen &#8226; SKI Ingenieurges. mbH\" \/>\n<meta property=\"og:description\" content=\"Temperaturen &#8226; Individuelle Planung, Durchf\u00fchrung und Auswertung von Messtechnik und Messergebnisse im Bestand und Neubau.\" \/>\n<meta property=\"og:url\" content=\"https:\/\/ski-consult.de\/en\/taetigkeitsbreiche\/messtechnik\/temperaturen\/\" \/>\n<meta property=\"og:site_name\" content=\"SKI Ingenieurges. mbH\" \/>\n<meta property=\"article:modified_time\" content=\"2023-11-16T14:21:50+00:00\" \/>\n<meta property=\"og:image\" content=\"https:\/\/ski-consult.de\/wp-content\/uploads\/2020\/08\/csm_Messtechnik_Schweissversuche_01_870618c69f.jpg\" \/>\n<meta name=\"twitter:card\" content=\"summary_large_image\" \/>\n<meta name=\"twitter:label1\" content=\"Estimated reading time\" \/>\n\t<meta name=\"twitter:data1\" content=\"1 minute\" \/>\n<script type=\"application\/ld+json\" class=\"yoast-schema-graph\">{\"@context\":\"https:\\\/\\\/schema.org\",\"@graph\":[{\"@type\":\"WebPage\",\"@id\":\"https:\\\/\\\/ski-consult.de\\\/taetigkeitsbreiche\\\/messtechnik\\\/temperaturen\\\/\",\"url\":\"https:\\\/\\\/ski-consult.de\\\/taetigkeitsbreiche\\\/messtechnik\\\/temperaturen\\\/\",\"name\":\"Temperaturen &#8226; SKI Ingenieurges. mbH\",\"isPartOf\":{\"@id\":\"https:\\\/\\\/ski-consult.de\\\/#website\"},\"primaryImageOfPage\":{\"@id\":\"https:\\\/\\\/ski-consult.de\\\/taetigkeitsbreiche\\\/messtechnik\\\/temperaturen\\\/#primaryimage\"},\"image\":{\"@id\":\"https:\\\/\\\/ski-consult.de\\\/taetigkeitsbreiche\\\/messtechnik\\\/temperaturen\\\/#primaryimage\"},\"thumbnailUrl\":\"https:\\\/\\\/ski-consult.de\\\/wp-content\\\/uploads\\\/2020\\\/08\\\/csm_Messtechnik_Schweissversuche_01_870618c69f.jpg\",\"datePublished\":\"2020-08-07T13:08:53+00:00\",\"dateModified\":\"2023-11-16T14:21:50+00:00\",\"description\":\"Temperaturen &#8226; Individuelle Planung, Durchf\u00fchrung und Auswertung von Messtechnik und Messergebnisse im Bestand und Neubau.\",\"breadcrumb\":{\"@id\":\"https:\\\/\\\/ski-consult.de\\\/taetigkeitsbreiche\\\/messtechnik\\\/temperaturen\\\/#breadcrumb\"},\"inLanguage\":\"en-GB\",\"potentialAction\":[{\"@type\":\"ReadAction\",\"target\":[\"https:\\\/\\\/ski-consult.de\\\/taetigkeitsbreiche\\\/messtechnik\\\/temperaturen\\\/\"]}]},{\"@type\":\"ImageObject\",\"inLanguage\":\"en-GB\",\"@id\":\"https:\\\/\\\/ski-consult.de\\\/taetigkeitsbreiche\\\/messtechnik\\\/temperaturen\\\/#primaryimage\",\"url\":\"https:\\\/\\\/ski-consult.de\\\/wp-content\\\/uploads\\\/2020\\\/08\\\/csm_Messtechnik_Schweissversuche_01_870618c69f.jpg\",\"contentUrl\":\"https:\\\/\\\/ski-consult.de\\\/wp-content\\\/uploads\\\/2020\\\/08\\\/csm_Messtechnik_Schweissversuche_01_870618c69f.jpg\"},{\"@type\":\"BreadcrumbList\",\"@id\":\"https:\\\/\\\/ski-consult.de\\\/taetigkeitsbreiche\\\/messtechnik\\\/temperaturen\\\/#breadcrumb\",\"itemListElement\":[{\"@type\":\"ListItem\",\"position\":1,\"name\":\"Startseite\",\"item\":\"https:\\\/\\\/ski-consult.de\\\/\"},{\"@type\":\"ListItem\",\"position\":2,\"name\":\"T\u00e4tigkeitsbereiche\",\"item\":\"https:\\\/\\\/ski-consult.de\\\/taetigkeitsbreiche\\\/\"},{\"@type\":\"ListItem\",\"position\":3,\"name\":\"Messtechnik\",\"item\":\"https:\\\/\\\/ski-consult.de\\\/taetigkeitsbreiche\\\/messtechnik\\\/\"},{\"@type\":\"ListItem\",\"position\":4,\"name\":\"Temperaturen\"}]},{\"@type\":\"WebSite\",\"@id\":\"https:\\\/\\\/ski-consult.de\\\/#website\",\"url\":\"https:\\\/\\\/ski-consult.de\\\/\",\"name\":\"SKI Ingenieurges. mbH\",\"description\":\"Bauwesen und innovative Entwicklungsarbeiten\",\"publisher\":{\"@id\":\"https:\\\/\\\/ski-consult.de\\\/#organization\"},\"potentialAction\":[{\"@type\":\"SearchAction\",\"target\":{\"@type\":\"EntryPoint\",\"urlTemplate\":\"https:\\\/\\\/ski-consult.de\\\/?s={search_term_string}\"},\"query-input\":{\"@type\":\"PropertyValueSpecification\",\"valueRequired\":true,\"valueName\":\"search_term_string\"}}],\"inLanguage\":\"en-GB\"},{\"@type\":\"Organization\",\"@id\":\"https:\\\/\\\/ski-consult.de\\\/#organization\",\"name\":\"SKI Ingenieurges. mbh\",\"url\":\"https:\\\/\\\/ski-consult.de\\\/\",\"logo\":{\"@type\":\"ImageObject\",\"inLanguage\":\"en-GB\",\"@id\":\"https:\\\/\\\/ski-consult.de\\\/#\\\/schema\\\/logo\\\/image\\\/\",\"url\":\"https:\\\/\\\/ski-consult.de\\\/wp-content\\\/uploads\\\/2020\\\/07\\\/SKI_Logo_1026px_72dpi_rgb.png\",\"contentUrl\":\"https:\\\/\\\/ski-consult.de\\\/wp-content\\\/uploads\\\/2020\\\/07\\\/SKI_Logo_1026px_72dpi_rgb.png\",\"width\":1026,\"height\":373,\"caption\":\"SKI Ingenieurges. mbh\"},\"image\":{\"@id\":\"https:\\\/\\\/ski-consult.de\\\/#\\\/schema\\\/logo\\\/image\\\/\"}}]}<\/script>\n<!-- \/ Yoast SEO plugin. -->","yoast_head_json":{"title":"Temperaturen &#8226; SKI Ingenieurges. mbH","description":"Temperaturen &#8226; Individuelle Planung, Durchf\u00fchrung und Auswertung von Messtechnik und Messergebnisse im Bestand und Neubau.","robots":{"index":"index","follow":"follow","max-snippet":"max-snippet:-1","max-image-preview":"max-image-preview:large","max-video-preview":"max-video-preview:-1"},"canonical":"https:\/\/ski-consult.de\/en\/taetigkeitsbreiche\/messtechnik\/temperaturen\/","og_locale":"en_GB","og_type":"article","og_title":"Temperaturen &#8226; SKI Ingenieurges. mbH","og_description":"Temperaturen &#8226; Individuelle Planung, Durchf\u00fchrung und Auswertung von Messtechnik und Messergebnisse im Bestand und Neubau.","og_url":"https:\/\/ski-consult.de\/en\/taetigkeitsbreiche\/messtechnik\/temperaturen\/","og_site_name":"SKI Ingenieurges. mbH","article_modified_time":"2023-11-16T14:21:50+00:00","og_image":[{"url":"https:\/\/ski-consult.de\/wp-content\/uploads\/2020\/08\/csm_Messtechnik_Schweissversuche_01_870618c69f.jpg","type":"","width":"","height":""}],"twitter_card":"summary_large_image","twitter_misc":{"Estimated reading time":"1 minute"},"schema":{"@context":"https:\/\/schema.org","@graph":[{"@type":"WebPage","@id":"https:\/\/ski-consult.de\/taetigkeitsbreiche\/messtechnik\/temperaturen\/","url":"https:\/\/ski-consult.de\/taetigkeitsbreiche\/messtechnik\/temperaturen\/","name":"Temperaturen &#8226; SKI Ingenieurges. mbH","isPartOf":{"@id":"https:\/\/ski-consult.de\/#website"},"primaryImageOfPage":{"@id":"https:\/\/ski-consult.de\/taetigkeitsbreiche\/messtechnik\/temperaturen\/#primaryimage"},"image":{"@id":"https:\/\/ski-consult.de\/taetigkeitsbreiche\/messtechnik\/temperaturen\/#primaryimage"},"thumbnailUrl":"https:\/\/ski-consult.de\/wp-content\/uploads\/2020\/08\/csm_Messtechnik_Schweissversuche_01_870618c69f.jpg","datePublished":"2020-08-07T13:08:53+00:00","dateModified":"2023-11-16T14:21:50+00:00","description":"Temperaturen &#8226; Individuelle Planung, Durchf\u00fchrung und Auswertung von Messtechnik und Messergebnisse im Bestand und Neubau.","breadcrumb":{"@id":"https:\/\/ski-consult.de\/taetigkeitsbreiche\/messtechnik\/temperaturen\/#breadcrumb"},"inLanguage":"en-GB","potentialAction":[{"@type":"ReadAction","target":["https:\/\/ski-consult.de\/taetigkeitsbreiche\/messtechnik\/temperaturen\/"]}]},{"@type":"ImageObject","inLanguage":"en-GB","@id":"https:\/\/ski-consult.de\/taetigkeitsbreiche\/messtechnik\/temperaturen\/#primaryimage","url":"https:\/\/ski-consult.de\/wp-content\/uploads\/2020\/08\/csm_Messtechnik_Schweissversuche_01_870618c69f.jpg","contentUrl":"https:\/\/ski-consult.de\/wp-content\/uploads\/2020\/08\/csm_Messtechnik_Schweissversuche_01_870618c69f.jpg"},{"@type":"BreadcrumbList","@id":"https:\/\/ski-consult.de\/taetigkeitsbreiche\/messtechnik\/temperaturen\/#breadcrumb","itemListElement":[{"@type":"ListItem","position":1,"name":"Startseite","item":"https:\/\/ski-consult.de\/"},{"@type":"ListItem","position":2,"name":"T\u00e4tigkeitsbereiche","item":"https:\/\/ski-consult.de\/taetigkeitsbreiche\/"},{"@type":"ListItem","position":3,"name":"Messtechnik","item":"https:\/\/ski-consult.de\/taetigkeitsbreiche\/messtechnik\/"},{"@type":"ListItem","position":4,"name":"Temperaturen"}]},{"@type":"WebSite","@id":"https:\/\/ski-consult.de\/#website","url":"https:\/\/ski-consult.de\/","name":"SKI Ingenieurges. mbH","description":"Bauwesen und innovative Entwicklungsarbeiten","publisher":{"@id":"https:\/\/ski-consult.de\/#organization"},"potentialAction":[{"@type":"SearchAction","target":{"@type":"EntryPoint","urlTemplate":"https:\/\/ski-consult.de\/?s={search_term_string}"},"query-input":{"@type":"PropertyValueSpecification","valueRequired":true,"valueName":"search_term_string"}}],"inLanguage":"en-GB"},{"@type":"Organization","@id":"https:\/\/ski-consult.de\/#organization","name":"SKI Ingenieurges. mbh","url":"https:\/\/ski-consult.de\/","logo":{"@type":"ImageObject","inLanguage":"en-GB","@id":"https:\/\/ski-consult.de\/#\/schema\/logo\/image\/","url":"https:\/\/ski-consult.de\/wp-content\/uploads\/2020\/07\/SKI_Logo_1026px_72dpi_rgb.png","contentUrl":"https:\/\/ski-consult.de\/wp-content\/uploads\/2020\/07\/SKI_Logo_1026px_72dpi_rgb.png","width":1026,"height":373,"caption":"SKI Ingenieurges. mbh"},"image":{"@id":"https:\/\/ski-consult.de\/#\/schema\/logo\/image\/"}}]}},"_links":{"self":[{"href":"https:\/\/ski-consult.de\/en\/wp-json\/wp\/v2\/pages\/6477","targetHints":{"allow":["GET"]}}],"collection":[{"href":"https:\/\/ski-consult.de\/en\/wp-json\/wp\/v2\/pages"}],"about":[{"href":"https:\/\/ski-consult.de\/en\/wp-json\/wp\/v2\/types\/page"}],"author":[{"embeddable":true,"href":"https:\/\/ski-consult.de\/en\/wp-json\/wp\/v2\/users\/4"}],"replies":[{"embeddable":true,"href":"https:\/\/ski-consult.de\/en\/wp-json\/wp\/v2\/comments?post=6477"}],"version-history":[{"count":0,"href":"https:\/\/ski-consult.de\/en\/wp-json\/wp\/v2\/pages\/6477\/revisions"}],"up":[{"embeddable":true,"href":"https:\/\/ski-consult.de\/en\/wp-json\/wp\/v2\/pages\/6438"}],"wp:attachment":[{"href":"https:\/\/ski-consult.de\/en\/wp-json\/wp\/v2\/media?parent=6477"}],"curies":[{"name":"wp","href":"https:\/\/api.w.org\/{rel}","templated":true}]}}