{"id":6797,"date":"2020-09-18T15:07:19","date_gmt":"2020-09-18T13:07:19","guid":{"rendered":"https:\/\/ski-consult.de\/?page_id=6797"},"modified":"2023-11-16T15:13:07","modified_gmt":"2023-11-16T14:13:07","slug":"tuerme-und-masten","status":"publish","type":"page","link":"https:\/\/ski-consult.de\/en\/taetigkeitsbreiche\/tuerme-und-masten\/","title":{"rendered":"Towers and masts"},"content":{"rendered":"<div data-elementor-type=\"wp-page\" data-elementor-id=\"6797\" class=\"elementor elementor-6797\">\n\t\t\t\t\t\t<section class=\"elementor-section elementor-top-section elementor-element elementor-element-7550e65 elementor-section-boxed elementor-section-height-default elementor-section-height-default\" data-id=\"7550e65\" data-element_type=\"section\" data-e-type=\"section\">\n\t\t\t\t\t\t<div class=\"elementor-container elementor-column-gap-default\">\n\t\t\t\t\t<div class=\"elementor-column elementor-col-100 elementor-top-column elementor-element elementor-element-0585da7\" data-id=\"0585da7\" data-element_type=\"column\" data-e-type=\"column\">\n\t\t\t<div class=\"elementor-widget-wrap elementor-element-populated\">\n\t\t\t\t\t\t<div class=\"elementor-element elementor-element-7dabea1 elementor-widget elementor-widget-heading\" data-id=\"7dabea1\" data-element_type=\"widget\" data-e-type=\"widget\" data-widget_type=\"heading.default\">\n\t\t\t\t<div class=\"elementor-widget-container\">\n\t\t\t\t\t<h2 class=\"elementor-heading-title elementor-size-default\">Transmitter and radio masts<\/h2>\t\t\t\t<\/div>\n\t\t\t\t<\/div>\n\t\t\t\t\t<\/div>\n\t\t<\/div>\n\t\t\t\t\t<\/div>\n\t\t<\/section>\n\t\t\t\t<section class=\"elementor-section elementor-top-section elementor-element elementor-element-9176f6b elementor-section-boxed elementor-section-height-default elementor-section-height-default\" data-id=\"9176f6b\" data-element_type=\"section\" data-e-type=\"section\">\n\t\t\t\t\t\t<div class=\"elementor-container elementor-column-gap-default\">\n\t\t\t\t\t<div class=\"elementor-column elementor-col-50 elementor-top-column elementor-element elementor-element-1e4a64a\" data-id=\"1e4a64a\" data-element_type=\"column\" data-e-type=\"column\">\n\t\t\t<div class=\"elementor-widget-wrap elementor-element-populated\">\n\t\t\t\t\t\t<div class=\"elementor-element elementor-element-3e63ffc elementor-widget elementor-widget-text-editor\" data-id=\"3e63ffc\" data-element_type=\"widget\" data-e-type=\"widget\" data-widget_type=\"text-editor.default\">\n\t\t\t\t<div class=\"elementor-widget-container\">\n\t\t\t\t\t\t\t\t\t<p>Masts can be erected as steel or concrete structures. These serve as supports for different systems. They can be used for wind turbines, transmitting antennas, measuring stations or systems for the radio network (5G). In the middle of the 20th century, transmission masts were almost exclusively used as carriers for transmitting antennas.<\/p><p>Nowadays, hardly any classical transmitter masts are erected, since the use of existing buildings is usually sufficient for digital data radio. For this purpose, for example, available areas on the tubular towers or lattice towers of wind turbines are used. Another possibility is to use wind turbines that have reached the end of their service life. In this case, the nacelle with its hub and rotor blades is removed and the transmitter including a platform is placed on the existing support structure. In this course, the supporting structure must be examined with regard to lateral vibrations, natural frequencies and service life.<\/p>\t\t\t\t\t\t\t\t<\/div>\n\t\t\t\t<\/div>\n\t\t\t\t\t<\/div>\n\t\t<\/div>\n\t\t\t\t<div class=\"elementor-column elementor-col-50 elementor-top-column elementor-element elementor-element-6b8e580\" data-id=\"6b8e580\" data-element_type=\"column\" data-e-type=\"column\">\n\t\t\t<div class=\"elementor-widget-wrap elementor-element-populated\">\n\t\t\t\t\t\t<div class=\"elementor-element elementor-element-941e54c elementor-widget elementor-widget-image\" data-id=\"941e54c\" data-element_type=\"widget\" data-e-type=\"widget\" data-widget_type=\"image.default\">\n\t\t\t\t<div class=\"elementor-widget-container\">\n\t\t\t\t\t\t\t\t\t\t\t\t<figure class=\"wp-caption\">\n\t\t\t\t\t\t\t\t\t\t<img decoding=\"async\" src=\"https:\/\/ski-consult.de\/wp-content\/uploads\/elementor\/thumbs\/Gittermast-Mobil-02-pfwqqtj8tcdwqsthrqm6ual9yt1tm05ci73qrdphxc.jpg\" title=\"Ballasting of a lattice mast\" alt=\"Ballastierung eines Gittermastes\" loading=\"lazy\" \/>\t\t\t\t\t\t\t\t\t\t\t<figcaption class=\"widget-image-caption wp-caption-text\">Ballasting of a lattice mast<\/figcaption>\n\t\t\t\t\t\t\t\t\t\t<\/figure>\n\t\t\t\t\t\t\t\t\t<\/div>\n\t\t\t\t<\/div>\n\t\t\t\t\t<\/div>\n\t\t<\/div>\n\t\t\t\t\t<\/div>\n\t\t<\/section>\n\t\t\t\t<section class=\"elementor-section elementor-top-section elementor-element elementor-element-0aecf18 elementor-section-boxed elementor-section-height-default elementor-section-height-default\" data-id=\"0aecf18\" data-element_type=\"section\" data-e-type=\"section\">\n\t\t\t\t\t\t<div class=\"elementor-container elementor-column-gap-default\">\n\t\t\t\t\t<div class=\"elementor-column elementor-col-100 elementor-top-column elementor-element elementor-element-c9df0f9\" data-id=\"c9df0f9\" data-element_type=\"column\" data-e-type=\"column\">\n\t\t\t<div class=\"elementor-widget-wrap elementor-element-populated\">\n\t\t\t\t\t\t<div class=\"elementor-element elementor-element-6e52b96 elementor-widget elementor-widget-image-gallery\" data-id=\"6e52b96\" data-element_type=\"widget\" data-e-type=\"widget\" data-widget_type=\"image-gallery.default\">\n\t\t\t\t<div class=\"elementor-widget-container\">\n\t\t\t\t\t\t\t<div class=\"elementor-image-gallery\">\n\t\t\t<div id='gallery-1' class='gallery galleryid-6797 gallery-columns-4 gallery-size-medium'><figure class='gallery-item'>\n\t\t\t<div class='gallery-icon portrait'>\n\t\t\t\t<img decoding=\"async\" width=\"119\" height=\"300\" src=\"https:\/\/ski-consult.de\/wp-content\/uploads\/2021\/11\/Gittermast-Mobil-01-119x300.jpg\" class=\"attachment-medium size-medium\" alt=\"Mobiler Gittermast mit Ballastierung\" aria-describedby=\"gallery-1-8326\" srcset=\"https:\/\/ski-consult.de\/wp-content\/uploads\/2021\/11\/Gittermast-Mobil-01-119x300.jpg 119w, https:\/\/ski-consult.de\/wp-content\/uploads\/2021\/11\/Gittermast-Mobil-01-407x1024.jpg 407w, https:\/\/ski-consult.de\/wp-content\/uploads\/2021\/11\/Gittermast-Mobil-01-5x12.jpg 5w, https:\/\/ski-consult.de\/wp-content\/uploads\/2021\/11\/Gittermast-Mobil-01.jpg 573w\" sizes=\"(max-width: 119px) 100vw, 119px\" \/>\n\t\t\t<\/div>\n\t\t\t\t<figcaption class='wp-caption-text gallery-caption' id='gallery-1-8326'>\n\t\t\t\tMobile lattice mast with ballasting\n\t\t\t\t<\/figcaption><\/figure><figure class='gallery-item'>\n\t\t\t<div class='gallery-icon portrait'>\n\t\t\t\t<img decoding=\"async\" width=\"145\" height=\"300\" src=\"https:\/\/ski-consult.de\/wp-content\/uploads\/2020\/10\/Freileitung-1-145x300.png\" class=\"attachment-medium size-medium\" alt=\"Ansicht eines Freileitungsmastes\" aria-describedby=\"gallery-1-7006\" srcset=\"https:\/\/ski-consult.de\/wp-content\/uploads\/2020\/10\/Freileitung-1-145x300.png 145w, https:\/\/ski-consult.de\/wp-content\/uploads\/2020\/10\/Freileitung-1-6x12.png 6w, https:\/\/ski-consult.de\/wp-content\/uploads\/2020\/10\/Freileitung-1.png 400w\" sizes=\"(max-width: 145px) 100vw, 145px\" \/>\n\t\t\t<\/div>\n\t\t\t\t<figcaption class='wp-caption-text gallery-caption' id='gallery-1-7006'>\n\t\t\t\tView of an overhead line mast\n\t\t\t\t<\/figcaption><\/figure><figure class='gallery-item'>\n\t\t\t<div class='gallery-icon portrait'>\n\t\t\t\t<img decoding=\"async\" width=\"122\" height=\"300\" src=\"https:\/\/ski-consult.de\/wp-content\/uploads\/2020\/10\/Funkmast-4-122x300.jpg\" class=\"attachment-medium size-medium\" alt=\"\" aria-describedby=\"gallery-1-6953\" srcset=\"https:\/\/ski-consult.de\/wp-content\/uploads\/2020\/10\/Funkmast-4-122x300.jpg 122w, https:\/\/ski-consult.de\/wp-content\/uploads\/2020\/10\/Funkmast-4-5x12.jpg 5w, https:\/\/ski-consult.de\/wp-content\/uploads\/2020\/10\/Funkmast-4.jpg 305w\" sizes=\"(max-width: 122px) 100vw, 122px\" \/>\n\t\t\t<\/div>\n\t\t\t\t<figcaption class='wp-caption-text gallery-caption' id='gallery-1-6953'>\n\t\t\t\tRadio mast with platform\n\t\t\t\t<\/figcaption><\/figure><figure class='gallery-item'>\n\t\t\t<div class='gallery-icon portrait'>\n\t\t\t\t<img loading=\"lazy\" decoding=\"async\" width=\"53\" height=\"300\" src=\"https:\/\/ski-consult.de\/wp-content\/uploads\/2020\/10\/Funkmast-1-53x300.jpg\" class=\"attachment-medium size-medium\" alt=\"\" aria-describedby=\"gallery-1-6950\" srcset=\"https:\/\/ski-consult.de\/wp-content\/uploads\/2020\/10\/Funkmast-1-53x300.jpg 53w, https:\/\/ski-consult.de\/wp-content\/uploads\/2020\/10\/Funkmast-1-2x12.jpg 2w, https:\/\/ski-consult.de\/wp-content\/uploads\/2020\/10\/Funkmast-1.jpg 140w\" sizes=\"(max-width: 53px) 100vw, 53px\" \/>\n\t\t\t<\/div>\n\t\t\t\t<figcaption class='wp-caption-text gallery-caption' id='gallery-1-6950'>\n\t\t\t\tRadio mast with platform\n\t\t\t\t<\/figcaption><\/figure>\n\t\t<\/div>\n\t\t<\/div>\n\t\t\t\t\t\t<\/div>\n\t\t\t\t<\/div>\n\t\t\t\t\t<\/div>\n\t\t<\/div>\n\t\t\t\t\t<\/div>\n\t\t<\/section>\n\t\t\t\t<section class=\"elementor-section elementor-top-section elementor-element elementor-element-4494070 elementor-section-boxed elementor-section-height-default elementor-section-height-default\" data-id=\"4494070\" data-element_type=\"section\" data-e-type=\"section\">\n\t\t\t\t\t\t<div class=\"elementor-container elementor-column-gap-default\">\n\t\t\t\t\t<div class=\"elementor-column elementor-col-100 elementor-top-column elementor-element elementor-element-cdbe0a9\" data-id=\"cdbe0a9\" data-element_type=\"column\" data-e-type=\"column\">\n\t\t\t<div class=\"elementor-widget-wrap elementor-element-populated\">\n\t\t\t\t\t\t<div class=\"elementor-element elementor-element-ee0dc9c elementor-widget elementor-widget-text-editor\" data-id=\"ee0dc9c\" data-element_type=\"widget\" data-e-type=\"widget\" data-widget_type=\"text-editor.default\">\n\t\t\t\t<div class=\"elementor-widget-container\">\n\t\t\t\t\t\t\t\t\t<p><span style=\"letter-spacing: 0px;\">The SKI engineering company is able to accompany this conversion in an expert opinion. This includes recording the current condition of the plant and, if necessary, the existing natural frequencies using measurement technology. This serves as a basis for further investigations and evaluation of the supporting structure. The measurement data are also used to validate the calculation models on which the structural analyses are performed. Especially the susceptibility to wind induced lateral vibrations is of special importance.<\/span><\/p>\t\t\t\t\t\t\t\t<\/div>\n\t\t\t\t<\/div>\n\t\t\t\t\t<\/div>\n\t\t<\/div>\n\t\t\t\t\t<\/div>\n\t\t<\/section>\n\t\t\t\t<section class=\"elementor-section elementor-top-section elementor-element elementor-element-478bf3c elementor-section-boxed elementor-section-height-default elementor-section-height-default\" data-id=\"478bf3c\" data-element_type=\"section\" data-e-type=\"section\">\n\t\t\t\t\t\t<div class=\"elementor-container elementor-column-gap-default\">\n\t\t\t\t\t<div class=\"elementor-column elementor-col-100 elementor-top-column elementor-element elementor-element-a1db022\" data-id=\"a1db022\" data-element_type=\"column\" data-e-type=\"column\">\n\t\t\t<div class=\"elementor-widget-wrap elementor-element-populated\">\n\t\t\t\t\t\t<div class=\"elementor-element elementor-element-c609904 elementor-widget elementor-widget-heading\" data-id=\"c609904\" data-element_type=\"widget\" data-e-type=\"widget\" data-widget_type=\"heading.default\">\n\t\t\t\t<div class=\"elementor-widget-container\">\n\t\t\t\t\t<h2 class=\"elementor-heading-title elementor-size-default\">Our services<\/h2>\t\t\t\t<\/div>\n\t\t\t\t<\/div>\n\t\t\t\t<div class=\"elementor-element elementor-element-ccaf2b6 elementor-widget elementor-widget-spacer\" data-id=\"ccaf2b6\" data-element_type=\"widget\" data-e-type=\"widget\" data-widget_type=\"spacer.default\">\n\t\t\t\t<div class=\"elementor-widget-container\">\n\t\t\t\t\t\t\t<div class=\"elementor-spacer\">\n\t\t\t<div class=\"elementor-spacer-inner\"><\/div>\n\t\t<\/div>\n\t\t\t\t\t\t<\/div>\n\t\t\t\t<\/div>\n\t\t\t\t<div class=\"elementor-element elementor-element-9c5ec57 elementor-widget elementor-widget-text-editor\" data-id=\"9c5ec57\" data-element_type=\"widget\" data-e-type=\"widget\" data-widget_type=\"text-editor.default\">\n\t\t\t\t<div class=\"elementor-widget-container\">\n\t\t\t\t\t\t\t\t\t<p><span style=\"letter-spacing: 0px;\">The <a href=\"https:\/\/ski-consult.de\/en\/\">SKI Ingenieurges. mbH<\/a> can be used for the design of new <a href=\"https:\/\/ski-consult.de\/en\/taetigkeitsbreiche\/tuerme-und-masten\/\">Masts and smokestacks<\/a> and the conversion of existing constructions<\/span><span style=\"letter-spacing: 0px;\">\u00a0to be constructed and the conversion of existing tanks systems:<\/span><\/p><ul><li>Bestandsaufnahme und gutachterliche Beurteilung von bestehenden Konstruktionen bez\u00fcglich einer Umnutzung<\/li><li><a title=\"damage accumulation hypothesis\" href=\"https:\/\/ski-consult.de\/en\/taetigkeitsbreiche\/strukturanalysen\/statische-strukturanalyse\/\">Static calculations<\/a>\u00a0in the limit states of the <a href=\"https:\/\/ski-consult.de\/en\/taetigkeitsbreiche\/strukturanalysen\/statische-strukturanalyse\/\">Sustainability<\/a>, <a href=\"https:\/\/ski-consult.de\/en\/taetigkeitsbreiche\/strukturanalysen\/dynamische-strukturanalysen\/\">servicebility state<\/a> and <a href=\"https:\/\/ski-consult.de\/en\/taetigkeitsbreiche\/strukturanalysen\/ermuedung\/\">Fatigue limit<\/a> of supporting structures including foundation and anchoring<\/li><li><span style=\"letter-spacing: 0px;\">Verifiable static calculation for the conversion of supporting structures or extension with extensions (transmission and radio technology) including detailed verifications (e.g. for connections, brackets and platforms)<\/span><\/li><li><a title=\"damage accumulation hypothesis\" href=\"https:\/\/ski-consult.de\/en\/taetigkeitsbreiche\/strukturanalysen\/dynamische-strukturanalysen\/\">Dynamic structure analyzes<\/a>\u00a0(natural frequency analysis) for defined excitations (e.g. due to <a href=\"https:\/\/ski-consult.de\/en\/taetigkeitsbreiche\/strukturanalysen\/wirbelerregte-querschwingung\/\">Vortex induced vibrations<\/a>)<\/li><li>Determination of the load and verification of the structure in case of earthquake load<\/li><li><a href=\"https:\/\/ski-consult.de\/en\/taetigkeitsbreiche\/strukturanalysen\/statische-strukturanalyse\/\">Stress and stability analyzes<\/a> of constructions in steel or concrete<\/li><li>Expert reports and remediation concepts in case of damage<\/li><\/ul>\t\t\t\t\t\t\t\t<\/div>\n\t\t\t\t<\/div>\n\t\t\t\t\t<\/div>\n\t\t<\/div>\n\t\t\t\t\t<\/div>\n\t\t<\/section>\n\t\t\t\t<section class=\"elementor-section elementor-top-section elementor-element elementor-element-a1b7f8f elementor-section-boxed elementor-section-height-default elementor-section-height-default\" data-id=\"a1b7f8f\" data-element_type=\"section\" data-e-type=\"section\">\n\t\t\t\t\t\t<div class=\"elementor-container elementor-column-gap-default\">\n\t\t\t\t\t\t<\/div>\n\t\t<\/section>\n\t\t\t\t<\/div>","protected":false},"excerpt":{"rendered":"<p>Sende- und Funkmaste Maste k\u00f6nnen als Stahl- oder Betonkonstruktion errichtet werden. Diese dienen als Tr\u00e4ger f\u00fcr unterschiedliche Systeme. So k\u00f6nnen diese f\u00fcr Windenergieanlagen, Sendeantennen, Messstationen oder Systeme f\u00fcr das Funknetz (5G) genutzt werden. In der Mitte des 20. Jahrhunderts wurden fast ausschlie\u00dflich Sendemasten als Tr\u00e4ger f\u00fcr Sendeantennen verwendet. In der heutigen Zeit werden kaum noch&#8230;<\/p>","protected":false},"author":3,"featured_media":0,"parent":7525,"menu_order":0,"comment_status":"closed","ping_status":"closed","template":"","meta":{"_acf_changed":false,"footnotes":""},"class_list":["post-6797","page","type-page","status-publish","hentry","no-post-thumbnail"],"acf":[],"yoast_head":"<!-- This site is optimized with the Yoast SEO plugin v27.4 - https:\/\/yoast.com\/product\/yoast-seo-wordpress\/ -->\n<title>T\u00fcrme und Masten &#8226; SKI Ingenieurges. mbH<\/title>\n<meta name=\"description\" content=\"T\u00fcrme und Masten &#8226; SKI kann Berechnungen inkl. Lastermittlung, Modellaufbau und Bewertung der Ergebnisse durchf\u00fchren.\" \/>\n<meta name=\"robots\" content=\"index, follow, max-snippet:-1, max-image-preview:large, max-video-preview:-1\" \/>\n<link rel=\"canonical\" href=\"https:\/\/ski-consult.de\/en\/taetigkeitsbreiche\/tuerme-und-masten\/\" \/>\n<meta property=\"og:locale\" content=\"en_GB\" \/>\n<meta property=\"og:type\" content=\"article\" \/>\n<meta property=\"og:title\" content=\"T\u00fcrme und Masten &#8226; SKI Ingenieurges. mbH\" \/>\n<meta property=\"og:description\" content=\"T\u00fcrme und Masten &#8226; SKI kann Berechnungen inkl. Lastermittlung, Modellaufbau und Bewertung der Ergebnisse durchf\u00fchren.\" \/>\n<meta property=\"og:url\" content=\"https:\/\/ski-consult.de\/en\/taetigkeitsbreiche\/tuerme-und-masten\/\" \/>\n<meta property=\"og:site_name\" content=\"SKI Ingenieurges. mbH\" \/>\n<meta property=\"article:modified_time\" content=\"2023-11-16T14:13:07+00:00\" \/>\n<meta property=\"og:image\" content=\"https:\/\/ski-consult.de\/wp-content\/uploads\/elementor\/thumbs\/Gittermast-Mobil-02-pfwqqtj8tcdwqsthrqm6ual9yt1tm05ci73qrdphxc.jpg\" \/>\n<meta name=\"twitter:card\" content=\"summary_large_image\" \/>\n<meta name=\"twitter:label1\" content=\"Estimated reading time\" \/>\n\t<meta name=\"twitter:data1\" content=\"3 minutes\" \/>\n<script type=\"application\/ld+json\" class=\"yoast-schema-graph\">{\"@context\":\"https:\\\/\\\/schema.org\",\"@graph\":[{\"@type\":\"WebPage\",\"@id\":\"https:\\\/\\\/ski-consult.de\\\/taetigkeitsbreiche\\\/tuerme-und-masten\\\/\",\"url\":\"https:\\\/\\\/ski-consult.de\\\/taetigkeitsbreiche\\\/tuerme-und-masten\\\/\",\"name\":\"T\u00fcrme und Masten &#8226; SKI Ingenieurges. mbH\",\"isPartOf\":{\"@id\":\"https:\\\/\\\/ski-consult.de\\\/#website\"},\"primaryImageOfPage\":{\"@id\":\"https:\\\/\\\/ski-consult.de\\\/taetigkeitsbreiche\\\/tuerme-und-masten\\\/#primaryimage\"},\"image\":{\"@id\":\"https:\\\/\\\/ski-consult.de\\\/taetigkeitsbreiche\\\/tuerme-und-masten\\\/#primaryimage\"},\"thumbnailUrl\":\"https:\\\/\\\/ski-consult.de\\\/wp-content\\\/uploads\\\/elementor\\\/thumbs\\\/Gittermast-Mobil-02-pfwqqtj8tcdwqsthrqm6ual9yt1tm05ci73qrdphxc.jpg\",\"datePublished\":\"2020-09-18T13:07:19+00:00\",\"dateModified\":\"2023-11-16T14:13:07+00:00\",\"description\":\"T\u00fcrme und Masten &#8226; SKI kann Berechnungen inkl. Lastermittlung, Modellaufbau und Bewertung der Ergebnisse durchf\u00fchren.\",\"breadcrumb\":{\"@id\":\"https:\\\/\\\/ski-consult.de\\\/taetigkeitsbreiche\\\/tuerme-und-masten\\\/#breadcrumb\"},\"inLanguage\":\"en-GB\",\"potentialAction\":[{\"@type\":\"ReadAction\",\"target\":[\"https:\\\/\\\/ski-consult.de\\\/taetigkeitsbreiche\\\/tuerme-und-masten\\\/\"]}]},{\"@type\":\"ImageObject\",\"inLanguage\":\"en-GB\",\"@id\":\"https:\\\/\\\/ski-consult.de\\\/taetigkeitsbreiche\\\/tuerme-und-masten\\\/#primaryimage\",\"url\":\"https:\\\/\\\/ski-consult.de\\\/wp-content\\\/uploads\\\/elementor\\\/thumbs\\\/Gittermast-Mobil-02-pfwqqtj8tcdwqsthrqm6ual9yt1tm05ci73qrdphxc.jpg\",\"contentUrl\":\"https:\\\/\\\/ski-consult.de\\\/wp-content\\\/uploads\\\/elementor\\\/thumbs\\\/Gittermast-Mobil-02-pfwqqtj8tcdwqsthrqm6ual9yt1tm05ci73qrdphxc.jpg\"},{\"@type\":\"BreadcrumbList\",\"@id\":\"https:\\\/\\\/ski-consult.de\\\/taetigkeitsbreiche\\\/tuerme-und-masten\\\/#breadcrumb\",\"itemListElement\":[{\"@type\":\"ListItem\",\"position\":1,\"name\":\"Startseite\",\"item\":\"https:\\\/\\\/ski-consult.de\\\/\"},{\"@type\":\"ListItem\",\"position\":2,\"name\":\"T\u00e4tigkeitsbereiche\",\"item\":\"https:\\\/\\\/ski-consult.de\\\/taetigkeitsbreiche\\\/\"},{\"@type\":\"ListItem\",\"position\":3,\"name\":\"T\u00fcrme und Masten\"}]},{\"@type\":\"WebSite\",\"@id\":\"https:\\\/\\\/ski-consult.de\\\/#website\",\"url\":\"https:\\\/\\\/ski-consult.de\\\/\",\"name\":\"SKI Ingenieurges. mbH\",\"description\":\"Bauwesen und innovative Entwicklungsarbeiten\",\"publisher\":{\"@id\":\"https:\\\/\\\/ski-consult.de\\\/#organization\"},\"potentialAction\":[{\"@type\":\"SearchAction\",\"target\":{\"@type\":\"EntryPoint\",\"urlTemplate\":\"https:\\\/\\\/ski-consult.de\\\/?s={search_term_string}\"},\"query-input\":{\"@type\":\"PropertyValueSpecification\",\"valueRequired\":true,\"valueName\":\"search_term_string\"}}],\"inLanguage\":\"en-GB\"},{\"@type\":\"Organization\",\"@id\":\"https:\\\/\\\/ski-consult.de\\\/#organization\",\"name\":\"SKI Ingenieurges. mbh\",\"url\":\"https:\\\/\\\/ski-consult.de\\\/\",\"logo\":{\"@type\":\"ImageObject\",\"inLanguage\":\"en-GB\",\"@id\":\"https:\\\/\\\/ski-consult.de\\\/#\\\/schema\\\/logo\\\/image\\\/\",\"url\":\"https:\\\/\\\/ski-consult.de\\\/wp-content\\\/uploads\\\/2020\\\/07\\\/SKI_Logo_1026px_72dpi_rgb.png\",\"contentUrl\":\"https:\\\/\\\/ski-consult.de\\\/wp-content\\\/uploads\\\/2020\\\/07\\\/SKI_Logo_1026px_72dpi_rgb.png\",\"width\":1026,\"height\":373,\"caption\":\"SKI Ingenieurges. mbh\"},\"image\":{\"@id\":\"https:\\\/\\\/ski-consult.de\\\/#\\\/schema\\\/logo\\\/image\\\/\"}}]}<\/script>\n<!-- \/ Yoast SEO plugin. -->","yoast_head_json":{"title":"T\u00fcrme und Masten &#8226; SKI Ingenieurges. mbH","description":"T\u00fcrme und Masten &#8226; SKI kann Berechnungen inkl. Lastermittlung, Modellaufbau und Bewertung der Ergebnisse durchf\u00fchren.","robots":{"index":"index","follow":"follow","max-snippet":"max-snippet:-1","max-image-preview":"max-image-preview:large","max-video-preview":"max-video-preview:-1"},"canonical":"https:\/\/ski-consult.de\/en\/taetigkeitsbreiche\/tuerme-und-masten\/","og_locale":"en_GB","og_type":"article","og_title":"T\u00fcrme und Masten &#8226; SKI Ingenieurges. mbH","og_description":"T\u00fcrme und Masten &#8226; SKI kann Berechnungen inkl. Lastermittlung, Modellaufbau und Bewertung der Ergebnisse durchf\u00fchren.","og_url":"https:\/\/ski-consult.de\/en\/taetigkeitsbreiche\/tuerme-und-masten\/","og_site_name":"SKI Ingenieurges. mbH","article_modified_time":"2023-11-16T14:13:07+00:00","og_image":[{"url":"https:\/\/ski-consult.de\/wp-content\/uploads\/elementor\/thumbs\/Gittermast-Mobil-02-pfwqqtj8tcdwqsthrqm6ual9yt1tm05ci73qrdphxc.jpg","type":"","width":"","height":""}],"twitter_card":"summary_large_image","twitter_misc":{"Estimated reading time":"3 minutes"},"schema":{"@context":"https:\/\/schema.org","@graph":[{"@type":"WebPage","@id":"https:\/\/ski-consult.de\/taetigkeitsbreiche\/tuerme-und-masten\/","url":"https:\/\/ski-consult.de\/taetigkeitsbreiche\/tuerme-und-masten\/","name":"T\u00fcrme und Masten &#8226; SKI Ingenieurges. mbH","isPartOf":{"@id":"https:\/\/ski-consult.de\/#website"},"primaryImageOfPage":{"@id":"https:\/\/ski-consult.de\/taetigkeitsbreiche\/tuerme-und-masten\/#primaryimage"},"image":{"@id":"https:\/\/ski-consult.de\/taetigkeitsbreiche\/tuerme-und-masten\/#primaryimage"},"thumbnailUrl":"https:\/\/ski-consult.de\/wp-content\/uploads\/elementor\/thumbs\/Gittermast-Mobil-02-pfwqqtj8tcdwqsthrqm6ual9yt1tm05ci73qrdphxc.jpg","datePublished":"2020-09-18T13:07:19+00:00","dateModified":"2023-11-16T14:13:07+00:00","description":"T\u00fcrme und Masten &#8226; SKI kann Berechnungen inkl. Lastermittlung, Modellaufbau und Bewertung der Ergebnisse durchf\u00fchren.","breadcrumb":{"@id":"https:\/\/ski-consult.de\/taetigkeitsbreiche\/tuerme-und-masten\/#breadcrumb"},"inLanguage":"en-GB","potentialAction":[{"@type":"ReadAction","target":["https:\/\/ski-consult.de\/taetigkeitsbreiche\/tuerme-und-masten\/"]}]},{"@type":"ImageObject","inLanguage":"en-GB","@id":"https:\/\/ski-consult.de\/taetigkeitsbreiche\/tuerme-und-masten\/#primaryimage","url":"https:\/\/ski-consult.de\/wp-content\/uploads\/elementor\/thumbs\/Gittermast-Mobil-02-pfwqqtj8tcdwqsthrqm6ual9yt1tm05ci73qrdphxc.jpg","contentUrl":"https:\/\/ski-consult.de\/wp-content\/uploads\/elementor\/thumbs\/Gittermast-Mobil-02-pfwqqtj8tcdwqsthrqm6ual9yt1tm05ci73qrdphxc.jpg"},{"@type":"BreadcrumbList","@id":"https:\/\/ski-consult.de\/taetigkeitsbreiche\/tuerme-und-masten\/#breadcrumb","itemListElement":[{"@type":"ListItem","position":1,"name":"Startseite","item":"https:\/\/ski-consult.de\/"},{"@type":"ListItem","position":2,"name":"T\u00e4tigkeitsbereiche","item":"https:\/\/ski-consult.de\/taetigkeitsbreiche\/"},{"@type":"ListItem","position":3,"name":"T\u00fcrme und Masten"}]},{"@type":"WebSite","@id":"https:\/\/ski-consult.de\/#website","url":"https:\/\/ski-consult.de\/","name":"SKI Ingenieurges. mbH","description":"Bauwesen und innovative Entwicklungsarbeiten","publisher":{"@id":"https:\/\/ski-consult.de\/#organization"},"potentialAction":[{"@type":"SearchAction","target":{"@type":"EntryPoint","urlTemplate":"https:\/\/ski-consult.de\/?s={search_term_string}"},"query-input":{"@type":"PropertyValueSpecification","valueRequired":true,"valueName":"search_term_string"}}],"inLanguage":"en-GB"},{"@type":"Organization","@id":"https:\/\/ski-consult.de\/#organization","name":"SKI Ingenieurges. mbh","url":"https:\/\/ski-consult.de\/","logo":{"@type":"ImageObject","inLanguage":"en-GB","@id":"https:\/\/ski-consult.de\/#\/schema\/logo\/image\/","url":"https:\/\/ski-consult.de\/wp-content\/uploads\/2020\/07\/SKI_Logo_1026px_72dpi_rgb.png","contentUrl":"https:\/\/ski-consult.de\/wp-content\/uploads\/2020\/07\/SKI_Logo_1026px_72dpi_rgb.png","width":1026,"height":373,"caption":"SKI Ingenieurges. mbh"},"image":{"@id":"https:\/\/ski-consult.de\/#\/schema\/logo\/image\/"}}]}},"_links":{"self":[{"href":"https:\/\/ski-consult.de\/en\/wp-json\/wp\/v2\/pages\/6797","targetHints":{"allow":["GET"]}}],"collection":[{"href":"https:\/\/ski-consult.de\/en\/wp-json\/wp\/v2\/pages"}],"about":[{"href":"https:\/\/ski-consult.de\/en\/wp-json\/wp\/v2\/types\/page"}],"author":[{"embeddable":true,"href":"https:\/\/ski-consult.de\/en\/wp-json\/wp\/v2\/users\/3"}],"replies":[{"embeddable":true,"href":"https:\/\/ski-consult.de\/en\/wp-json\/wp\/v2\/comments?post=6797"}],"version-history":[{"count":0,"href":"https:\/\/ski-consult.de\/en\/wp-json\/wp\/v2\/pages\/6797\/revisions"}],"up":[{"embeddable":true,"href":"https:\/\/ski-consult.de\/en\/wp-json\/wp\/v2\/pages\/7525"}],"wp:attachment":[{"href":"https:\/\/ski-consult.de\/en\/wp-json\/wp\/v2\/media?parent=6797"}],"curies":[{"name":"wp","href":"https:\/\/api.w.org\/{rel}","templated":true}]}}