{"id":7461,"date":"2020-10-16T23:01:04","date_gmt":"2020-10-16T21:01:04","guid":{"rendered":"https:\/\/ski-consult.de\/?page_id=7461"},"modified":"2023-11-17T10:31:37","modified_gmt":"2023-11-17T09:31:37","slug":"rohrleitungen-und-rohrbruecken","status":"publish","type":"page","link":"https:\/\/ski-consult.de\/en\/taetigkeitsbreiche\/silo-and-behaelterbau\/rohrleitungen-und-rohrbruecken\/","title":{"rendered":"Pipes and pipe supports"},"content":{"rendered":"<div data-elementor-type=\"wp-page\" data-elementor-id=\"7461\" class=\"elementor elementor-7461\">\n\t\t\t\t\t\t<section class=\"elementor-section elementor-top-section elementor-element elementor-element-1f0d61c elementor-section-boxed elementor-section-height-default elementor-section-height-default\" data-id=\"1f0d61c\" data-element_type=\"section\" data-e-type=\"section\">\n\t\t\t\t\t\t<div class=\"elementor-container elementor-column-gap-default\">\n\t\t\t\t\t<div class=\"elementor-column elementor-col-100 elementor-top-column elementor-element elementor-element-d7c426c\" data-id=\"d7c426c\" data-element_type=\"column\" data-e-type=\"column\">\n\t\t\t<div class=\"elementor-widget-wrap elementor-element-populated\">\n\t\t\t\t\t\t<div class=\"elementor-element elementor-element-96f8716 elementor-widget elementor-widget-heading\" data-id=\"96f8716\" data-element_type=\"widget\" data-e-type=\"widget\" data-widget_type=\"heading.default\">\n\t\t\t\t<div class=\"elementor-widget-container\">\n\t\t\t\t\t<h2 class=\"elementor-heading-title elementor-size-default\">Pipes and pipe supports<\/h2>\t\t\t\t<\/div>\n\t\t\t\t<\/div>\n\t\t\t\t<section class=\"elementor-section elementor-inner-section elementor-element elementor-element-82ea263 elementor-section-boxed elementor-section-height-default elementor-section-height-default\" data-id=\"82ea263\" data-element_type=\"section\" data-e-type=\"section\">\n\t\t\t\t\t\t<div class=\"elementor-container elementor-column-gap-default\">\n\t\t\t\t\t<div class=\"elementor-column elementor-col-50 elementor-inner-column elementor-element elementor-element-7efb99f\" data-id=\"7efb99f\" data-element_type=\"column\" data-e-type=\"column\">\n\t\t\t<div class=\"elementor-widget-wrap elementor-element-populated\">\n\t\t\t\t\t\t<div class=\"elementor-element elementor-element-1fe1aaf elementor-widget elementor-widget-text-editor\" data-id=\"1fe1aaf\" data-element_type=\"widget\" data-e-type=\"widget\" data-widget_type=\"text-editor.default\">\n\t\t\t\t<div class=\"elementor-widget-container\">\n\t\t\t\t\t\t\t\t\t<p>Pipelines and pipe bridges are used to transport fluids (gases, liquids, pumpable solids). The pipelines are made up of different components (pipes, pipe fittings, expansion pieces, fittings, seals, connecting elements such as flanges, screw connections, sleeves and fastening elements for pipe support).<\/p><p>The dimensions of the pipelines can range from a few centimetres to several metres in diameter and, in the case of a pipeline, can extend over several thousand kilometres.<\/p>\t\t\t\t\t\t\t\t<\/div>\n\t\t\t\t<\/div>\n\t\t\t\t\t<\/div>\n\t\t<\/div>\n\t\t\t\t<div class=\"elementor-column elementor-col-50 elementor-inner-column elementor-element elementor-element-3646d70\" data-id=\"3646d70\" data-element_type=\"column\" data-e-type=\"column\">\n\t\t\t<div class=\"elementor-widget-wrap elementor-element-populated\">\n\t\t\t\t\t\t<div class=\"elementor-element elementor-element-0a73f88 elementor-widget__width-initial elementor-widget elementor-widget-image\" data-id=\"0a73f88\" data-element_type=\"widget\" data-e-type=\"widget\" data-widget_type=\"image.default\">\n\t\t\t\t<div class=\"elementor-widget-container\">\n\t\t\t\t\t\t\t\t\t\t\t\t<figure class=\"wp-caption\">\n\t\t\t\t\t\t\t\t\t\t<img decoding=\"async\" src=\"https:\/\/ski-consult.de\/wp-content\/uploads\/2020\/09\/Rohrleitung2.jpg\" title=\"Pipelines\" alt=\"Messungen an Rohrleitungen\" loading=\"lazy\" \/>\t\t\t\t\t\t\t\t\t\t\t<figcaption class=\"widget-image-caption wp-caption-text\">Messungen an Rohrleitungen<\/figcaption>\n\t\t\t\t\t\t\t\t\t\t<\/figure>\n\t\t\t\t\t\t\t\t\t<\/div>\n\t\t\t\t<\/div>\n\t\t\t\t\t<\/div>\n\t\t<\/div>\n\t\t\t\t\t<\/div>\n\t\t<\/section>\n\t\t\t\t<div class=\"elementor-element elementor-element-b6873e2 elementor-widget elementor-widget-text-editor\" data-id=\"b6873e2\" data-element_type=\"widget\" data-e-type=\"widget\" data-widget_type=\"text-editor.default\">\n\t\t\t\t<div class=\"elementor-widget-container\">\n\t\t\t\t\t\t\t\t\t<p>The material of the pipeline is selected according to the static and dynamic loads (traffic loads, earth pressures, pressures from inside or outside), mechanical loads (flow velocities, bedload materials), corrosion as well as temperature of the medium and outside temperature.<\/p>\t\t\t\t\t\t\t\t<\/div>\n\t\t\t\t<\/div>\n\t\t\t\t\t<\/div>\n\t\t<\/div>\n\t\t\t\t\t<\/div>\n\t\t<\/section>\n\t\t\t\t<section class=\"elementor-section elementor-top-section elementor-element elementor-element-c8da4c9 elementor-section-boxed elementor-section-height-default elementor-section-height-default\" data-id=\"c8da4c9\" data-element_type=\"section\" data-e-type=\"section\">\n\t\t\t\t\t\t<div class=\"elementor-container elementor-column-gap-default\">\n\t\t\t\t\t<div class=\"elementor-column elementor-col-100 elementor-top-column elementor-element elementor-element-eeab5a0\" data-id=\"eeab5a0\" data-element_type=\"column\" data-e-type=\"column\">\n\t\t\t<div class=\"elementor-widget-wrap elementor-element-populated\">\n\t\t\t\t\t\t<section class=\"elementor-section elementor-inner-section elementor-element elementor-element-a6aa77a elementor-section-boxed elementor-section-height-default elementor-section-height-default\" data-id=\"a6aa77a\" data-element_type=\"section\" data-e-type=\"section\">\n\t\t\t\t\t\t<div class=\"elementor-container elementor-column-gap-default\">\n\t\t\t\t\t<div class=\"elementor-column elementor-col-50 elementor-inner-column elementor-element elementor-element-f2bffc3\" data-id=\"f2bffc3\" data-element_type=\"column\" data-e-type=\"column\">\n\t\t\t<div class=\"elementor-widget-wrap elementor-element-populated\">\n\t\t\t\t\t\t<div class=\"elementor-element elementor-element-0da8489 elementor-widget elementor-widget-image\" data-id=\"0da8489\" data-element_type=\"widget\" data-e-type=\"widget\" data-widget_type=\"image.default\">\n\t\t\t\t<div class=\"elementor-widget-container\">\n\t\t\t\t\t\t\t\t\t\t\t\t<figure class=\"wp-caption\">\n\t\t\t\t\t\t\t\t\t\t<img decoding=\"async\" src=\"https:\/\/ski-consult.de\/wp-content\/uploads\/elementor\/thumbs\/Gestell-Rohre-02-qfhjubjtu1y5qlhj0t6cujv8ysc0yybxw22eld2sxs.jpg\" title=\"Gestell-Rohre 02\" alt=\"FEM Modell eines Gestells f\u00fcr Rohrleitungen\" loading=\"lazy\" \/>\t\t\t\t\t\t\t\t\t\t\t<figcaption class=\"widget-image-caption wp-caption-text\">FEM model of a frame for pipework<\/figcaption>\n\t\t\t\t\t\t\t\t\t\t<\/figure>\n\t\t\t\t\t\t\t\t\t<\/div>\n\t\t\t\t<\/div>\n\t\t\t\t\t<\/div>\n\t\t<\/div>\n\t\t\t\t<div class=\"elementor-column elementor-col-50 elementor-inner-column elementor-element elementor-element-7b7c029\" data-id=\"7b7c029\" data-element_type=\"column\" data-e-type=\"column\">\n\t\t\t<div class=\"elementor-widget-wrap elementor-element-populated\">\n\t\t\t\t\t\t<div class=\"elementor-element elementor-element-831e35f elementor-widget elementor-widget-image\" data-id=\"831e35f\" data-element_type=\"widget\" data-e-type=\"widget\" data-widget_type=\"image.default\">\n\t\t\t\t<div class=\"elementor-widget-container\">\n\t\t\t\t\t\t\t\t\t\t\t\t<figure class=\"wp-caption\">\n\t\t\t\t\t\t\t\t\t\t<img decoding=\"async\" src=\"https:\/\/ski-consult.de\/wp-content\/uploads\/elementor\/thumbs\/Gestell-Rohre-01-qfhjthgzrcszf2p7wg6amrghygga4n0j3x6v8ibegw.jpg\" title=\"Gestell-Rohre 01\" alt=\"FEM Modell einer Versorgungseinheit\" loading=\"lazy\" \/>\t\t\t\t\t\t\t\t\t\t\t<figcaption class=\"widget-image-caption wp-caption-text\">FEM model of a supply unit<\/figcaption>\n\t\t\t\t\t\t\t\t\t\t<\/figure>\n\t\t\t\t\t\t\t\t\t<\/div>\n\t\t\t\t<\/div>\n\t\t\t\t\t<\/div>\n\t\t<\/div>\n\t\t\t\t\t<\/div>\n\t\t<\/section>\n\t\t\t\t<div class=\"elementor-element elementor-element-3eb3cd5 elementor-widget elementor-widget-text-editor\" data-id=\"3eb3cd5\" data-element_type=\"widget\" data-e-type=\"widget\" data-widget_type=\"text-editor.default\">\n\t\t\t\t<div class=\"elementor-widget-container\">\n\t\t\t\t\t\t\t\t\t<p>Especially in the industrial sector, many pipelines are laid between tanks and company buildings. At the same time, however, it must be ensured that traffic routes are not blocked. In these cases, pipe bridges are often used to divert the pipelines, which must be designed for the corresponding load.<\/p><p>Depending on the temperature of the material to be transported or the ambient temperature, the expansion of the material must also be taken into account during dimensioning, as well as slippage in the brackets or other bearings. Expansion joints are used to compensate for this.<\/p><p>Expansion joints are flexible pipework components that can compensate for changes in length and angle in pipework. They therefore protect pipework, machines and equipment from damage. Expansion joints reliably compensate for changes in length and angle caused by temperature differences, foundation subsidence or installation inaccuracies. There are different types of expansion joints, such as axial expansion joints, lateral expansion joints, angular expansion joints and universal expansion joints. Expansion joints are mainly used in pipelines for cold and hot water, steam, petrol, oil, gases and chemical products. The expansion joints are usually specially designed and customised for a specific application.<\/p>\t\t\t\t\t\t\t\t<\/div>\n\t\t\t\t<\/div>\n\t\t\t\t\t<\/div>\n\t\t<\/div>\n\t\t\t\t\t<\/div>\n\t\t<\/section>\n\t\t\t\t<section class=\"elementor-section elementor-top-section elementor-element elementor-element-4654317 elementor-section-boxed elementor-section-height-default elementor-section-height-default\" data-id=\"4654317\" data-element_type=\"section\" data-e-type=\"section\">\n\t\t\t\t\t\t<div class=\"elementor-container elementor-column-gap-default\">\n\t\t\t\t\t<div class=\"elementor-column elementor-col-100 elementor-top-column elementor-element elementor-element-7c94624\" data-id=\"7c94624\" data-element_type=\"column\" data-e-type=\"column\">\n\t\t\t<div class=\"elementor-widget-wrap elementor-element-populated\">\n\t\t\t\t\t\t<div class=\"elementor-element elementor-element-7061510 elementor-widget elementor-widget-heading\" data-id=\"7061510\" data-element_type=\"widget\" data-e-type=\"widget\" data-widget_type=\"heading.default\">\n\t\t\t\t<div class=\"elementor-widget-container\">\n\t\t\t\t\t<h2 class=\"elementor-heading-title elementor-size-default\">Our services<\/h2>\t\t\t\t<\/div>\n\t\t\t\t<\/div>\n\t\t\t\t<div class=\"elementor-element elementor-element-ad5eaa6 elementor-widget elementor-widget-text-editor\" data-id=\"ad5eaa6\" data-element_type=\"widget\" data-e-type=\"widget\" data-widget_type=\"text-editor.default\">\n\t\t\t\t<div class=\"elementor-widget-container\">\n\t\t\t\t\t\t\t\t\t<div><div><div><div><div><p>Within the scope of dimensioning of industry construction, the following services can be offered:<\/p><ul><li><a href=\"https:\/\/ski-consult.de\/en\/finite-element-berechnungen\/\">Numerical calculations<\/a><\/li><li><a href=\"https:\/\/ski-consult.de\/en\/temperaturen\/\">Temperature calculations<\/a><\/li><li><a href=\"https:\/\/ski-consult.de\/en\/statische-strukturanalyse\/\">Dimensioning of profiles<\/a><\/li><li><a href=\"https:\/\/ski-consult.de\/en\/statische-strukturanalyse\/\">Design of tank heaters<\/a><\/li><li><a href=\"https:\/\/ski-consult.de\/en\/taetigkeitsbreiche\/hochbau\/industriebau\/\">Dimensioning the substructure<\/a><\/li><li><a href=\"https:\/\/ski-consult.de\/en\/taetigkeitsbreiche\/hochbau\/industriebau\/\">Dimensioning of pipe supports<\/a><\/li><li><a href=\"https:\/\/ski-consult.de\/en\/dynamische-strukturanalysen\/\">Determination and evaluation of vibrations on pipelines<\/a><\/li><\/ul><\/div><\/div><\/div><\/div><\/div>\t\t\t\t\t\t\t\t<\/div>\n\t\t\t\t<\/div>\n\t\t\t\t\t<\/div>\n\t\t<\/div>\n\t\t\t\t\t<\/div>\n\t\t<\/section>\n\t\t\t\t<\/div>","protected":false},"excerpt":{"rendered":"<p>Rohrleitungen und Rohrbr\u00fccken Rohrleitungen und Rohrbr\u00fccken\u00a0werden eingesetzt, um Fluide (Gasen, Fl\u00fcssigkeiten, pumpf\u00e4hige Feststoffe) zu transportieren. Die Rohrleitungen setzten sich dabei aus unterschiedlichen Komponenten zusammen (Rohre, Rohrformteile, Ausdehnungsst\u00fccke, Armaturen, Dichtungen, Verbindungselemente wie Flansche, Verschraubungen, Muffen sowie die Befestigungselemente zur Rohrunterst\u00fctzung). Die Dimensionen der Rohrleitungen k\u00f6nnen mit einem Durchmesser von wenigen Zentimetern bis zu einigen Metern ausgef\u00fchrt&#8230;<\/p>","protected":false},"author":3,"featured_media":0,"parent":7373,"menu_order":0,"comment_status":"closed","ping_status":"closed","template":"","meta":{"_acf_changed":false,"footnotes":""},"class_list":["post-7461","page","type-page","status-publish","hentry","no-post-thumbnail"],"acf":[],"yoast_head":"<!-- This site is optimized with the Yoast SEO plugin v27.3 - https:\/\/yoast.com\/product\/yoast-seo-wordpress\/ -->\n<title>Rohrleitungen und Rohrbr\u00fccken &#8226; SKI Ingenieurges. mbH<\/title>\n<meta name=\"description\" content=\"Rohrleitungen und Rohrbr\u00fccken &#8226; SKI kann Berechnungen inkl. Lastermittlung, Modellaufbau und Bewertung der Ergebnisse durchf\u00fchren.\" \/>\n<meta name=\"robots\" content=\"index, follow, max-snippet:-1, max-image-preview:large, max-video-preview:-1\" \/>\n<link rel=\"canonical\" href=\"https:\/\/ski-consult.de\/en\/taetigkeitsbreiche\/silo-and-behaelterbau\/rohrleitungen-und-rohrbruecken\/\" \/>\n<meta property=\"og:locale\" content=\"en_GB\" \/>\n<meta property=\"og:type\" content=\"article\" \/>\n<meta property=\"og:title\" content=\"Rohrleitungen und Rohrbr\u00fccken &#8226; SKI Ingenieurges. mbH\" \/>\n<meta property=\"og:description\" content=\"Rohrleitungen und Rohrbr\u00fccken &#8226; SKI kann Berechnungen inkl. Lastermittlung, Modellaufbau und Bewertung der Ergebnisse durchf\u00fchren.\" \/>\n<meta property=\"og:url\" content=\"https:\/\/ski-consult.de\/en\/taetigkeitsbreiche\/silo-and-behaelterbau\/rohrleitungen-und-rohrbruecken\/\" \/>\n<meta property=\"og:site_name\" content=\"SKI Ingenieurges. mbH\" \/>\n<meta property=\"article:modified_time\" content=\"2023-11-17T09:31:37+00:00\" \/>\n<meta property=\"og:image\" content=\"https:\/\/ski-consult.de\/wp-content\/uploads\/2020\/09\/Rohrleitung2.jpg\" \/>\n<meta name=\"twitter:card\" content=\"summary_large_image\" \/>\n<meta name=\"twitter:label1\" content=\"Estimated reading time\" \/>\n\t<meta name=\"twitter:data1\" content=\"3 minutes\" \/>\n<script type=\"application\/ld+json\" class=\"yoast-schema-graph\">{\"@context\":\"https:\\\/\\\/schema.org\",\"@graph\":[{\"@type\":\"WebPage\",\"@id\":\"https:\\\/\\\/ski-consult.de\\\/taetigkeitsbreiche\\\/silo-and-behaelterbau\\\/rohrleitungen-und-rohrbruecken\\\/\",\"url\":\"https:\\\/\\\/ski-consult.de\\\/taetigkeitsbreiche\\\/silo-and-behaelterbau\\\/rohrleitungen-und-rohrbruecken\\\/\",\"name\":\"Rohrleitungen und Rohrbr\u00fccken &#8226; SKI Ingenieurges. mbH\",\"isPartOf\":{\"@id\":\"https:\\\/\\\/ski-consult.de\\\/#website\"},\"primaryImageOfPage\":{\"@id\":\"https:\\\/\\\/ski-consult.de\\\/taetigkeitsbreiche\\\/silo-and-behaelterbau\\\/rohrleitungen-und-rohrbruecken\\\/#primaryimage\"},\"image\":{\"@id\":\"https:\\\/\\\/ski-consult.de\\\/taetigkeitsbreiche\\\/silo-and-behaelterbau\\\/rohrleitungen-und-rohrbruecken\\\/#primaryimage\"},\"thumbnailUrl\":\"https:\\\/\\\/ski-consult.de\\\/wp-content\\\/uploads\\\/2020\\\/09\\\/Rohrleitung2.jpg\",\"datePublished\":\"2020-10-16T21:01:04+00:00\",\"dateModified\":\"2023-11-17T09:31:37+00:00\",\"description\":\"Rohrleitungen und Rohrbr\u00fccken &#8226; SKI kann Berechnungen inkl. Lastermittlung, Modellaufbau und Bewertung der Ergebnisse durchf\u00fchren.\",\"breadcrumb\":{\"@id\":\"https:\\\/\\\/ski-consult.de\\\/taetigkeitsbreiche\\\/silo-and-behaelterbau\\\/rohrleitungen-und-rohrbruecken\\\/#breadcrumb\"},\"inLanguage\":\"en-GB\",\"potentialAction\":[{\"@type\":\"ReadAction\",\"target\":[\"https:\\\/\\\/ski-consult.de\\\/taetigkeitsbreiche\\\/silo-and-behaelterbau\\\/rohrleitungen-und-rohrbruecken\\\/\"]}]},{\"@type\":\"ImageObject\",\"inLanguage\":\"en-GB\",\"@id\":\"https:\\\/\\\/ski-consult.de\\\/taetigkeitsbreiche\\\/silo-and-behaelterbau\\\/rohrleitungen-und-rohrbruecken\\\/#primaryimage\",\"url\":\"https:\\\/\\\/ski-consult.de\\\/wp-content\\\/uploads\\\/2020\\\/09\\\/Rohrleitung2.jpg\",\"contentUrl\":\"https:\\\/\\\/ski-consult.de\\\/wp-content\\\/uploads\\\/2020\\\/09\\\/Rohrleitung2.jpg\"},{\"@type\":\"BreadcrumbList\",\"@id\":\"https:\\\/\\\/ski-consult.de\\\/taetigkeitsbreiche\\\/silo-and-behaelterbau\\\/rohrleitungen-und-rohrbruecken\\\/#breadcrumb\",\"itemListElement\":[{\"@type\":\"ListItem\",\"position\":1,\"name\":\"Startseite\",\"item\":\"https:\\\/\\\/ski-consult.de\\\/\"},{\"@type\":\"ListItem\",\"position\":2,\"name\":\"T\u00e4tigkeitsbereiche\",\"item\":\"https:\\\/\\\/ski-consult.de\\\/taetigkeitsbreiche\\\/\"},{\"@type\":\"ListItem\",\"position\":3,\"name\":\"Silo- und Beh\u00e4lterbau\",\"item\":\"https:\\\/\\\/ski-consult.de\\\/taetigkeitsbreiche\\\/silo-and-behaelterbau\\\/\"},{\"@type\":\"ListItem\",\"position\":4,\"name\":\"Rohrleitungen und Rohrbr\u00fccken\"}]},{\"@type\":\"WebSite\",\"@id\":\"https:\\\/\\\/ski-consult.de\\\/#website\",\"url\":\"https:\\\/\\\/ski-consult.de\\\/\",\"name\":\"SKI Ingenieurges. mbH\",\"description\":\"Bauwesen und innovative Entwicklungsarbeiten\",\"publisher\":{\"@id\":\"https:\\\/\\\/ski-consult.de\\\/#organization\"},\"potentialAction\":[{\"@type\":\"SearchAction\",\"target\":{\"@type\":\"EntryPoint\",\"urlTemplate\":\"https:\\\/\\\/ski-consult.de\\\/?s={search_term_string}\"},\"query-input\":{\"@type\":\"PropertyValueSpecification\",\"valueRequired\":true,\"valueName\":\"search_term_string\"}}],\"inLanguage\":\"en-GB\"},{\"@type\":\"Organization\",\"@id\":\"https:\\\/\\\/ski-consult.de\\\/#organization\",\"name\":\"SKI Ingenieurges. mbh\",\"url\":\"https:\\\/\\\/ski-consult.de\\\/\",\"logo\":{\"@type\":\"ImageObject\",\"inLanguage\":\"en-GB\",\"@id\":\"https:\\\/\\\/ski-consult.de\\\/#\\\/schema\\\/logo\\\/image\\\/\",\"url\":\"https:\\\/\\\/ski-consult.de\\\/wp-content\\\/uploads\\\/2020\\\/07\\\/SKI_Logo_1026px_72dpi_rgb.png\",\"contentUrl\":\"https:\\\/\\\/ski-consult.de\\\/wp-content\\\/uploads\\\/2020\\\/07\\\/SKI_Logo_1026px_72dpi_rgb.png\",\"width\":1026,\"height\":373,\"caption\":\"SKI Ingenieurges. mbh\"},\"image\":{\"@id\":\"https:\\\/\\\/ski-consult.de\\\/#\\\/schema\\\/logo\\\/image\\\/\"}}]}<\/script>\n<!-- \/ Yoast SEO plugin. -->","yoast_head_json":{"title":"Rohrleitungen und Rohrbr\u00fccken &#8226; SKI Ingenieurges. mbH","description":"Rohrleitungen und Rohrbr\u00fccken &#8226; SKI kann Berechnungen inkl. Lastermittlung, Modellaufbau und Bewertung der Ergebnisse durchf\u00fchren.","robots":{"index":"index","follow":"follow","max-snippet":"max-snippet:-1","max-image-preview":"max-image-preview:large","max-video-preview":"max-video-preview:-1"},"canonical":"https:\/\/ski-consult.de\/en\/taetigkeitsbreiche\/silo-and-behaelterbau\/rohrleitungen-und-rohrbruecken\/","og_locale":"en_GB","og_type":"article","og_title":"Rohrleitungen und Rohrbr\u00fccken &#8226; SKI Ingenieurges. mbH","og_description":"Rohrleitungen und Rohrbr\u00fccken &#8226; SKI kann Berechnungen inkl. Lastermittlung, Modellaufbau und Bewertung der Ergebnisse durchf\u00fchren.","og_url":"https:\/\/ski-consult.de\/en\/taetigkeitsbreiche\/silo-and-behaelterbau\/rohrleitungen-und-rohrbruecken\/","og_site_name":"SKI Ingenieurges. mbH","article_modified_time":"2023-11-17T09:31:37+00:00","og_image":[{"url":"https:\/\/ski-consult.de\/wp-content\/uploads\/2020\/09\/Rohrleitung2.jpg","type":"","width":"","height":""}],"twitter_card":"summary_large_image","twitter_misc":{"Estimated reading time":"3 minutes"},"schema":{"@context":"https:\/\/schema.org","@graph":[{"@type":"WebPage","@id":"https:\/\/ski-consult.de\/taetigkeitsbreiche\/silo-and-behaelterbau\/rohrleitungen-und-rohrbruecken\/","url":"https:\/\/ski-consult.de\/taetigkeitsbreiche\/silo-and-behaelterbau\/rohrleitungen-und-rohrbruecken\/","name":"Rohrleitungen und Rohrbr\u00fccken &#8226; SKI Ingenieurges. mbH","isPartOf":{"@id":"https:\/\/ski-consult.de\/#website"},"primaryImageOfPage":{"@id":"https:\/\/ski-consult.de\/taetigkeitsbreiche\/silo-and-behaelterbau\/rohrleitungen-und-rohrbruecken\/#primaryimage"},"image":{"@id":"https:\/\/ski-consult.de\/taetigkeitsbreiche\/silo-and-behaelterbau\/rohrleitungen-und-rohrbruecken\/#primaryimage"},"thumbnailUrl":"https:\/\/ski-consult.de\/wp-content\/uploads\/2020\/09\/Rohrleitung2.jpg","datePublished":"2020-10-16T21:01:04+00:00","dateModified":"2023-11-17T09:31:37+00:00","description":"Rohrleitungen und Rohrbr\u00fccken &#8226; SKI kann Berechnungen inkl. Lastermittlung, Modellaufbau und Bewertung der Ergebnisse durchf\u00fchren.","breadcrumb":{"@id":"https:\/\/ski-consult.de\/taetigkeitsbreiche\/silo-and-behaelterbau\/rohrleitungen-und-rohrbruecken\/#breadcrumb"},"inLanguage":"en-GB","potentialAction":[{"@type":"ReadAction","target":["https:\/\/ski-consult.de\/taetigkeitsbreiche\/silo-and-behaelterbau\/rohrleitungen-und-rohrbruecken\/"]}]},{"@type":"ImageObject","inLanguage":"en-GB","@id":"https:\/\/ski-consult.de\/taetigkeitsbreiche\/silo-and-behaelterbau\/rohrleitungen-und-rohrbruecken\/#primaryimage","url":"https:\/\/ski-consult.de\/wp-content\/uploads\/2020\/09\/Rohrleitung2.jpg","contentUrl":"https:\/\/ski-consult.de\/wp-content\/uploads\/2020\/09\/Rohrleitung2.jpg"},{"@type":"BreadcrumbList","@id":"https:\/\/ski-consult.de\/taetigkeitsbreiche\/silo-and-behaelterbau\/rohrleitungen-und-rohrbruecken\/#breadcrumb","itemListElement":[{"@type":"ListItem","position":1,"name":"Startseite","item":"https:\/\/ski-consult.de\/"},{"@type":"ListItem","position":2,"name":"T\u00e4tigkeitsbereiche","item":"https:\/\/ski-consult.de\/taetigkeitsbreiche\/"},{"@type":"ListItem","position":3,"name":"Silo- und Beh\u00e4lterbau","item":"https:\/\/ski-consult.de\/taetigkeitsbreiche\/silo-and-behaelterbau\/"},{"@type":"ListItem","position":4,"name":"Rohrleitungen und Rohrbr\u00fccken"}]},{"@type":"WebSite","@id":"https:\/\/ski-consult.de\/#website","url":"https:\/\/ski-consult.de\/","name":"SKI Ingenieurges. mbH","description":"Bauwesen und innovative Entwicklungsarbeiten","publisher":{"@id":"https:\/\/ski-consult.de\/#organization"},"potentialAction":[{"@type":"SearchAction","target":{"@type":"EntryPoint","urlTemplate":"https:\/\/ski-consult.de\/?s={search_term_string}"},"query-input":{"@type":"PropertyValueSpecification","valueRequired":true,"valueName":"search_term_string"}}],"inLanguage":"en-GB"},{"@type":"Organization","@id":"https:\/\/ski-consult.de\/#organization","name":"SKI Ingenieurges. mbh","url":"https:\/\/ski-consult.de\/","logo":{"@type":"ImageObject","inLanguage":"en-GB","@id":"https:\/\/ski-consult.de\/#\/schema\/logo\/image\/","url":"https:\/\/ski-consult.de\/wp-content\/uploads\/2020\/07\/SKI_Logo_1026px_72dpi_rgb.png","contentUrl":"https:\/\/ski-consult.de\/wp-content\/uploads\/2020\/07\/SKI_Logo_1026px_72dpi_rgb.png","width":1026,"height":373,"caption":"SKI Ingenieurges. mbh"},"image":{"@id":"https:\/\/ski-consult.de\/#\/schema\/logo\/image\/"}}]}},"_links":{"self":[{"href":"https:\/\/ski-consult.de\/en\/wp-json\/wp\/v2\/pages\/7461","targetHints":{"allow":["GET"]}}],"collection":[{"href":"https:\/\/ski-consult.de\/en\/wp-json\/wp\/v2\/pages"}],"about":[{"href":"https:\/\/ski-consult.de\/en\/wp-json\/wp\/v2\/types\/page"}],"author":[{"embeddable":true,"href":"https:\/\/ski-consult.de\/en\/wp-json\/wp\/v2\/users\/3"}],"replies":[{"embeddable":true,"href":"https:\/\/ski-consult.de\/en\/wp-json\/wp\/v2\/comments?post=7461"}],"version-history":[{"count":0,"href":"https:\/\/ski-consult.de\/en\/wp-json\/wp\/v2\/pages\/7461\/revisions"}],"up":[{"embeddable":true,"href":"https:\/\/ski-consult.de\/en\/wp-json\/wp\/v2\/pages\/7373"}],"wp:attachment":[{"href":"https:\/\/ski-consult.de\/en\/wp-json\/wp\/v2\/media?parent=7461"}],"curies":[{"name":"wp","href":"https:\/\/api.w.org\/{rel}","templated":true}]}}