{"id":7475,"date":"2020-10-16T23:31:31","date_gmt":"2020-10-16T21:31:31","guid":{"rendered":"https:\/\/ski-consult.de\/?page_id=7475"},"modified":"2023-11-16T15:14:51","modified_gmt":"2023-11-16T14:14:51","slug":"podeste-und-plattformen","status":"publish","type":"page","link":"https:\/\/ski-consult.de\/en\/taetigkeitsbreiche\/silo-and-behaelterbau\/podeste-und-plattformen\/","title":{"rendered":"Platforms and platforms"},"content":{"rendered":"<div data-elementor-type=\"wp-page\" data-elementor-id=\"7475\" class=\"elementor elementor-7475\">\n\t\t\t\t\t\t<section class=\"elementor-section elementor-top-section elementor-element elementor-element-62260d4 elementor-section-boxed elementor-section-height-default elementor-section-height-default\" data-id=\"62260d4\" data-element_type=\"section\" data-e-type=\"section\">\n\t\t\t\t\t\t<div class=\"elementor-container elementor-column-gap-default\">\n\t\t\t\t\t<div class=\"elementor-column elementor-col-100 elementor-top-column elementor-element elementor-element-fcebdfa\" data-id=\"fcebdfa\" data-element_type=\"column\" data-e-type=\"column\">\n\t\t\t<div class=\"elementor-widget-wrap elementor-element-populated\">\n\t\t\t\t\t\t<div class=\"elementor-element elementor-element-fea1e0c elementor-widget elementor-widget-heading\" data-id=\"fea1e0c\" data-element_type=\"widget\" data-e-type=\"widget\" data-widget_type=\"heading.default\">\n\t\t\t\t<div class=\"elementor-widget-container\">\n\t\t\t\t\t<h2 class=\"elementor-heading-title elementor-size-default\">Platforms and platforms<\/h2>\t\t\t\t<\/div>\n\t\t\t\t<\/div>\n\t\t\t\t\t<\/div>\n\t\t<\/div>\n\t\t\t\t\t<\/div>\n\t\t<\/section>\n\t\t\t\t<section class=\"elementor-section elementor-top-section elementor-element elementor-element-2d92985 elementor-section-boxed elementor-section-height-default elementor-section-height-default\" data-id=\"2d92985\" data-element_type=\"section\" data-e-type=\"section\">\n\t\t\t\t\t\t<div class=\"elementor-container elementor-column-gap-default\">\n\t\t\t\t\t<div class=\"elementor-column elementor-col-100 elementor-top-column elementor-element elementor-element-8a05944\" data-id=\"8a05944\" data-element_type=\"column\" data-e-type=\"column\">\n\t\t\t<div class=\"elementor-widget-wrap elementor-element-populated\">\n\t\t\t\t\t\t<div class=\"elementor-element elementor-element-312fdbe elementor-widget elementor-widget-text-editor\" data-id=\"312fdbe\" data-element_type=\"widget\" data-e-type=\"widget\" data-widget_type=\"text-editor.default\">\n\t\t\t\t<div class=\"elementor-widget-container\">\n\t\t\t\t\t\t\t\t\t<p>Especially in the area of industrial plants and business parks, platforms, stages and podiums are used. Wherever accessibility to operating elements, maintenance areas or other installations must be guaranteed. Some examples are silos, containers, radio masts, wind turbines, visitor platforms, maintenance and operating platforms, resting platforms of ladders or platforms in combination as elevation for tanks.<\/p>\t\t\t\t\t\t\t\t<\/div>\n\t\t\t\t<\/div>\n\t\t\t\t\t<\/div>\n\t\t<\/div>\n\t\t\t\t\t<\/div>\n\t\t<\/section>\n\t\t\t\t<section class=\"elementor-section elementor-top-section elementor-element elementor-element-870f865 elementor-section-boxed elementor-section-height-default elementor-section-height-default\" data-id=\"870f865\" data-element_type=\"section\" data-e-type=\"section\">\n\t\t\t\t\t\t<div class=\"elementor-container elementor-column-gap-default\">\n\t\t\t\t\t<div class=\"elementor-column elementor-col-100 elementor-top-column elementor-element elementor-element-411d715\" data-id=\"411d715\" data-element_type=\"column\" data-e-type=\"column\">\n\t\t\t<div class=\"elementor-widget-wrap elementor-element-populated\">\n\t\t\t\t\t\t<div class=\"elementor-element elementor-element-7a4f224 elementor-widget elementor-widget-text-editor\" data-id=\"7a4f224\" data-element_type=\"widget\" data-e-type=\"widget\" data-widget_type=\"text-editor.default\">\n\t\t\t\t<div class=\"elementor-widget-container\">\n\t\t\t\t\t\t\t\t\t<p>The static calculations include in particular the primary supporting structures (main and cross beams, consoles) of the platforms. Stress and stability analyses are performed for the profiles. A further component is the selected connecting means. The frictional connection at the ends of the girders is carried out by means of a welded connection or a screwed connection. In order to be able to transfer the load and the dead weight of the respective platform into the respective construction, it is statically checked in the support area. \nin a limited area. When connecting to constructions with smaller wall thicknesses or stiffnesses it can that reinforcing plates must be provided to ensure that the \neffective width of the load introduction and a local to counteract dents or failure.<\/p>\t\t\t\t\t\t\t\t<\/div>\n\t\t\t\t<\/div>\n\t\t\t\t<section class=\"elementor-section elementor-inner-section elementor-element elementor-element-75ebefe elementor-section-boxed elementor-section-height-default elementor-section-height-default\" data-id=\"75ebefe\" data-element_type=\"section\" data-e-type=\"section\">\n\t\t\t\t\t\t<div class=\"elementor-container elementor-column-gap-default\">\n\t\t\t\t\t<div class=\"elementor-column elementor-col-25 elementor-inner-column elementor-element elementor-element-452384e\" data-id=\"452384e\" data-element_type=\"column\" data-e-type=\"column\">\n\t\t\t<div class=\"elementor-widget-wrap elementor-element-populated\">\n\t\t\t\t\t\t<div class=\"elementor-element elementor-element-7dc17b4 elementor-widget elementor-widget-image\" data-id=\"7dc17b4\" data-element_type=\"widget\" data-e-type=\"widget\" data-widget_type=\"image.default\">\n\t\t\t\t<div class=\"elementor-widget-container\">\n\t\t\t\t\t\t\t\t\t\t\t\t<figure class=\"wp-caption\">\n\t\t\t\t\t\t\t\t\t\t<img decoding=\"async\" src=\"https:\/\/ski-consult.de\/wp-content\/uploads\/elementor\/thumbs\/Podest-01-pfwqr3vgwiqn511r96dxryebjficrycfpwjhz0yscg.jpg\" title=\"Staircase design\" alt=\"B\u00fchnenkonstruktion\" loading=\"lazy\" \/>\t\t\t\t\t\t\t\t\t\t\t<figcaption class=\"widget-image-caption wp-caption-text\">Staircase design<\/figcaption>\n\t\t\t\t\t\t\t\t\t\t<\/figure>\n\t\t\t\t\t\t\t\t\t<\/div>\n\t\t\t\t<\/div>\n\t\t\t\t\t<\/div>\n\t\t<\/div>\n\t\t\t\t<div class=\"elementor-column elementor-col-25 elementor-inner-column elementor-element elementor-element-2b0a21e\" data-id=\"2b0a21e\" data-element_type=\"column\" data-e-type=\"column\">\n\t\t\t<div class=\"elementor-widget-wrap elementor-element-populated\">\n\t\t\t\t\t\t<div class=\"elementor-element elementor-element-e3aee8a elementor-widget__width-initial elementor-widget elementor-widget-image\" data-id=\"e3aee8a\" data-element_type=\"widget\" data-e-type=\"widget\" data-widget_type=\"image.default\">\n\t\t\t\t<div class=\"elementor-widget-container\">\n\t\t\t\t\t\t\t\t\t\t\t\t<figure class=\"wp-caption\">\n\t\t\t\t\t\t\t\t\t\t<img decoding=\"async\" src=\"https:\/\/ski-consult.de\/wp-content\/uploads\/elementor\/thumbs\/Manteltreppe-01-pfwqqz69yck7iz8l0mcsxhl0ki5ipgts19a2kn5r7k.jpg\" title=\"Tank with shell stair construction\" alt=\"Tank mit Manteltreppe\" loading=\"lazy\" \/>\t\t\t\t\t\t\t\t\t\t\t<figcaption class=\"widget-image-caption wp-caption-text\">Tank with shell stair construction<\/figcaption>\n\t\t\t\t\t\t\t\t\t\t<\/figure>\n\t\t\t\t\t\t\t\t\t<\/div>\n\t\t\t\t<\/div>\n\t\t\t\t\t<\/div>\n\t\t<\/div>\n\t\t\t\t<div class=\"elementor-column elementor-col-25 elementor-inner-column elementor-element elementor-element-ffebb89\" data-id=\"ffebb89\" data-element_type=\"column\" data-e-type=\"column\">\n\t\t\t<div class=\"elementor-widget-wrap elementor-element-populated\">\n\t\t\t\t\t\t<div class=\"elementor-element elementor-element-19c05f0 elementor-widget__width-initial elementor-widget elementor-widget-image\" data-id=\"19c05f0\" data-element_type=\"widget\" data-e-type=\"widget\" data-widget_type=\"image.default\">\n\t\t\t\t<div class=\"elementor-widget-container\">\n\t\t\t\t\t\t\t\t\t\t\t\t<figure class=\"wp-caption\">\n\t\t\t\t\t\t\t\t\t\t<img decoding=\"async\" src=\"https:\/\/ski-consult.de\/wp-content\/uploads\/elementor\/thumbs\/Funkmast-3-owmgmbhtdlpzgfak29gccr1ab04t64i935qatgwmww.jpg\" title=\"Radio mast with platform\" alt=\"Funkmast mit Plattform\" loading=\"lazy\" \/>\t\t\t\t\t\t\t\t\t\t\t<figcaption class=\"widget-image-caption wp-caption-text\">Radio mast with platform<\/figcaption>\n\t\t\t\t\t\t\t\t\t\t<\/figure>\n\t\t\t\t\t\t\t\t\t<\/div>\n\t\t\t\t<\/div>\n\t\t\t\t\t<\/div>\n\t\t<\/div>\n\t\t\t\t<div class=\"elementor-column elementor-col-25 elementor-inner-column elementor-element elementor-element-2a98016\" data-id=\"2a98016\" data-element_type=\"column\" data-e-type=\"column\">\n\t\t\t<div class=\"elementor-widget-wrap elementor-element-populated\">\n\t\t\t\t\t\t<div class=\"elementor-element elementor-element-d8cbb72 elementor-widget__width-initial elementor-widget elementor-widget-image\" data-id=\"d8cbb72\" data-element_type=\"widget\" data-e-type=\"widget\" data-widget_type=\"image.default\">\n\t\t\t\t<div class=\"elementor-widget-container\">\n\t\t\t\t\t\t\t\t\t\t\t\t<figure class=\"wp-caption\">\n\t\t\t\t\t\t\t\t\t\t<img decoding=\"async\" src=\"https:\/\/ski-consult.de\/wp-content\/uploads\/elementor\/thumbs\/Reaktor-11-owmgn7gbtyxqf604vn9npiyyi3rafu14jjwt4vl91c.jpg\" title=\"Platform on a reactor\" alt=\"Plattform auf einem Reaktor\" loading=\"lazy\" \/>\t\t\t\t\t\t\t\t\t\t\t<figcaption class=\"widget-image-caption wp-caption-text\">Platform on a reactor<\/figcaption>\n\t\t\t\t\t\t\t\t\t\t<\/figure>\n\t\t\t\t\t\t\t\t\t<\/div>\n\t\t\t\t<\/div>\n\t\t\t\t\t<\/div>\n\t\t<\/div>\n\t\t\t\t\t<\/div>\n\t\t<\/section>\n\t\t\t\t\t<\/div>\n\t\t<\/div>\n\t\t\t\t\t<\/div>\n\t\t<\/section>\n\t\t\t\t<section class=\"elementor-section elementor-top-section elementor-element elementor-element-f80c4c3 elementor-section-boxed elementor-section-height-default elementor-section-height-default\" data-id=\"f80c4c3\" data-element_type=\"section\" data-e-type=\"section\">\n\t\t\t\t\t\t<div class=\"elementor-container elementor-column-gap-default\">\n\t\t\t\t\t<div class=\"elementor-column elementor-col-100 elementor-top-column elementor-element elementor-element-55ace14\" data-id=\"55ace14\" data-element_type=\"column\" data-e-type=\"column\">\n\t\t\t<div class=\"elementor-widget-wrap elementor-element-populated\">\n\t\t\t\t\t\t<div class=\"elementor-element elementor-element-7b1880e elementor-widget elementor-widget-heading\" data-id=\"7b1880e\" data-element_type=\"widget\" data-e-type=\"widget\" data-widget_type=\"heading.default\">\n\t\t\t\t<div class=\"elementor-widget-container\">\n\t\t\t\t\t<h2 class=\"elementor-heading-title elementor-size-default\">Our services<\/h2>\t\t\t\t<\/div>\n\t\t\t\t<\/div>\n\t\t\t\t\t<\/div>\n\t\t<\/div>\n\t\t\t\t\t<\/div>\n\t\t<\/section>\n\t\t\t\t<section class=\"elementor-section elementor-top-section elementor-element elementor-element-8ea1b3a elementor-section-boxed elementor-section-height-default elementor-section-height-default\" data-id=\"8ea1b3a\" data-element_type=\"section\" data-e-type=\"section\">\n\t\t\t\t\t\t<div class=\"elementor-container elementor-column-gap-default\">\n\t\t\t\t\t<div class=\"elementor-column elementor-col-50 elementor-top-column elementor-element elementor-element-4c59dfc\" data-id=\"4c59dfc\" data-element_type=\"column\" data-e-type=\"column\">\n\t\t\t<div class=\"elementor-widget-wrap elementor-element-populated\">\n\t\t\t\t\t\t<div class=\"elementor-element elementor-element-78d71d4 elementor-widget elementor-widget-text-editor\" data-id=\"78d71d4\" data-element_type=\"widget\" data-e-type=\"widget\" data-widget_type=\"text-editor.default\">\n\t\t\t\t<div class=\"elementor-widget-container\">\n\t\t\t\t\t\t\t\t\t<div>\n<div>\n<div>\n<div>\n<div>\n<p>SKI Ingenieurges. mbH can offer the following services for the area of platforms, stages and platforms:<\/p>\n<ul>\n<li class=\"translation-block\"><a title=\"damage accumulation hypothesis\" href=\"https:\/\/ski-consult.de\/en\/statische-strukturanalyse\/\" target=\"_self\">Static calculations<\/a> for platforms, stages and platforms<\/li>\n<li class=\"translation-block\"><a title=\"damage accumulation hypothesis\" href=\"https:\/\/ski-consult.de\/en\/statische-strukturanalyse\/\" target=\"_self\">static calculations<\/a> for railings and stairs<\/li>\n<li>Detailed checks for connections<\/li>\n<li class=\"translation-block\"><a title=\"damage accumulation hypothesis\" href=\"https:\/\/ski-consult.de\/en\/dynamische-strukturanalysen\/\" target=\"_self\">Dynamic calculations<\/a> (e.g. due to an agitator)<\/li>\n<li>Evidence for earthquake loads<\/li>\n<li class=\"translation-block\"><a title=\"damage accumulation hypothesis\" href=\"https:\/\/ski-consult.de\/en\/finite-element-berechnungen\/\" target=\"_self\">Numerical simulations<\/a> (e.g. buckling stability, buckling, torsional flexural buckling)<\/li>\n<li>Load introduction into the basic structures<\/li>\n<li>Natural frequency analysis<\/li>\n<li>Determination of deformation states<\/li>\n<\/ul>\n<\/div>\n<\/div>\n<\/div>\n<\/div>\n<\/div>\t\t\t\t\t\t\t\t<\/div>\n\t\t\t\t<\/div>\n\t\t\t\t\t<\/div>\n\t\t<\/div>\n\t\t\t\t<div class=\"elementor-column elementor-col-50 elementor-top-column elementor-element elementor-element-6a31c83\" data-id=\"6a31c83\" data-element_type=\"column\" data-e-type=\"column\">\n\t\t\t<div class=\"elementor-widget-wrap elementor-element-populated\">\n\t\t\t\t\t\t<div class=\"elementor-element elementor-element-2bccb87 elementor-widget elementor-widget-image\" data-id=\"2bccb87\" data-element_type=\"widget\" data-e-type=\"widget\" data-widget_type=\"image.default\">\n\t\t\t\t<div class=\"elementor-widget-container\">\n\t\t\t\t\t\t\t\t\t\t\t\t<figure class=\"wp-caption\">\n\t\t\t\t\t\t\t\t\t\t<img fetchpriority=\"high\" decoding=\"async\" width=\"1131\" height=\"660\" src=\"https:\/\/ski-consult.de\/wp-content\/uploads\/2020\/09\/Hochbau-003.jpg\" class=\"attachment-full size-full wp-image-6703\" alt=\"\" srcset=\"https:\/\/ski-consult.de\/wp-content\/uploads\/2020\/09\/Hochbau-003.jpg 1131w, https:\/\/ski-consult.de\/wp-content\/uploads\/2020\/09\/Hochbau-003-300x175.jpg 300w, https:\/\/ski-consult.de\/wp-content\/uploads\/2020\/09\/Hochbau-003-1024x598.jpg 1024w, https:\/\/ski-consult.de\/wp-content\/uploads\/2020\/09\/Hochbau-003-768x448.jpg 768w\" sizes=\"(max-width: 1131px) 100vw, 1131px\" \/>\t\t\t\t\t\t\t\t\t\t\t<figcaption class=\"widget-image-caption wp-caption-text\">Deformation of a stage construction<\/figcaption>\n\t\t\t\t\t\t\t\t\t\t<\/figure>\n\t\t\t\t\t\t\t\t\t<\/div>\n\t\t\t\t<\/div>\n\t\t\t\t\t<\/div>\n\t\t<\/div>\n\t\t\t\t\t<\/div>\n\t\t<\/section>\n\t\t\t\t<\/div>","protected":false},"excerpt":{"rendered":"<p>Podeste und Plattformen Insbesondere im Bereich von Industrieanlagen und Gewerbegebiete kommen Plattformen, B\u00fchnen und Podeste zum Einsatz. \u00dcberall dort, wo die Zug\u00e4nglichkeit zu Bedienelementen, Wartungsbereichen oder sonstigen Installationen gew\u00e4hrleistet werden muss. Einige Beispiele daf\u00fcr sind Silos, Beh\u00e4lter, Funkmaste, Windenergieanlagen, Besucherb\u00fchnen, Wartungs- und Bedienpodeste, Ruhepodeste von Steigleitern oder B\u00fchnen in Kombination als Aufst\u00e4nderung f\u00fcr Tanks. Die&#8230;<\/p>","protected":false},"author":3,"featured_media":0,"parent":7373,"menu_order":0,"comment_status":"closed","ping_status":"closed","template":"","meta":{"_acf_changed":false,"footnotes":""},"class_list":["post-7475","page","type-page","status-publish","hentry","no-post-thumbnail"],"acf":[],"yoast_head":"<!-- This site is optimized with the Yoast SEO plugin v27.4 - https:\/\/yoast.com\/product\/yoast-seo-wordpress\/ -->\n<title>Podeste und Plattformen &#8226; SKI Ingenieurges. mbH<\/title>\n<meta name=\"description\" content=\"Podeste und Plattformen &#8226; SKI kann Berechnungen inkl. Lastermittlung, Modellaufbau und Bewertung der Ergebnisse durchf\u00fchren.\" \/>\n<meta name=\"robots\" content=\"index, follow, max-snippet:-1, max-image-preview:large, max-video-preview:-1\" \/>\n<link rel=\"canonical\" href=\"https:\/\/ski-consult.de\/en\/taetigkeitsbreiche\/silo-and-behaelterbau\/podeste-und-plattformen\/\" \/>\n<meta property=\"og:locale\" content=\"en_GB\" \/>\n<meta property=\"og:type\" content=\"article\" \/>\n<meta property=\"og:title\" content=\"Podeste und Plattformen &#8226; SKI Ingenieurges. mbH\" \/>\n<meta property=\"og:description\" content=\"Podeste und Plattformen &#8226; SKI kann Berechnungen inkl. Lastermittlung, Modellaufbau und Bewertung der Ergebnisse durchf\u00fchren.\" \/>\n<meta property=\"og:url\" content=\"https:\/\/ski-consult.de\/en\/taetigkeitsbreiche\/silo-and-behaelterbau\/podeste-und-plattformen\/\" \/>\n<meta property=\"og:site_name\" content=\"SKI Ingenieurges. mbH\" \/>\n<meta property=\"article:modified_time\" content=\"2023-11-16T14:14:51+00:00\" \/>\n<meta property=\"og:image\" content=\"https:\/\/ski-consult.de\/wp-content\/uploads\/elementor\/thumbs\/Podest-01-pfwqr3vgwiqn511r96dxryebjficrycfpwjhz0yscg.jpg\" \/>\n<meta name=\"twitter:card\" content=\"summary_large_image\" \/>\n<meta name=\"twitter:label1\" content=\"Estimated reading time\" \/>\n\t<meta name=\"twitter:data1\" content=\"3 minutes\" \/>\n<script type=\"application\/ld+json\" class=\"yoast-schema-graph\">{\"@context\":\"https:\\\/\\\/schema.org\",\"@graph\":[{\"@type\":\"WebPage\",\"@id\":\"https:\\\/\\\/ski-consult.de\\\/taetigkeitsbreiche\\\/silo-and-behaelterbau\\\/podeste-und-plattformen\\\/\",\"url\":\"https:\\\/\\\/ski-consult.de\\\/taetigkeitsbreiche\\\/silo-and-behaelterbau\\\/podeste-und-plattformen\\\/\",\"name\":\"Podeste und Plattformen &#8226; SKI Ingenieurges. mbH\",\"isPartOf\":{\"@id\":\"https:\\\/\\\/ski-consult.de\\\/#website\"},\"primaryImageOfPage\":{\"@id\":\"https:\\\/\\\/ski-consult.de\\\/taetigkeitsbreiche\\\/silo-and-behaelterbau\\\/podeste-und-plattformen\\\/#primaryimage\"},\"image\":{\"@id\":\"https:\\\/\\\/ski-consult.de\\\/taetigkeitsbreiche\\\/silo-and-behaelterbau\\\/podeste-und-plattformen\\\/#primaryimage\"},\"thumbnailUrl\":\"https:\\\/\\\/ski-consult.de\\\/wp-content\\\/uploads\\\/elementor\\\/thumbs\\\/Podest-01-pfwqr3vgwiqn511r96dxryebjficrycfpwjhz0yscg.jpg\",\"datePublished\":\"2020-10-16T21:31:31+00:00\",\"dateModified\":\"2023-11-16T14:14:51+00:00\",\"description\":\"Podeste und Plattformen &#8226; SKI kann Berechnungen inkl. Lastermittlung, Modellaufbau und Bewertung der Ergebnisse durchf\u00fchren.\",\"breadcrumb\":{\"@id\":\"https:\\\/\\\/ski-consult.de\\\/taetigkeitsbreiche\\\/silo-and-behaelterbau\\\/podeste-und-plattformen\\\/#breadcrumb\"},\"inLanguage\":\"en-GB\",\"potentialAction\":[{\"@type\":\"ReadAction\",\"target\":[\"https:\\\/\\\/ski-consult.de\\\/taetigkeitsbreiche\\\/silo-and-behaelterbau\\\/podeste-und-plattformen\\\/\"]}]},{\"@type\":\"ImageObject\",\"inLanguage\":\"en-GB\",\"@id\":\"https:\\\/\\\/ski-consult.de\\\/taetigkeitsbreiche\\\/silo-and-behaelterbau\\\/podeste-und-plattformen\\\/#primaryimage\",\"url\":\"https:\\\/\\\/ski-consult.de\\\/wp-content\\\/uploads\\\/elementor\\\/thumbs\\\/Podest-01-pfwqr3vgwiqn511r96dxryebjficrycfpwjhz0yscg.jpg\",\"contentUrl\":\"https:\\\/\\\/ski-consult.de\\\/wp-content\\\/uploads\\\/elementor\\\/thumbs\\\/Podest-01-pfwqr3vgwiqn511r96dxryebjficrycfpwjhz0yscg.jpg\"},{\"@type\":\"BreadcrumbList\",\"@id\":\"https:\\\/\\\/ski-consult.de\\\/taetigkeitsbreiche\\\/silo-and-behaelterbau\\\/podeste-und-plattformen\\\/#breadcrumb\",\"itemListElement\":[{\"@type\":\"ListItem\",\"position\":1,\"name\":\"Startseite\",\"item\":\"https:\\\/\\\/ski-consult.de\\\/\"},{\"@type\":\"ListItem\",\"position\":2,\"name\":\"T\u00e4tigkeitsbereiche\",\"item\":\"https:\\\/\\\/ski-consult.de\\\/taetigkeitsbreiche\\\/\"},{\"@type\":\"ListItem\",\"position\":3,\"name\":\"Silo- und Beh\u00e4lterbau\",\"item\":\"https:\\\/\\\/ski-consult.de\\\/taetigkeitsbreiche\\\/silo-and-behaelterbau\\\/\"},{\"@type\":\"ListItem\",\"position\":4,\"name\":\"Podeste und Plattformen\"}]},{\"@type\":\"WebSite\",\"@id\":\"https:\\\/\\\/ski-consult.de\\\/#website\",\"url\":\"https:\\\/\\\/ski-consult.de\\\/\",\"name\":\"SKI Ingenieurges. mbH\",\"description\":\"Bauwesen und innovative Entwicklungsarbeiten\",\"publisher\":{\"@id\":\"https:\\\/\\\/ski-consult.de\\\/#organization\"},\"potentialAction\":[{\"@type\":\"SearchAction\",\"target\":{\"@type\":\"EntryPoint\",\"urlTemplate\":\"https:\\\/\\\/ski-consult.de\\\/?s={search_term_string}\"},\"query-input\":{\"@type\":\"PropertyValueSpecification\",\"valueRequired\":true,\"valueName\":\"search_term_string\"}}],\"inLanguage\":\"en-GB\"},{\"@type\":\"Organization\",\"@id\":\"https:\\\/\\\/ski-consult.de\\\/#organization\",\"name\":\"SKI Ingenieurges. mbh\",\"url\":\"https:\\\/\\\/ski-consult.de\\\/\",\"logo\":{\"@type\":\"ImageObject\",\"inLanguage\":\"en-GB\",\"@id\":\"https:\\\/\\\/ski-consult.de\\\/#\\\/schema\\\/logo\\\/image\\\/\",\"url\":\"https:\\\/\\\/ski-consult.de\\\/wp-content\\\/uploads\\\/2020\\\/07\\\/SKI_Logo_1026px_72dpi_rgb.png\",\"contentUrl\":\"https:\\\/\\\/ski-consult.de\\\/wp-content\\\/uploads\\\/2020\\\/07\\\/SKI_Logo_1026px_72dpi_rgb.png\",\"width\":1026,\"height\":373,\"caption\":\"SKI Ingenieurges. mbh\"},\"image\":{\"@id\":\"https:\\\/\\\/ski-consult.de\\\/#\\\/schema\\\/logo\\\/image\\\/\"}}]}<\/script>\n<!-- \/ Yoast SEO plugin. -->","yoast_head_json":{"title":"Podeste und Plattformen &#8226; SKI Ingenieurges. mbH","description":"Podeste und Plattformen &#8226; SKI kann Berechnungen inkl. Lastermittlung, Modellaufbau und Bewertung der Ergebnisse durchf\u00fchren.","robots":{"index":"index","follow":"follow","max-snippet":"max-snippet:-1","max-image-preview":"max-image-preview:large","max-video-preview":"max-video-preview:-1"},"canonical":"https:\/\/ski-consult.de\/en\/taetigkeitsbreiche\/silo-and-behaelterbau\/podeste-und-plattformen\/","og_locale":"en_GB","og_type":"article","og_title":"Podeste und Plattformen &#8226; SKI Ingenieurges. mbH","og_description":"Podeste und Plattformen &#8226; SKI kann Berechnungen inkl. Lastermittlung, Modellaufbau und Bewertung der Ergebnisse durchf\u00fchren.","og_url":"https:\/\/ski-consult.de\/en\/taetigkeitsbreiche\/silo-and-behaelterbau\/podeste-und-plattformen\/","og_site_name":"SKI Ingenieurges. mbH","article_modified_time":"2023-11-16T14:14:51+00:00","og_image":[{"url":"https:\/\/ski-consult.de\/wp-content\/uploads\/elementor\/thumbs\/Podest-01-pfwqr3vgwiqn511r96dxryebjficrycfpwjhz0yscg.jpg","type":"","width":"","height":""}],"twitter_card":"summary_large_image","twitter_misc":{"Estimated reading time":"3 minutes"},"schema":{"@context":"https:\/\/schema.org","@graph":[{"@type":"WebPage","@id":"https:\/\/ski-consult.de\/taetigkeitsbreiche\/silo-and-behaelterbau\/podeste-und-plattformen\/","url":"https:\/\/ski-consult.de\/taetigkeitsbreiche\/silo-and-behaelterbau\/podeste-und-plattformen\/","name":"Podeste und Plattformen &#8226; SKI Ingenieurges. mbH","isPartOf":{"@id":"https:\/\/ski-consult.de\/#website"},"primaryImageOfPage":{"@id":"https:\/\/ski-consult.de\/taetigkeitsbreiche\/silo-and-behaelterbau\/podeste-und-plattformen\/#primaryimage"},"image":{"@id":"https:\/\/ski-consult.de\/taetigkeitsbreiche\/silo-and-behaelterbau\/podeste-und-plattformen\/#primaryimage"},"thumbnailUrl":"https:\/\/ski-consult.de\/wp-content\/uploads\/elementor\/thumbs\/Podest-01-pfwqr3vgwiqn511r96dxryebjficrycfpwjhz0yscg.jpg","datePublished":"2020-10-16T21:31:31+00:00","dateModified":"2023-11-16T14:14:51+00:00","description":"Podeste und Plattformen &#8226; SKI kann Berechnungen inkl. Lastermittlung, Modellaufbau und Bewertung der Ergebnisse durchf\u00fchren.","breadcrumb":{"@id":"https:\/\/ski-consult.de\/taetigkeitsbreiche\/silo-and-behaelterbau\/podeste-und-plattformen\/#breadcrumb"},"inLanguage":"en-GB","potentialAction":[{"@type":"ReadAction","target":["https:\/\/ski-consult.de\/taetigkeitsbreiche\/silo-and-behaelterbau\/podeste-und-plattformen\/"]}]},{"@type":"ImageObject","inLanguage":"en-GB","@id":"https:\/\/ski-consult.de\/taetigkeitsbreiche\/silo-and-behaelterbau\/podeste-und-plattformen\/#primaryimage","url":"https:\/\/ski-consult.de\/wp-content\/uploads\/elementor\/thumbs\/Podest-01-pfwqr3vgwiqn511r96dxryebjficrycfpwjhz0yscg.jpg","contentUrl":"https:\/\/ski-consult.de\/wp-content\/uploads\/elementor\/thumbs\/Podest-01-pfwqr3vgwiqn511r96dxryebjficrycfpwjhz0yscg.jpg"},{"@type":"BreadcrumbList","@id":"https:\/\/ski-consult.de\/taetigkeitsbreiche\/silo-and-behaelterbau\/podeste-und-plattformen\/#breadcrumb","itemListElement":[{"@type":"ListItem","position":1,"name":"Startseite","item":"https:\/\/ski-consult.de\/"},{"@type":"ListItem","position":2,"name":"T\u00e4tigkeitsbereiche","item":"https:\/\/ski-consult.de\/taetigkeitsbreiche\/"},{"@type":"ListItem","position":3,"name":"Silo- und Beh\u00e4lterbau","item":"https:\/\/ski-consult.de\/taetigkeitsbreiche\/silo-and-behaelterbau\/"},{"@type":"ListItem","position":4,"name":"Podeste und Plattformen"}]},{"@type":"WebSite","@id":"https:\/\/ski-consult.de\/#website","url":"https:\/\/ski-consult.de\/","name":"SKI Ingenieurges. mbH","description":"Bauwesen und innovative Entwicklungsarbeiten","publisher":{"@id":"https:\/\/ski-consult.de\/#organization"},"potentialAction":[{"@type":"SearchAction","target":{"@type":"EntryPoint","urlTemplate":"https:\/\/ski-consult.de\/?s={search_term_string}"},"query-input":{"@type":"PropertyValueSpecification","valueRequired":true,"valueName":"search_term_string"}}],"inLanguage":"en-GB"},{"@type":"Organization","@id":"https:\/\/ski-consult.de\/#organization","name":"SKI Ingenieurges. mbh","url":"https:\/\/ski-consult.de\/","logo":{"@type":"ImageObject","inLanguage":"en-GB","@id":"https:\/\/ski-consult.de\/#\/schema\/logo\/image\/","url":"https:\/\/ski-consult.de\/wp-content\/uploads\/2020\/07\/SKI_Logo_1026px_72dpi_rgb.png","contentUrl":"https:\/\/ski-consult.de\/wp-content\/uploads\/2020\/07\/SKI_Logo_1026px_72dpi_rgb.png","width":1026,"height":373,"caption":"SKI Ingenieurges. mbh"},"image":{"@id":"https:\/\/ski-consult.de\/#\/schema\/logo\/image\/"}}]}},"_links":{"self":[{"href":"https:\/\/ski-consult.de\/en\/wp-json\/wp\/v2\/pages\/7475","targetHints":{"allow":["GET"]}}],"collection":[{"href":"https:\/\/ski-consult.de\/en\/wp-json\/wp\/v2\/pages"}],"about":[{"href":"https:\/\/ski-consult.de\/en\/wp-json\/wp\/v2\/types\/page"}],"author":[{"embeddable":true,"href":"https:\/\/ski-consult.de\/en\/wp-json\/wp\/v2\/users\/3"}],"replies":[{"embeddable":true,"href":"https:\/\/ski-consult.de\/en\/wp-json\/wp\/v2\/comments?post=7475"}],"version-history":[{"count":0,"href":"https:\/\/ski-consult.de\/en\/wp-json\/wp\/v2\/pages\/7475\/revisions"}],"up":[{"embeddable":true,"href":"https:\/\/ski-consult.de\/en\/wp-json\/wp\/v2\/pages\/7373"}],"wp:attachment":[{"href":"https:\/\/ski-consult.de\/en\/wp-json\/wp\/v2\/media?parent=7475"}],"curies":[{"name":"wp","href":"https:\/\/api.w.org\/{rel}","templated":true}]}}