{"id":9265,"date":"2023-11-03T13:02:09","date_gmt":"2023-11-03T12:02:09","guid":{"rendered":"https:\/\/ski-consult.de\/?page_id=9265"},"modified":"2023-11-16T15:18:02","modified_gmt":"2023-11-16T14:18:02","slug":"schornsteine","status":"publish","type":"page","link":"https:\/\/ski-consult.de\/en\/taetigkeitsbreiche\/hochbau\/schornsteine\/","title":{"rendered":"Smokestacks"},"content":{"rendered":"<div data-elementor-type=\"wp-page\" data-elementor-id=\"9265\" class=\"elementor elementor-9265\">\n\t\t\t\t\t\t<section class=\"elementor-section elementor-top-section elementor-element elementor-element-2619f62 elementor-section-boxed elementor-section-height-default elementor-section-height-default\" data-id=\"2619f62\" data-element_type=\"section\" data-e-type=\"section\">\n\t\t\t\t\t\t<div class=\"elementor-container elementor-column-gap-default\">\n\t\t\t\t\t<div class=\"elementor-column elementor-col-100 elementor-top-column elementor-element elementor-element-0bccd68\" data-id=\"0bccd68\" data-element_type=\"column\" data-e-type=\"column\">\n\t\t\t<div class=\"elementor-widget-wrap elementor-element-populated\">\n\t\t\t\t\t\t<div class=\"elementor-element elementor-element-d8be80b elementor-widget elementor-widget-heading\" data-id=\"d8be80b\" data-element_type=\"widget\" data-e-type=\"widget\" data-widget_type=\"heading.default\">\n\t\t\t\t<div class=\"elementor-widget-container\">\n\t\t\t\t\t<h2 class=\"elementor-heading-title elementor-size-default\">Smokestacks<\/h2>\t\t\t\t<\/div>\n\t\t\t\t<\/div>\n\t\t\t\t\t<\/div>\n\t\t<\/div>\n\t\t\t\t\t<\/div>\n\t\t<\/section>\n\t\t\t\t<section class=\"elementor-section elementor-top-section elementor-element elementor-element-0f274b0 elementor-section-boxed elementor-section-height-default elementor-section-height-default\" data-id=\"0f274b0\" data-element_type=\"section\" data-e-type=\"section\">\n\t\t\t\t\t\t<div class=\"elementor-container elementor-column-gap-default\">\n\t\t\t\t\t<div class=\"elementor-column elementor-col-100 elementor-top-column elementor-element elementor-element-d7383ff\" data-id=\"d7383ff\" data-element_type=\"column\" data-e-type=\"column\">\n\t\t\t<div class=\"elementor-widget-wrap elementor-element-populated\">\n\t\t\t\t\t\t<div class=\"elementor-element elementor-element-7d0a6af elementor-widget elementor-widget-text-editor\" data-id=\"7d0a6af\" data-element_type=\"widget\" data-e-type=\"widget\" data-widget_type=\"text-editor.default\">\n\t\t\t\t<div class=\"elementor-widget-container\">\n\t\t\t\t\t\t\t\t\t<p>In industrial and commercial areas it is necessary to let exhaust fumes from production escape at a sufficient height. This is done by using cooling and waste gas chimneys, which partly exceed the limit of 100m.\u00a0<\/p><p>There are several variants to choose from, depending on the construction and the chosen material. Until the beginning of the 20th century, mainly brick chimneys were used, which are limited in height for static reasons.<\/p>\t\t\t\t\t\t\t\t<\/div>\n\t\t\t\t<\/div>\n\t\t\t\t\t<\/div>\n\t\t<\/div>\n\t\t\t\t\t<\/div>\n\t\t<\/section>\n\t\t\t\t<section class=\"elementor-section elementor-top-section elementor-element elementor-element-a1b7f8f elementor-section-boxed elementor-section-height-default elementor-section-height-default\" data-id=\"a1b7f8f\" data-element_type=\"section\" data-e-type=\"section\">\n\t\t\t\t\t\t<div class=\"elementor-container elementor-column-gap-default\">\n\t\t\t\t\t<div class=\"elementor-column elementor-col-25 elementor-top-column elementor-element elementor-element-174e90c\" data-id=\"174e90c\" data-element_type=\"column\" data-e-type=\"column\">\n\t\t\t<div class=\"elementor-widget-wrap elementor-element-populated\">\n\t\t\t\t\t\t<div class=\"elementor-element elementor-element-66678d9 elementor-widget__width-initial elementor-widget elementor-widget-image\" data-id=\"66678d9\" data-element_type=\"widget\" data-e-type=\"widget\" data-widget_type=\"image.default\">\n\t\t\t\t<div class=\"elementor-widget-container\">\n\t\t\t\t\t\t\t\t\t\t\t\t<figure class=\"wp-caption\">\n\t\t\t\t\t\t\t\t\t\t<img fetchpriority=\"high\" decoding=\"async\" width=\"713\" height=\"1001\" src=\"https:\/\/ski-consult.de\/wp-content\/uploads\/2020\/09\/Mast-und-Schornstein.jpg\" class=\"attachment-full size-full wp-image-6784\" alt=\"\" srcset=\"https:\/\/ski-consult.de\/wp-content\/uploads\/2020\/09\/Mast-und-Schornstein.jpg 713w, https:\/\/ski-consult.de\/wp-content\/uploads\/2020\/09\/Mast-und-Schornstein-214x300.jpg 214w\" sizes=\"(max-width: 713px) 100vw, 713px\" \/>\t\t\t\t\t\t\t\t\t\t\t<figcaption class=\"widget-image-caption wp-caption-text\">Dimensioning of smokestacks<\/figcaption>\n\t\t\t\t\t\t\t\t\t\t<\/figure>\n\t\t\t\t\t\t\t\t\t<\/div>\n\t\t\t\t<\/div>\n\t\t\t\t\t<\/div>\n\t\t<\/div>\n\t\t\t\t<div class=\"elementor-column elementor-col-25 elementor-top-column elementor-element elementor-element-becdbcb\" data-id=\"becdbcb\" data-element_type=\"column\" data-e-type=\"column\">\n\t\t\t<div class=\"elementor-widget-wrap elementor-element-populated\">\n\t\t\t\t\t\t<div class=\"elementor-element elementor-element-e589381 elementor-widget__width-initial elementor-widget elementor-widget-image\" data-id=\"e589381\" data-element_type=\"widget\" data-e-type=\"widget\" data-widget_type=\"image.default\">\n\t\t\t\t<div class=\"elementor-widget-container\">\n\t\t\t\t\t\t\t\t\t\t\t\t<figure class=\"wp-caption\">\n\t\t\t\t\t\t\t\t\t\t<img decoding=\"async\" width=\"150\" height=\"695\" src=\"https:\/\/ski-consult.de\/wp-content\/uploads\/2021\/11\/KaminFuellerturm-02.jpg\" class=\"attachment-full size-full wp-image-8313\" alt=\"Kamin mit F\u00fcllerturm\" srcset=\"https:\/\/ski-consult.de\/wp-content\/uploads\/2021\/11\/KaminFuellerturm-02.jpg 150w, https:\/\/ski-consult.de\/wp-content\/uploads\/2021\/11\/KaminFuellerturm-02-65x300.jpg 65w\" sizes=\"(max-width: 150px) 100vw, 150px\" \/>\t\t\t\t\t\t\t\t\t\t\t<figcaption class=\"widget-image-caption wp-caption-text\">Initial model<\/figcaption>\n\t\t\t\t\t\t\t\t\t\t<\/figure>\n\t\t\t\t\t\t\t\t\t<\/div>\n\t\t\t\t<\/div>\n\t\t\t\t\t<\/div>\n\t\t<\/div>\n\t\t\t\t<div class=\"elementor-column elementor-col-25 elementor-top-column elementor-element elementor-element-904320f\" data-id=\"904320f\" data-element_type=\"column\" data-e-type=\"column\">\n\t\t\t<div class=\"elementor-widget-wrap elementor-element-populated\">\n\t\t\t\t\t\t<div class=\"elementor-element elementor-element-3b4d705 elementor-widget__width-initial elementor-widget elementor-widget-image\" data-id=\"3b4d705\" data-element_type=\"widget\" data-e-type=\"widget\" data-widget_type=\"image.default\">\n\t\t\t\t<div class=\"elementor-widget-container\">\n\t\t\t\t\t\t\t\t\t\t\t\t<figure class=\"wp-caption\">\n\t\t\t\t\t\t\t\t\t\t<img decoding=\"async\" width=\"172\" height=\"706\" src=\"https:\/\/ski-consult.de\/wp-content\/uploads\/2021\/11\/KaminFuellerturm-03.jpg\" class=\"attachment-full size-full wp-image-8314\" alt=\"Verformung eines Kamins mit F\u00fcllerturm\" srcset=\"https:\/\/ski-consult.de\/wp-content\/uploads\/2021\/11\/KaminFuellerturm-03.jpg 172w, https:\/\/ski-consult.de\/wp-content\/uploads\/2021\/11\/KaminFuellerturm-03-73x300.jpg 73w, https:\/\/ski-consult.de\/wp-content\/uploads\/2021\/11\/KaminFuellerturm-03-3x12.jpg 3w\" sizes=\"(max-width: 172px) 100vw, 172px\" \/>\t\t\t\t\t\t\t\t\t\t\t<figcaption class=\"widget-image-caption wp-caption-text\">Eigenform<\/figcaption>\n\t\t\t\t\t\t\t\t\t\t<\/figure>\n\t\t\t\t\t\t\t\t\t<\/div>\n\t\t\t\t<\/div>\n\t\t\t\t\t<\/div>\n\t\t<\/div>\n\t\t\t\t<div class=\"elementor-column elementor-col-25 elementor-top-column elementor-element elementor-element-82a4b13\" data-id=\"82a4b13\" data-element_type=\"column\" data-e-type=\"column\">\n\t\t\t<div class=\"elementor-widget-wrap elementor-element-populated\">\n\t\t\t\t\t\t<div class=\"elementor-element elementor-element-156dc37 elementor-widget__width-initial elementor-widget elementor-widget-image\" data-id=\"156dc37\" data-element_type=\"widget\" data-e-type=\"widget\" data-widget_type=\"image.default\">\n\t\t\t\t<div class=\"elementor-widget-container\">\n\t\t\t\t\t\t\t\t\t\t\t\t<figure class=\"wp-caption\">\n\t\t\t\t\t\t\t\t\t\t<img loading=\"lazy\" decoding=\"async\" width=\"264\" height=\"850\" src=\"https:\/\/ski-consult.de\/wp-content\/uploads\/2021\/11\/KaminFuellerturm-01.jpg\" class=\"attachment-full size-full wp-image-8312\" alt=\"Verformung eines Kamins mit F\u00fcllerturm\" srcset=\"https:\/\/ski-consult.de\/wp-content\/uploads\/2021\/11\/KaminFuellerturm-01.jpg 264w, https:\/\/ski-consult.de\/wp-content\/uploads\/2021\/11\/KaminFuellerturm-01-93x300.jpg 93w, https:\/\/ski-consult.de\/wp-content\/uploads\/2021\/11\/KaminFuellerturm-01-4x12.jpg 4w\" sizes=\"(max-width: 264px) 100vw, 264px\" \/>\t\t\t\t\t\t\t\t\t\t\t<figcaption class=\"widget-image-caption wp-caption-text\">Eigenmode of the frequency analysis<\/figcaption>\n\t\t\t\t\t\t\t\t\t\t<\/figure>\n\t\t\t\t\t\t\t\t\t<\/div>\n\t\t\t\t<\/div>\n\t\t\t\t\t<\/div>\n\t\t<\/div>\n\t\t\t\t\t<\/div>\n\t\t<\/section>\n\t\t\t\t<section class=\"elementor-section elementor-top-section elementor-element elementor-element-2bdf73f elementor-section-boxed elementor-section-height-default elementor-section-height-default\" data-id=\"2bdf73f\" data-element_type=\"section\" data-e-type=\"section\">\n\t\t\t\t\t\t<div class=\"elementor-container elementor-column-gap-default\">\n\t\t\t\t\t<div class=\"elementor-column elementor-col-100 elementor-top-column elementor-element elementor-element-32f616c\" data-id=\"32f616c\" data-element_type=\"column\" data-e-type=\"column\">\n\t\t\t<div class=\"elementor-widget-wrap elementor-element-populated\">\n\t\t\t\t\t\t<div class=\"elementor-element elementor-element-f3899c3 elementor-widget__width-initial elementor-widget elementor-widget-text-editor\" data-id=\"f3899c3\" data-element_type=\"widget\" data-e-type=\"widget\" data-widget_type=\"text-editor.default\">\n\t\t\t\t<div class=\"elementor-widget-container\">\n\t\t\t\t\t\t\t\t\t<p>As developments in the field of concrete and installation techniques progress, cooling towers made of reinforced concrete are used, for example, in power plant construction and large industrial plants. These usually have a relatively small wall thickness and are usually erected using the climbing construction method.<\/p><p>Tubular steel towers are used in the chemical industry with acidic or basic exhaust gases. In this case, either a coating of the structural steel prevents rapid corrosion or stainless steels are used as an alternative. The individual steel pipe sections are connected to each other via ring flange connections and fixed\u00a0<a href=\"https:\/\/ski-consult.de\/en\/taetigkeitsbreiche\/onshore-windenergieanlagen\/flach-und-tiefgruendung\/\">anchors in foundation<\/a>\u00a0befestigt.<\/p><p>The design of the steel tube sections for chimneys is similar to that of <a href=\"https:\/\/ski-consult.de\/en\/taetigkeitsbreiche\/onshore-windenergieanlagen\/\">support structures for wind turbines<\/a> sehr \u00e4hnlich. Die Hauptbeanspruchung der Schornsteine stellt dabei der Wind dar. In einigen F\u00e4llen kommen noch hohe Temperaturen oder Eisansatz hinzu, welche in der Bemessung ber\u00fccksichtigt werden m\u00fcssen. Insbesondere m\u00fcssen bei diesen schlanken und hohen Bauwerke die <a href=\"https:\/\/ski-consult.de\/en\/taetigkeitsbreiche\/strukturanalysen\/wirbelerregte-querschwingung\/\">windinduzierten Querschwingungen<\/a> untersucht werden. E<span style=\"letter-spacing: 0px;\">It leads to\u00a0<\/span><a style=\"letter-spacing: 0px; background-color: #ffffff;\" title=\"damage accumulation hypothesis\" href=\"https:\/\/ski-consult.de\/en\/taetigkeitsbreiche\/strukturanalysen\/wirbelerregte-querschwingung\/\">vortex induced vibrations<\/a><span style=\"letter-spacing: 0px;\">, when on the opposite sides of a structure alternating vortices peel off. If the excitation by the wind lies in the frequency range of the structure,\u00a0<\/span><a style=\"letter-spacing: 0px; background-color: #ffffff;\" title=\"damage accumulation hypothesis\" href=\"https:\/\/ski-consult.de\/en\/taetigkeitsbreiche\/strukturanalysen\/dynamische-strukturanalysen\/\">resonance effects<\/a><span style=\"letter-spacing: 0px;\">\u00a0and a swaying of the vibrations can occur at right angles to the wind.<\/span><\/p>\t\t\t\t\t\t\t\t<\/div>\n\t\t\t\t<\/div>\n\t\t\t\t\t<\/div>\n\t\t<\/div>\n\t\t\t\t\t<\/div>\n\t\t<\/section>\n\t\t\t\t<section class=\"elementor-section elementor-top-section elementor-element elementor-element-478bf3c elementor-section-boxed elementor-section-height-default elementor-section-height-default\" data-id=\"478bf3c\" data-element_type=\"section\" data-e-type=\"section\">\n\t\t\t\t\t\t<div class=\"elementor-container elementor-column-gap-default\">\n\t\t\t\t\t<div class=\"elementor-column elementor-col-100 elementor-top-column elementor-element elementor-element-a1db022\" data-id=\"a1db022\" data-element_type=\"column\" data-e-type=\"column\">\n\t\t\t<div class=\"elementor-widget-wrap elementor-element-populated\">\n\t\t\t\t\t\t<div class=\"elementor-element elementor-element-c609904 elementor-widget elementor-widget-heading\" data-id=\"c609904\" data-element_type=\"widget\" data-e-type=\"widget\" data-widget_type=\"heading.default\">\n\t\t\t\t<div class=\"elementor-widget-container\">\n\t\t\t\t\t<h2 class=\"elementor-heading-title elementor-size-default\">Our services<\/h2>\t\t\t\t<\/div>\n\t\t\t\t<\/div>\n\t\t\t\t<div class=\"elementor-element elementor-element-ccaf2b6 elementor-widget elementor-widget-spacer\" data-id=\"ccaf2b6\" data-element_type=\"widget\" data-e-type=\"widget\" data-widget_type=\"spacer.default\">\n\t\t\t\t<div class=\"elementor-widget-container\">\n\t\t\t\t\t\t\t<div class=\"elementor-spacer\">\n\t\t\t<div class=\"elementor-spacer-inner\"><\/div>\n\t\t<\/div>\n\t\t\t\t\t\t<\/div>\n\t\t\t\t<\/div>\n\t\t\t\t<div class=\"elementor-element elementor-element-9c5ec57 elementor-widget elementor-widget-text-editor\" data-id=\"9c5ec57\" data-element_type=\"widget\" data-e-type=\"widget\" data-widget_type=\"text-editor.default\">\n\t\t\t\t<div class=\"elementor-widget-container\">\n\t\t\t\t\t\t\t\t\t<p><span style=\"letter-spacing: 0px;\">The <a href=\"https:\/\/ski-consult.de\/en\/\">SKI Ingenieurges. mbH<\/a> can be used for the design of new <a href=\"https:\/\/ski-consult.de\/en\/taetigkeitsbreiche\/tuerme-und-masten\/\">Masts and smokestacks<\/a> and the conversion of existing constructions<\/span><span style=\"letter-spacing: 0px;\">\u00a0to be constructed and the conversion of existing tanks systems:<\/span><\/p><ul><li>Bestandsaufnahme und gutachterliche Beurteilung von bestehenden Konstruktionen bez\u00fcglich einer Umnutzung<\/li><li><a title=\"damage accumulation hypothesis\" href=\"https:\/\/ski-consult.de\/en\/taetigkeitsbreiche\/strukturanalysen\/statische-strukturanalyse\/\">Static calculations<\/a>\u00a0in the limit states of the <a href=\"https:\/\/ski-consult.de\/en\/taetigkeitsbreiche\/strukturanalysen\/statische-strukturanalyse\/\">Sustainability<\/a>, <a href=\"https:\/\/ski-consult.de\/en\/taetigkeitsbreiche\/strukturanalysen\/dynamische-strukturanalysen\/\">servicebility state<\/a> and <a href=\"https:\/\/ski-consult.de\/en\/taetigkeitsbreiche\/strukturanalysen\/ermuedung\/\">Fatigue limit<\/a> of supporting structures including foundation and anchoring<\/li><li><span style=\"letter-spacing: 0px;\">Verifiable static calculation for the conversion of supporting structures or extension with extensions (transmission and radio technology) including detailed verifications (e.g. for connections, brackets and platforms)<\/span><\/li><li><a title=\"damage accumulation hypothesis\" href=\"https:\/\/ski-consult.de\/en\/taetigkeitsbreiche\/strukturanalysen\/dynamische-strukturanalysen\/\">Dynamic structure analyzes<\/a>\u00a0(natural frequency analysis) for defined excitations (e.g. due to <a href=\"https:\/\/ski-consult.de\/en\/taetigkeitsbreiche\/strukturanalysen\/wirbelerregte-querschwingung\/\">Vortex induced vibrations<\/a>)<\/li><li>Determination of the load and verification of the structure in case of earthquake load<\/li><li><a href=\"https:\/\/ski-consult.de\/en\/taetigkeitsbreiche\/strukturanalysen\/statische-strukturanalyse\/\">Stress and stability analyzes<\/a> of constructions in steel or concrete<\/li><li>Expert reports and remediation concepts in case of damage<\/li><\/ul>\t\t\t\t\t\t\t\t<\/div>\n\t\t\t\t<\/div>\n\t\t\t\t\t<\/div>\n\t\t<\/div>\n\t\t\t\t\t<\/div>\n\t\t<\/section>\n\t\t\t\t<\/div>","protected":false},"excerpt":{"rendered":"<p>Schornsteine In Industrie und Gewerbegebieten ist es notwendig Abgase aus der Produktion in ausreichender H\u00f6he entweichen zu lassen. Dies unter der Verwendung von K\u00fchl- und Abgasschornsteinen, welche teilweise die Grenze von \u00fcber 100m \u00fcberschreiten.\u00a0 Dabei gibt es verschiedene Varianten zur Auswahl, welche die Konstruktion und das gew\u00e4hlte Material angeht. Bis Anfang des 20. Jahrhunderts wurden&#8230;<\/p>","protected":false},"author":3,"featured_media":0,"parent":5731,"menu_order":0,"comment_status":"closed","ping_status":"closed","template":"","meta":{"_acf_changed":false,"footnotes":""},"class_list":["post-9265","page","type-page","status-publish","hentry","no-post-thumbnail"],"acf":[],"yoast_head":"<!-- This site is optimized with the Yoast SEO plugin v27.3 - https:\/\/yoast.com\/product\/yoast-seo-wordpress\/ -->\n<title>Schornsteine &#8226; SKI Ingenieurges. mbH<\/title>\n<meta name=\"description\" content=\"Schornsteine &#8226; SKI kann Berechnungen inkl. Lastermittlung, Modellaufbau und Bewertung der Ergebnisse durchf\u00fchren.\" \/>\n<meta name=\"robots\" content=\"index, follow, max-snippet:-1, max-image-preview:large, max-video-preview:-1\" \/>\n<link rel=\"canonical\" href=\"https:\/\/ski-consult.de\/en\/taetigkeitsbreiche\/hochbau\/schornsteine\/\" \/>\n<meta property=\"og:locale\" content=\"en_GB\" \/>\n<meta property=\"og:type\" content=\"article\" \/>\n<meta property=\"og:title\" content=\"Schornsteine &#8226; SKI Ingenieurges. mbH\" \/>\n<meta property=\"og:description\" content=\"Schornsteine &#8226; SKI kann Berechnungen inkl. Lastermittlung, Modellaufbau und Bewertung der Ergebnisse durchf\u00fchren.\" \/>\n<meta property=\"og:url\" content=\"https:\/\/ski-consult.de\/en\/taetigkeitsbreiche\/hochbau\/schornsteine\/\" \/>\n<meta property=\"og:site_name\" content=\"SKI Ingenieurges. mbH\" \/>\n<meta property=\"article:modified_time\" content=\"2023-11-16T14:18:02+00:00\" \/>\n<meta property=\"og:image\" content=\"https:\/\/ski-consult.de\/wp-content\/uploads\/2020\/09\/Mast-und-Schornstein.jpg\" \/>\n<meta name=\"twitter:card\" content=\"summary_large_image\" \/>\n<meta name=\"twitter:label1\" content=\"Estimated reading time\" \/>\n\t<meta name=\"twitter:data1\" content=\"3 minutes\" \/>\n<script type=\"application\/ld+json\" class=\"yoast-schema-graph\">{\"@context\":\"https:\\\/\\\/schema.org\",\"@graph\":[{\"@type\":\"WebPage\",\"@id\":\"https:\\\/\\\/ski-consult.de\\\/taetigkeitsbreiche\\\/hochbau\\\/schornsteine\\\/\",\"url\":\"https:\\\/\\\/ski-consult.de\\\/taetigkeitsbreiche\\\/hochbau\\\/schornsteine\\\/\",\"name\":\"Schornsteine &#8226; SKI Ingenieurges. mbH\",\"isPartOf\":{\"@id\":\"https:\\\/\\\/ski-consult.de\\\/#website\"},\"primaryImageOfPage\":{\"@id\":\"https:\\\/\\\/ski-consult.de\\\/taetigkeitsbreiche\\\/hochbau\\\/schornsteine\\\/#primaryimage\"},\"image\":{\"@id\":\"https:\\\/\\\/ski-consult.de\\\/taetigkeitsbreiche\\\/hochbau\\\/schornsteine\\\/#primaryimage\"},\"thumbnailUrl\":\"https:\\\/\\\/ski-consult.de\\\/wp-content\\\/uploads\\\/2020\\\/09\\\/Mast-und-Schornstein.jpg\",\"datePublished\":\"2023-11-03T12:02:09+00:00\",\"dateModified\":\"2023-11-16T14:18:02+00:00\",\"description\":\"Schornsteine &#8226; SKI kann Berechnungen inkl. Lastermittlung, Modellaufbau und Bewertung der Ergebnisse durchf\u00fchren.\",\"breadcrumb\":{\"@id\":\"https:\\\/\\\/ski-consult.de\\\/taetigkeitsbreiche\\\/hochbau\\\/schornsteine\\\/#breadcrumb\"},\"inLanguage\":\"en-GB\",\"potentialAction\":[{\"@type\":\"ReadAction\",\"target\":[\"https:\\\/\\\/ski-consult.de\\\/taetigkeitsbreiche\\\/hochbau\\\/schornsteine\\\/\"]}]},{\"@type\":\"ImageObject\",\"inLanguage\":\"en-GB\",\"@id\":\"https:\\\/\\\/ski-consult.de\\\/taetigkeitsbreiche\\\/hochbau\\\/schornsteine\\\/#primaryimage\",\"url\":\"https:\\\/\\\/ski-consult.de\\\/wp-content\\\/uploads\\\/2020\\\/09\\\/Mast-und-Schornstein.jpg\",\"contentUrl\":\"https:\\\/\\\/ski-consult.de\\\/wp-content\\\/uploads\\\/2020\\\/09\\\/Mast-und-Schornstein.jpg\"},{\"@type\":\"BreadcrumbList\",\"@id\":\"https:\\\/\\\/ski-consult.de\\\/taetigkeitsbreiche\\\/hochbau\\\/schornsteine\\\/#breadcrumb\",\"itemListElement\":[{\"@type\":\"ListItem\",\"position\":1,\"name\":\"Startseite\",\"item\":\"https:\\\/\\\/ski-consult.de\\\/\"},{\"@type\":\"ListItem\",\"position\":2,\"name\":\"T\u00e4tigkeitsbereiche\",\"item\":\"https:\\\/\\\/ski-consult.de\\\/taetigkeitsbreiche\\\/\"},{\"@type\":\"ListItem\",\"position\":3,\"name\":\"Hoch- und Tiefbau\",\"item\":\"https:\\\/\\\/ski-consult.de\\\/taetigkeitsbreiche\\\/hochbau\\\/\"},{\"@type\":\"ListItem\",\"position\":4,\"name\":\"Schornsteine\"}]},{\"@type\":\"WebSite\",\"@id\":\"https:\\\/\\\/ski-consult.de\\\/#website\",\"url\":\"https:\\\/\\\/ski-consult.de\\\/\",\"name\":\"SKI Ingenieurges. mbH\",\"description\":\"Bauwesen und innovative Entwicklungsarbeiten\",\"publisher\":{\"@id\":\"https:\\\/\\\/ski-consult.de\\\/#organization\"},\"potentialAction\":[{\"@type\":\"SearchAction\",\"target\":{\"@type\":\"EntryPoint\",\"urlTemplate\":\"https:\\\/\\\/ski-consult.de\\\/?s={search_term_string}\"},\"query-input\":{\"@type\":\"PropertyValueSpecification\",\"valueRequired\":true,\"valueName\":\"search_term_string\"}}],\"inLanguage\":\"en-GB\"},{\"@type\":\"Organization\",\"@id\":\"https:\\\/\\\/ski-consult.de\\\/#organization\",\"name\":\"SKI Ingenieurges. mbh\",\"url\":\"https:\\\/\\\/ski-consult.de\\\/\",\"logo\":{\"@type\":\"ImageObject\",\"inLanguage\":\"en-GB\",\"@id\":\"https:\\\/\\\/ski-consult.de\\\/#\\\/schema\\\/logo\\\/image\\\/\",\"url\":\"https:\\\/\\\/ski-consult.de\\\/wp-content\\\/uploads\\\/2020\\\/07\\\/SKI_Logo_1026px_72dpi_rgb.png\",\"contentUrl\":\"https:\\\/\\\/ski-consult.de\\\/wp-content\\\/uploads\\\/2020\\\/07\\\/SKI_Logo_1026px_72dpi_rgb.png\",\"width\":1026,\"height\":373,\"caption\":\"SKI Ingenieurges. mbh\"},\"image\":{\"@id\":\"https:\\\/\\\/ski-consult.de\\\/#\\\/schema\\\/logo\\\/image\\\/\"}}]}<\/script>\n<!-- \/ Yoast SEO plugin. -->","yoast_head_json":{"title":"Schornsteine &#8226; SKI Ingenieurges. mbH","description":"Schornsteine &#8226; SKI kann Berechnungen inkl. Lastermittlung, Modellaufbau und Bewertung der Ergebnisse durchf\u00fchren.","robots":{"index":"index","follow":"follow","max-snippet":"max-snippet:-1","max-image-preview":"max-image-preview:large","max-video-preview":"max-video-preview:-1"},"canonical":"https:\/\/ski-consult.de\/en\/taetigkeitsbreiche\/hochbau\/schornsteine\/","og_locale":"en_GB","og_type":"article","og_title":"Schornsteine &#8226; SKI Ingenieurges. mbH","og_description":"Schornsteine &#8226; SKI kann Berechnungen inkl. Lastermittlung, Modellaufbau und Bewertung der Ergebnisse durchf\u00fchren.","og_url":"https:\/\/ski-consult.de\/en\/taetigkeitsbreiche\/hochbau\/schornsteine\/","og_site_name":"SKI Ingenieurges. mbH","article_modified_time":"2023-11-16T14:18:02+00:00","og_image":[{"url":"https:\/\/ski-consult.de\/wp-content\/uploads\/2020\/09\/Mast-und-Schornstein.jpg","type":"","width":"","height":""}],"twitter_card":"summary_large_image","twitter_misc":{"Estimated reading time":"3 minutes"},"schema":{"@context":"https:\/\/schema.org","@graph":[{"@type":"WebPage","@id":"https:\/\/ski-consult.de\/taetigkeitsbreiche\/hochbau\/schornsteine\/","url":"https:\/\/ski-consult.de\/taetigkeitsbreiche\/hochbau\/schornsteine\/","name":"Schornsteine &#8226; SKI Ingenieurges. mbH","isPartOf":{"@id":"https:\/\/ski-consult.de\/#website"},"primaryImageOfPage":{"@id":"https:\/\/ski-consult.de\/taetigkeitsbreiche\/hochbau\/schornsteine\/#primaryimage"},"image":{"@id":"https:\/\/ski-consult.de\/taetigkeitsbreiche\/hochbau\/schornsteine\/#primaryimage"},"thumbnailUrl":"https:\/\/ski-consult.de\/wp-content\/uploads\/2020\/09\/Mast-und-Schornstein.jpg","datePublished":"2023-11-03T12:02:09+00:00","dateModified":"2023-11-16T14:18:02+00:00","description":"Schornsteine &#8226; SKI kann Berechnungen inkl. Lastermittlung, Modellaufbau und Bewertung der Ergebnisse durchf\u00fchren.","breadcrumb":{"@id":"https:\/\/ski-consult.de\/taetigkeitsbreiche\/hochbau\/schornsteine\/#breadcrumb"},"inLanguage":"en-GB","potentialAction":[{"@type":"ReadAction","target":["https:\/\/ski-consult.de\/taetigkeitsbreiche\/hochbau\/schornsteine\/"]}]},{"@type":"ImageObject","inLanguage":"en-GB","@id":"https:\/\/ski-consult.de\/taetigkeitsbreiche\/hochbau\/schornsteine\/#primaryimage","url":"https:\/\/ski-consult.de\/wp-content\/uploads\/2020\/09\/Mast-und-Schornstein.jpg","contentUrl":"https:\/\/ski-consult.de\/wp-content\/uploads\/2020\/09\/Mast-und-Schornstein.jpg"},{"@type":"BreadcrumbList","@id":"https:\/\/ski-consult.de\/taetigkeitsbreiche\/hochbau\/schornsteine\/#breadcrumb","itemListElement":[{"@type":"ListItem","position":1,"name":"Startseite","item":"https:\/\/ski-consult.de\/"},{"@type":"ListItem","position":2,"name":"T\u00e4tigkeitsbereiche","item":"https:\/\/ski-consult.de\/taetigkeitsbreiche\/"},{"@type":"ListItem","position":3,"name":"Hoch- und Tiefbau","item":"https:\/\/ski-consult.de\/taetigkeitsbreiche\/hochbau\/"},{"@type":"ListItem","position":4,"name":"Schornsteine"}]},{"@type":"WebSite","@id":"https:\/\/ski-consult.de\/#website","url":"https:\/\/ski-consult.de\/","name":"SKI Ingenieurges. mbH","description":"Bauwesen und innovative Entwicklungsarbeiten","publisher":{"@id":"https:\/\/ski-consult.de\/#organization"},"potentialAction":[{"@type":"SearchAction","target":{"@type":"EntryPoint","urlTemplate":"https:\/\/ski-consult.de\/?s={search_term_string}"},"query-input":{"@type":"PropertyValueSpecification","valueRequired":true,"valueName":"search_term_string"}}],"inLanguage":"en-GB"},{"@type":"Organization","@id":"https:\/\/ski-consult.de\/#organization","name":"SKI Ingenieurges. mbh","url":"https:\/\/ski-consult.de\/","logo":{"@type":"ImageObject","inLanguage":"en-GB","@id":"https:\/\/ski-consult.de\/#\/schema\/logo\/image\/","url":"https:\/\/ski-consult.de\/wp-content\/uploads\/2020\/07\/SKI_Logo_1026px_72dpi_rgb.png","contentUrl":"https:\/\/ski-consult.de\/wp-content\/uploads\/2020\/07\/SKI_Logo_1026px_72dpi_rgb.png","width":1026,"height":373,"caption":"SKI Ingenieurges. mbh"},"image":{"@id":"https:\/\/ski-consult.de\/#\/schema\/logo\/image\/"}}]}},"_links":{"self":[{"href":"https:\/\/ski-consult.de\/en\/wp-json\/wp\/v2\/pages\/9265","targetHints":{"allow":["GET"]}}],"collection":[{"href":"https:\/\/ski-consult.de\/en\/wp-json\/wp\/v2\/pages"}],"about":[{"href":"https:\/\/ski-consult.de\/en\/wp-json\/wp\/v2\/types\/page"}],"author":[{"embeddable":true,"href":"https:\/\/ski-consult.de\/en\/wp-json\/wp\/v2\/users\/3"}],"replies":[{"embeddable":true,"href":"https:\/\/ski-consult.de\/en\/wp-json\/wp\/v2\/comments?post=9265"}],"version-history":[{"count":0,"href":"https:\/\/ski-consult.de\/en\/wp-json\/wp\/v2\/pages\/9265\/revisions"}],"up":[{"embeddable":true,"href":"https:\/\/ski-consult.de\/en\/wp-json\/wp\/v2\/pages\/5731"}],"wp:attachment":[{"href":"https:\/\/ski-consult.de\/en\/wp-json\/wp\/v2\/media?parent=9265"}],"curies":[{"name":"wp","href":"https:\/\/api.w.org\/{rel}","templated":true}]}}